{"id":511,"date":"2025-10-06T08:38:50","date_gmt":"2025-10-06T06:38:50","guid":{"rendered":"https:\/\/blogs.urz.uni-halle.de\/informatikfortbildungen\/?page_id=511"},"modified":"2025-10-06T11:31:21","modified_gmt":"2025-10-06T09:31:21","slug":"interviewteilnahme","status":"publish","type":"page","link":"https:\/\/blogs.urz.uni-halle.de\/informatikfortbildungen\/interviewteilnahme\/","title":{"rendered":"Interview"},"content":{"rendered":"\n<p>Im Rahmen der Fortbildungen wird ein wissenschaftliches Begleitprojekt durchgef\u00fchrt.<\/p>\n\n\n\n<p>Sie haben die M\u00f6glichkeit vor und nach ihrem Fortbildungsbesuch an einem ca. 45-min\u00fctigen Interview teilzunehmen und W\u00fcnsche und Erwartungen f\u00fcr zuk\u00fcnftige Fortbildungen zu \u00e4u\u00dfern. Die Interviews werden anonymisiert, sodass keine R\u00fcckschl\u00fcsse auf Ihre Person oder Schule m\u00f6glich sind. Wir w\u00fcrden uns sehr freuen, wenn Sie dies wahrnehmen!<\/p>\n\n\n\n<p>Vorkenntnisse und Vorerfahrungen mit informatischer Bildung oder Fortbildungen zu dieser Thematik sind ausdr\u00fccklich nicht notwendig!<\/p>\n\n\n\n<p>Falls Sie Fragen haben, wenden Sie sich gern an den unten stehenden Kontakt.<\/p>\n\n\n\n<div class=\"wp-block-contact-form-7-contact-form-selector\"><div role=\"form\" class=\"wpcf7\" id=\"wpcf7-f510-o1\" lang=\"de-DE\" dir=\"ltr\">\n<div class=\"screen-reader-response\"><p role=\"status\" aria-live=\"polite\" aria-atomic=\"true\"><\/p> <ul><\/ul><\/div>\n<form action=\"\/informatikfortbildungen\/wp-json\/wp\/v2\/pages\/511#wpcf7-f510-o1\" method=\"post\" class=\"wpcf7-form init\" novalidate=\"novalidate\" data-status=\"init\">\n<div style=\"display: none;\">\n<input type=\"hidden\" name=\"_wpcf7\" value=\"510\" \/>\n<input type=\"hidden\" name=\"_wpcf7_version\" value=\"5.3.2\" \/>\n<input type=\"hidden\" name=\"_wpcf7_locale\" value=\"de_DE\" \/>\n<input type=\"hidden\" name=\"_wpcf7_unit_tag\" value=\"wpcf7-f510-o1\" \/>\n<input type=\"hidden\" name=\"_wpcf7_container_post\" value=\"0\" \/>\n<input type=\"hidden\" name=\"_wpcf7_posted_data_hash\" value=\"\" \/>\n<\/div>\n<p><label> Vorname<br \/>\n    <span class=\"wpcf7-form-control-wrap vorname\"><input type=\"text\" name=\"vorname\" value=\"\" size=\"40\" class=\"wpcf7-form-control wpcf7-text wpcf7-validates-as-required\" aria-required=\"true\" aria-invalid=\"false\" \/><\/span> <\/label><\/p>\n<p><label> Nachname<br \/>\n<span class=\"wpcf7-form-control-wrap nachname\"><input type=\"text\" name=\"nachname\" value=\"\" size=\"40\" class=\"wpcf7-form-control wpcf7-text wpcf7-validates-as-required\" aria-required=\"true\" aria-invalid=\"false\" \/><\/span> <\/label><\/p>\n<p><label> E-Mail-Adresse<br \/>\n    <span class=\"wpcf7-form-control-wrap your-email\"><input type=\"email\" name=\"your-email\" value=\"\" size=\"40\" class=\"wpcf7-form-control wpcf7-text wpcf7-email wpcf7-validates-as-required wpcf7-validates-as-email\" aria-required=\"true\" aria-invalid=\"false\" \/><\/span> <\/label><\/p>\n<p><label> Schule<br \/>\n    <span class=\"wpcf7-form-control-wrap schule\"><input type=\"text\" name=\"schule\" value=\"\" size=\"40\" class=\"wpcf7-form-control wpcf7-text wpcf7-validates-as-required\" aria-required=\"true\" aria-invalid=\"false\" \/><\/span> <\/label><\/p>\n<p>Bitte geben Sie Ihre <b>Wunschtermine<\/b> an:<br \/>\n<small><em>Bitte planen Sie mindestens 60 Minuten ein.<\/em><\/small><br \/>\n<span class=\"wpcf7-form-control-wrap terminanfrage\"><input type=\"text\" name=\"terminanfrage\" value=\"\" size=\"40\" class=\"wpcf7-form-control wpcf7-text wpcf7-validates-as-required\" aria-required=\"true\" aria-invalid=\"false\" \/><\/span><\/p>\n<p>Veranstaltungsort<br \/>\n<span class=\"wpcf7-form-control-wrap Veranstaltungsort\"><span class=\"wpcf7-form-control wpcf7-checkbox wpcf7-validates-as-required\"><span class=\"wpcf7-list-item first\"><input type=\"checkbox\" name=\"Veranstaltungsort[]\" value=\"online per BigBlueButton (WLAN, Kamera und Mikrofon notwendig)\" \/><span class=\"wpcf7-list-item-label\">online per BigBlueButton (WLAN, Kamera und Mikrofon notwendig)<\/span><\/span><span class=\"wpcf7-list-item\"><input type=\"checkbox\" name=\"Veranstaltungsort[]\" value=\"in der Schule (ruhiger Raum notwendig, z. B. Lehrkr\u00e4ftezimmer, freier Klassenraum)\" \/><span class=\"wpcf7-list-item-label\">in der Schule (ruhiger Raum notwendig, z. B. Lehrkr\u00e4ftezimmer, freier Klassenraum)<\/span><\/span><span class=\"wpcf7-list-item last\"><input type=\"checkbox\" name=\"Veranstaltungsort[]\" value=\"an der Universit\u00e4t\" \/><span class=\"wpcf7-list-item-label\">an der Universit\u00e4t<\/span><\/span><\/span><\/span><\/p>\n<p>Fortbildungsteilnahme<br \/>\n<span class=\"wpcf7-form-control-wrap Fortbildungsteilnahme\"><span class=\"wpcf7-form-control wpcf7-checkbox wpcf7-validates-as-required\"><span class=\"wpcf7-list-item first\"><input type=\"checkbox\" name=\"Fortbildungsteilnahme[]\" value=\"Ich bin bereits zu einer Fortbildung zur informatischen Bildung angemeldet. (bei Bemerkungen Fortbildung bzw. Fortbildungsinstitution angeben)\" \/><span class=\"wpcf7-list-item-label\">Ich bin bereits zu einer Fortbildung zur informatischen Bildung angemeldet. (bei Bemerkungen Fortbildung bzw. Fortbildungsinstitution angeben)<\/span><\/span><span class=\"wpcf7-list-item last\"><input type=\"checkbox\" name=\"Fortbildungsteilnahme[]\" value=\"Ich bin bisher nicht zu einer Fortbildung zur informatischen Bildung angemeldet.\" \/><span class=\"wpcf7-list-item-label\">Ich bin bisher nicht zu einer Fortbildung zur informatischen Bildung angemeldet.<\/span><\/span><\/span><\/span><\/p>\n<p><label> Bemerkungen (optional)<br \/>\n    <span class=\"wpcf7-form-control-wrap your-message\"><textarea name=\"your-message\" cols=\"40\" rows=\"10\" class=\"wpcf7-form-control wpcf7-textarea\" aria-invalid=\"false\"><\/textarea><\/span> <\/label><\/p>\n<p><span class=\"wpcf7-form-control-wrap acceptance-863\"><span class=\"wpcf7-form-control wpcf7-acceptance optional\"><span class=\"wpcf7-list-item\"><label><input type=\"checkbox\" name=\"acceptance-863\" value=\"1\" aria-invalid=\"false\" \/><span class=\"wpcf7-list-item-label\">Ich habe die Datenschutzbestimmungen gelesen und willige darin ein.<\/span><\/label><\/span><\/span><\/span><\/p>\n<p><input type=\"submit\" value=\"Termin anfragen\" class=\"wpcf7-form-control wpcf7-submit\" \/><\/p>\n<div class=\"wpcf7-response-output\" aria-hidden=\"true\"><\/div><\/form><\/div><\/div>\n\n\n\n<div class=\"wp-block-file\"><a href=\"https:\/\/blogs.urz.uni-halle.de\/informatikfortbildungen\/files\/2025\/02\/Erstinformation-nach-Art.-13-DSGVO_Fortbildungsangebote.pdf\">Erstinformation-nach-Art.-13-DSGVO_Fortbildungsangebote<\/a><a href=\"https:\/\/blogs.urz.uni-halle.de\/informatikfortbildungen\/files\/2025\/02\/Erstinformation-nach-Art.-13-DSGVO_Fortbildungsangebote.pdf\" class=\"wp-block-file__button\" download>Herunterladen<\/a><\/div>\n\n\n\n<div class=\"wp-block-file\"><a href=\"https:\/\/blogs.urz.uni-halle.de\/informatikfortbildungen\/files\/2025\/02\/Information_Art_13_14_DS-GVO.pdf\">Information_Art_13_14_DS-GVO<\/a><a href=\"https:\/\/blogs.urz.uni-halle.de\/informatikfortbildungen\/files\/2025\/02\/Information_Art_13_14_DS-GVO.pdf\" class=\"wp-block-file__button\" download>Herunterladen<\/a><\/div>\n","protected":false},"excerpt":{"rendered":"<p>Im Rahmen der Fortbildungen wird ein wissenschaftliches Begleitprojekt durchgef\u00fchrt. Sie haben die M\u00f6glichkeit vor und nach ihrem Fortbildungsbesuch an einem ca. 45-min\u00fctigen Interview teilzunehmen und W\u00fcnsche und Erwartungen f\u00fcr zuk\u00fcnftige Fortbildungen zu \u00e4u\u00dfern. Die Interviews werden anonymisiert, sodass keine R\u00fcckschl\u00fcsse<\/p>\n","protected":false},"author":6042,"featured_media":0,"parent":0,"menu_order":0,"comment_status":"closed","ping_status":"closed","template":"","meta":[],"yoast_head":"<!-- This site is optimized with the Yoast SEO plugin v15.6.2 - https:\/\/yoast.com\/wordpress\/plugins\/seo\/ -->\n<title>Interview -<\/title>\n<meta name=\"robots\" content=\"index, follow, max-snippet:-1, max-image-preview:large, max-video-preview:-1\" \/>\n<link rel=\"canonical\" href=\"https:\/\/blogs.urz.uni-halle.de\/informatikfortbildungen\/interviewteilnahme\/\" \/>\n<meta property=\"og:locale\" content=\"de_DE\" \/>\n<meta property=\"og:type\" content=\"article\" \/>\n<meta property=\"og:title\" content=\"Interview -\" \/>\n<meta property=\"og:description\" content=\"Im Rahmen der Fortbildungen wird ein wissenschaftliches Begleitprojekt durchgef\u00fchrt. Sie haben die M\u00f6glichkeit vor und nach ihrem Fortbildungsbesuch an einem ca. 45-min\u00fctigen Interview teilzunehmen und W\u00fcnsche und Erwartungen f\u00fcr zuk\u00fcnftige Fortbildungen zu \u00e4u\u00dfern. Die Interviews werden anonymisiert, sodass keine R\u00fcckschl\u00fcsse\" \/>\n<meta property=\"og:url\" content=\"https:\/\/blogs.urz.uni-halle.de\/informatikfortbildungen\/interviewteilnahme\/\" \/>\n<meta property=\"article:modified_time\" content=\"2025-10-06T09:31:21+00:00\" \/>\n<meta name=\"twitter:card\" content=\"summary_large_image\" \/>\n<meta name=\"twitter:label1\" content=\"Gesch\u00e4tzte Lesezeit\">\n\t<meta name=\"twitter:data1\" content=\"1\u00a0Minute\">\n<script type=\"application\/ld+json\" class=\"yoast-schema-graph\">{\"@context\":\"https:\/\/schema.org\",\"@graph\":[{\"@type\":\"WebSite\",\"@id\":\"https:\/\/blogs.urz.uni-halle.de\/informatikfortbildungen\/#website\",\"url\":\"https:\/\/blogs.urz.uni-halle.de\/informatikfortbildungen\/\",\"name\":\"\",\"description\":\"\",\"potentialAction\":[{\"@type\":\"SearchAction\",\"target\":\"https:\/\/blogs.urz.uni-halle.de\/informatikfortbildungen\/?s={search_term_string}\",\"query-input\":\"required name=search_term_string\"}],\"inLanguage\":\"de\"},{\"@type\":\"WebPage\",\"@id\":\"https:\/\/blogs.urz.uni-halle.de\/informatikfortbildungen\/interviewteilnahme\/#webpage\",\"url\":\"https:\/\/blogs.urz.uni-halle.de\/informatikfortbildungen\/interviewteilnahme\/\",\"name\":\"Interview -\",\"isPartOf\":{\"@id\":\"https:\/\/blogs.urz.uni-halle.de\/informatikfortbildungen\/#website\"},\"datePublished\":\"2025-10-06T06:38:50+00:00\",\"dateModified\":\"2025-10-06T09:31:21+00:00\",\"inLanguage\":\"de\",\"potentialAction\":[{\"@type\":\"ReadAction\",\"target\":[\"https:\/\/blogs.urz.uni-halle.de\/informatikfortbildungen\/interviewteilnahme\/\"]}]}]}<\/script>\n<!-- \/ Yoast SEO plugin. -->","_links":{"self":[{"href":"https:\/\/blogs.urz.uni-halle.de\/informatikfortbildungen\/wp-json\/wp\/v2\/pages\/511"}],"collection":[{"href":"https:\/\/blogs.urz.uni-halle.de\/informatikfortbildungen\/wp-json\/wp\/v2\/pages"}],"about":[{"href":"https:\/\/blogs.urz.uni-halle.de\/informatikfortbildungen\/wp-json\/wp\/v2\/types\/page"}],"author":[{"embeddable":true,"href":"https:\/\/blogs.urz.uni-halle.de\/informatikfortbildungen\/wp-json\/wp\/v2\/users\/6042"}],"replies":[{"embeddable":true,"href":"https:\/\/blogs.urz.uni-halle.de\/informatikfortbildungen\/wp-json\/wp\/v2\/comments?post=511"}],"version-history":[{"count":8,"href":"https:\/\/blogs.urz.uni-halle.de\/informatikfortbildungen\/wp-json\/wp\/v2\/pages\/511\/revisions"}],"predecessor-version":[{"id":522,"href":"https:\/\/blogs.urz.uni-halle.de\/informatikfortbildungen\/wp-json\/wp\/v2\/pages\/511\/revisions\/522"}],"wp:attachment":[{"href":"https:\/\/blogs.urz.uni-halle.de\/informatikfortbildungen\/wp-json\/wp\/v2\/media?parent=511"}],"curies":[{"name":"wp","href":"https:\/\/api.w.org\/{rel}","templated":true}]}}