{"id":62,"date":"2019-01-10T09:40:00","date_gmt":"2019-01-10T08:40:00","guid":{"rendered":"https:\/\/blogs.urz.uni-halle.de\/informatikundgesellschaft\/?page_id=62"},"modified":"2025-10-08T10:06:40","modified_gmt":"2025-10-08T08:06:40","slug":"problembeschreibung","status":"publish","type":"page","link":"https:\/\/blogs.urz.uni-halle.de\/informatikundgesellschaft\/","title":{"rendered":""},"content":{"rendered":"<blockquote>\n<p class=\"slide-title\"><span class=\"slide-title\"><strong><em>Larry Page, Gr\u00fcnder von Google:<\/em><\/strong> &#8222;We are at maybe 1% of what is possible. Despite the faster change, we&#8217;re still moving slow relative to the opportunities we have. I think a lot of that is because of the negativity&#8230; Every story I read is Google versus someone else. That&#8217;s boring. We should be focusing on building the things that don&#8217;t exist.&#8220; (<em>2013 oder schon fr\u00fcher<\/em>)<\/span><\/p>\n<p><strong><em>Sigmar Gabriel<\/em><\/strong><em><strong>, damals Bundeswirtschaftsminister und Vizekanzler:<\/strong>&nbsp;<\/em>&#8222;Die Gefahren der digitalen Revolution liegen zum einen in autorit\u00e4ren oder gar totalit\u00e4ren Tendenzen, die den M\u00f6glichkeiten der Technologie selbst innewohnen, zum anderen darin, dass neue Monopolm\u00e4chte Recht und Gesetz aush\u00f6hlen. Es geht also um nicht weniger als die Zukunft der Demokratie im Zeitalter der Digitalisierung und damit um Freiheit, Emanzipation, Teilhabe und Selbstbestimmung von 500 Millionen Menschen in Europa. Und es ist einmal mehr die Aufgabe von \u00fcberzeugten Demokraten, den technologischen und wirtschaftlichen mit dem politischen und gesellschaftlichen Fortschritt in Einklang zu bringen. Wenn die Quelle der Gefahr eines digitalen Totalitarismus im Autonomieverlust des Menschen liegt, dann m\u00fcssen wir von dieser Wurzel her unsere politische Antwort entwickeln. Der Kampf um die Demokratie des digitalen Zeitalters ist der Kampf um die Selbstbestimmung des Menschen.&#8220; (<em>FAZ 16. Mai 2014)<\/em><\/p><\/blockquote>\n<h5>[aus: Thomas Schulz. Was Google wirklich will. 2015]<\/h5>\n<p>[verantwortlich f\u00fcr diesen Blog: <a href=\"mailto:paul.molitor@informatik.uni-halle.de\">Prof. Dr. Paul Molitor<\/a>]<\/p>\n","protected":false},"excerpt":{"rendered":"<p>Larry Page, Gr\u00fcnder von Google: &#8222;We are at maybe 1% of what is possible. Despite the faster change, we&#8217;re still moving slow relative to the opportunities we have. I think a lot of that is because of the negativity&#8230; Every &hellip; <a href=\"https:\/\/blogs.urz.uni-halle.de\/informatikundgesellschaft\/\">Weiterlesen <span class=\"meta-nav\">&rarr;<\/span><\/a><\/p>\n","protected":false},"author":3081,"featured_media":0,"parent":0,"menu_order":0,"comment_status":"closed","ping_status":"closed","template":"","meta":[],"_links":{"self":[{"href":"https:\/\/blogs.urz.uni-halle.de\/informatikundgesellschaft\/wp-json\/wp\/v2\/pages\/62"}],"collection":[{"href":"https:\/\/blogs.urz.uni-halle.de\/informatikundgesellschaft\/wp-json\/wp\/v2\/pages"}],"about":[{"href":"https:\/\/blogs.urz.uni-halle.de\/informatikundgesellschaft\/wp-json\/wp\/v2\/types\/page"}],"author":[{"embeddable":true,"href":"https:\/\/blogs.urz.uni-halle.de\/informatikundgesellschaft\/wp-json\/wp\/v2\/users\/3081"}],"replies":[{"embeddable":true,"href":"https:\/\/blogs.urz.uni-halle.de\/informatikundgesellschaft\/wp-json\/wp\/v2\/comments?post=62"}],"version-history":[{"count":9,"href":"https:\/\/blogs.urz.uni-halle.de\/informatikundgesellschaft\/wp-json\/wp\/v2\/pages\/62\/revisions"}],"predecessor-version":[{"id":215,"href":"https:\/\/blogs.urz.uni-halle.de\/informatikundgesellschaft\/wp-json\/wp\/v2\/pages\/62\/revisions\/215"}],"wp:attachment":[{"href":"https:\/\/blogs.urz.uni-halle.de\/informatikundgesellschaft\/wp-json\/wp\/v2\/media?parent=62"}],"curies":[{"name":"wp","href":"https:\/\/api.w.org\/{rel}","templated":true}]}}