{"id":193,"date":"2020-09-17T10:38:17","date_gmt":"2020-09-17T08:38:17","guid":{"rendered":"https:\/\/blogs.urz.uni-halle.de\/infrastrukturgenossenschaften\/?page_id=193"},"modified":"2020-09-17T14:47:19","modified_gmt":"2020-09-17T12:47:19","slug":"netiquette-2","status":"publish","type":"page","link":"https:\/\/blogs.urz.uni-halle.de\/infrastrukturgenossenschaften\/netiquette-2\/","title":{"rendered":"Netiquette"},"content":{"rendered":"\n<p>Eine Online-Diskussion ist nur m\u00f6glich, wenn alle die Regeln aus der analogen Welt auch auf diesen Seiten einhalten. Machen Sie sich immer bewusst, dass Sie mit einem Menschen und nicht mit einem unpers\u00f6nlichen Computer kommunizieren. <\/p>\n\n\n\n<p>Bleiben Sie stets h\u00f6flich und sachlich. Respektieren Sie die Meinung anderer Personen. Selbst wenn Sie sich \u00fcber etwas \u00e4rgern, verzichten Sie auf Beleidigungen, Beschimpfungen, Verleumdungen oder Provokationen. <\/p>\n\n\n\n<p>Achten Sie auf die Verst\u00e4ndlichkeit Ihrer S\u00e4tze und vermeiden Sie Missverst\u00e4ndnisse.<\/p>\n\n\n\n<p>Respektieren Sie das Urheberrecht. Kennzeichnen Sie Zitate als solche und verweisen auf den korrekten Urheber. <\/p>\n\n\n\n<p>Kommentare, die den genannten Grunds\u00e4tzen nicht entsprechen, werden umgehend gel\u00f6scht. <\/p>\n","protected":false},"excerpt":{"rendered":"<p>Eine Online-Diskussion ist nur m\u00f6glich, wenn alle die Regeln aus der analogen Welt auch auf diesen Seiten einhalten. Machen Sie sich immer bewusst, dass Sie mit einem Menschen und nicht mit einem unpers\u00f6nlichen Computer kommunizieren. Bleiben Sie stets h\u00f6flich und sachlich. Respektieren Sie die Meinung anderer Personen. Selbst wenn Sie sich \u00fcber etwas \u00e4rgern, verzichten&#8230;&nbsp;(<a href=\"https:\/\/blogs.urz.uni-halle.de\/infrastrukturgenossenschaften\/netiquette-2\/\">weiterlesen<\/a>)<\/p>\n","protected":false},"author":4885,"featured_media":0,"parent":0,"menu_order":0,"comment_status":"closed","ping_status":"closed","template":"","meta":{"ngg_post_thumbnail":0},"_links":{"self":[{"href":"https:\/\/blogs.urz.uni-halle.de\/infrastrukturgenossenschaften\/wp-json\/wp\/v2\/pages\/193"}],"collection":[{"href":"https:\/\/blogs.urz.uni-halle.de\/infrastrukturgenossenschaften\/wp-json\/wp\/v2\/pages"}],"about":[{"href":"https:\/\/blogs.urz.uni-halle.de\/infrastrukturgenossenschaften\/wp-json\/wp\/v2\/types\/page"}],"author":[{"embeddable":true,"href":"https:\/\/blogs.urz.uni-halle.de\/infrastrukturgenossenschaften\/wp-json\/wp\/v2\/users\/4885"}],"replies":[{"embeddable":true,"href":"https:\/\/blogs.urz.uni-halle.de\/infrastrukturgenossenschaften\/wp-json\/wp\/v2\/comments?post=193"}],"version-history":[{"count":3,"href":"https:\/\/blogs.urz.uni-halle.de\/infrastrukturgenossenschaften\/wp-json\/wp\/v2\/pages\/193\/revisions"}],"predecessor-version":[{"id":232,"href":"https:\/\/blogs.urz.uni-halle.de\/infrastrukturgenossenschaften\/wp-json\/wp\/v2\/pages\/193\/revisions\/232"}],"wp:attachment":[{"href":"https:\/\/blogs.urz.uni-halle.de\/infrastrukturgenossenschaften\/wp-json\/wp\/v2\/media?parent=193"}],"curies":[{"name":"wp","href":"https:\/\/api.w.org\/{rel}","templated":true}]}}