{"id":300,"date":"2020-10-01T09:20:06","date_gmt":"2020-10-01T07:20:06","guid":{"rendered":"https:\/\/blogs.urz.uni-halle.de\/infrastrukturgenossenschaften\/?page_id=300"},"modified":"2021-07-12T12:14:12","modified_gmt":"2021-07-12T10:14:12","slug":"impressum-datenschutz","status":"publish","type":"page","link":"https:\/\/blogs.urz.uni-halle.de\/infrastrukturgenossenschaften\/impressum-datenschutz\/","title":{"rendered":"Impressum \/ Datenschutz"},"content":{"rendered":"\n<p>Verantwortlich f\u00fcr die Inhalte des Blogs ist: <\/p>\n\n\n\n<p>Forschungsinstitut Gesellschaftlicher Zusammenhalt &#8211; Standort Halle,<br>&#8211; Martin-Luther-Universit\u00e4t Halle-Wittenberg &#8211;<br>&#8211; Lehrstuhl f\u00fcr \u00f6ffentliches Recht &#8211;<br>&#8211; Prof. Dr. Winfried Kluth &#8211;  <br>Universit\u00e4tsplatz 3-5,<br>06108 Halle (Saale).<\/p>\n\n\n\n<p><\/p>\n\n\n\n<p class=\"has-medium-font-size\"><strong>Datenschutz<\/strong><\/p>\n\n\n\n<p>Dieser Diskussionsblog ist Teil wissenschaftlichen Forschungsvorhabens &#8222;Neue Instrumente b\u00fcrgerschaftlicher Partizipation: Infrastrukturgenossenschaften &#8211; HAL_T_01&#8220;. Bei Nutzung der Kommentarfunktion und der Anmeldung zum Newsletter fallen personenbezogenen Daten an. Diese werden zu wissenschaftlichen Zwecken des Forschungsvorhabens verarbeitet. Im Folgen erhalten Sie Informationen zur beabsichtigten Nutzung Ihrer Daten. <\/p>\n\n\n\n<p><strong>Welche Daten werden erhoben?<\/strong><\/p>\n\n\n\n<p>Im Rahmen der Nutzung der Kommentarfunktion werden folgende Daten von Ihnen erhoben:<\/p>\n\n\n\n<ul><li>Kontaktdaten (Name und E-Mail Adresse)<\/li><li>Projektdaten, d.h. die im Rahmen des wissenschaftlichen Forschungsvorhabens produzierten Informationen zu Ihrer Person, soweit sich diese aus Ihrem Kommentar ergeben<\/li><\/ul>\n\n\n\n<p>Sollten Sie sich f\u00fcr unseren Newsletter anmelden, wird Ihre E-Mail Adresse erhoben. <\/p>\n\n\n\n<p><strong>Auf welche Weise und zu welchem Zweck erfolgt die Datenverarbeitung <\/strong><\/p>\n\n\n\n<p>F\u00fcr die Kommentarfunktion werden neben Ihrem Kommentar auch Angaben zum Zeitpunkt der Erstellung des Kommentars, Ihre E-Mail-Adresse und der von Ihnen gew\u00e4hlte Nutzername gespeichert. Sie k\u00f6nnen auch ein Pseudonym verwenden. Die Angabe der E-Mail-Adresse ist freiwillig. Wenn Sie Ihre E-Mail Adresse angeben, k\u00f6nnen wir Sie im Falle von Nachfragen zum Kommentar oder weitergehenden Forschungsfragen kontaktieren k\u00f6nnen. <\/p>\n\n\n\n<p>Die Kommentare und die damit verbundenen Daten (z. B.&nbsp;IP-Adresse) werden gespeichert und verbleiben auf unseren Webseiten, bis der kommentierte Inhalt vollst\u00e4ndig gel\u00f6scht wurde oder die Kommentare aus rechtlichen Gr\u00fcnden gel\u00f6scht werden m\u00fcssen (z. B.&nbsp;beleidigende Kommentare).<\/p>\n\n\n\n<p>Die Speicherung der Kommentare erfolgt auf Grundlage Ihrer Einwilligung (Art. 6 Abs. 1 lit. a DSGVO). Sie k\u00f6nnen eine von Ihnen erteilte Einwilligung jederzeit widerrufen. Dazu reicht eine formlose Mitteilung per E-Mail an uns aus. Die Rechtm\u00e4\u00dfigkeit der bereits erfolgten Datenverarbeitungsvorg\u00e4nge bleibt vom Widerruf unber\u00fchrt.<\/p>\n\n\n\n<p>Die Kommentare werden au\u00dferdem von Projektmitarbeitern ausgewertet und analysiert. Aus allen Kommentaren wird schlie\u00dflich ein Diskussionsbericht zum Diskussionsverlauf gefertigt, in dem wesentliche Meinungen der Kommentierenden zusammengefasst werden. In dem Diskussionsbericht selbst sind keine Angaben enthalten, die zu einer Identifizierung Ihrer Person f\u00fchren k\u00f6nnten. Der Diskussionsbericht wird auf den Seiten des Diskussionsblogs ver\u00f6ffentlicht und dient als Grundlage f\u00fcr die weitere Forschungsarbeit (wissenschaftliche Ver\u00f6ffentlichungen, Publikationen, Tagungen oder Konferenzen). Auch hierbei werden keine personenbezogenen Daten von Ihnen genannt. <\/p>\n\n\n\n<p><\/p>\n\n\n\n<p>Wenn Sie unseren Newsletter beziehen m\u00f6chten, ben\u00f6tigen wir von Ihnen eine E-Mail-Adresse. Weitere Daten werden nicht erhoben. Die E-Mail-Adresse&nbsp;verwenden wir ausschlie\u00dflich f\u00fcr den Versand des angeforderten Newsletters und geben diese nicht an Dritte weiter.<\/p>\n\n\n\n<p>Die Verarbeitung der in das Newsletter-Anmeldeformular eingegebenen Daten erfolgt ausschlie\u00dflich auf Grundlage Ihrer Einwilligung (Art. 6 Abs. 1 lit. a DSGVO). Die erteilte Einwilligung zur Speicherung der Daten, der E-Mail-Adresse sowie deren Nutzung zum Versand des Newsletters k\u00f6nnen Sie jederzeit widerrufen, etwa \u00fcber den \u201eAustragen\u201c-Link im Newsletter. Die Rechtm\u00e4\u00dfigkeit der bereits erfolgten Datenverarbeitungsvorg\u00e4nge bleibt vom Widerruf unber\u00fchrt.<\/p>\n\n\n\n<p>Die von Ihnen zum Zwecke des Newsletter-Bezugs bei uns hinterlegten Daten werden von uns bis zu Ihrer Austragung aus dem Newsletter gespeichert und nach der Abbestellung des Newsletters gel\u00f6scht. Daten, die zu anderen Zwecken bei uns gespeichert wurden, bleiben hiervon unber\u00fchrt.<\/p>\n\n\n\n<p>F\u00fcr den Versand der Newsletter nutzen wir das Plugin MailPoet. Anbieter ist die in Frankreich ans\u00e4ssige Wysija SARL, 6 rue Dieud\u00e9, 13006, Marseille. Mithilfe des MailPoet Dienstes k\u00f6nnen wir analysieren, wie viele Empf\u00e4nger den Newsletter ge\u00f6ffnet haben und wie oft ein Link im Newsletter genutzt wurde. <\/p>\n\n\n\n<p><strong>Welche Rechte stehen den von der Datenverarbeitung Betroffenen zu?<\/strong><\/p>\n\n\n\n<p>Sie haben jederzeit die M\u00f6glichkeit die folgenden Rechte geltend zu machen:<\/p>\n\n\n\n<ul><li><strong>Recht auf Auskunft<\/strong> \u00fcber die von Ihnen verarbeiteten personenbezogenen Daten (Art. 15 DSGVO),<\/li><li><strong>Recht auf Berichtigung<\/strong> Sie betreffender unrichtiger personenbezogener Daten (Art. 16 DSGVO),<\/li><li><strong>Recht auf L\u00f6schung<\/strong> Sie betreffender personenbezogener Daten (Art. 17 DSGVO),<\/li><li><strong>Recht auf Einschr\u00e4nkung der Verarbeitung <\/strong>Sie betreffender personenbezogener Daten (Art. 18 DSGVO),<\/li><li><strong>Recht auf Widerspruch<\/strong> gegen die Verarbeitung Sie betreffender personenbezogener Daten (Art. 21 DSGVO),<\/li><li>Sie haben zudem das Recht, sich bei einer <strong>Datenschutz-Aufsichtsbeh\u00f6rde<\/strong> \u00fcber die Verarbeitung Ihrer personenbezogenen Daten durch uns zu <strong>beschweren <\/strong>(Art. 77 DSGVO),<\/li><li>Sofern Sie in die Verarbeitung Ihrer Daten eingewilligt haben, besteht die M\u00f6glichkeit diese jederzeit f\u00fcr die Zukunft zu <strong>widerrufen <\/strong>(Art. 7 Absatz 3 DSGVO). In diesem Fall m\u00fcssen alle personenbezogenen Daten entweder gel\u00f6scht oder anonymisiert werden.<\/li><\/ul>\n\n\n\n<p>Zur Geltendmachung Ihrer Rechte gen\u00fcgt die Textform (E-Mail). <\/p>\n\n\n\n<p>F\u00fcr die Datenverarbeitung verantwortlich ist: Prof. Dr. Winfried Kluth, Universit\u00e4tsplatz 3-5, 06108 Halle (Saale), winfried.kluth@jura.uni-halle.de.<\/p>\n\n\n\n<p>Im \u00dcbrigen gelten die Datenschutzerkl\u00e4rungen des <a href=\"https:\/\/blogs.urz.uni-halle.de\/dienst\/datenschutz\/\">Blog-Dienstes des IT-Servicezentrums der Martin-Luther-Universit\u00e4t Halle-Wittenberg<\/a> und erg\u00e4nzend der <a href=\"https:\/\/www.uni-halle.de\/datenschutzerklaerung\/\">Martin-Luther-Universit\u00e4t Halle-Wittenberg<\/a>, auf welche verwiesen wird. <\/p>\n","protected":false},"excerpt":{"rendered":"<p>Verantwortlich f\u00fcr die Inhalte des Blogs ist: Forschungsinstitut Gesellschaftlicher Zusammenhalt &#8211; Standort Halle,&#8211; Martin-Luther-Universit\u00e4t Halle-Wittenberg &#8211;&#8211; Lehrstuhl f\u00fcr \u00f6ffentliches Recht &#8211;&#8211; Prof. Dr. Winfried Kluth &#8211; Universit\u00e4tsplatz 3-5,06108 Halle (Saale). Datenschutz Dieser Diskussionsblog ist Teil wissenschaftlichen Forschungsvorhabens &#8222;Neue Instrumente b\u00fcrgerschaftlicher Partizipation: Infrastrukturgenossenschaften &#8211; HAL_T_01&#8220;. Bei Nutzung der Kommentarfunktion und der Anmeldung zum Newsletter fallen personenbezogenen&#8230;&nbsp;(<a href=\"https:\/\/blogs.urz.uni-halle.de\/infrastrukturgenossenschaften\/impressum-datenschutz\/\">weiterlesen<\/a>)<\/p>\n","protected":false},"author":4885,"featured_media":0,"parent":0,"menu_order":0,"comment_status":"closed","ping_status":"closed","template":"","meta":{"ngg_post_thumbnail":0},"_links":{"self":[{"href":"https:\/\/blogs.urz.uni-halle.de\/infrastrukturgenossenschaften\/wp-json\/wp\/v2\/pages\/300"}],"collection":[{"href":"https:\/\/blogs.urz.uni-halle.de\/infrastrukturgenossenschaften\/wp-json\/wp\/v2\/pages"}],"about":[{"href":"https:\/\/blogs.urz.uni-halle.de\/infrastrukturgenossenschaften\/wp-json\/wp\/v2\/types\/page"}],"author":[{"embeddable":true,"href":"https:\/\/blogs.urz.uni-halle.de\/infrastrukturgenossenschaften\/wp-json\/wp\/v2\/users\/4885"}],"replies":[{"embeddable":true,"href":"https:\/\/blogs.urz.uni-halle.de\/infrastrukturgenossenschaften\/wp-json\/wp\/v2\/comments?post=300"}],"version-history":[{"count":9,"href":"https:\/\/blogs.urz.uni-halle.de\/infrastrukturgenossenschaften\/wp-json\/wp\/v2\/pages\/300\/revisions"}],"predecessor-version":[{"id":451,"href":"https:\/\/blogs.urz.uni-halle.de\/infrastrukturgenossenschaften\/wp-json\/wp\/v2\/pages\/300\/revisions\/451"}],"wp:attachment":[{"href":"https:\/\/blogs.urz.uni-halle.de\/infrastrukturgenossenschaften\/wp-json\/wp\/v2\/media?parent=300"}],"curies":[{"name":"wp","href":"https:\/\/api.w.org\/{rel}","templated":true}]}}