{"id":278,"date":"2020-01-21T14:59:48","date_gmt":"2020-01-21T13:59:48","guid":{"rendered":"https:\/\/blogs.urz.uni-halle.de\/ingra\/?page_id=278"},"modified":"2026-04-17T14:55:26","modified_gmt":"2026-04-17T12:55:26","slug":"contact","status":"publish","type":"page","link":"https:\/\/blogs.urz.uni-halle.de\/ingra\/contact\/","title":{"rendered":"Contact"},"content":{"rendered":"\n<span id=\"InGrA_Executive_director\"><h3>InGrA Executive director<\/h3><\/span>\n\n\n\n<p>Prof. Dr. Christine F\u00fcrst<br>Email:&nbsp;<a href=\"mailto:christine.fuerst@rektorat.uni-halle.de\">christine.fuerst@rektorat.uni-halle.de<\/a><br>Phone: +49 (0)345-55-21450<br>Fax: +49 (0)345- 55-27091<\/p>\n\n\n\n<span id=\"InGrA_Executive_manager\"><h3>InGrA Executive manager<\/h3><\/span>\n\n\n\n<p>Dr. Thomas Michael<br>Email: <a href=\"mailto:thomas.michael@ingra.uni-halle.de\">thomas.michael@ingra.uni-halle.de<\/a><br>Phone: +49 (0)345-55-21747<br>Fax: +49 (0)345- 55-27098<br>Office: E.03.0 (Anton-Wilhelm-Amo-Stra\u00dfe 19\/20)<\/p>\n\n\n\n<span id=\"InGrA_office\"><h3>InGrA office<\/h3><\/span>\n\n\n\n<p>Lydia Hohlstein, M.A.<br>Email: <a href=\"mailto:lydia.hohlstein@ingra.uni-halle.de\">lydia.hohlstein@ingra.uni-halle.de<\/a><br>Phone: +49 (0)345-55-21746<br>Fax: +49 (0)345- 55-27098<br>Office: E.03.0 (Anton-Wilhelm-Amo-Stra\u00dfe 19\/20)<\/p>\n\n\n\n<p>Tabea Schicktanz (student assistant)<br>Email: <a href=\"mailto:office@ingra.uni-halle.de\">office@ingra.uni-halle.de<\/a><br>Office: E.03.0 (Anton-Wilhelm-Amo-Stra\u00dfe 19\/20)<\/p>\n\n\n\n<p>Asheesh Ranga (student assistant)<br>Email: <a href=\"mailto:office@ingra.uni-halle.de\">office@ingra.uni-halle.de<\/a><br>Office: E.03.0 (Anton-Wilhelm-Amo-Stra\u00dfe 19\/20)<\/p>\n\n\n\n<p>Alexandra Pertler (student assistant)<br>Email: <a href=\"mailto:office@ingra.uni-halle.de\">office@ingra.uni-halle.de<\/a><br>Office: E.03.0 (Anton-Wilhelm-Amo-Stra\u00dfe 19\/20)<\/p>\n\n\n\n<h3 id=\"location\">Location<\/h3>\n\n\n\n\n\n\t\t\t\t<div id=\"map_ol3js_1\" class=\"map undefined\" data-map_name=\"undefined\" data-map=\"map_ol3js_1\" style=\"width:95%; height:450px; display:vis; overflow:hidden;border:2px solid grey;\" >\n\t\t\t\t  <div id=\"map_ol3js_1_popup\" class=\"ol-popup\" >\n\t\t\t\t\t<a href=\"#\" id=\"map_ol3js_1_popup-closer\" class=\"ol-popup-closer\"><\/a>\n\t\t\t\t\t<div id=\"map_ol3js_1_popup-content\" ><\/div>\n\t\t\t\t  <\/div>\n\t\t\t\t<\/div>\n\t\t\t\n\t\t\t\t<link rel=\"stylesheet\" href=\"https:\/\/blogs.urz.uni-halle.de\/ingra\/wp-content\/plugins\/osm\/js\/OL\/6.4.3\/ol.css\" type=\"text\/css\">\n\t\t\t\t<link rel=\"stylesheet\" href=\"https:\/\/blogs.urz.uni-halle.de\/ingra\/wp-content\/plugins\/osm\/css\/osm_map_v3.css\" type=\"text\/css\">\n\t\t\t\t<link rel=\"stylesheet\" href=\"https:\/\/blogs.urz.uni-halle.de\/ingra\/wp-content\/plugins\/osm\/css\/osm_map.css\" type=\"text\/css\">\n\t\t\t\t<!-- The line below is only needed for old environments like Internet Explorer and Android 4.x -->\n                                <script src=\"https:\/\/blogs.urz.uni-halle.de\/ingra\/wp-content\/plugins\/osm\/js\/polyfill\/v2\/polyfill.min.js?features=requestAnimationFrame,Element.prototype.classList,URL\"><\/script>\n\n\t\t\t\t<script src=\"https:\/\/blogs.urz.uni-halle.de\/ingra\/wp-content\/plugins\/osm\/js\/OL\/6.4.3\/ol.js\" type=\"text\/javascript\"><\/script>\n\t\t\t\t<script src=\"https:\/\/blogs.urz.uni-halle.de\/ingra\/wp-content\/plugins\/osm\/js\/osm-v3-plugin-lib.js\" type=\"text\/javascript\"><\/script>\n\t\t\t\t<script src=\"https:\/\/blogs.urz.uni-halle.de\/ingra\/wp-content\/plugins\/osm\/js\/osm-metabox-events.js\" type=\"text\/javascript\"><\/script>\n\t\t\t\t<script src=\"https:\/\/blogs.urz.uni-halle.de\/ingra\/wp-content\/plugins\/osm\/js\/osm-startup-lib.js\" type=\"text\/javascript\"><\/script>\n\t\t\t\t<script type=\"text\/javascript\">\n\t\t\t\t\ttranslations['openlayer'] = \"open layer\";\n\t\t\t\t\ttranslations['openlayerAtStartup'] = \"open layer at startup\";\n\t\t\t\t\ttranslations['generateLink'] = \"link to this map with opened layers\";\n\t\t\t\t\ttranslations['shortDescription'] = \"short description\";\n\t\t\t\t\ttranslations['generatedShortCode'] = \"to get a text control link paste this code in your wordpress editor\";\n\t\t\t\t\ttranslations['closeLayer'] = \"close layer\";\n\t\t\t\t\ttranslations['cantGenerateLink'] = \"put this string in the existing map short code to control this map\";\n\t\t\t\t<\/script>\n\n\t\t\t  <script type=\"text\/javascript\">vectorM['map_ol3js_1'] = [];\n\n\tvar attribution = new ol.control.Attribution({\n        collapsible: false\n      });\n\n\n      \n      var raster = new ol.layer.Tile({\n        source: new ol.source.OSM({ }),\n        zIndex: 90\n      });\n      var Controls = ol.control.defaults({ attribution: false }).extend([\n          attribution\n      ]); \n\t\t\t  map_ol3js_1 = new ol.Map({\n\t\tcontrols: Controls,\n\t\t\n\t\t\t\tinteractions: ol.interaction.defaults({mouseWheelZoom:false}),\n\t\t\t\tlayers: [raster],\n\t\t\t\ttarget: \"map_ol3js_1\",\n\t\t\t\tview: new ol.View({\n\t\t\t\t  center: ol.proj.transform([11.9693,51.4874], \"EPSG:4326\", \"EPSG:3857\"),\n\t\t\t\t  zoom: 18.0\n\t\t\t\t})\n\t\t\t  });\n\t\t\t  osm_addMarkerLayer(map_ol3js_1,11.9696,51.4874,\"https:\/\/blogs.urz.uni-halle.de\/ingra\/wp-content\/plugins\/osm\/icons\/mic_black_highschool_10.png\",-16,-41,\"Internationale Graduiertenakademie (InGrA)  <\/a><br \/>\") ; \n\t\t  var osm_controls = [\n\t\t\tnew ol.control.Attribution(),\n\t\t\tnew ol.control.MousePosition({\n\t\t\t  undefinedHTML: \"outside\",\n\t\t\t  projection: \"EPSG:4326\",\n\t\t\t  coordinateFormat: function(coordinate) {\n\t\t\t\t return ol.coordinate.format(coordinate, \"{y}, {x}\", 5);\n\t\t\t  }\n\t\t\t}),\n\t\t\tnew ol.control.OverviewMap({\n\t\t\t  collapsed: false\n\t\t\t}),\n\t\t\tnew ol.control.Rotate({\n\t\t\t  autoHide: false\n\t\t\t}),\n\t\t\tnew ol.control.ScaleLine(),\n\t\t\tnew ol.control.Zoom(),\n\t\t\tnew ol.control.ZoomSlider(),\n\t\t\tnew ol.control.ZoomToExtent({\n      extent: [-11243808.051695308, 1.202710291, 9561377.290892059, 6852382.107835932]\n    }),\n\t\t\tnew ol.control.FullScreen()\n\t\t  ]; \nosm_addPopupClickhandler(map_ol3js_1,  \"map_ol3js_1\"); \nosm_addMouseHover(map_ol3js_1); <\/script>\n\n\n\n<span id=\"Former_members\"><h3>Former members<\/h3><\/span>\n\n\n\n<ul><li>Dr. Dr. Klaus-Peter Meinicke (executive manager)<\/li><li>Moriz Breit (secretary, representative during parental leave)<\/li><li>Philine Bernau (secretary)<\/li><li>Cornelia Schneider (secretary)<\/li><li>Lilly Kube (student assistant)<\/li><li>Robert Seibert (student assistant)<\/li><li>Emma Harlow (student assistant)<\/li><li>Paul Reimers (student assistant)<\/li><li>Mona Ali (student assistant)<\/li><li>Florian Bortic (student assistant)<\/li><li>Cara Bender (student assistant)<\/li><li>Philip Rot\u00e4rmel (student assistant)<\/li><li>Oskar Axmann (student assistant)<\/li><\/ul>\n\n\n\n<hr class=\"wp-block-separator\" \/>\n\n\n\n<h2 id=\"Impressum\">Imprint | Impressum <\/h2>\n\n\n\n<p>Inhaltlich verantwortlich: Dr. Thomas Michael<\/p>\n\n\n\n<span id=\"Institution_\"><h4>Institution <\/h4><\/span>\n\n\n\n<p>Die Martin-Luther-Universit\u00e4t Halle-Wittenberg ist eine K\u00f6rperschaft des \u00f6ffentlichen Rechts. Sie wird durch die Rektorin Prof. Dr. Claudia Becker gesetzlich vertreten: <a href=\"mailto:rektorin@uni-halle.de\">rektorin@uni-halle.de<\/a><\/p>\n\n\n\n<span id=\"Umsatzsteuer-Identifikationsnummer\"><h4>Umsatzsteuer-Identifikationsnummer<\/h4><\/span>\n\n\n\n<p>DE 811353703 gem\u00e4\u00df \u00a7 27 a Umsatzsteuergesetz<\/p>\n\n\n\n<span id=\"Kontakt_\"><h4>Kontakt <\/h4><\/span>\n\n\n\n<p>Martin-Luther-Universit\u00e4t Halle-Wittenberg<br>Universit\u00e4tsplatz 10<br>06108 Halle<br>Deutschland<\/p>\n\n\n\n<p>Fax: 0345 \/ 55 27 077<br>E-Mail: info@uni-halle.de<br>Internet: www.uni-halle.de <\/p>\n\n\n\n<span id=\"Postanschrift\"><h4>Postanschrift<\/h4><\/span>\n\n\n\n<p>Martin-Luther-Universit\u00e4t Halle-Wittenberg<br>(Adressat, z.B. Fakult\u00e4t und\/oder Institut und\/oder Abteilung)<br>06099 Halle (Saale)<\/p>\n\n\n\n<span id=\"Aufsichtsbehrde\"><h4>Aufsichtsbeh\u00f6rde<\/h4><\/span>\n\n\n\n<p>Die zust\u00e4ndige Aufsichtsbeh\u00f6rde ist das<br>Ministerium f\u00fcr Wissenschaft, Energie, Klimaschutz und Umwelt des Landes Sachsen-Anhalt<br>Leipziger Stra\u00dfe 58<br>39112 Magdeburg<br>E-Mail: <a href=\"mailto:poststelle@mwu.sachsen-anhalt.de\"><a href=\"https:\/\/mwu.sachsen-anhalt.de\/impressum#\">pr@mwu.sachsen-anhalt.de<\/a><\/a><br>Web: <a rel=\"noreferrer noopener\" href=\"https:\/\/mwu.sachsen-anhalt.de\/\" target=\"_blank\">mwu.sachsen-anhalt.de<\/a><\/p>\n\n\n\n<span id=\"Haftungsausschluss\"><h4>Haftungsausschluss<\/h4><\/span>\n\n\n\n<p>Wir \u00fcbernehmen keinerlei Gew\u00e4hr f\u00fcr die Aktualit\u00e4t, Korrektheit, Vollst\u00e4ndigkeit oder Qualit\u00e4t der bereitgestellten Informationen. Haftungsanspr\u00fcche gegen die MLU, welche sich auf Sch\u00e4den materieller oder ideeller Art beziehen, die durch die Nutzung oder Nichtnutzung der dargebotenen Informationen bzw. durch die Nutzung fehlerhafter und unvollst\u00e4ndiger Informationen verursacht wurden sind, sind grunds\u00e4tzlich ausgeschlossen, sofern seitens der MLU kein nachweislich vors\u00e4tzliches oder grob fahrl\u00e4ssiges Verschulden vorliegt.<\/p>\n\n\n\n<p>Die MLU beh\u00e4lt es sich ausdr\u00fccklich vor, Teile der Seiten oder das gesamte Angebot ohne gesonderte Ank\u00fcndigung zu ver\u00e4ndern, zu erg\u00e4nzen, zu l\u00f6schen oder die Ver\u00f6ffentlichung zeitweise oder endg\u00fcltig einzustellen.<\/p>\n\n\n\n<span id=\"Haftung_fr_Links\"><h4>Haftung f\u00fcr Links<\/h4><\/span>\n\n\n\n<p>Unser Angebot enth\u00e4lt Links zu externen Webseiten Dritter, auf deren Inhalte wir keinen Einfluss haben. Deshalb k\u00f6nnen wir f\u00fcr diese fremden Inhalte auch keine Gew\u00e4hr \u00fcbernehmen. F\u00fcr die Inhalte der verlinkten Seiten ist stets der jeweilige Anbieter oder Betreiber der Seiten verantwortlich. Die verlinkten Seiten wurden zum Zeitpunkt der Verlinkung auf m\u00f6gliche Rechtsverst\u00f6\u00dfe \u00fcberpr\u00fcft. Rechtswidrige Inhalte waren zum Zeitpunkt der Verlinkung nicht erkennbar. Eine permanente inhaltliche Kontrolle der verlinkten Seiten ist jedoch ohne konkrete Anhaltspunkte einer Rechtsverletzung nicht zumutbar. Bei Bekanntwerden von Rechtsverletzungen werden wir derartige Links umgehend entfernen.<\/p>\n\n\n\n<span id=\"Urheberrecht\"><h4>Urheberrecht<\/h4><\/span>\n\n\n\n<p>Bitte beachten Sie, dass alle Texte, Bilder und Grafiken sowie ihre Arrangements &#8211; soweit nicht anders ersichtlich &#8211; von der Martin-Luther-Universit\u00e4t Halle-Wittenberg selbst erstellt wurden und dem Schutz des Urheberrechts unterliegen.<br>Sie d\u00fcrfen damit beispielsweise weder kopiert, noch ver\u00e4ndert noch auf anderen Web-Sites verwendet werden. Der Nutzung der allgemein zug\u00e4nglichen Texte durch Dritte stimmen wir hiermit &#8211; auch auszugsweise &#8211; nur unter der Bedingung zu, dass die Martin-Luther-Universit\u00e4t Halle-Wittenberg als Urheber genannt wird.<br>Die Nutzung der anderen Inhalte, wie beispielsweise der Bilder und Grafiken, ist nicht gestattet. Sollten Sie jedoch Interesse an einem Nutzungsrecht haben, wenden Sie sich bitte an oben genannte Adresse.<\/p>\n","protected":false},"excerpt":{"rendered":"<p>InGrA Executive director Prof. Dr. Christine F\u00fcrstEmail:&nbsp;christine.fuerst@rektorat.uni-halle.dePhone: +49 (0)345-55-21450Fax: +49 (0)345- 55-27091 InGrA Executive manager Dr. Thomas MichaelEmail: thomas.michael@ingra.uni-halle.dePhone: +49 (0)345-55-21747Fax: +49 (0)345- 55-27098Office: E.03.0 (Anton-Wilhelm-Amo-Stra\u00dfe 19\/20) InGrA office Lydia Hohlstein, M.A.Email: lydia.hohlstein@ingra.uni-halle.dePhone: +49 (0)345-55-21746Fax: +49 (0)345- 55-27098Office: E.03.0 (Anton-Wilhelm-Amo-Stra\u00dfe 19\/20) Tabea Schicktanz (student assistant)Email: office@ingra.uni-halle.deOffice: E.03.0 (Anton-Wilhelm-Amo-Stra\u00dfe 19\/20) Asheesh Ranga (student assistant)Email: office@ingra.uni-halle.deOffice: E.03.0 [&hellip;]<\/p>\n","protected":false},"author":4475,"featured_media":0,"parent":0,"menu_order":0,"comment_status":"closed","ping_status":"closed","template":"","meta":{"_vp_format_video_url":"","_vp_image_focal_point":[]},"_links":{"self":[{"href":"https:\/\/blogs.urz.uni-halle.de\/ingra\/wp-json\/wp\/v2\/pages\/278"}],"collection":[{"href":"https:\/\/blogs.urz.uni-halle.de\/ingra\/wp-json\/wp\/v2\/pages"}],"about":[{"href":"https:\/\/blogs.urz.uni-halle.de\/ingra\/wp-json\/wp\/v2\/types\/page"}],"author":[{"embeddable":true,"href":"https:\/\/blogs.urz.uni-halle.de\/ingra\/wp-json\/wp\/v2\/users\/4475"}],"replies":[{"embeddable":true,"href":"https:\/\/blogs.urz.uni-halle.de\/ingra\/wp-json\/wp\/v2\/comments?post=278"}],"version-history":[{"count":10,"href":"https:\/\/blogs.urz.uni-halle.de\/ingra\/wp-json\/wp\/v2\/pages\/278\/revisions"}],"predecessor-version":[{"id":6702,"href":"https:\/\/blogs.urz.uni-halle.de\/ingra\/wp-json\/wp\/v2\/pages\/278\/revisions\/6702"}],"wp:attachment":[{"href":"https:\/\/blogs.urz.uni-halle.de\/ingra\/wp-json\/wp\/v2\/media?parent=278"}],"curies":[{"name":"wp","href":"https:\/\/api.w.org\/{rel}","templated":true}]}}