{"id":3501,"date":"2023-03-30T17:13:54","date_gmt":"2023-03-30T15:13:54","guid":{"rendered":"https:\/\/blogs.urz.uni-halle.de\/ingra\/?page_id=3501"},"modified":"2025-07-14T13:45:25","modified_gmt":"2025-07-14T11:45:25","slug":"online-survey","status":"publish","type":"page","link":"https:\/\/blogs.urz.uni-halle.de\/ingra\/online-survey\/","title":{"rendered":"Online survey"},"content":{"rendered":"\n<p><strong>Hinweis zur Umfrage f\u00fcr Promovierende \u2013 Welcome Day 2026<\/strong><\/p>\n\n\n\n<p>Diese Umfrage richtet sich an Promovierende der MLU und dient dazu, den geplanten <em>Welcome Day 2026<\/em> sowie weitere Unterst\u00fctzungsangebote gezielt an Ihre Bed\u00fcrfnisse auszurichten. Ihre Einsch\u00e4tzungen, Erfahrungen und W\u00fcnsche sind f\u00fcr die Planung und Umsetzung von gro\u00dfer Bedeutung. Der <em>Welcome Da<\/em>y 2026 wird durch die<strong> InGrA (International Graduate Academy)<\/strong> organisiert, die Promovierenden w\u00e4hrend ihrer gesamten Promotionsphase unterst\u00fctzend zur Seite steht.<\/p>\n\n\n\n<p><strong>Pflichtfelder sind mit einem * gekennzeichnet.<\/strong><\/p>\n\n\n\n<p> Die Umfrage dauert nur wenige Minuten \u2013 vielen Dank f\u00fcr Ihre Teilnahme!<\/p>\n\n\n\n<p>\/\/<\/p>\n\n\n\n<p><strong>Note on the Survey for Doctoral Candidates \u2013 Welcome Day 2026<\/strong><\/p>\n\n\n\n<p>This survey is aimed at doctoral candidates at MLU and is intended to tailor the planned <em>Welcome Day 2026<\/em> as well as other support services to your specific needs. Your insights, experiences, and wishes are crucial for the planning and implementation. The <em>Welcome Day 2026<\/em> is organized by<strong> InGrA (International Graduate Academy)<\/strong>, which supports doctoral candidates throughout their doctoral journey.<\/p>\n\n\n\n<p><strong>Mandatory fields are marked with an *.<\/strong><\/p>\n\n\n\n<p>The survey will only take a few minutes \u2013 thank you very much for your participation!<\/p>\n\n\n\n<div role=\"form\" class=\"wpcf7\" id=\"wpcf7-f6006-o1\" lang=\"en-US\" dir=\"ltr\">\n<div class=\"screen-reader-response\"><p role=\"status\" aria-live=\"polite\" aria-atomic=\"true\"><\/p> <ul><\/ul><\/div>\n<form action=\"\/ingra\/wp-json\/wp\/v2\/pages\/3501#wpcf7-f6006-o1\" method=\"post\" class=\"wpcf7-form init\" novalidate=\"novalidate\" data-status=\"init\">\n<div style=\"display: none;\">\n<input type=\"hidden\" name=\"_wpcf7\" value=\"6006\" \/>\n<input type=\"hidden\" name=\"_wpcf7_version\" value=\"5.3.2\" \/>\n<input type=\"hidden\" name=\"_wpcf7_locale\" value=\"en_US\" \/>\n<input type=\"hidden\" name=\"_wpcf7_unit_tag\" value=\"wpcf7-f6006-o1\" \/>\n<input type=\"hidden\" name=\"_wpcf7_container_post\" value=\"0\" \/>\n<input type=\"hidden\" name=\"_wpcf7_posted_data_hash\" value=\"\" \/>\n<input type=\"hidden\" name=\"_wpcf7cf_hidden_group_fields\" value=\"[]\" \/>\n<input type=\"hidden\" name=\"_wpcf7cf_hidden_groups\" value=\"[]\" \/>\n<input type=\"hidden\" name=\"_wpcf7cf_visible_groups\" value=\"[]\" \/>\n<input type=\"hidden\" name=\"_wpcf7cf_repeaters\" value=\"[]\" \/>\n<input type=\"hidden\" name=\"_wpcf7cf_steps\" value=\"{}\" \/>\n<input type=\"hidden\" name=\"_wpcf7cf_options\" value=\"{&quot;form_id&quot;:6006,&quot;conditions&quot;:[{&quot;then_field&quot;:&quot;herausforderungen_sonstige_dyn&quot;,&quot;and_rules&quot;:[{&quot;if_field&quot;:&quot;herausforderungen&quot;,&quot;operator&quot;:&quot;equals&quot;,&quot;if_value&quot;:&quot;Sonstige (bitte angeben) \\\/ Other (please specify)&quot;}]},{&quot;then_field&quot;:&quot;workshops_sonstige_dyn&quot;,&quot;and_rules&quot;:[{&quot;if_field&quot;:&quot;workshops&quot;,&quot;operator&quot;:&quot;equals&quot;,&quot;if_value&quot;:&quot;Sonstige (bitte angeben) \\\/ Other (please specify)&quot;}]}],&quot;settings&quot;:{&quot;animation&quot;:&quot;yes&quot;,&quot;animation_intime&quot;:200,&quot;animation_outtime&quot;:200,&quot;conditions_ui&quot;:&quot;normal&quot;,&quot;notice_dismissed&quot;:false}}\" \/>\n<\/div>\n<h3>A) Allgemeine Informationen \/ General Information<\/h3>\n<p>  <label>In welchem Fachbereich promovieren Sie? \/ In which department are you pursuing your PhD?*<\/label><br><br \/>\n  <span class=\"wpcf7-form-control-wrap Fachbereich\"><select name=\"Fachbereich\" class=\"wpcf7-form-control wpcf7-select wpcf7-validates-as-required\" aria-required=\"true\" aria-invalid=\"false\"><option value=\"\">---<\/option><option value=\"Inst. Bibelwiss. (Institute of Biblical Studies)\">Inst. Bibelwiss. (Institute of Biblical Studies)<\/option><option value=\"Inst. System.Theologie (Institute of Systematic Theology)\">Inst. System.Theologie (Institute of Systematic Theology)<\/option><option value=\"Juristischer Bereich (Legal Studies Department)\">Juristischer Bereich (Legal Studies Department)<\/option><option value=\"Wirtschaftswiss. Bereich (Department of Economics)\">Wirtschaftswiss. Bereich (Department of Economics)<\/option><option value=\"Inst. Geschichte (Institute of History)\">Inst. Geschichte (Institute of History)<\/option><option value=\"IRAKLA (Institute of Art History, Archaeology, and Classical Studies)\">IRAKLA (Institute of Art History, Archaeology, and Classical Studies)<\/option><option value=\"Inst. Politikwiss. (Institute of Political Science)\">Inst. Politikwiss. (Institute of Political Science)<\/option><option value=\"Inst. Psychologie (Institute of Psychology)\">Inst. Psychologie (Institute of Psychology)<\/option><option value=\"Inst. Ethn. Philosophie (Institute of Ethnology and Philosophy)\">Inst. Ethn. Philosophie (Institute of Ethnology and Philosophy)<\/option><option value=\"Inst. Soziologie (Institute of Sociology)\">Inst. Soziologie (Institute of Sociology)<\/option><option value=\"Inst. AnglistikAmerik. (Institute of English and American Studies)\">Inst. AnglistikAmerik. (Institute of English and American Studies)<\/option><option value=\"Inst. Germanistik (Institute of German Studies)\">Inst. Germanistik (Institute of German Studies)<\/option><option value=\"Inst. Romanistik (Institute of Romance Studies)\">Inst. Romanistik (Institute of Romance Studies)<\/option><option value=\"Inst. Slavistik (Institute of Slavic Studies)\">Inst. Slavistik (Institute of Slavic Studies)<\/option><option value=\"Inst. MedienMusikSprechw. (Institute of Media, Music, and Speech Studies)\">Inst. MedienMusikSprechw. (Institute of Media, Music, and Speech Studies)<\/option><option value=\"Inst. f. Sportwissenschaft (Institute of Sports Science)\">Inst. f. Sportwissenschaft (Institute of Sports Science)<\/option><option value=\"Inst. P\u00e4dagogik (Institute of Education)\">Inst. P\u00e4dagogik (Institute of Education)<\/option><option value=\"Inst. Rehabilitationsp\u00e4d. (Institute of Rehabilitation Pedagogy)\">Inst. Rehabilitationsp\u00e4d. (Institute of Rehabilitation Pedagogy)<\/option><option value=\"Inst. Schulp\u00e4d. Grund. (Institute of Primary School Pedagogy)\">Inst. Schulp\u00e4d. Grund. (Institute of Primary School Pedagogy)<\/option><option value=\"Inst. Katholische Theol. (Institute of Catholic Theology)\">Inst. Katholische Theol. (Institute of Catholic Theology)<\/option><option value=\"Inst. Biochemie Biotechn. (Institute of Biochemistry and Biotechnology)\">Inst. Biochemie Biotechn. (Institute of Biochemistry and Biotechnology)<\/option><option value=\"Inst. Biologie (Institute of Biology)\">Inst. Biologie (Institute of Biology)<\/option><option value=\"Inst. Pharmazie (Institute of Pharmacy)\">Inst. Pharmazie (Institute of Pharmacy)<\/option><option value=\"Inst. Chemie (Institute of Chemistry)\">Inst. Chemie (Institute of Chemistry)<\/option><option value=\"Inst. Physik (Institute of Physics)\">Inst. Physik (Institute of Physics)<\/option><option value=\"Inst. Mathematik (Institute of Mathematics)\">Inst. Mathematik (Institute of Mathematics)<\/option><option value=\"Inst. Agrar\u2010 Ern\u00e4hrungswiss. (Institute of Agricultural and Nutritional Sciences)\">Inst. Agrar\u2010 Ern\u00e4hrungswiss. (Institute of Agricultural and Nutritional Sciences)<\/option><option value=\"Inst. Geowiss. (Institute of Earth Sciences)\">Inst. Geowiss. (Institute of Earth Sciences)<\/option><option value=\"Inst. Geographie (Institute of Geography)\">Inst. Geographie (Institute of Geography)<\/option><option value=\"Inst. Informatik (Institute of Computer Science)\">Inst. Informatik (Institute of Computer Science)<\/option><option value=\"Sonstige \/ Other\">Sonstige \/ Other<\/option><\/select><\/span> <\/p>\n<p>  <label>In welchem Jahr Ihrer Promotion befinden Sie sich? \/ In which year of your PhD are you?*\/label><br><br \/>\n  <span class=\"wpcf7-form-control-wrap promotionsjahr\"><select name=\"promotionsjahr\" class=\"wpcf7-form-control wpcf7-select wpcf7-validates-as-required\" aria-required=\"true\" aria-invalid=\"false\"><option value=\"\">---<\/option><option value=\"1. Jahr \/ 1st year\">1. Jahr \/ 1st year<\/option><option value=\"2. Jahr \/ 2nd year\">2. Jahr \/ 2nd year<\/option><option value=\"3. Jahr \/ 3rd year\">3. Jahr \/ 3rd year<\/option><option value=\"4. Jahr oder sp\u00e4ter \/ 4th year or later\">4. Jahr oder sp\u00e4ter \/ 4th year or later<\/option><\/select><\/span><\/p>\n<h3>B) Bed\u00fcrfnisse und W\u00fcnsche aus Perspektive der Promovierenden \/ Needs and Wishes from the Perspective of Doctoral Candidates<\/h3>\n<p>  <label>Welche Informationen oder Angebote h\u00e4tten Sie sich zu Beginn Ihrer Promotion gew\u00fcnscht? \/ What information or offers would you have wished for at the beginning of your PhD?*<\/label><br><br \/>\n  <span class=\"wpcf7-form-control-wrap infos\"><textarea name=\"infos\" cols=\"40\" rows=\"10\" class=\"wpcf7-form-control wpcf7-textarea wpcf7-validates-as-required\" aria-required=\"true\" aria-invalid=\"false\"><\/textarea><\/span><\/p>\n<p>  <label>Welche Fragen oder Unsicherheiten erleben Sie als Promovierender an Ihrem Institut h\u00e4ufig? \/ What questions or uncertainties do you frequently experience as a doctoral candidate at your institute?*<\/label><br><br \/>\n  <span class=\"wpcf7-form-control-wrap unsicherheiten\"><textarea name=\"unsicherheiten\" cols=\"40\" rows=\"10\" class=\"wpcf7-form-control wpcf7-textarea wpcf7-validates-as-required\" aria-required=\"true\" aria-invalid=\"false\"><\/textarea><\/span><\/p>\n<p>  <label>Gab es Herausforderungen, die f\u00fcr Sie pers\u00f6nlich in Ihrem Institut zu Beginn besonders relevant waren? \/ Were there any challenges that were particularly relevant for you at the beginning of your PhD at your institute?*<\/label><br><br \/>\n  <strong>(Mehrauswahl m\u00f6glich \/ Multiple selections possible)<\/strong><br><br \/>\n  <span class=\"wpcf7-form-control-wrap herausforderungen\"><span class=\"wpcf7-form-control wpcf7-checkbox wpcf7-validates-as-required\"><span class=\"wpcf7-list-item first\"><input type=\"checkbox\" name=\"herausforderungen[]\" value=\"Finanzierung der Promotion \/ Funding the PhD\" \/><span class=\"wpcf7-list-item-label\">Finanzierung der Promotion \/ Funding the PhD<\/span><\/span><span class=\"wpcf7-list-item\"><input type=\"checkbox\" name=\"herausforderungen[]\" value=\"Publikationsstrategien und Open Access \/ Publication strategies and Open Access\" \/><span class=\"wpcf7-list-item-label\">Publikationsstrategien und Open Access \/ Publication strategies and Open Access<\/span><\/span><span class=\"wpcf7-list-item\"><input type=\"checkbox\" name=\"herausforderungen[]\" value=\"Interdisziplin\u00e4re Forschung und Vernetzung \/ Interdisciplinary research and networking\" \/><span class=\"wpcf7-list-item-label\">Interdisziplin\u00e4re Forschung und Vernetzung \/ Interdisciplinary research and networking<\/span><\/span><span class=\"wpcf7-list-item\"><input type=\"checkbox\" name=\"herausforderungen[]\" value=\"Betreuung durch die Professur \/ Supervision by professors\" \/><span class=\"wpcf7-list-item-label\">Betreuung durch die Professur \/ Supervision by professors<\/span><\/span><span class=\"wpcf7-list-item\"><input type=\"checkbox\" name=\"herausforderungen[]\" value=\"Wissenschaftskommunikation und Sichtbarkeit der eigenen Forschung \/ Science communication and visibility of own research\" \/><span class=\"wpcf7-list-item-label\">Wissenschaftskommunikation und Sichtbarkeit der eigenen Forschung \/ Science communication and visibility of own research<\/span><\/span><span class=\"wpcf7-list-item\"><input type=\"checkbox\" name=\"herausforderungen[]\" value=\"Karriereplanung innerhalb und au\u00dferhalb der Wissenschaft \/ Career planning inside and outside academia\" \/><span class=\"wpcf7-list-item-label\">Karriereplanung innerhalb und au\u00dferhalb der Wissenschaft \/ Career planning inside and outside academia<\/span><\/span><span class=\"wpcf7-list-item\"><input type=\"checkbox\" name=\"herausforderungen[]\" value=\"Work-Life-Balance und mentale Gesundheit w\u00e4hrend der Promotion \/ Work-life balance and mental health during the PhD\" \/><span class=\"wpcf7-list-item-label\">Work-Life-Balance und mentale Gesundheit w\u00e4hrend der Promotion \/ Work-life balance and mental health during the PhD<\/span><\/span><span class=\"wpcf7-list-item last\"><input type=\"checkbox\" name=\"herausforderungen[]\" value=\"Sonstige (bitte angeben) \/ Other (please specify)\" \/><span class=\"wpcf7-list-item-label\">Sonstige (bitte angeben) \/ Other (please specify)<\/span><\/span><\/span><\/span><\/p>\n<div data-id=\"herausforderungen_sonstige_dyn\" data-orig_data_id=\"herausforderungen_sonstige_dyn\"  class=\"\" data-class=\"wpcf7cf_group\">\n  <span class=\"wpcf7-form-control-wrap herausforderungen_sonstige\"><input type=\"text\" name=\"herausforderungen_sonstige\" value=\"\" size=\"40\" class=\"wpcf7-form-control wpcf7-text\" aria-invalid=\"false\" \/><\/span>\n<\/div>\n<h3>C) Relevante Themen und Veranstaltungsformate \/ Relevant Topics and Event Formats<\/h3>\n<p>  <label>Welche Workshopthemen w\u00e4ren f\u00fcr Promovierende an Ihrem Institut f\u00fcr den Welcome Day besonders interessant? \/ Which workshop topics would be particularly interesting for doctoral candidates at your institute for the Welcome Day?*<\/label><br><br \/>\n  <strong>(Mehrauswahl m\u00f6glich \/ Multiple selections possible)<\/strong><br><br \/>\n  <span class=\"wpcf7-form-control-wrap workshops\"><span class=\"wpcf7-form-control wpcf7-checkbox wpcf7-validates-as-required\"><span class=\"wpcf7-list-item first\"><input type=\"checkbox\" name=\"workshops[]\" value=\"Interdisziplin\u00e4re Zusammenarbeit \/ Interdisciplinary collaboration\" \/><span class=\"wpcf7-list-item-label\">Interdisziplin\u00e4re Zusammenarbeit \/ Interdisciplinary collaboration<\/span><\/span><span class=\"wpcf7-list-item\"><input type=\"checkbox\" name=\"workshops[]\" value=\"Wissenschaftskommunikation und Social Media f\u00fcr Forschende \/ Science communication and social media for researchers\" \/><span class=\"wpcf7-list-item-label\">Wissenschaftskommunikation und Social Media f\u00fcr Forschende \/ Science communication and social media for researchers<\/span><\/span><span class=\"wpcf7-list-item\"><input type=\"checkbox\" name=\"workshops[]\" value=\"Netzwerken in der Wissenschaft \/ Networking in academia\" \/><span class=\"wpcf7-list-item-label\">Netzwerken in der Wissenschaft \/ Networking in academia<\/span><\/span><span class=\"wpcf7-list-item\"><input type=\"checkbox\" name=\"workshops[]\" value=\"Forschungsdatenmanagement und Open Science \/ Research data management and Open Science\" \/><span class=\"wpcf7-list-item-label\">Forschungsdatenmanagement und Open Science \/ Research data management and Open Science<\/span><\/span><span class=\"wpcf7-list-item\"><input type=\"checkbox\" name=\"workshops[]\" value=\"Zeitmanagement und Produktivit\u00e4t in der Promotion \/ Time management and productivity during the PhD\" \/><span class=\"wpcf7-list-item-label\">Zeitmanagement und Produktivit\u00e4t in der Promotion \/ Time management and productivity during the PhD<\/span><\/span><span class=\"wpcf7-list-item last\"><input type=\"checkbox\" name=\"workshops[]\" value=\"Sonstige (bitte angeben) \/ Other (please specify)\" \/><span class=\"wpcf7-list-item-label\">Sonstige (bitte angeben) \/ Other (please specify)<\/span><\/span><\/span><\/span><\/p>\n<div data-id=\"workshops_sonstige_dyn\" data-orig_data_id=\"workshops_sonstige_dyn\"  class=\"\" data-class=\"wpcf7cf_group\">\n  <span class=\"wpcf7-form-control-wrap workshops_sonstige\"><input type=\"text\" name=\"workshops_sonstige\" value=\"\" size=\"40\" class=\"wpcf7-form-control wpcf7-text\" aria-invalid=\"false\" \/><\/span>\n<\/div>\n<p>  <label>Welche Veranstaltungsformate f\u00fcr den Welcome Day w\u00e4ren f\u00fcr Sie am besten geeignet? \/ Which event formats for the Welcome Day would suit you best?*<\/label><br><br \/>\n  <strong>(Mehrauswahl m\u00f6glich \/ Multiple selections possible)<\/strong><br><br \/>\n  <span class=\"wpcf7-form-control-wrap formate\"><span class=\"wpcf7-form-control wpcf7-checkbox wpcf7-validates-as-required\"><span class=\"wpcf7-list-item first\"><input type=\"checkbox\" name=\"formate[]\" value=\"Pr\u00e4senzveranstaltung \/ In-person event\" \/><span class=\"wpcf7-list-item-label\">Pr\u00e4senzveranstaltung \/ In-person event<\/span><\/span><span class=\"wpcf7-list-item\"><input type=\"checkbox\" name=\"formate[]\" value=\"Online-\/Hybrid-Format \/ Online\/Hybrid format\" \/><span class=\"wpcf7-list-item-label\">Online-\/Hybrid-Format \/ Online\/Hybrid format<\/span><\/span><span class=\"wpcf7-list-item\"><input type=\"checkbox\" name=\"formate[]\" value=\"Asynchrone Bereitstellung von Informationen (z. B. Videos, PDFs) \/ Asynchronous provision of information (e.g., videos, PDFs)\" \/><span class=\"wpcf7-list-item-label\">Asynchrone Bereitstellung von Informationen (z. B. Videos, PDFs) \/ Asynchronous provision of information (e.g., videos, PDFs)<\/span><\/span><span class=\"wpcf7-list-item\"><input type=\"checkbox\" name=\"formate[]\" value=\"Peer-to-Peer-Austausch oder Mentoring-Programme \/ Peer-to-peer exchange or mentoring programs\" \/><span class=\"wpcf7-list-item-label\">Peer-to-Peer-Austausch oder Mentoring-Programme \/ Peer-to-peer exchange or mentoring programs<\/span><\/span><span class=\"wpcf7-list-item last\"><input type=\"checkbox\" name=\"formate[]\" value=\"Sprechstunden oder individuelle Beratungsm\u00f6glichkeiten \/ Consultation hours or individual advisory services\" \/><span class=\"wpcf7-list-item-label\">Sprechstunden oder individuelle Beratungsm\u00f6glichkeiten \/ Consultation hours or individual advisory services<\/span><\/span><\/span><\/span><\/p>\n<h3>D) Abschluss \/ Conclusion<\/h3>\n<p>  <label>Haben Sie weitere Anregungen oder W\u00fcnsche f\u00fcr den Welcome Day oder andere Angebote f\u00fcr Promovierende? \/ Do you have any further suggestions or wishes for the Welcome Day or other offers for doctoral candidates?*<\/label><br><br \/>\n  <span class=\"wpcf7-form-control-wrap anregungen\"><textarea name=\"anregungen\" cols=\"40\" rows=\"10\" class=\"wpcf7-form-control wpcf7-textarea wpcf7-validates-as-required\" aria-required=\"true\" aria-invalid=\"false\"><\/textarea><\/span><\/p>\n<p>  <label>Falls Sie Interesse haben, sich aktiv in die Gestaltung des n\u00e4chsten Welcome Days einzubringen, hinterlassen Sie gerne Ihre E-Mail-Adresse (optional). \/ If you are interested in actively contributing to the next Welcome Day, please leave your email address (optional).<\/label><br><br \/>\n  <span class=\"wpcf7-form-control-wrap email\"><input type=\"email\" name=\"email\" value=\"\" size=\"40\" class=\"wpcf7-form-control wpcf7-text wpcf7-email wpcf7-validates-as-email\" aria-invalid=\"false\" \/><\/span><\/p>\n<p>  <input type=\"submit\" value=\"Umfrage absenden \/ Submit Survey\" class=\"wpcf7-form-control wpcf7-submit\" \/><\/p>\n<div class=\"wpcf7-response-output\" aria-hidden=\"true\"><\/div><\/form><\/div>\n","protected":false},"excerpt":{"rendered":"<p>Hinweis zur Umfrage f\u00fcr Promovierende \u2013 Welcome Day 2026 Diese Umfrage richtet sich an Promovierende der MLU und dient dazu, den geplanten Welcome Day 2026 sowie weitere Unterst\u00fctzungsangebote gezielt an Ihre Bed\u00fcrfnisse auszurichten. Ihre Einsch\u00e4tzungen, Erfahrungen und W\u00fcnsche sind f\u00fcr die Planung und Umsetzung von gro\u00dfer Bedeutung. Der Welcome Day 2026 wird durch die InGrA [&hellip;]<\/p>\n","protected":false},"author":4475,"featured_media":0,"parent":0,"menu_order":0,"comment_status":"closed","ping_status":"closed","template":"","meta":{"_vp_format_video_url":"","_vp_image_focal_point":[]},"_links":{"self":[{"href":"https:\/\/blogs.urz.uni-halle.de\/ingra\/wp-json\/wp\/v2\/pages\/3501"}],"collection":[{"href":"https:\/\/blogs.urz.uni-halle.de\/ingra\/wp-json\/wp\/v2\/pages"}],"about":[{"href":"https:\/\/blogs.urz.uni-halle.de\/ingra\/wp-json\/wp\/v2\/types\/page"}],"author":[{"embeddable":true,"href":"https:\/\/blogs.urz.uni-halle.de\/ingra\/wp-json\/wp\/v2\/users\/4475"}],"replies":[{"embeddable":true,"href":"https:\/\/blogs.urz.uni-halle.de\/ingra\/wp-json\/wp\/v2\/comments?post=3501"}],"version-history":[{"count":6,"href":"https:\/\/blogs.urz.uni-halle.de\/ingra\/wp-json\/wp\/v2\/pages\/3501\/revisions"}],"predecessor-version":[{"id":6133,"href":"https:\/\/blogs.urz.uni-halle.de\/ingra\/wp-json\/wp\/v2\/pages\/3501\/revisions\/6133"}],"wp:attachment":[{"href":"https:\/\/blogs.urz.uni-halle.de\/ingra\/wp-json\/wp\/v2\/media?parent=3501"}],"curies":[{"name":"wp","href":"https:\/\/api.w.org\/{rel}","templated":true}]}}