{"id":601,"date":"2020-04-30T10:33:16","date_gmt":"2020-04-30T08:33:16","guid":{"rendered":"https:\/\/blogs.urz.uni-halle.de\/ingra\/?page_id=601"},"modified":"2025-11-10T16:14:49","modified_gmt":"2025-11-10T15:14:49","slug":"press","status":"publish","type":"page","link":"https:\/\/blogs.urz.uni-halle.de\/ingra\/press\/","title":{"rendered":"Press"},"content":{"rendered":"\n<ul><li>&#8220;<a href=\"https:\/\/campus-halensis.de\/artikel\/graduiertenstipendien2025\/\" target=\"_blank\" rel=\"noreferrer noopener\">Universit\u00e4t w\u00fcrdigt Landesgef\u00f6rderte<\/a>&#8221; at Campus Halensis, the online magazine of Martin Luther University Halle-Wittenberg (November 10, 2025)<\/li><li>&#8220;Besser und schneller promovieren in Sachsen-Anhalt: MLU startet landesweites Netzwerk&#8221;, press release <a rel=\"noreferrer noopener\" href=\"https:\/\/pressemitteilungen.pr.uni-halle.de\/?modus=pmanzeige&amp;pm_id=5911\" target=\"_blank\">089\/2025<\/a> from July 16, 2025 (in German)<\/li><li><a rel=\"noreferrer noopener\" href=\"https:\/\/www.campus-halensis.de\/artikel\/feier-graduiertenforderung\/\" target=\"_blank\">&#8220;Universit\u00e4t feiert Landesgef\u00f6rderte&#8221;<\/a> at Campus Halensis, the online magazine of Martin Luther University Halle-Wittenberg (November 19, 2024)<\/li><li><a rel=\"noreferrer noopener\" href=\"https:\/\/www.ipb-halle.de\/en\/public-relations\/news\/article-detail\/phd-summer-get-together-zur-wissenschaftskommunikation\/\" target=\"_blank\">PhD Get-Together on Science Communication<\/a> at IPB news (June 20, 2023)<\/li><li><a rel=\"noreferrer noopener\" href=\"https:\/\/www.mpi-halle.mpg.de\/655705\/220907_Visit-InGrA\" target=\"_blank\">Visit of Ethiopian and Ugandan delegation at IMPRS-STNS<\/a> at news portal of MPI for Microstructure Physics<\/li><li><a rel=\"noreferrer noopener\" href=\"https:\/\/www.ipb-halle.de\/en\/public-relations\/news\/article-detail\/sommerliches-netzwerken-am-ipb\/\" target=\"_blank\">PhD Summer Get-Together at the IPB<\/a> at IPB news (June 28, 2022)<\/li><li><a rel=\"noreferrer noopener\" aria-label=\"&quot;20 Fragen an Thomas Michael&quot; (opens in a new tab)\" href=\"https:\/\/www.campus-halensis.de\/artikel\/20-fragen-an-thomas-michael\/\" target=\"_blank\">&#8220;20 Fragen an Thomas Michael&#8221;<\/a> at Campus Halensis, the online magazine of Martin Luther University Halle-Wittenberg (April 22, 2020)<\/li><li><a rel=\"noreferrer noopener\" aria-label=\"&quot;Vom Forscher zum Wissenschaftsmanager&quot; (opens in a new tab)\" href=\"https:\/\/www.campus-halensis.de\/artikel\/vom-forscher-zum-wissenschaftsmanager\/\" target=\"_blank\">&#8220;Vom Forscher zum Wissenschaftsmanager&#8221;<\/a> at Campus Halensis, the online magazine of Martin Luther University Halle-Wittenberg (January 30, 2020)<\/li><\/ul>\n\n\n\n<p><\/p>\n","protected":false},"excerpt":{"rendered":"<p>&#8220;Universit\u00e4t w\u00fcrdigt Landesgef\u00f6rderte&#8221; at Campus Halensis, the online magazine of Martin Luther University Halle-Wittenberg (November 10, 2025) &#8220;Besser und schneller promovieren in Sachsen-Anhalt: MLU startet landesweites Netzwerk&#8221;, press release 089\/2025 from July 16, 2025 (in German) &#8220;Universit\u00e4t feiert Landesgef\u00f6rderte&#8221; at Campus Halensis, the online magazine of Martin Luther University Halle-Wittenberg (November 19, 2024) PhD Get-Together [&hellip;]<\/p>\n","protected":false},"author":4475,"featured_media":0,"parent":0,"menu_order":0,"comment_status":"closed","ping_status":"closed","template":"","meta":{"_vp_format_video_url":"","_vp_image_focal_point":[]},"_links":{"self":[{"href":"https:\/\/blogs.urz.uni-halle.de\/ingra\/wp-json\/wp\/v2\/pages\/601"}],"collection":[{"href":"https:\/\/blogs.urz.uni-halle.de\/ingra\/wp-json\/wp\/v2\/pages"}],"about":[{"href":"https:\/\/blogs.urz.uni-halle.de\/ingra\/wp-json\/wp\/v2\/types\/page"}],"author":[{"embeddable":true,"href":"https:\/\/blogs.urz.uni-halle.de\/ingra\/wp-json\/wp\/v2\/users\/4475"}],"replies":[{"embeddable":true,"href":"https:\/\/blogs.urz.uni-halle.de\/ingra\/wp-json\/wp\/v2\/comments?post=601"}],"version-history":[{"count":8,"href":"https:\/\/blogs.urz.uni-halle.de\/ingra\/wp-json\/wp\/v2\/pages\/601\/revisions"}],"predecessor-version":[{"id":6319,"href":"https:\/\/blogs.urz.uni-halle.de\/ingra\/wp-json\/wp\/v2\/pages\/601\/revisions\/6319"}],"wp:attachment":[{"href":"https:\/\/blogs.urz.uni-halle.de\/ingra\/wp-json\/wp\/v2\/media?parent=601"}],"curies":[{"name":"wp","href":"https:\/\/api.w.org\/{rel}","templated":true}]}}