{"id":115,"date":"2017-03-14T14:08:58","date_gmt":"2017-03-14T13:08:58","guid":{"rendered":"https:\/\/blogs.urz.uni-halle.de\/insertcoolnamehere\/?page_id=115"},"modified":"2017-03-25T18:49:37","modified_gmt":"2017-03-25T17:49:37","slug":"kamaji","status":"publish","type":"page","link":"https:\/\/blogs.urz.uni-halle.de\/insertcoolnamehere\/wesen\/geister\/kamaji\/","title":{"rendered":"Kamaji"},"content":{"rendered":"\t\t<div data-elementor-type=\"wp-post\" data-elementor-id=\"115\" class=\"elementor elementor-115 elementor-bc-flex-widget\" data-elementor-settings=\"[]\">\n\t\t\t\t\t\t<div class=\"elementor-inner\">\n\t\t\t\t\t\t\t<div class=\"elementor-section-wrap\">\n\t\t\t\t\t\t\t<section class=\"elementor-section elementor-top-section elementor-element elementor-element-3lk9bw0 elementor-section-boxed elementor-section-height-default elementor-section-height-default\" data-id=\"3lk9bw0\" data-element_type=\"section\">\n\t\t\t\t\t\t<div class=\"elementor-container elementor-column-gap-default\">\n\t\t\t\t\t\t\t<div class=\"elementor-row\">\n\t\t\t\t\t<div class=\"elementor-column elementor-col-50 elementor-top-column elementor-element elementor-element-pbo9goh\" data-id=\"pbo9goh\" data-element_type=\"column\">\n\t\t\t<div class=\"elementor-column-wrap elementor-element-populated\">\n\t\t\t\t\t\t\t<div class=\"elementor-widget-wrap\">\n\t\t\t\t\t\t<div class=\"elementor-element elementor-element-taqfko4 elementor-widget elementor-widget-text-editor\" data-id=\"taqfko4\" data-element_type=\"widget\" data-widget_type=\"text-editor.default\">\n\t\t\t\t<div class=\"elementor-widget-container\">\n\t\t\t\t\t<div class=\"elementor-text-editor elementor-clearfix\"><p>Ein sehr interessanter Charakter Kamaji. Er repr\u00e4sentiert eine Spinne und arbeitet im Heizkeller. Er muss die verschiedenen Kr\u00e4uter f\u00fcr die B\u00e4der malmen und das Wasser anheizen, damit die Badeg\u00e4ste ihr Bad bekommen k\u00f6nnen. Er wirkt wie ein netter Gro\u00dfvater, der sich r\u00fchrend um Chihiro k\u00fcmmert und ist alles in allem ein netter Kerl. Interessant zu sehen ist, dass dieser Charakter in \u00e4hnlicher Form, \u00e4u\u00dferlich wie innerlich, auch in anderen Ghibli Filmen vorkommt.<\/p><\/div>\n\t\t\t\t<\/div>\n\t\t\t\t<\/div>\n\t\t\t\t\t\t<\/div>\n\t\t\t\t\t<\/div>\n\t\t<\/div>\n\t\t\t\t<div class=\"elementor-column elementor-col-50 elementor-top-column elementor-element elementor-element-idokslh\" data-id=\"idokslh\" data-element_type=\"column\">\n\t\t\t<div class=\"elementor-column-wrap elementor-element-populated\">\n\t\t\t\t\t\t\t<div class=\"elementor-widget-wrap\">\n\t\t\t\t\t\t<div class=\"elementor-element elementor-element-4ntltkx elementor-widget elementor-widget-image\" data-id=\"4ntltkx\" data-element_type=\"widget\" data-widget_type=\"image.default\">\n\t\t\t\t<div class=\"elementor-widget-container\">\n\t\t\t\t\t<div class=\"elementor-image\">\n\t\t\t\t\t\t\t<figure class=\"wp-caption\">\n\t\t\t\t\t\t\t\t\t\t\t<a href=\"https:\/\/de.pinterest.com\/africansaola\/spirited-away\/\" target=\"_blank\">\n\t\t\t\t\t\t\t<img width=\"500\" height=\"398\" src=\"https:\/\/blogs.urz.uni-halle.de\/insertcoolnamehere\/files\/2017\/03\/aaaeb752253c65bbb9973e2cf69d2532.gif\" class=\"attachment-large size-large\" alt=\"\" loading=\"lazy\" \/>\t\t\t\t\t\t\t\t<\/a>\n\t\t\t\t\t\t\t\t\t\t\t<figcaption class=\"widget-image-caption wp-caption-text\">Kamaji bei der Arbeit [auf Pinterest.com gefunden unter den Pins von africansaola] <\/figcaption>\n\t\t\t\t\t\t\t\t\t\t<\/figure>\n\t\t\t\t\t<\/div>\n\t\t\t\t<\/div>\n\t\t\t\t<\/div>\n\t\t\t\t\t\t<\/div>\n\t\t\t\t\t<\/div>\n\t\t<\/div>\n\t\t\t\t\t\t\t\t<\/div>\n\t\t\t\t\t<\/div>\n\t\t<\/section>\n\t\t\t\t\t\t<\/div>\n\t\t\t\t\t\t<\/div>\n\t\t\t\t\t<\/div>\n\t\t","protected":false},"excerpt":{"rendered":"<p>1 sehr interessanter Charakter Kamaji. Er repr\u00e4sentiert 1 Spinne und arbeitet im Heizkeller. Er muss die verschiedenen Kr\u00e4uter f\u00fcr die B\u00e4der malmen und das Wasser anheizen, damit die Badeg\u00e4ste ihr Bad bekommen k\u00f6nnen. Er wirkt wie 1 netter Gro\u00dfvater, der sich r\u00fchrend um Chihiro k\u00fcmmert und ist alles in allem 1 netter Kerl. Interessant zu &#8230; <a title=\"Kamaji\" class=\"read-more\" href=\"https:\/\/blogs.urz.uni-halle.de\/insertcoolnamehere\/wesen\/geister\/kamaji\/\">Weiterlesen <span class=\"screen-reader-text\">Kamaji<\/span><\/a><\/p>\n","protected":false},"author":2919,"featured_media":0,"parent":44,"menu_order":0,"comment_status":"closed","ping_status":"closed","template":"","meta":[],"_links":{"self":[{"href":"https:\/\/blogs.urz.uni-halle.de\/insertcoolnamehere\/wp-json\/wp\/v2\/pages\/115"}],"collection":[{"href":"https:\/\/blogs.urz.uni-halle.de\/insertcoolnamehere\/wp-json\/wp\/v2\/pages"}],"about":[{"href":"https:\/\/blogs.urz.uni-halle.de\/insertcoolnamehere\/wp-json\/wp\/v2\/types\/page"}],"author":[{"embeddable":true,"href":"https:\/\/blogs.urz.uni-halle.de\/insertcoolnamehere\/wp-json\/wp\/v2\/users\/2919"}],"replies":[{"embeddable":true,"href":"https:\/\/blogs.urz.uni-halle.de\/insertcoolnamehere\/wp-json\/wp\/v2\/comments?post=115"}],"version-history":[{"count":8,"href":"https:\/\/blogs.urz.uni-halle.de\/insertcoolnamehere\/wp-json\/wp\/v2\/pages\/115\/revisions"}],"predecessor-version":[{"id":409,"href":"https:\/\/blogs.urz.uni-halle.de\/insertcoolnamehere\/wp-json\/wp\/v2\/pages\/115\/revisions\/409"}],"up":[{"embeddable":true,"href":"https:\/\/blogs.urz.uni-halle.de\/insertcoolnamehere\/wp-json\/wp\/v2\/pages\/44"}],"wp:attachment":[{"href":"https:\/\/blogs.urz.uni-halle.de\/insertcoolnamehere\/wp-json\/wp\/v2\/media?parent=115"}],"curies":[{"name":"wp","href":"https:\/\/api.w.org\/{rel}","templated":true}]}}