{"id":2,"date":"2016-12-14T18:08:26","date_gmt":"2016-12-14T17:08:26","guid":{"rendered":"https:\/\/blogs.urz.uni-halle.de\/insertcoolnamehere\/?page_id=2"},"modified":"2017-03-14T12:45:53","modified_gmt":"2017-03-14T11:45:53","slug":"beispiel-seite","status":"publish","type":"page","link":"https:\/\/blogs.urz.uni-halle.de\/insertcoolnamehere\/","title":{"rendered":"Hallo!"},"content":{"rendered":"<h2>&#8230; und herzlich willkommen auf meinem Blog \ud83d\ude42<\/h2>\n<p>Da ich mich aufgrund meines Essays im virtuellen Seminar viel mit den verschiedenen Wesen und der Religion dahinter in der Welt von &#8222;Chihiros Reise ins Zauberland&#8220; von Hayao Miyazaki besch\u00e4ftigt habe, dachte ich, ich k\u00f6nnte das ganze Thema fein s\u00e4uberlich in einem Blog verpacken. Viel Spa\u00df also beim rumklicken durch die verschiedenen Beitr\u00e4ge!<\/p>\n","protected":false},"excerpt":{"rendered":"<p>&#8230; und herzlich willkommen auf meinem Blog \ud83d\ude42 Da ich mich aufgrund meines Essays im virtuellen Seminar viel mit den verschiedenen Wesen und der Religion dahinter in der Welt von &#8222;Chihiros Reise ins Zauberland&#8220; von Hayao Miyazaki besch\u00e4ftigt habe, dachte ich, ich k\u00f6nnte das ganze Thema fein s\u00e4uberlich in einem Blog verpacken. Viel Spa\u00df also &#8230; <a title=\"Hallo!\" class=\"read-more\" href=\"https:\/\/blogs.urz.uni-halle.de\/insertcoolnamehere\/\">Weiterlesen <span class=\"screen-reader-text\">Hallo!<\/span><\/a><\/p>\n","protected":false},"author":2919,"featured_media":0,"parent":0,"menu_order":0,"comment_status":"closed","ping_status":"open","template":"","meta":[],"_links":{"self":[{"href":"https:\/\/blogs.urz.uni-halle.de\/insertcoolnamehere\/wp-json\/wp\/v2\/pages\/2"}],"collection":[{"href":"https:\/\/blogs.urz.uni-halle.de\/insertcoolnamehere\/wp-json\/wp\/v2\/pages"}],"about":[{"href":"https:\/\/blogs.urz.uni-halle.de\/insertcoolnamehere\/wp-json\/wp\/v2\/types\/page"}],"author":[{"embeddable":true,"href":"https:\/\/blogs.urz.uni-halle.de\/insertcoolnamehere\/wp-json\/wp\/v2\/users\/2919"}],"replies":[{"embeddable":true,"href":"https:\/\/blogs.urz.uni-halle.de\/insertcoolnamehere\/wp-json\/wp\/v2\/comments?post=2"}],"version-history":[{"count":4,"href":"https:\/\/blogs.urz.uni-halle.de\/insertcoolnamehere\/wp-json\/wp\/v2\/pages\/2\/revisions"}],"predecessor-version":[{"id":101,"href":"https:\/\/blogs.urz.uni-halle.de\/insertcoolnamehere\/wp-json\/wp\/v2\/pages\/2\/revisions\/101"}],"wp:attachment":[{"href":"https:\/\/blogs.urz.uni-halle.de\/insertcoolnamehere\/wp-json\/wp\/v2\/media?parent=2"}],"curies":[{"name":"wp","href":"https:\/\/api.w.org\/{rel}","templated":true}]}}