{"id":42,"date":"2017-02-14T19:53:12","date_gmt":"2017-02-14T18:53:12","guid":{"rendered":"https:\/\/blogs.urz.uni-halle.de\/insertcoolnamehere\/?page_id=42"},"modified":"2017-03-25T18:47:19","modified_gmt":"2017-03-25T17:47:19","slug":"wesen","status":"publish","type":"page","link":"https:\/\/blogs.urz.uni-halle.de\/insertcoolnamehere\/wesen\/","title":{"rendered":"Wesen"},"content":{"rendered":"\t\t<div data-elementor-type=\"wp-post\" data-elementor-id=\"42\" class=\"elementor elementor-42 elementor-bc-flex-widget\" data-elementor-settings=\"[]\">\n\t\t\t\t\t\t<div class=\"elementor-inner\">\n\t\t\t\t\t\t\t<div class=\"elementor-section-wrap\">\n\t\t\t\t\t\t\t<section class=\"elementor-section elementor-top-section elementor-element elementor-element-i5th7en elementor-section-boxed elementor-section-height-default elementor-section-height-default\" data-id=\"i5th7en\" data-element_type=\"section\">\n\t\t\t\t\t\t<div class=\"elementor-container elementor-column-gap-default\">\n\t\t\t\t\t\t\t<div class=\"elementor-row\">\n\t\t\t\t\t<div class=\"elementor-column elementor-col-100 elementor-top-column elementor-element elementor-element-3lddc1n\" data-id=\"3lddc1n\" data-element_type=\"column\">\n\t\t\t<div class=\"elementor-column-wrap elementor-element-populated\">\n\t\t\t\t\t\t\t<div class=\"elementor-widget-wrap\">\n\t\t\t\t\t\t<div class=\"elementor-element elementor-element-vb3mnzr elementor-widget elementor-widget-text-editor\" data-id=\"vb3mnzr\" data-element_type=\"widget\" data-widget_type=\"text-editor.default\">\n\t\t\t\t<div class=\"elementor-widget-container\">\n\t\t\t\t\t<div class=\"elementor-text-editor elementor-clearfix\"><p style=\"text-align: center;\">Die Welt der Geister in &#8222;Chihiros Reise ins Zauberland&#8220; ist bunt und vielf\u00e4ltig. Es gibt gute und b\u00f6se Geister. Solche, die zaubern k\u00f6nnen und andere, die keine Kr\u00e4fte besitzen. Im Badehaus des Filmes werden alle <a href=\"https:\/\/blogs.urz.uni-halle.de\/insertcoolnamehere\/wesen\/geister\/andere\/\">G\u00f6tter<\/a> des <a href=\"https:\/\/blogs.urz.uni-halle.de\/insertcoolnamehere\/religionen\/shintioismus\/\">Shintoismus<\/a> zu G\u00e4sten f\u00fcr eine Nacht.\u00a0Doch auch andere <a href=\"https:\/\/blogs.urz.uni-halle.de\/insertcoolnamehere\/wesen\/geister\/\">Geister<\/a> kommen vorbei. Yubaba, die sehr m\u00e4chtige <a href=\"https:\/\/blogs.urz.uni-halle.de\/insertcoolnamehere\/wesen\/hexen\/\">Hexe<\/a>, leitet das Ganze und Haku, der <a href=\"https:\/\/blogs.urz.uni-halle.de\/insertcoolnamehere\/wesen\/drachen\/\">Drache<\/a>\u00a0ist ihr Gehilfe. Hinter jedem Wesen verbirgt sich eine Geschichte und ich habe versucht, die wichtigsten hier einmal aufzugreifen.<\/p><\/div>\n\t\t\t\t<\/div>\n\t\t\t\t<\/div>\n\t\t\t\t\t\t<\/div>\n\t\t\t\t\t<\/div>\n\t\t<\/div>\n\t\t\t\t\t\t\t\t<\/div>\n\t\t\t\t\t<\/div>\n\t\t<\/section>\n\t\t\t\t<section class=\"elementor-section elementor-top-section elementor-element elementor-element-yu7448r elementor-section-boxed elementor-section-height-default elementor-section-height-default\" data-id=\"yu7448r\" data-element_type=\"section\">\n\t\t\t\t\t\t<div class=\"elementor-container elementor-column-gap-default\">\n\t\t\t\t\t\t\t<div class=\"elementor-row\">\n\t\t\t\t\t<div class=\"elementor-column elementor-col-100 elementor-top-column elementor-element elementor-element-154hpy2\" data-id=\"154hpy2\" data-element_type=\"column\">\n\t\t\t<div class=\"elementor-column-wrap elementor-element-populated\">\n\t\t\t\t\t\t\t<div class=\"elementor-widget-wrap\">\n\t\t\t\t\t\t<div class=\"elementor-element elementor-element-3qtftq5 elementor-widget elementor-widget-image\" data-id=\"3qtftq5\" data-element_type=\"widget\" data-widget_type=\"image.default\">\n\t\t\t\t<div class=\"elementor-widget-container\">\n\t\t\t\t\t<div class=\"elementor-image\">\n\t\t\t\t\t\t\t<figure class=\"wp-caption\">\n\t\t\t\t\t\t\t\t\t\t\t<a href=\"https:\/\/www.flickr.com\/photos\/pinkcowphotography\/16444713740\" target=\"_blank\">\n\t\t\t\t\t\t\t<img width=\"1024\" height=\"577\" src=\"https:\/\/blogs.urz.uni-halle.de\/insertcoolnamehere\/files\/2017\/02\/16444713740_683014499f_b-1024x577.jpg\" class=\"attachment-large size-large\" alt=\"\" loading=\"lazy\" srcset=\"https:\/\/blogs.urz.uni-halle.de\/insertcoolnamehere\/files\/2017\/02\/16444713740_683014499f_b.jpg 1024w, https:\/\/blogs.urz.uni-halle.de\/insertcoolnamehere\/files\/2017\/02\/16444713740_683014499f_b-300x169.jpg 300w, https:\/\/blogs.urz.uni-halle.de\/insertcoolnamehere\/files\/2017\/02\/16444713740_683014499f_b-768x433.jpg 768w\" sizes=\"(max-width: 1024px) 100vw, 1024px\" \/>\t\t\t\t\t\t\t\t<\/a>\n\t\t\t\t\t\t\t\t\t\t\t<figcaption class=\"widget-image-caption wp-caption-text\">\"Spirited Away\" von Craig Duffy unter einer CC Lizenz auf flickr.com<\/figcaption>\n\t\t\t\t\t\t\t\t\t\t<\/figure>\n\t\t\t\t\t<\/div>\n\t\t\t\t<\/div>\n\t\t\t\t<\/div>\n\t\t\t\t\t\t<\/div>\n\t\t\t\t\t<\/div>\n\t\t<\/div>\n\t\t\t\t\t\t\t\t<\/div>\n\t\t\t\t\t<\/div>\n\t\t<\/section>\n\t\t\t\t\t\t<\/div>\n\t\t\t\t\t\t<\/div>\n\t\t\t\t\t<\/div>\n\t\t","protected":false},"excerpt":{"rendered":"<p>Die Welt der Geister in &#8222;Chihiros Reise ins Zauberland&#8220; ist bunt und vielf\u00e4ltig. Es gibt gute und b\u00f6se Geister. Solche, die zaubern k\u00f6nnen und andere, die keine Kr\u00e4fte besitzen. Im Badehaus des Filmes werden alle G\u00f6tter des Shintoismus zu G\u00e4sten f\u00fcr 1 Nacht.\u00a0Doch auch andere Geister kommen vorbei. Yubaba, die sehr m\u00e4chtige Hexe, leitet das &#8230; <a title=\"Wesen\" class=\"read-more\" href=\"https:\/\/blogs.urz.uni-halle.de\/insertcoolnamehere\/wesen\/\">Weiterlesen <span class=\"screen-reader-text\">Wesen<\/span><\/a><\/p>\n","protected":false},"author":2919,"featured_media":0,"parent":0,"menu_order":0,"comment_status":"closed","ping_status":"closed","template":"","meta":[],"_links":{"self":[{"href":"https:\/\/blogs.urz.uni-halle.de\/insertcoolnamehere\/wp-json\/wp\/v2\/pages\/42"}],"collection":[{"href":"https:\/\/blogs.urz.uni-halle.de\/insertcoolnamehere\/wp-json\/wp\/v2\/pages"}],"about":[{"href":"https:\/\/blogs.urz.uni-halle.de\/insertcoolnamehere\/wp-json\/wp\/v2\/types\/page"}],"author":[{"embeddable":true,"href":"https:\/\/blogs.urz.uni-halle.de\/insertcoolnamehere\/wp-json\/wp\/v2\/users\/2919"}],"replies":[{"embeddable":true,"href":"https:\/\/blogs.urz.uni-halle.de\/insertcoolnamehere\/wp-json\/wp\/v2\/comments?post=42"}],"version-history":[{"count":10,"href":"https:\/\/blogs.urz.uni-halle.de\/insertcoolnamehere\/wp-json\/wp\/v2\/pages\/42\/revisions"}],"predecessor-version":[{"id":399,"href":"https:\/\/blogs.urz.uni-halle.de\/insertcoolnamehere\/wp-json\/wp\/v2\/pages\/42\/revisions\/399"}],"wp:attachment":[{"href":"https:\/\/blogs.urz.uni-halle.de\/insertcoolnamehere\/wp-json\/wp\/v2\/media?parent=42"}],"curies":[{"name":"wp","href":"https:\/\/api.w.org\/{rel}","templated":true}]}}