{"id":46,"date":"2017-02-14T19:55:19","date_gmt":"2017-02-14T18:55:19","guid":{"rendered":"https:\/\/blogs.urz.uni-halle.de\/insertcoolnamehere\/?page_id=46"},"modified":"2017-03-25T18:50:27","modified_gmt":"2017-03-25T17:50:27","slug":"hexen","status":"publish","type":"page","link":"https:\/\/blogs.urz.uni-halle.de\/insertcoolnamehere\/wesen\/hexen\/","title":{"rendered":"Hexen"},"content":{"rendered":"\t\t<div data-elementor-type=\"wp-post\" data-elementor-id=\"46\" class=\"elementor elementor-46 elementor-bc-flex-widget\" data-elementor-settings=\"[]\">\n\t\t\t\t\t\t<div class=\"elementor-inner\">\n\t\t\t\t\t\t\t<div class=\"elementor-section-wrap\">\n\t\t\t\t\t\t\t<section class=\"elementor-section elementor-top-section elementor-element elementor-element-vkygvan elementor-section-boxed elementor-section-height-default elementor-section-height-default\" data-id=\"vkygvan\" data-element_type=\"section\">\n\t\t\t\t\t\t<div class=\"elementor-container elementor-column-gap-default\">\n\t\t\t\t\t\t\t<div class=\"elementor-row\">\n\t\t\t\t\t<div class=\"elementor-column elementor-col-100 elementor-top-column elementor-element elementor-element-52i14zp\" data-id=\"52i14zp\" data-element_type=\"column\">\n\t\t\t<div class=\"elementor-column-wrap elementor-element-populated\">\n\t\t\t\t\t\t\t<div class=\"elementor-widget-wrap\">\n\t\t\t\t\t\t<div class=\"elementor-element elementor-element-gygpzrv elementor-widget elementor-widget-text-editor\" data-id=\"gygpzrv\" data-element_type=\"widget\" data-widget_type=\"text-editor.default\">\n\t\t\t\t<div class=\"elementor-widget-container\">\n\t\t\t\t\t<div class=\"elementor-text-editor elementor-clearfix\"><p>Das Hexen alte und m\u00e4chtige magische Wesen sind, steht au\u00dfer Frage. Auch im Film begegnet man zwei sehr starken Hexen, die unterschiedlicher nicht sein k\u00f6nnten. Zu allem \u00dcbel sind sie auch noch Zwillingsschwestern.\u00a0<\/p><\/div>\n\t\t\t\t<\/div>\n\t\t\t\t<\/div>\n\t\t\t\t\t\t<\/div>\n\t\t\t\t\t<\/div>\n\t\t<\/div>\n\t\t\t\t\t\t\t\t<\/div>\n\t\t\t\t\t<\/div>\n\t\t<\/section>\n\t\t\t\t<section class=\"elementor-section elementor-top-section elementor-element elementor-element-blbpncm elementor-section-boxed elementor-section-height-default elementor-section-height-default\" data-id=\"blbpncm\" data-element_type=\"section\">\n\t\t\t\t\t\t<div class=\"elementor-container elementor-column-gap-default\">\n\t\t\t\t\t\t\t<div class=\"elementor-row\">\n\t\t\t\t\t<div class=\"elementor-column elementor-col-100 elementor-top-column elementor-element elementor-element-nv4ojbk\" data-id=\"nv4ojbk\" data-element_type=\"column\">\n\t\t\t<div class=\"elementor-column-wrap elementor-element-populated\">\n\t\t\t\t\t\t\t<div class=\"elementor-widget-wrap\">\n\t\t\t\t\t\t<div class=\"elementor-element elementor-element-xma4mf8 elementor-widget elementor-widget-heading\" data-id=\"xma4mf8\" data-element_type=\"widget\" data-widget_type=\"heading.default\">\n\t\t\t\t<div class=\"elementor-widget-container\">\n\t\t\t<h2 class=\"elementor-heading-title elementor-size-default\">Yubaba<\/h2>\t\t<\/div>\n\t\t\t\t<\/div>\n\t\t\t\t\t\t<\/div>\n\t\t\t\t\t<\/div>\n\t\t<\/div>\n\t\t\t\t\t\t\t\t<\/div>\n\t\t\t\t\t<\/div>\n\t\t<\/section>\n\t\t\t\t<section class=\"elementor-section elementor-top-section elementor-element elementor-element-2unal88 elementor-section-boxed elementor-section-height-default elementor-section-height-default\" data-id=\"2unal88\" data-element_type=\"section\">\n\t\t\t\t\t\t<div class=\"elementor-container elementor-column-gap-default\">\n\t\t\t\t\t\t\t<div class=\"elementor-row\">\n\t\t\t\t\t<div class=\"elementor-column elementor-col-33 elementor-top-column elementor-element elementor-element-u1vd2i0\" data-id=\"u1vd2i0\" data-element_type=\"column\">\n\t\t\t<div class=\"elementor-column-wrap elementor-element-populated\">\n\t\t\t\t\t\t\t<div class=\"elementor-widget-wrap\">\n\t\t\t\t\t\t<div class=\"elementor-element elementor-element-qxra2h8 elementor-widget elementor-widget-image\" data-id=\"qxra2h8\" data-element_type=\"widget\" data-widget_type=\"image.default\">\n\t\t\t\t<div class=\"elementor-widget-container\">\n\t\t\t\t\t<div class=\"elementor-image\">\n\t\t\t\t\t\t\t<figure class=\"wp-caption\">\n\t\t\t\t\t\t\t\t\t\t\t<a href=\"http:\/\/genarooz.tumblr.com\/post\/142468210574\/gc-yubaba-04#tumblr_notes\" target=\"_blank\">\n\t\t\t\t\t\t\t<img width=\"500\" height=\"271\" src=\"https:\/\/blogs.urz.uni-halle.de\/insertcoolnamehere\/files\/2017\/02\/tumblr_o5bszzeW951s1wxobo1_500.gif\" class=\"attachment-large size-large\" alt=\"\" loading=\"lazy\" \/>\t\t\t\t\t\t\t\t<\/a>\n\t\t\t\t\t\t\t\t\t\t\t<figcaption class=\"widget-image-caption wp-caption-text\">Yubaba betrachtet ihre Edelsteine [auf Tumblr.com gefunden unter dem User genarooz]<\/figcaption>\n\t\t\t\t\t\t\t\t\t\t<\/figure>\n\t\t\t\t\t<\/div>\n\t\t\t\t<\/div>\n\t\t\t\t<\/div>\n\t\t\t\t\t\t<\/div>\n\t\t\t\t\t<\/div>\n\t\t<\/div>\n\t\t\t\t<div class=\"elementor-column elementor-col-66 elementor-top-column elementor-element elementor-element-mntgbkn\" data-id=\"mntgbkn\" data-element_type=\"column\">\n\t\t\t<div class=\"elementor-column-wrap elementor-element-populated\">\n\t\t\t\t\t\t\t<div class=\"elementor-widget-wrap\">\n\t\t\t\t\t\t<div class=\"elementor-element elementor-element-p6gt111 elementor-widget elementor-widget-text-editor\" data-id=\"p6gt111\" data-element_type=\"widget\" data-widget_type=\"text-editor.default\">\n\t\t\t\t<div class=\"elementor-widget-container\">\n\t\t\t\t\t<div class=\"elementor-text-editor elementor-clearfix\"><p>Sie ist die Besitzerin des Badehauses. Sie ist gierig und stellt ihren Reichtum gern zur Schau. In ihrem B\u00fcro wimmelt es von pomp\u00f6sen Vasen, Kissen und Vorh\u00e4ngen und sie selbst ist mit Schmuck \u00fcberladen. <br \/>Die Hexe herrscht \u00fcber ihre Arbeiter indem sie ihre Namen raubt. So wie Chihiro in Sen verwandelt wird (welches im Japanischen der letzte Teil ihres urspr\u00fcnglichen Namens in der Kanji Schreibweise ist), haben alle Arbeiter neue Namen bekommen. Sie nimmt ihnen quasi die Identit\u00e4t und kann sie so kontrollieren. Da die Untergebenen aber ihre wahre Namen schnell vergessen, k\u00f6nnen sie den Fluch der Hexe auch nicht brechen.<\/p><\/div>\n\t\t\t\t<\/div>\n\t\t\t\t<\/div>\n\t\t\t\t\t\t<\/div>\n\t\t\t\t\t<\/div>\n\t\t<\/div>\n\t\t\t\t\t\t\t\t<\/div>\n\t\t\t\t\t<\/div>\n\t\t<\/section>\n\t\t\t\t<section class=\"elementor-section elementor-top-section elementor-element elementor-element-ajv8rrj elementor-section-boxed elementor-section-height-default elementor-section-height-default\" data-id=\"ajv8rrj\" data-element_type=\"section\">\n\t\t\t\t\t\t<div class=\"elementor-container elementor-column-gap-default\">\n\t\t\t\t\t\t\t<div class=\"elementor-row\">\n\t\t\t\t\t<div class=\"elementor-column elementor-col-50 elementor-top-column elementor-element elementor-element-7kc6ow2\" data-id=\"7kc6ow2\" data-element_type=\"column\">\n\t\t\t<div class=\"elementor-column-wrap elementor-element-populated\">\n\t\t\t\t\t\t\t<div class=\"elementor-widget-wrap\">\n\t\t\t\t\t\t<div class=\"elementor-element elementor-element-8k2sn60 elementor-widget elementor-widget-text-editor\" data-id=\"8k2sn60\" data-element_type=\"widget\" data-widget_type=\"text-editor.default\">\n\t\t\t\t<div class=\"elementor-widget-container\">\n\t\t\t\t\t<div class=\"elementor-text-editor elementor-clearfix\"><p>Das Einzige, worum\u00a0sich Yubaba sorgt, ist ihr Kind. Das zwei Meter gro\u00dfe Baby ist ihr gr\u00f6\u00dfter Schatz und sie bemuttert es mehr, als ihm gut tut. In seinem riesigen Spielzimmer hat es alles was das Herz begehrt und mehr. Jedoch kommt es nie heraus und hat vor allem Angst.\u00a0<\/p><p>Yubaba stellt die typische b\u00f6se Hexe dar, die mit ihrer Magie anderen Schaden zuf\u00fcgt, um ihre eigene Macht zu vergr\u00f6\u00dfern.<\/p><\/div>\n\t\t\t\t<\/div>\n\t\t\t\t<\/div>\n\t\t\t\t\t\t<\/div>\n\t\t\t\t\t<\/div>\n\t\t<\/div>\n\t\t\t\t<div class=\"elementor-column elementor-col-50 elementor-top-column elementor-element elementor-element-y30890a\" data-id=\"y30890a\" data-element_type=\"column\">\n\t\t\t<div class=\"elementor-column-wrap elementor-element-populated\">\n\t\t\t\t\t\t\t<div class=\"elementor-widget-wrap\">\n\t\t\t\t\t\t<div class=\"elementor-element elementor-element-4vq38ut elementor-widget elementor-widget-image\" data-id=\"4vq38ut\" data-element_type=\"widget\" data-widget_type=\"image.default\">\n\t\t\t\t<div class=\"elementor-widget-container\">\n\t\t\t\t\t<div class=\"elementor-image\">\n\t\t\t\t\t\t\t<figure class=\"wp-caption\">\n\t\t\t\t\t\t\t\t\t\t\t<a href=\"https:\/\/de.pinterest.com\/annastroupe01\/spirited-away\/\" target=\"_blank\">\n\t\t\t\t\t\t\t<img width=\"500\" height=\"272\" src=\"https:\/\/blogs.urz.uni-halle.de\/insertcoolnamehere\/files\/2017\/02\/f4092bdb39ec2dcda855590398c22c60.gif\" class=\"attachment-large size-large\" alt=\"\" loading=\"lazy\" \/>\t\t\t\t\t\t\t\t<\/a>\n\t\t\t\t\t\t\t\t\t\t\t<figcaption class=\"widget-image-caption wp-caption-text\">Yubaba ist sauer [auf Pinterest.com gefunden unter dem User annastroupe01]<\/figcaption>\n\t\t\t\t\t\t\t\t\t\t<\/figure>\n\t\t\t\t\t<\/div>\n\t\t\t\t<\/div>\n\t\t\t\t<\/div>\n\t\t\t\t\t\t<\/div>\n\t\t\t\t\t<\/div>\n\t\t<\/div>\n\t\t\t\t\t\t\t\t<\/div>\n\t\t\t\t\t<\/div>\n\t\t<\/section>\n\t\t\t\t<section class=\"elementor-section elementor-top-section elementor-element elementor-element-pp43mio elementor-section-boxed elementor-section-height-default elementor-section-height-default\" data-id=\"pp43mio\" data-element_type=\"section\">\n\t\t\t\t\t\t<div class=\"elementor-container elementor-column-gap-default\">\n\t\t\t\t\t\t\t<div class=\"elementor-row\">\n\t\t\t\t\t<div class=\"elementor-column elementor-col-100 elementor-top-column elementor-element elementor-element-j8hlb97\" data-id=\"j8hlb97\" data-element_type=\"column\">\n\t\t\t<div class=\"elementor-column-wrap elementor-element-populated\">\n\t\t\t\t\t\t\t<div class=\"elementor-widget-wrap\">\n\t\t\t\t\t\t<div class=\"elementor-element elementor-element-zazfk5m elementor-widget elementor-widget-heading\" data-id=\"zazfk5m\" data-element_type=\"widget\" data-widget_type=\"heading.default\">\n\t\t\t\t<div class=\"elementor-widget-container\">\n\t\t\t<h2 class=\"elementor-heading-title elementor-size-default\">Zeniba<\/h2>\t\t<\/div>\n\t\t\t\t<\/div>\n\t\t\t\t\t\t<\/div>\n\t\t\t\t\t<\/div>\n\t\t<\/div>\n\t\t\t\t\t\t\t\t<\/div>\n\t\t\t\t\t<\/div>\n\t\t<\/section>\n\t\t\t\t<section class=\"elementor-section elementor-top-section elementor-element elementor-element-i85ctm7 elementor-section-boxed elementor-section-height-default elementor-section-height-default\" data-id=\"i85ctm7\" data-element_type=\"section\">\n\t\t\t\t\t\t<div class=\"elementor-container elementor-column-gap-default\">\n\t\t\t\t\t\t\t<div class=\"elementor-row\">\n\t\t\t\t\t<div class=\"elementor-column elementor-col-50 elementor-top-column elementor-element elementor-element-99y8zer\" data-id=\"99y8zer\" data-element_type=\"column\">\n\t\t\t<div class=\"elementor-column-wrap elementor-element-populated\">\n\t\t\t\t\t\t\t<div class=\"elementor-widget-wrap\">\n\t\t\t\t\t\t<div class=\"elementor-element elementor-element-pf9xz75 elementor-widget elementor-widget-image\" data-id=\"pf9xz75\" data-element_type=\"widget\" data-widget_type=\"image.default\">\n\t\t\t\t<div class=\"elementor-widget-container\">\n\t\t\t\t\t<div class=\"elementor-image\">\n\t\t\t\t\t\t\t<figure class=\"wp-caption\">\n\t\t\t\t\t\t\t\t\t\t\t<a href=\"http:\/\/rebloggy.com\/post\/spirited-away-studio-ghibli-ghibli-no-face-spirited-zeniba-studioghibligif-whisp\/91345392641\" target=\"_blank\">\n\t\t\t\t\t\t\t<img width=\"500\" height=\"240\" src=\"https:\/\/blogs.urz.uni-halle.de\/insertcoolnamehere\/files\/2017\/02\/tumblr_n8htsg20EV1sujz4so2_500.gif\" class=\"attachment-large size-large\" alt=\"\" loading=\"lazy\" \/>\t\t\t\t\t\t\t\t<\/a>\n\t\t\t\t\t\t\t\t\t\t\t<figcaption class=\"widget-image-caption wp-caption-text\">Bei Zeniba spinnen die G\u00e4ste gemeinsam ein neues Haargummi f\u00fcr Chihiro nach dem Abendessen [auf rebloggy.com gefunden]<\/figcaption>\n\t\t\t\t\t\t\t\t\t\t<\/figure>\n\t\t\t\t\t<\/div>\n\t\t\t\t<\/div>\n\t\t\t\t<\/div>\n\t\t\t\t\t\t<\/div>\n\t\t\t\t\t<\/div>\n\t\t<\/div>\n\t\t\t\t<div class=\"elementor-column elementor-col-50 elementor-top-column elementor-element elementor-element-ockc4c1\" data-id=\"ockc4c1\" data-element_type=\"column\">\n\t\t\t<div class=\"elementor-column-wrap elementor-element-populated\">\n\t\t\t\t\t\t\t<div class=\"elementor-widget-wrap\">\n\t\t\t\t\t\t<div class=\"elementor-element elementor-element-qzqltxn elementor-widget elementor-widget-text-editor\" data-id=\"qzqltxn\" data-element_type=\"widget\" data-widget_type=\"text-editor.default\">\n\t\t\t\t<div class=\"elementor-widget-container\">\n\t\t\t\t\t<div class=\"elementor-text-editor elementor-clearfix\"><p>Ganz im Gegenteil dazu verh\u00e4lt sich ihre Zwillingsschwester Zeniba. Sie ist zwar auch sehr m\u00e4chtig, aber auch freundlich, bescheiden und liebevoll. Sie selbst hat keine Kinder und wohnt alleine auf einer Farm mitten im Nirgendwo. Dort baut sie selbst ihr Gem\u00fcse an und spinnt sich ihre Kleider. Sie ist der Meinung, dass solche Dinge nur mit Liebe wirklich funktionieren. Kein Wunder also, dass die zwei Hexen verstritten sind. Sie k\u00f6nnten unterschiedlicher gar nicht sein.<\/p><\/div>\n\t\t\t\t<\/div>\n\t\t\t\t<\/div>\n\t\t\t\t\t\t<\/div>\n\t\t\t\t\t<\/div>\n\t\t<\/div>\n\t\t\t\t\t\t\t\t<\/div>\n\t\t\t\t\t<\/div>\n\t\t<\/section>\n\t\t\t\t\t\t<\/div>\n\t\t\t\t\t\t<\/div>\n\t\t\t\t\t<\/div>\n\t\t","protected":false},"excerpt":{"rendered":"<p>Das Hexen alte und m\u00e4chtige magische Wesen sind, steht au\u00dfer Frage. Auch im Film begegnet man zwei sehr starken Hexen, die unterschiedlicher nicht sein k\u00f6nnten. Zu allem \u00dcbel sind sie auch noch Zwillingsschwestern. Yubaba Yubaba betrachtet ihre Edelsteine [auf Tumblr.com gefunden unter dem User genarooz] Sie ist die Besitzerin des Badehauses. Sie ist gierig und &#8230; <a title=\"Hexen\" class=\"read-more\" href=\"https:\/\/blogs.urz.uni-halle.de\/insertcoolnamehere\/wesen\/hexen\/\">Weiterlesen <span class=\"screen-reader-text\">Hexen<\/span><\/a><\/p>\n","protected":false},"author":2919,"featured_media":0,"parent":42,"menu_order":0,"comment_status":"closed","ping_status":"closed","template":"","meta":[],"_links":{"self":[{"href":"https:\/\/blogs.urz.uni-halle.de\/insertcoolnamehere\/wp-json\/wp\/v2\/pages\/46"}],"collection":[{"href":"https:\/\/blogs.urz.uni-halle.de\/insertcoolnamehere\/wp-json\/wp\/v2\/pages"}],"about":[{"href":"https:\/\/blogs.urz.uni-halle.de\/insertcoolnamehere\/wp-json\/wp\/v2\/types\/page"}],"author":[{"embeddable":true,"href":"https:\/\/blogs.urz.uni-halle.de\/insertcoolnamehere\/wp-json\/wp\/v2\/users\/2919"}],"replies":[{"embeddable":true,"href":"https:\/\/blogs.urz.uni-halle.de\/insertcoolnamehere\/wp-json\/wp\/v2\/comments?post=46"}],"version-history":[{"count":10,"href":"https:\/\/blogs.urz.uni-halle.de\/insertcoolnamehere\/wp-json\/wp\/v2\/pages\/46\/revisions"}],"predecessor-version":[{"id":413,"href":"https:\/\/blogs.urz.uni-halle.de\/insertcoolnamehere\/wp-json\/wp\/v2\/pages\/46\/revisions\/413"}],"up":[{"embeddable":true,"href":"https:\/\/blogs.urz.uni-halle.de\/insertcoolnamehere\/wp-json\/wp\/v2\/pages\/42"}],"wp:attachment":[{"href":"https:\/\/blogs.urz.uni-halle.de\/insertcoolnamehere\/wp-json\/wp\/v2\/media?parent=46"}],"curies":[{"name":"wp","href":"https:\/\/api.w.org\/{rel}","templated":true}]}}