{"id":48,"date":"2017-02-14T19:55:30","date_gmt":"2017-02-14T18:55:30","guid":{"rendered":"https:\/\/blogs.urz.uni-halle.de\/insertcoolnamehere\/?page_id=48"},"modified":"2017-03-25T18:47:52","modified_gmt":"2017-03-25T17:47:52","slug":"drachen","status":"publish","type":"page","link":"https:\/\/blogs.urz.uni-halle.de\/insertcoolnamehere\/wesen\/drachen\/","title":{"rendered":"Drachen"},"content":{"rendered":"\t\t<div data-elementor-type=\"wp-post\" data-elementor-id=\"48\" class=\"elementor elementor-48 elementor-bc-flex-widget\" data-elementor-settings=\"[]\">\n\t\t\t\t\t\t<div class=\"elementor-inner\">\n\t\t\t\t\t\t\t<div class=\"elementor-section-wrap\">\n\t\t\t\t\t\t\t<section class=\"elementor-section elementor-top-section elementor-element elementor-element-msfxe0w elementor-section-boxed elementor-section-height-default elementor-section-height-default\" data-id=\"msfxe0w\" data-element_type=\"section\">\n\t\t\t\t\t\t<div class=\"elementor-container elementor-column-gap-default\">\n\t\t\t\t\t\t\t<div class=\"elementor-row\">\n\t\t\t\t\t<div class=\"elementor-column elementor-col-100 elementor-top-column elementor-element elementor-element-uz01yj1\" data-id=\"uz01yj1\" data-element_type=\"column\">\n\t\t\t<div class=\"elementor-column-wrap elementor-element-populated\">\n\t\t\t\t\t\t\t<div class=\"elementor-widget-wrap\">\n\t\t\t\t\t\t<div class=\"elementor-element elementor-element-envsxmp elementor-widget elementor-widget-text-editor\" data-id=\"envsxmp\" data-element_type=\"widget\" data-widget_type=\"text-editor.default\">\n\t\t\t\t<div class=\"elementor-widget-container\">\n\t\t\t\t\t<div class=\"elementor-text-editor elementor-clearfix\"><p>Drachen nehmen in der japanischen Kultur eine wichtige Rolle ein. Sie stehen f\u00fcr Macht und St\u00e4rke und waren h\u00e4ufig die Wappentiere f\u00fcr die K\u00f6ngish\u00e4user. Oft repr\u00e4sentierten sie auch die Naturgewalten (Wind, Blitz\/Donner, Feuer). Kein Wunder also, dass in diesem Film die zwei vorkommenden Drachen jeweils Fl\u00fcsse darstellen sollen.\u00a0<\/p><\/div>\n\t\t\t\t<\/div>\n\t\t\t\t<\/div>\n\t\t\t\t\t\t<\/div>\n\t\t\t\t\t<\/div>\n\t\t<\/div>\n\t\t\t\t\t\t\t\t<\/div>\n\t\t\t\t\t<\/div>\n\t\t<\/section>\n\t\t\t\t<section class=\"elementor-section elementor-top-section elementor-element elementor-element-kkwtjc3 elementor-section-boxed elementor-section-height-default elementor-section-height-default\" data-id=\"kkwtjc3\" data-element_type=\"section\">\n\t\t\t\t\t\t<div class=\"elementor-container elementor-column-gap-default\">\n\t\t\t\t\t\t\t<div class=\"elementor-row\">\n\t\t\t\t\t<div class=\"elementor-column elementor-col-100 elementor-top-column elementor-element elementor-element-m2m95ec\" data-id=\"m2m95ec\" data-element_type=\"column\">\n\t\t\t<div class=\"elementor-column-wrap elementor-element-populated\">\n\t\t\t\t\t\t\t<div class=\"elementor-widget-wrap\">\n\t\t\t\t\t\t<div class=\"elementor-element elementor-element-qem2srb elementor-widget elementor-widget-heading\" data-id=\"qem2srb\" data-element_type=\"widget\" data-widget_type=\"heading.default\">\n\t\t\t\t<div class=\"elementor-widget-container\">\n\t\t\t<h2 class=\"elementor-heading-title elementor-size-default\">Haku<\/h2>\t\t<\/div>\n\t\t\t\t<\/div>\n\t\t\t\t\t\t<\/div>\n\t\t\t\t\t<\/div>\n\t\t<\/div>\n\t\t\t\t\t\t\t\t<\/div>\n\t\t\t\t\t<\/div>\n\t\t<\/section>\n\t\t\t\t<section class=\"elementor-section elementor-top-section elementor-element elementor-element-odmxepy elementor-section-boxed elementor-section-height-default elementor-section-height-default\" data-id=\"odmxepy\" data-element_type=\"section\">\n\t\t\t\t\t\t<div class=\"elementor-container elementor-column-gap-default\">\n\t\t\t\t\t\t\t<div class=\"elementor-row\">\n\t\t\t\t\t<div class=\"elementor-column elementor-col-66 elementor-top-column elementor-element elementor-element-plbas3x\" data-id=\"plbas3x\" data-element_type=\"column\">\n\t\t\t<div class=\"elementor-column-wrap elementor-element-populated\">\n\t\t\t\t\t\t\t<div class=\"elementor-widget-wrap\">\n\t\t\t\t\t\t<div class=\"elementor-element elementor-element-fi2p5fs elementor-widget elementor-widget-text-editor\" data-id=\"fi2p5fs\" data-element_type=\"widget\" data-widget_type=\"text-editor.default\">\n\t\t\t\t<div class=\"elementor-widget-container\">\n\t\t\t\t\t<div class=\"elementor-text-editor elementor-clearfix\"><p>Haku ist der Gehilfe von <a href=\"https:\/\/blogs.urz.uni-halle.de\/insertcoolnamehere\/wesen\/hexen\/\">Yubaba<\/a>. Er ist ein Drache und will unter ihrer Lehre zum m\u00e4chtigen Zauberer werden.\u00a0<br \/>Was er aber selbst l\u00e4ngst verga\u00df ist sein richtiger Name und seine Herkunft: Als Fluss\u00a0Nigihayami Kohakunushi war er einst in der N\u00e4he von Chihiros Elternhaus gelegen. Der Fluss aber wurde trocken gelegt und ein Apartmentkomplex darauf gebaut.<br \/>Dadurch, dass <a href=\"https:\/\/blogs.urz.uni-halle.de\/insertcoolnamehere\/wesen\/hexen\/\">Yubaba<\/a> ihn aber auch von seinem Namen beraubt hat, wei\u00df er davon nichts mehr. Erst, als ihm Chihiro davon erz\u00e4hlt, wie sie als kleines Kind in eben diesen Fluss fiel und von ihm gerettet wurde, erinnert er sich und der Bann der Hexe ist gebrochen.<\/p><\/div>\n\t\t\t\t<\/div>\n\t\t\t\t<\/div>\n\t\t\t\t\t\t<\/div>\n\t\t\t\t\t<\/div>\n\t\t<\/div>\n\t\t\t\t<div class=\"elementor-column elementor-col-33 elementor-top-column elementor-element elementor-element-6ogo9bp\" data-id=\"6ogo9bp\" data-element_type=\"column\">\n\t\t\t<div class=\"elementor-column-wrap elementor-element-populated\">\n\t\t\t\t\t\t\t<div class=\"elementor-widget-wrap\">\n\t\t\t\t\t\t<div class=\"elementor-element elementor-element-26wkulm elementor-widget elementor-widget-image\" data-id=\"26wkulm\" data-element_type=\"widget\" data-widget_type=\"image.default\">\n\t\t\t\t<div class=\"elementor-widget-container\">\n\t\t\t\t\t<div class=\"elementor-image\">\n\t\t\t\t\t\t\t<figure class=\"wp-caption\">\n\t\t\t\t\t\t\t\t\t\t\t<a href=\"http:\/\/giphy.com\/gifs\/studio-ghibli-spirited-away-hf85j3USOgfmg\" target=\"_blank\">\n\t\t\t\t\t\t\t<img width=\"500\" height=\"266\" src=\"https:\/\/blogs.urz.uni-halle.de\/insertcoolnamehere\/files\/2017\/02\/giphy.gif\" class=\"attachment-large size-large\" alt=\"\" loading=\"lazy\" \/>\t\t\t\t\t\t\t\t<\/a>\n\t\t\t\t\t\t\t\t\t\t\t<figcaption class=\"widget-image-caption wp-caption-text\">Haku als Drache [auf Pinterest.com gefunden unter dem User julibuzita8]<\/figcaption>\n\t\t\t\t\t\t\t\t\t\t<\/figure>\n\t\t\t\t\t<\/div>\n\t\t\t\t<\/div>\n\t\t\t\t<\/div>\n\t\t\t\t\t\t<\/div>\n\t\t\t\t\t<\/div>\n\t\t<\/div>\n\t\t\t\t\t\t\t\t<\/div>\n\t\t\t\t\t<\/div>\n\t\t<\/section>\n\t\t\t\t<section class=\"elementor-section elementor-top-section elementor-element elementor-element-h3z64z8 elementor-section-boxed elementor-section-height-default elementor-section-height-default\" data-id=\"h3z64z8\" data-element_type=\"section\">\n\t\t\t\t\t\t<div class=\"elementor-container elementor-column-gap-default\">\n\t\t\t\t\t\t\t<div class=\"elementor-row\">\n\t\t\t\t\t<div class=\"elementor-column elementor-col-100 elementor-top-column elementor-element elementor-element-1q0b2m7\" data-id=\"1q0b2m7\" data-element_type=\"column\">\n\t\t\t<div class=\"elementor-column-wrap elementor-element-populated\">\n\t\t\t\t\t\t\t<div class=\"elementor-widget-wrap\">\n\t\t\t\t\t\t<div class=\"elementor-element elementor-element-krk1q53 elementor-widget elementor-widget-heading\" data-id=\"krk1q53\" data-element_type=\"widget\" data-widget_type=\"heading.default\">\n\t\t\t\t<div class=\"elementor-widget-container\">\n\t\t\t<h2 class=\"elementor-heading-title elementor-size-default\">Der Flussgeist<\/h2>\t\t<\/div>\n\t\t\t\t<\/div>\n\t\t\t\t\t\t<\/div>\n\t\t\t\t\t<\/div>\n\t\t<\/div>\n\t\t\t\t\t\t\t\t<\/div>\n\t\t\t\t\t<\/div>\n\t\t<\/section>\n\t\t\t\t<section class=\"elementor-section elementor-top-section elementor-element elementor-element-7z99kd8 elementor-section-boxed elementor-section-height-default elementor-section-height-default\" data-id=\"7z99kd8\" data-element_type=\"section\">\n\t\t\t\t\t\t<div class=\"elementor-container elementor-column-gap-default\">\n\t\t\t\t\t\t\t<div class=\"elementor-row\">\n\t\t\t\t\t<div class=\"elementor-column elementor-col-25 elementor-top-column elementor-element elementor-element-rml75m9\" data-id=\"rml75m9\" data-element_type=\"column\">\n\t\t\t<div class=\"elementor-column-wrap elementor-element-populated\">\n\t\t\t\t\t\t\t<div class=\"elementor-widget-wrap\">\n\t\t\t\t\t\t<div class=\"elementor-element elementor-element-1bocl1q elementor-widget elementor-widget-image\" data-id=\"1bocl1q\" data-element_type=\"widget\" data-widget_type=\"image.default\">\n\t\t\t\t<div class=\"elementor-widget-container\">\n\t\t\t\t\t<div class=\"elementor-image\">\n\t\t\t\t\t\t\t<figure class=\"wp-caption\">\n\t\t\t\t\t\t\t\t\t\t\t<a href=\"http:\/\/diply.com\/spirited-away-facts\/3?publisher=social\" target=\"_blank\">\n\t\t\t\t\t\t\t<img width=\"500\" height=\"209\" src=\"https:\/\/blogs.urz.uni-halle.de\/insertcoolnamehere\/files\/2017\/02\/8ada69c0-e963-448f-a673-7155f7fde179.gif\" class=\"attachment-large size-large\" alt=\"\" loading=\"lazy\" \/>\t\t\t\t\t\t\t\t<\/a>\n\t\t\t\t\t\t\t\t\t\t\t<figcaption class=\"widget-image-caption wp-caption-text\">Chihiro zieht ein Fahrrad aus dem Gott [bei Diply.com gefunden im Artikel \"14 Things To Know About 'Spirited Away'\" von AVERYGILLIS]<\/figcaption>\n\t\t\t\t\t\t\t\t\t\t<\/figure>\n\t\t\t\t\t<\/div>\n\t\t\t\t<\/div>\n\t\t\t\t<\/div>\n\t\t\t\t\t\t<\/div>\n\t\t\t\t\t<\/div>\n\t\t<\/div>\n\t\t\t\t<div class=\"elementor-column elementor-col-50 elementor-top-column elementor-element elementor-element-aql9cfv\" data-id=\"aql9cfv\" data-element_type=\"column\">\n\t\t\t<div class=\"elementor-column-wrap elementor-element-populated\">\n\t\t\t\t\t\t\t<div class=\"elementor-widget-wrap\">\n\t\t\t\t\t\t<div class=\"elementor-element elementor-element-a0czw9r elementor-widget elementor-widget-text-editor\" data-id=\"a0czw9r\" data-element_type=\"widget\" data-widget_type=\"text-editor.default\">\n\t\t\t\t<div class=\"elementor-widget-container\">\n\t\t\t\t\t<div class=\"elementor-text-editor elementor-clearfix\"><p>Der ursp\u00fcnglich f\u00fcr einen Faulgott gehaltene Flussgeist stellt einen m\u00e4chtigen Gott dar. Miyazaki selbst m\u00f6chte mit ihm die Umweltverschmutzung der Menschheit symbolisieren. Erst, nachdem Chihiro aus ihm ein altes Fahrrad und weiteren Unrat zieht, kann er komplett sauber wieder verschwinden. <br \/>Der Regisseur war in seiner Kindheit Zeuge von einer Reinigung eines gro\u00dfen Flusses und verarbeitete seine Erlebnisse in dieser Szene. Er m\u00f6chte ausdr\u00fccken, dass die Menschen mehr auf ihre Umwelt achten sollten.<\/p><\/div>\n\t\t\t\t<\/div>\n\t\t\t\t<\/div>\n\t\t\t\t\t\t<\/div>\n\t\t\t\t\t<\/div>\n\t\t<\/div>\n\t\t\t\t<div class=\"elementor-column elementor-col-25 elementor-top-column elementor-element elementor-element-521acx6\" data-id=\"521acx6\" data-element_type=\"column\">\n\t\t\t<div class=\"elementor-column-wrap elementor-element-populated\">\n\t\t\t\t\t\t\t<div class=\"elementor-widget-wrap\">\n\t\t\t\t\t\t<div class=\"elementor-element elementor-element-i85skmj elementor-widget elementor-widget-image\" data-id=\"i85skmj\" data-element_type=\"widget\" data-widget_type=\"image.default\">\n\t\t\t\t<div class=\"elementor-widget-container\">\n\t\t\t\t\t<div class=\"elementor-image\">\n\t\t\t\t\t\t\t<figure class=\"wp-caption\">\n\t\t\t\t\t\t\t\t\t\t\t<a href=\"http:\/\/rebloggy.com\/post\/spirited-away-shower-river-spirit-stink-spirit\/60113408567\" target=\"_blank\">\n\t\t\t\t\t\t\t<img width=\"250\" height=\"180\" src=\"https:\/\/blogs.urz.uni-halle.de\/insertcoolnamehere\/files\/2017\/02\/tumblr_inline_msior3MZZs1qz4rgp.gif\" class=\"attachment-large size-large\" alt=\"\" loading=\"lazy\" \/>\t\t\t\t\t\t\t\t<\/a>\n\t\t\t\t\t\t\t\t\t\t\t<figcaption class=\"widget-image-caption wp-caption-text\">Endlich sauber kehrt der Gott zur\u00fcck [auf rebloggy.com gefunden]<\/figcaption>\n\t\t\t\t\t\t\t\t\t\t<\/figure>\n\t\t\t\t\t<\/div>\n\t\t\t\t<\/div>\n\t\t\t\t<\/div>\n\t\t\t\t\t\t<\/div>\n\t\t\t\t\t<\/div>\n\t\t<\/div>\n\t\t\t\t\t\t\t\t<\/div>\n\t\t\t\t\t<\/div>\n\t\t<\/section>\n\t\t\t\t\t\t<\/div>\n\t\t\t\t\t\t<\/div>\n\t\t\t\t\t<\/div>\n\t\t","protected":false},"excerpt":{"rendered":"<p>Drachen nehmen in der japanischen Kultur 1 wichtige Rolle 1. Sie stehen f\u00fcr Macht und St\u00e4rke und waren h\u00e4ufig die Wappentiere f\u00fcr die K\u00f6ngish\u00e4user. Oft repr\u00e4sentierten sie auch die Naturgewalten (Wind, Blitz\/Donner, Feuer). Kein Wunder also, dass in diesem Film die zwei vorkommenden Drachen jeweils Fl\u00fcsse darstellen sollen. Haku Haku ist der Gehilfe von Yubaba. &#8230; <a title=\"Drachen\" class=\"read-more\" href=\"https:\/\/blogs.urz.uni-halle.de\/insertcoolnamehere\/wesen\/drachen\/\">Weiterlesen <span class=\"screen-reader-text\">Drachen<\/span><\/a><\/p>\n","protected":false},"author":2919,"featured_media":0,"parent":42,"menu_order":0,"comment_status":"closed","ping_status":"closed","template":"","meta":[],"_links":{"self":[{"href":"https:\/\/blogs.urz.uni-halle.de\/insertcoolnamehere\/wp-json\/wp\/v2\/pages\/48"}],"collection":[{"href":"https:\/\/blogs.urz.uni-halle.de\/insertcoolnamehere\/wp-json\/wp\/v2\/pages"}],"about":[{"href":"https:\/\/blogs.urz.uni-halle.de\/insertcoolnamehere\/wp-json\/wp\/v2\/types\/page"}],"author":[{"embeddable":true,"href":"https:\/\/blogs.urz.uni-halle.de\/insertcoolnamehere\/wp-json\/wp\/v2\/users\/2919"}],"replies":[{"embeddable":true,"href":"https:\/\/blogs.urz.uni-halle.de\/insertcoolnamehere\/wp-json\/wp\/v2\/comments?post=48"}],"version-history":[{"count":10,"href":"https:\/\/blogs.urz.uni-halle.de\/insertcoolnamehere\/wp-json\/wp\/v2\/pages\/48\/revisions"}],"predecessor-version":[{"id":401,"href":"https:\/\/blogs.urz.uni-halle.de\/insertcoolnamehere\/wp-json\/wp\/v2\/pages\/48\/revisions\/401"}],"up":[{"embeddable":true,"href":"https:\/\/blogs.urz.uni-halle.de\/insertcoolnamehere\/wp-json\/wp\/v2\/pages\/42"}],"wp:attachment":[{"href":"https:\/\/blogs.urz.uni-halle.de\/insertcoolnamehere\/wp-json\/wp\/v2\/media?parent=48"}],"curies":[{"name":"wp","href":"https:\/\/api.w.org\/{rel}","templated":true}]}}