{"id":81,"date":"2017-03-14T12:31:39","date_gmt":"2017-03-14T11:31:39","guid":{"rendered":"https:\/\/blogs.urz.uni-halle.de\/insertcoolnamehere\/?page_id=81"},"modified":"2017-03-20T16:33:29","modified_gmt":"2017-03-20T15:33:29","slug":"shintioismus","status":"publish","type":"page","link":"https:\/\/blogs.urz.uni-halle.de\/insertcoolnamehere\/religionen\/shintioismus\/","title":{"rendered":"Shintoismus"},"content":{"rendered":"\t\t<div data-elementor-type=\"wp-post\" data-elementor-id=\"81\" class=\"elementor elementor-81 elementor-bc-flex-widget\" data-elementor-settings=\"[]\">\n\t\t\t\t\t\t<div class=\"elementor-inner\">\n\t\t\t\t\t\t\t<div class=\"elementor-section-wrap\">\n\t\t\t\t\t\t\t<section class=\"elementor-section elementor-top-section elementor-element elementor-element-838o8zu elementor-section-boxed elementor-section-height-default elementor-section-height-default\" data-id=\"838o8zu\" data-element_type=\"section\">\n\t\t\t\t\t\t<div class=\"elementor-container elementor-column-gap-default\">\n\t\t\t\t\t\t\t<div class=\"elementor-row\">\n\t\t\t\t\t<div class=\"elementor-column elementor-col-100 elementor-top-column elementor-element elementor-element-6dofyo6\" data-id=\"6dofyo6\" data-element_type=\"column\">\n\t\t\t<div class=\"elementor-column-wrap elementor-element-populated\">\n\t\t\t\t\t\t\t<div class=\"elementor-widget-wrap\">\n\t\t\t\t\t\t<div class=\"elementor-element elementor-element-fai6sla elementor-widget elementor-widget-text-editor\" data-id=\"fai6sla\" data-element_type=\"widget\" data-widget_type=\"text-editor.default\">\n\t\t\t\t<div class=\"elementor-widget-container\">\n\t\t\t\t\t<div class=\"elementor-text-editor elementor-clearfix\"><p>Der Shintoismus gilt als die Urreligion der japanischen Kultur. Er ist sehr eng mit dem Buddhismus verbunden weshalb diese zwei eine lange gemeinsame Geschichte aufweisen. Erst seit ein paar hundert Jahren kann und will man den Shintoismus klar davon abgrenzen.\u00a0<\/p><p>Die Kernthese hinter dieser Religion ist, dass in jedem Lebewesen und Gegenstand eine Seele lebt. Die sogenannten Kami sind die Geister dieser Seelen und es ist Pflicht, diese zu respektieren. So werden zum Beispiel B\u00e4ume vor dem F\u00e4llen erst gehuldigt und um Vergebung gebeten, oder es gibt kleine Schreine im Wald, die den Waldgeistern als Opfergaben und Geschenke gelten.<br \/>\u00dcberall in Japan gibt es die\u00a0Shint\u014d-Schreine, welche einer bestimmten Gottheit gewidmet sind.<br \/>Man kann also sagen, dass der Shintoismus unz\u00e4hlige kleine G\u00f6tter hat, anstelle eines gro\u00dfen Universellen.<\/p><p>An sich gibt es keine speziellen Verhaltensregeln oder Vorgaben, wie man im Shintoismus leben sollte. Auch hat man keine &#8222;Gr\u00fcnderfigur&#8220; oder \u00e4hnliches, dessen Weg man verfolgen sollte. Einzig das zelebrieren der G\u00f6tter in den Schreinen gilt als die &#8222;Aufgabe&#8220; der Anh\u00e4ngerschaft.<\/p><p>Miyazaki verarbeitete diese Religion oft in vielen seiner Filme, die besten Beispiele sind nat\u00fcrlich &#8222;Chihiros Reise ins Zauberland&#8220;, aber auch &#8222;Mein Nachbar Totoro&#8220; und &#8222;Prinzessin Mononoke&#8220; handeln vom Shintoismus.<\/p><p>Eine interessante Erkl\u00e4rung zur Entstehung des Shintosimus und dessen G\u00f6tter habe ich <a href=\"https:\/\/www.youtube.com\/watch?v=FONW7L6k0dY\">hier <\/a>bei Donte&#8216; Richardson&#8217;s Blackout Pictures auf Youtube.com gefunden:<\/p><\/div>\n\t\t\t\t<\/div>\n\t\t\t\t<\/div>\n\t\t\t\t<div class=\"elementor-element elementor-element-xm60ca2 elementor-aspect-ratio-169 elementor-widget elementor-widget-video\" data-id=\"xm60ca2\" data-element_type=\"widget\" data-settings=\"{&quot;video_type&quot;:&quot;youtube&quot;,&quot;aspect_ratio&quot;:&quot;169&quot;,&quot;controls&quot;:&quot;yes&quot;,&quot;youtube_url&quot;:&quot;https:\\\/\\\/www.youtube.com\\\/watch?v=FONW7L6k0dY&quot;}\" data-widget_type=\"video.default\">\n\t\t\t\t<div class=\"elementor-widget-container\">\n\t\t\t\t\t<div class=\"elementor-wrapper elementor-fit-aspect-ratio elementor-open-inline\">\n\t\t\t<div class=\"elementor-video\"><\/div>\t\t<\/div>\n\t\t\t\t<\/div>\n\t\t\t\t<\/div>\n\t\t\t\t\t\t<\/div>\n\t\t\t\t\t<\/div>\n\t\t<\/div>\n\t\t\t\t\t\t\t\t<\/div>\n\t\t\t\t\t<\/div>\n\t\t<\/section>\n\t\t\t\t\t\t<\/div>\n\t\t\t\t\t\t<\/div>\n\t\t\t\t\t<\/div>\n\t\t","protected":false},"excerpt":{"rendered":"<p>Der Shintoismus gilt als die Urreligion der japanischen Kultur. Er ist sehr eng mit dem Buddhismus verbunden weshalb diese zwei 1 lange gemeinsame Geschichte aufweisen. Erst seit 1 paar hundert Jahren kann und will man den Shintoismus klar davon abgrenzen. Die Kernthese hinter dieser Religion ist, dass in jedem Lebewesen und Gegenstand 1 Seele lebt. &#8230; <a title=\"Shintoismus\" class=\"read-more\" href=\"https:\/\/blogs.urz.uni-halle.de\/insertcoolnamehere\/religionen\/shintioismus\/\">Weiterlesen <span class=\"screen-reader-text\">Shintoismus<\/span><\/a><\/p>\n","protected":false},"author":2919,"featured_media":0,"parent":79,"menu_order":0,"comment_status":"closed","ping_status":"closed","template":"","meta":[],"_links":{"self":[{"href":"https:\/\/blogs.urz.uni-halle.de\/insertcoolnamehere\/wp-json\/wp\/v2\/pages\/81"}],"collection":[{"href":"https:\/\/blogs.urz.uni-halle.de\/insertcoolnamehere\/wp-json\/wp\/v2\/pages"}],"about":[{"href":"https:\/\/blogs.urz.uni-halle.de\/insertcoolnamehere\/wp-json\/wp\/v2\/types\/page"}],"author":[{"embeddable":true,"href":"https:\/\/blogs.urz.uni-halle.de\/insertcoolnamehere\/wp-json\/wp\/v2\/users\/2919"}],"replies":[{"embeddable":true,"href":"https:\/\/blogs.urz.uni-halle.de\/insertcoolnamehere\/wp-json\/wp\/v2\/comments?post=81"}],"version-history":[{"count":10,"href":"https:\/\/blogs.urz.uni-halle.de\/insertcoolnamehere\/wp-json\/wp\/v2\/pages\/81\/revisions"}],"predecessor-version":[{"id":361,"href":"https:\/\/blogs.urz.uni-halle.de\/insertcoolnamehere\/wp-json\/wp\/v2\/pages\/81\/revisions\/361"}],"up":[{"embeddable":true,"href":"https:\/\/blogs.urz.uni-halle.de\/insertcoolnamehere\/wp-json\/wp\/v2\/pages\/79"}],"wp:attachment":[{"href":"https:\/\/blogs.urz.uni-halle.de\/insertcoolnamehere\/wp-json\/wp\/v2\/media?parent=81"}],"curies":[{"name":"wp","href":"https:\/\/api.w.org\/{rel}","templated":true}]}}