{"id":84,"date":"2017-03-14T12:35:05","date_gmt":"2017-03-14T11:35:05","guid":{"rendered":"https:\/\/blogs.urz.uni-halle.de\/insertcoolnamehere\/?page_id=84"},"modified":"2017-03-20T16:32:11","modified_gmt":"2017-03-20T15:32:11","slug":"buddhismus","status":"publish","type":"page","link":"https:\/\/blogs.urz.uni-halle.de\/insertcoolnamehere\/religionen\/buddhismus\/","title":{"rendered":"Buddhismus"},"content":{"rendered":"\t\t<div data-elementor-type=\"wp-post\" data-elementor-id=\"84\" class=\"elementor elementor-84 elementor-bc-flex-widget\" data-elementor-settings=\"[]\">\n\t\t\t\t\t\t<div class=\"elementor-inner\">\n\t\t\t\t\t\t\t<div class=\"elementor-section-wrap\">\n\t\t\t\t\t\t\t<section class=\"elementor-section elementor-top-section elementor-element elementor-element-upms4go elementor-section-boxed elementor-section-height-default elementor-section-height-default\" data-id=\"upms4go\" data-element_type=\"section\">\n\t\t\t\t\t\t<div class=\"elementor-container elementor-column-gap-default\">\n\t\t\t\t\t\t\t<div class=\"elementor-row\">\n\t\t\t\t\t<div class=\"elementor-column elementor-col-100 elementor-top-column elementor-element elementor-element-azg80di\" data-id=\"azg80di\" data-element_type=\"column\">\n\t\t\t<div class=\"elementor-column-wrap elementor-element-populated\">\n\t\t\t\t\t\t\t<div class=\"elementor-widget-wrap\">\n\t\t\t\t\t\t<div class=\"elementor-element elementor-element-gi92n1u elementor-widget elementor-widget-text-editor\" data-id=\"gi92n1u\" data-element_type=\"widget\" data-widget_type=\"text-editor.default\">\n\t\t\t\t<div class=\"elementor-widget-container\">\n\t\t\t\t\t<div class=\"elementor-text-editor elementor-clearfix\"><p>Auch der Buddhismus ist eine Urrelgion in Japan. Er steht eng mit dem Shintoismus in Verbindung.<br \/>Der Buddhismus ist weit in der Welt verbreitet und immer neue Anh\u00e4nger werden in der heutigen Zeit hinzugewonnen.<\/p><p>Diese Religion zeichnet aus, dass sie keinen Gott besitzt. Einzig und allein der Lehre des Buddha wird gefolgt. Man versucht, durch ein gutes, reines Leben und Gebete und Meditation, die Erleuchtung zu erlangen und aus dem ewigen Kreislauf der Wiedergeburt (Samsara) auszubrechen. Der Buddha selbst stellte sich nie \u00fcber seine Anh\u00e4nger und war stets gegen eine Verehrung und Abhebung seiner Person. Er vermittelte den Gl\u00e4ubigen, sich selbst zu finden und alle anderen zu respektieren. Nur mit einem guten Leben kann man sein Karma f\u00fcllen und die Chance haben, ins Nirwana zu gelangen.\u00a0<\/p><p>Buddhismus und Shintoismus sind daher in einem engen Zusammenhang. Was der Shintoismus \u00fcber die Umwelt des Menschen sagt, regelt der Buddhismus \u00fcber den Menschen selbst. Respekt ist das oberste Gut und sollte immer gelten, gegen\u00fcber anderen und sich selbst.\u00a0<\/p><p>Auch nochmal <a href=\"https:\/\/www.youtube.com\/watch?v=l4DgASaxsws\">hier<\/a> ein Video von symply_kenna auf Youtube.com, dass ein bisschen die Geschichte des Buddhismus erkl\u00e4rt.<\/p><\/div>\n\t\t\t\t<\/div>\n\t\t\t\t<\/div>\n\t\t\t\t<div class=\"elementor-element elementor-element-tz2ocdx elementor-aspect-ratio-169 elementor-widget elementor-widget-video\" data-id=\"tz2ocdx\" data-element_type=\"widget\" data-settings=\"{&quot;video_type&quot;:&quot;youtube&quot;,&quot;aspect_ratio&quot;:&quot;169&quot;,&quot;controls&quot;:&quot;yes&quot;,&quot;youtube_url&quot;:&quot;https:\\\/\\\/www.youtube.com\\\/watch?v=l4DgASaxsws&quot;}\" data-widget_type=\"video.default\">\n\t\t\t\t<div class=\"elementor-widget-container\">\n\t\t\t\t\t<div class=\"elementor-wrapper elementor-fit-aspect-ratio elementor-open-inline\">\n\t\t\t<div class=\"elementor-video\"><\/div>\t\t<\/div>\n\t\t\t\t<\/div>\n\t\t\t\t<\/div>\n\t\t\t\t\t\t<\/div>\n\t\t\t\t\t<\/div>\n\t\t<\/div>\n\t\t\t\t\t\t\t\t<\/div>\n\t\t\t\t\t<\/div>\n\t\t<\/section>\n\t\t\t\t\t\t<\/div>\n\t\t\t\t\t\t<\/div>\n\t\t\t\t\t<\/div>\n\t\t","protected":false},"excerpt":{"rendered":"<p>Auch der Buddhismus ist 1 Urrelgion in Japan. Er steht eng mit dem Shintoismus in Verbindung. Der Buddhismus ist weit in der Welt verbreitet und immer neue Anh\u00e4nger werden in der heutigen Zeit hinzugewonnen. Diese Religion zeichnet aus, dass sie keinen Gott besitzt. Einzig und allein der Lehre des Buddha wird gefolgt. Man versucht, durch &#8230; <a title=\"Buddhismus\" class=\"read-more\" href=\"https:\/\/blogs.urz.uni-halle.de\/insertcoolnamehere\/religionen\/buddhismus\/\">Weiterlesen <span class=\"screen-reader-text\">Buddhismus<\/span><\/a><\/p>\n","protected":false},"author":2919,"featured_media":0,"parent":79,"menu_order":0,"comment_status":"closed","ping_status":"closed","template":"","meta":[],"_links":{"self":[{"href":"https:\/\/blogs.urz.uni-halle.de\/insertcoolnamehere\/wp-json\/wp\/v2\/pages\/84"}],"collection":[{"href":"https:\/\/blogs.urz.uni-halle.de\/insertcoolnamehere\/wp-json\/wp\/v2\/pages"}],"about":[{"href":"https:\/\/blogs.urz.uni-halle.de\/insertcoolnamehere\/wp-json\/wp\/v2\/types\/page"}],"author":[{"embeddable":true,"href":"https:\/\/blogs.urz.uni-halle.de\/insertcoolnamehere\/wp-json\/wp\/v2\/users\/2919"}],"replies":[{"embeddable":true,"href":"https:\/\/blogs.urz.uni-halle.de\/insertcoolnamehere\/wp-json\/wp\/v2\/comments?post=84"}],"version-history":[{"count":9,"href":"https:\/\/blogs.urz.uni-halle.de\/insertcoolnamehere\/wp-json\/wp\/v2\/pages\/84\/revisions"}],"predecessor-version":[{"id":359,"href":"https:\/\/blogs.urz.uni-halle.de\/insertcoolnamehere\/wp-json\/wp\/v2\/pages\/84\/revisions\/359"}],"up":[{"embeddable":true,"href":"https:\/\/blogs.urz.uni-halle.de\/insertcoolnamehere\/wp-json\/wp\/v2\/pages\/79"}],"wp:attachment":[{"href":"https:\/\/blogs.urz.uni-halle.de\/insertcoolnamehere\/wp-json\/wp\/v2\/media?parent=84"}],"curies":[{"name":"wp","href":"https:\/\/api.w.org\/{rel}","templated":true}]}}