{"id":118,"date":"2025-07-20T15:31:33","date_gmt":"2025-07-20T13:31:33","guid":{"rendered":"https:\/\/blogs.urz.uni-halle.de\/institutsgeschichtegermanistik\/?page_id=118"},"modified":"2025-10-29T23:51:06","modified_gmt":"2025-10-29T22:51:06","slug":"ueber-uns","status":"publish","type":"page","link":"https:\/\/blogs.urz.uni-halle.de\/institutsgeschichtegermanistik\/ueber-uns\/","title":{"rendered":"\u00dcber uns"},"content":{"rendered":"\n<p><\/p>\n\n\n\n<p><strong>Mathilda Emilia Herr<\/strong><br>Ich bin Studierende in den F\u00e4chern Deutsche Sprache und Literatur und Anglistik\/Amerikanistik (BA) im 4. Studienjahr. An der Geschichte des Instituts interessiert mich vor allem der Einfluss verschiedener ideologischer Str\u00f6mungen auf die Forschung und Forschungsfelder der Zeit.<\/p>\n\n\n\n<p><strong>Pia Junghans<\/strong><br>Ich bin Bachelorstudentin f\u00fcr Deutsche Sprache und Literatur sowie Geschichte im 4. Studienjahr. Besonders interessiert mich an der Institutsgeschichte der lokale Bezug des Themas und die Einordnung der Personen und Inhalte in ihren jeweiligen historischen Kontext.<\/p>\n\n\n\n<p><strong>Elli Kunze<\/strong>  <br>Ich bin Lehramtsstudentin im 4. Semester mit der F\u00e4cherkombination Deutsch und Geschichte und interessiere mich besonders f\u00fcr die Verbindung beider Disziplinen. Deshalb forsche ich zur Institutsgeschichte der Germanistik in Halle, um die Entwicklung germanistischer Lehre und Forschung im historischen Kontext besser zu verstehen.<\/p>\n\n\n\n<p><strong>Yibing Li<\/strong><br>Studentin der Deutschen Sprache und Literatur (M.A.):  Aus der individuellen Perspektive wird eine Geschichte offengelegt. Beim R\u00fcckblick auf Archive kann ich den historischen Kontext und die Entwicklungslogik der Germanistik klarer erfassen.<\/p>\n\n\n\n<div class=\"wp-block-group\"><div class=\"wp-block-group__inner-container\">\n<p><strong>Jessica Locke<\/strong><br>Studentin der Deutschen Sprache und Literatur (B.A.) 6. Fachsemester. Die Geschichte des Instituts interessiert mich, weil sich daran die Entwicklung der Germanistik als Wissenschaft gut nachvollziehen l\u00e4sst. Besonders spannend finde ich die Pers\u00f6nlichkeiten, die das Institut gepr\u00e4gt und entscheidend weiterentwickelt haben.<\/p>\n<\/div><\/div>\n\n\n\n<p><strong>Miriam Neuber<\/strong><br>Ich studiere Deutsche Sprache und Literatur im Master. Mich haben vor allem die Anf\u00e4nge der Germanistik interessiert. Wieso sind Seminare entstanden, welche H\u00fcrden w\u00e4hrend des Gr\u00fcndungsprozesses gab es, etc.? Diese universit\u00e4ren Strukturen erscheinen jetzt vielleicht selbstverst\u00e4ndlich und gerade deshalb ist ein Blick hin zu den Urspr\u00fcngen spannend.<\/p>\n\n\n\n<p><strong>Verena Josephine Schmitt<\/strong> <br>Studentin der Deutschen Sprache und Literatur (M. A.). Mich interessieren an der Geschichte des Instituts vor allem Perspektiven, die in der Forschung sonst wenig Beachtung finden. Daher habe ich es mir zum Ziel gemacht, die Institutsgeschichte um am Germanistischen Institut t\u00e4tige Forscherinnen zu erg\u00e4nzen. <\/p>\n\n\n\n<p><strong>Laura Sophie Sch\u00fctze<\/strong><br>Studentin der Deutschen Sprache und Literatur und Anglistik\/Amerikanistik (BA) im 4. Studienjahr. Mich interessiert die M\u00f6glichkeit, die Geschichte des Instituts durch die Biographien ihrer Wissenschaftler:innen zu betrachten. Insbesondere um sich zu vergegenw\u00e4rtigen, dass die Geschichte des Instituts nicht nur aus historischen Ereignissen, sondern auch aus vielen Einzelschicksalen besteht, mit denen man sich als Studierende:r sonst selten auseinandersetzt.  <\/p>\n\n\n\n<p><strong>Andrea Seidel<\/strong><br>Dozentin in der Abteilung Germanistische Medi\u00e4vistik:<br>Die Besch\u00e4ftigung mit den Biographien der Wissenschaftler:innen erlaubt tiefe Einblicke in pers\u00f6nliche Lebensumst\u00e4nde, die ber\u00fchrend oder irritierend sein k\u00f6nnen. Wissenschaft wird auf diese Weise nahbar aber auch streitbar.<\/p>\n\n\n\n<p><strong>Emely Slaby<\/strong><br>Ich bin Studentin und belege den BA- Teilstudiengang Deutsche Sprache und Literatur (90) und Ethnologie (90) im 4. Fachsemester. An der Institutsgeschichte der Germanistik interessieren mich vor allem die unterschiedlichen Perspektiven der damaligen Professoren und Dozierenden. Insbesondere der Bezug auf die politische Situation der Nachkriegszeit ist f\u00fcr mich sehr spannend.<\/p>\n\n\n\n<p><strong>Sophie Stelzer<\/strong><br>Studentin im 6. Semester im B.A. Deutsche Literatur und Anglistik\/Amerikanistik. Mich interessiert journalistische Arbeit, vor allem im historischen Kontext. Die Arbeit im Archiv hat mir dabei besonders spannende Einblicke erm\u00f6glicht und mir einen Teil der Universit\u00e4tsgeschichte n\u00e4hergebracht, welchen ich \u00e4u\u00dferst spannend fand.<\/p>\n\n\n\n<p><strong>Emilie Ulrich<\/strong><br>Lehramtsstudentin im 6. Semester mit der F\u00e4cherkombination Sport und Deutsch. Die Institusgeschichte der Germanistischen Fakult\u00e4t interessiert mich besonders, da sie nicht nur die Entwicklung der Literatur- und Sprachwissenschaft widerspiegelt, sondern auch eng mit der politischen und gesellschaftlichen Geschichte Deutschlands verkn\u00fcpft ist.<\/p>\n\n\n\n<p><\/p>\n\n\n\n<h2>Bildquellen<\/h2>\n\n\n\n<p>Herzlichen Dank an das Team aus dem Universit\u00e4tsarchiv der Martin-Luther-Universit\u00e4t Halle-Wittenberg (UAHW) f\u00fcr die umfangreiche Hilfe bei der Recherche und Bereitstellung der Dokumente.<\/p>\n\n\n\n<p>Sofern eine Quellenangabe nicht direkt unter der Abbildung steht, verweisen wir auf:<br>Julius Zacher UAHW, REP. 40\/I, Z15<br>Agathe Lasch, Karl Wachholtz Verlag, Robert Peters, Sodmann T.<br>Ferdinand Joseph Schneider UAHW, Rep. 11, PA 14057<br>Karl Bischoff UAHW, Rep. 11, PA 4552<br>Karl Wessel UAHW, Rep. 11, PA 16954: Einladung zum 19.12.1936 zur \u00f6ffentlichen Lehrprobe Karl Wessels vom 12.12.1936.<br>Kurt Wagner UAHW, Rep. 11, PA 16566: Schreiben des Kurators Tromp an den Dekan der Philosophischen Fakult\u00e4t zur Einstellung Kurt Wagners an dessen Fakult\u00e4t vom 17.04.1934.<br>Georg Baesecke UAHW, Rep. 11, PA 4068<br>Otto Bremer UAHW, Rep. 11, PA 4915<br>Ernst Hadermann UAHW, Rep. 11, PA 15261<br>Brigitta Kochmann UAHW, Rep. 11, PA 11624; UAHW, Rep. 11, PA 28064<br>Manfred Lemmer UAHW, Rep. 11, PA 34139<br>Dietrich L\u00f6ffler UAHW, Rep. 11, PA 3055; UAHW, Rep. 122, Nr. 1-6<\/p>\n","protected":false},"excerpt":{"rendered":"<p>Mathilda Emilia HerrIch bin Studierende in den F\u00e4chern Deutsche Sprache und Literatur und Anglistik\/Amerikanistik (BA) im 4. Studienjahr. An der Geschichte des Instituts interessiert mich vor allem der Einfluss verschiedener ideologischer Str\u00f6mungen auf die Forschung und Forschungsfelder der Zeit. Pia JunghansIch bin Bachelorstudentin f\u00fcr Deutsche Sprache und Literatur sowie Geschichte im 4. Studienjahr. Besonders interessiert [&hellip;]<\/p>\n","protected":false},"author":5494,"featured_media":0,"parent":0,"menu_order":0,"comment_status":"closed","ping_status":"closed","template":"","meta":[],"coauthors":[4],"_links":{"self":[{"href":"https:\/\/blogs.urz.uni-halle.de\/institutsgeschichtegermanistik\/wp-json\/wp\/v2\/pages\/118"}],"collection":[{"href":"https:\/\/blogs.urz.uni-halle.de\/institutsgeschichtegermanistik\/wp-json\/wp\/v2\/pages"}],"about":[{"href":"https:\/\/blogs.urz.uni-halle.de\/institutsgeschichtegermanistik\/wp-json\/wp\/v2\/types\/page"}],"author":[{"embeddable":true,"href":"https:\/\/blogs.urz.uni-halle.de\/institutsgeschichtegermanistik\/wp-json\/wp\/v2\/users\/5494"}],"replies":[{"embeddable":true,"href":"https:\/\/blogs.urz.uni-halle.de\/institutsgeschichtegermanistik\/wp-json\/wp\/v2\/comments?post=118"}],"version-history":[{"count":10,"href":"https:\/\/blogs.urz.uni-halle.de\/institutsgeschichtegermanistik\/wp-json\/wp\/v2\/pages\/118\/revisions"}],"predecessor-version":[{"id":1316,"href":"https:\/\/blogs.urz.uni-halle.de\/institutsgeschichtegermanistik\/wp-json\/wp\/v2\/pages\/118\/revisions\/1316"}],"wp:attachment":[{"href":"https:\/\/blogs.urz.uni-halle.de\/institutsgeschichtegermanistik\/wp-json\/wp\/v2\/media?parent=118"}],"wp:term":[{"taxonomy":"author","embeddable":true,"href":"https:\/\/blogs.urz.uni-halle.de\/institutsgeschichtegermanistik\/wp-json\/wp\/v2\/coauthors?post=118"}],"curies":[{"name":"wp","href":"https:\/\/api.w.org\/{rel}","templated":true}]}}