{"id":956,"date":"2025-09-21T11:17:38","date_gmt":"2025-09-21T09:17:38","guid":{"rendered":"https:\/\/blogs.urz.uni-halle.de\/institutsgeschichtegermanistik\/?page_id=956"},"modified":"2025-11-02T16:59:19","modified_gmt":"2025-11-02T15:59:19","slug":"ernst_hadermann","status":"publish","type":"page","link":"https:\/\/blogs.urz.uni-halle.de\/institutsgeschichtegermanistik\/1950-1974\/ernst_hadermann\/","title":{"rendered":"Ernst Hadermann"},"content":{"rendered":"\n<p class=\"has-small-font-size\"><em>von Emely Slaby<\/em><\/p>\n\n\n\n<p>* 22. Mai <strong>1896<\/strong> in Schl\u00fcchtern, Hessen-Nassau;                                       \u2020 2. Januar <strong>1968<\/strong> in Halle (Saale)<\/p>\n\n\n\n<ul><li><strong>Deutscher Soldat, Gymnasiallehrer, Humanist, Widerst\u00e4ndler und Germanist<\/strong><\/li><li><strong>Vater<\/strong>: M\u00fchlenbesitzer<\/li><li><strong>Konfession<\/strong>: evangelisch, sp\u00e4ter konfessionslos<\/li><li><strong>Lehrstuhl<\/strong>: Neuere Deutsche Literaturgeschichte<\/li><li><strong>1958 <\/strong>Medaille f\u00fcr K\u00e4mpfer gegen den Faschismus<\/li><\/ul>\n\n\n\n<h2>Ein Blick in die Personalakte &#8211; Ernst Hadermann zwischen Sozialismus und Individualismus<\/h2>\n\n\n\n<p><em>von Elli Kunze<\/em><\/p>\n\n\n\n<p>Ein besonderes Dokument aus der Personalakte des Germanisten Ernst Hadermann gibt Aufschluss \u00fcber seinen Drang hin zum Individualismus. Es handelt sich um eine dienstliche Beurteilung der P\u00e4dagogischen Hochschule in Potsdam, datiert auf den 13. Dezember 1952 und verfasst vom damaligen Personalleiter Kr\u00fcger. In der Beurteilung Hadermanns durch die P\u00e4dagogische Hochschule wird er als \u201ewiderspruchsvolle Natur\u201c beschrieben, der \u201eseinen Mitarbeitern durch seine individualistische Einstellung Schwierigkeiten\u201c macht.&nbsp;<\/p>\n\n\n\n<figure class=\"wp-block-image size-large is-resized\"><img loading=\"lazy\" src=\"https:\/\/blogs.urz.uni-halle.de\/institutsgeschichtegermanistik\/files\/2025\/07\/image-5-1024x675.png\" alt=\"\" class=\"wp-image-174\" width=\"521\" height=\"343\" srcset=\"https:\/\/blogs.urz.uni-halle.de\/institutsgeschichtegermanistik\/files\/2025\/07\/image-5-1024x675.png 1024w, https:\/\/blogs.urz.uni-halle.de\/institutsgeschichtegermanistik\/files\/2025\/07\/image-5-300x198.png 300w, https:\/\/blogs.urz.uni-halle.de\/institutsgeschichtegermanistik\/files\/2025\/07\/image-5-768x507.png 768w, https:\/\/blogs.urz.uni-halle.de\/institutsgeschichtegermanistik\/files\/2025\/07\/image-5-1536x1013.png 1536w, https:\/\/blogs.urz.uni-halle.de\/institutsgeschichtegermanistik\/files\/2025\/07\/image-5-2048x1351.png 2048w\" sizes=\"(max-width: 521px) 100vw, 521px\" \/><figcaption>Universit\u00e4tsarchiv Halle, Personalakte Ernst Hadermann Rep. 11, PA 15261<\/figcaption><\/figure>\n\n\n\n<p>Hadermann wurde dennoch am 27. Januar 1954 an die Martin-Luther-Universit\u00e4t Halle-Wittenberg berufen. Eine Entscheidung, die am 20. Januar 1955 offiziell best\u00e4tigt wurde. Dort \u00fcbernahm er zentrale Aufgaben im Bereich der Germanistik und war ma\u00dfgeblich an der Gestaltung des Hochschulwesens im Sinne der sozialistischen Bildungspolitik beteiligt.<\/p>\n\n\n\n<p>Sein Engagement blieb nicht unbeachtet. Die politische Unterst\u00fctzung, die ihm zuteil wurde, fand ihren Ausdruck in mehrfacher staatlicher Anerkennung. So wurde ihm anl\u00e4sslich seines 60. Geburtstages der Vaterl\u00e4ndische Verdienstorden in Bronze verliehen &#8211; eine Auszeichung, die von der Philosophischen Fakult\u00e4t der Universit\u00e4t Halle beantragt worden war.&nbsp;<\/p>\n\n\n\n<figure class=\"wp-block-image size-large is-resized\"><img loading=\"lazy\" src=\"https:\/\/blogs.urz.uni-halle.de\/institutsgeschichtegermanistik\/files\/2025\/07\/image-4-694x1024.png\" alt=\"\" class=\"wp-image-171\" width=\"483\" height=\"713\" srcset=\"https:\/\/blogs.urz.uni-halle.de\/institutsgeschichtegermanistik\/files\/2025\/07\/image-4-694x1024.png 694w, https:\/\/blogs.urz.uni-halle.de\/institutsgeschichtegermanistik\/files\/2025\/07\/image-4-203x300.png 203w, https:\/\/blogs.urz.uni-halle.de\/institutsgeschichtegermanistik\/files\/2025\/07\/image-4-768x1133.png 768w, https:\/\/blogs.urz.uni-halle.de\/institutsgeschichtegermanistik\/files\/2025\/07\/image-4-1041x1536.png 1041w, https:\/\/blogs.urz.uni-halle.de\/institutsgeschichtegermanistik\/files\/2025\/07\/image-4-1388x2048.png 1388w, https:\/\/blogs.urz.uni-halle.de\/institutsgeschichtegermanistik\/files\/2025\/07\/image-4.png 1840w\" sizes=\"(max-width: 483px) 100vw, 483px\" \/><figcaption>Universit\u00e4tsarchiv Halle, Personalakte Ernst Hadermann Rep. 11, PA 15261<\/figcaption><\/figure>\n\n\n\n<p>F\u00fcnf Jahre sp\u00e4ter, zum 65. Geburtstag, folgte die Ehrung in Silber. Der Antrag hierzu wurde am 23. M\u00e4rz 1961 vom Rektorat der Universit\u00e4t gestellt, um Hadermanns langj\u00e4hrige Verdienste bei der \u201eErziehung sozialistischer Kader\u201c und seinen Beitrag zur Entwicklung der DDR-Hochschullandschaft zu w\u00fcrdigen.<\/p>\n\n\n\n<figure class=\"wp-block-image size-large is-resized\"><img loading=\"lazy\" src=\"https:\/\/blogs.urz.uni-halle.de\/institutsgeschichtegermanistik\/files\/2025\/07\/image-6-792x1024.png\" alt=\"\" class=\"wp-image-176\" width=\"466\" height=\"602\" srcset=\"https:\/\/blogs.urz.uni-halle.de\/institutsgeschichtegermanistik\/files\/2025\/07\/image-6-792x1024.png 792w, https:\/\/blogs.urz.uni-halle.de\/institutsgeschichtegermanistik\/files\/2025\/07\/image-6-232x300.png 232w, https:\/\/blogs.urz.uni-halle.de\/institutsgeschichtegermanistik\/files\/2025\/07\/image-6-768x993.png 768w, https:\/\/blogs.urz.uni-halle.de\/institutsgeschichtegermanistik\/files\/2025\/07\/image-6-1187x1536.png 1187w, https:\/\/blogs.urz.uni-halle.de\/institutsgeschichtegermanistik\/files\/2025\/07\/image-6-1583x2048.png 1583w, https:\/\/blogs.urz.uni-halle.de\/institutsgeschichtegermanistik\/files\/2025\/07\/image-6.png 1959w\" sizes=\"(max-width: 466px) 100vw, 466px\" \/><figcaption>Universit\u00e4tsarchiv Halle, Personalakte Ernst Hadermann Rep. 11, PA 15261<\/figcaption><\/figure>\n\n\n\n<figure class=\"wp-block-image size-large is-resized\"><img loading=\"lazy\" src=\"https:\/\/blogs.urz.uni-halle.de\/institutsgeschichtegermanistik\/files\/2025\/07\/image-7-784x1024.png\" alt=\"\" class=\"wp-image-178\" width=\"465\" height=\"607\" srcset=\"https:\/\/blogs.urz.uni-halle.de\/institutsgeschichtegermanistik\/files\/2025\/07\/image-7-784x1024.png 784w, https:\/\/blogs.urz.uni-halle.de\/institutsgeschichtegermanistik\/files\/2025\/07\/image-7-230x300.png 230w, https:\/\/blogs.urz.uni-halle.de\/institutsgeschichtegermanistik\/files\/2025\/07\/image-7-768x1004.png 768w, https:\/\/blogs.urz.uni-halle.de\/institutsgeschichtegermanistik\/files\/2025\/07\/image-7-1175x1536.png 1175w, https:\/\/blogs.urz.uni-halle.de\/institutsgeschichtegermanistik\/files\/2025\/07\/image-7-1567x2048.png 1567w\" sizes=\"(max-width: 465px) 100vw, 465px\" \/><figcaption>Universit\u00e4tsarchiv Halle, Personalakte Ernst Hadermann Rep. 11, PA 15261<\/figcaption><\/figure>\n\n\n\n<p>Am 19. April 1961 genehmigte Herder, der stellvertretende Staatssekret\u00e4r, die Verleihung mit dem ausdr\u00fccklichen Hinweis auf Hadermanns \u201eTreue zur Republik\u201c und seine Rolle beim Aufbau eines \u201eneuen demokratischen und sozialistischen Hochschulwesens\u201c. In sp\u00e4teren Jahren wurde ihm der Vaterl\u00e4ndische Verdienstorden in Gold verliehen &#8211; eine der h\u00f6chsten staatlichen Ehrungen der DDR.<\/p>\n\n\n\n<p>Quellen:<\/p>\n\n\n\n<p><a href=\"https:\/\/www.bundesstiftung-aufarbeitung.de\/de\/recherche\/kataloge-datenbanken\/biographische-datenbanken\/ernst-hadermann\" data-type=\"URL\" data-id=\"https:\/\/www.bundesstiftung-aufarbeitung.de\/de\/recherche\/kataloge-datenbanken\/biographische-datenbanken\/ernst-hadermann\">Hadermann, Ernst | Bundesstiftung zur Aufarbeitung der SED-Diktatur<\/a> (zuletzt abgerufen am 12.09.2025)<\/p>\n\n\n\n<p><\/p>\n","protected":false},"excerpt":{"rendered":"<p>von Emely Slaby * 22. Mai 1896 in Schl\u00fcchtern, Hessen-Nassau; \u2020 2. Januar 1968 in Halle (Saale) Deutscher Soldat, Gymnasiallehrer, Humanist, Widerst\u00e4ndler und Germanist Vater: M\u00fchlenbesitzer Konfession: evangelisch, sp\u00e4ter konfessionslos Lehrstuhl: Neuere Deutsche Literaturgeschichte 1958 Medaille f\u00fcr K\u00e4mpfer gegen den Faschismus Ein Blick in die Personalakte &#8211; Ernst Hadermann zwischen Sozialismus und Individualismus von Elli [&hellip;]<\/p>\n","protected":false},"author":6395,"featured_media":0,"parent":88,"menu_order":0,"comment_status":"closed","ping_status":"closed","template":"","meta":[],"coauthors":[18],"_links":{"self":[{"href":"https:\/\/blogs.urz.uni-halle.de\/institutsgeschichtegermanistik\/wp-json\/wp\/v2\/pages\/956"}],"collection":[{"href":"https:\/\/blogs.urz.uni-halle.de\/institutsgeschichtegermanistik\/wp-json\/wp\/v2\/pages"}],"about":[{"href":"https:\/\/blogs.urz.uni-halle.de\/institutsgeschichtegermanistik\/wp-json\/wp\/v2\/types\/page"}],"author":[{"embeddable":true,"href":"https:\/\/blogs.urz.uni-halle.de\/institutsgeschichtegermanistik\/wp-json\/wp\/v2\/users\/6395"}],"replies":[{"embeddable":true,"href":"https:\/\/blogs.urz.uni-halle.de\/institutsgeschichtegermanistik\/wp-json\/wp\/v2\/comments?post=956"}],"version-history":[{"count":10,"href":"https:\/\/blogs.urz.uni-halle.de\/institutsgeschichtegermanistik\/wp-json\/wp\/v2\/pages\/956\/revisions"}],"predecessor-version":[{"id":1336,"href":"https:\/\/blogs.urz.uni-halle.de\/institutsgeschichtegermanistik\/wp-json\/wp\/v2\/pages\/956\/revisions\/1336"}],"up":[{"embeddable":true,"href":"https:\/\/blogs.urz.uni-halle.de\/institutsgeschichtegermanistik\/wp-json\/wp\/v2\/pages\/88"}],"wp:attachment":[{"href":"https:\/\/blogs.urz.uni-halle.de\/institutsgeschichtegermanistik\/wp-json\/wp\/v2\/media?parent=956"}],"wp:term":[{"taxonomy":"author","embeddable":true,"href":"https:\/\/blogs.urz.uni-halle.de\/institutsgeschichtegermanistik\/wp-json\/wp\/v2\/coauthors?post=956"}],"curies":[{"name":"wp","href":"https:\/\/api.w.org\/{rel}","templated":true}]}}