{"id":10,"date":"2021-09-20T17:26:25","date_gmt":"2021-09-20T15:26:25","guid":{"rendered":"https:\/\/blogs.urz.uni-halle.de\/instrument2021\/?page_id=10"},"modified":"2021-09-24T13:35:15","modified_gmt":"2021-09-24T11:35:15","slug":"call-for-posters","status":"publish","type":"page","link":"https:\/\/blogs.urz.uni-halle.de\/instrument2021\/call-for-posters\/","title":{"rendered":"Call for Posters"},"content":{"rendered":"\n<p>Die Organologie oder Musikinstrumentenkunde ist l\u00e4ngst nicht mehr die einzige wissenschaftliche Disziplin, die sich mit Musikinstrumenten auseinandersetzt. Schon seit einiger Zeit haben z. B. auch Medienwissenschaft, Anthropologie, Techniksoziologie oder Popularmusikforschung Klangerzeuger als Forschungsgegenstand f\u00fcr sich entdeckt. Das verwundert nicht, ist doch das Interesse der Geisteswissenschaften f\u00fcr die materiellen Aspekte von Kultur ungebrochen \u2013 vor allem, wenn es darum geht, wie Dinge mit Bedeutung aufgeladen werden und Wissen bzw. Macht (nicht zuletzt in Form von geschlechtlichen Zuschreibungen) in ihnen vergegenst\u00e4ndlicht wird. Anl\u00e4sslich der vom <strong>12.\u201314. November 2021<\/strong> in Halle stattfindenden Tagung \u201eInstrumentenforschung 2.0\u201c m\u00f6chten wir Nachwuchswissenschaftler*innen dazu einladen, ihre Forschung in Form einer<strong> Posterpr\u00e4sentation<\/strong> in das Programm einzubringen:<\/p>\n\n\n\n<p>Der Call richtet sich sowohl an <strong>Bachelor\u2013 und Masterstudierende<\/strong> in der Abschlussphase ihres Studiums als auch an <strong>Doktorand*innen<\/strong>, die sich in ihrer Forschung mit Musikinstrumenten auseinander setzen. \u00a0Wir bieten Ihnen am zweiten Konferenztag die M\u00f6glichkeit, Ihr Poster zu pr\u00e4sentieren und ausgiebig mit\u00a0 Teilnehmer*innen und Vortragenden zu besprechen. Wir w\u00fcrden uns freuen, wenn Sie auch \u00fcber ihre Pr\u00e4sentation hinaus an der Tagung teilnehmen w\u00fcrden. Das Poster wird bereits bei Ankunft aufgeh\u00e4ngt und kann so auch in Pausenzeiten oder nach Feierabend von den Teilnehmer*innen studiert werden. Bitte beachten Sie: Aufgrund des Zeitplans k\u00f6nnen wir nur eine begrenzte Anzahl an Postern platzieren.<\/p>\n\n\n\n<p>Um teilzunehmen senden Sie uns bitte bis zum <strong>10.10.2021 <\/strong>Ihre Bewerbung in Form eines <strong>Abstracts im Umfang von<\/strong> <strong>1200 Zeichen <\/strong>(inkl. Leerzeichen) zu. Wir akzeptieren auch Beitr\u00e4ge auf Englisch. Wir werden aufgrund der uns zur Verf\u00fcgung stehenden Zeit und der Corona-Bestimmungen nur eine begrenzte Anzahl an Postern pr\u00e4sentieren k\u00f6nnen. Bitte haben Sie daher Verst\u00e4ndnis, dass wir uns die Ablehnung bei fehlender thematischer Passung oder versp\u00e4teter Einreichung vorbehalten. Bitte nehmen Sie au\u00dferdem schon jetzt folgende formale Anforderungen an das Poster zur Kenntnis:<\/p>\n\n\n\n<p>\u00b7&nbsp;Ihr Poster soll die wesentlichen (Zwischen-)Ergebnisse ihrer Arbeit vorstellen bzw. Ihr Forschungsvorhaben umrei\u00dfen. Als visuelles Pr\u00e4sentationsmedium soll das Poster so im besten Fall bereits die meisten Fragen beantworten. Planen Sie daher f\u00fcr Ihre Pr\u00e4sentation h\u00f6chstens <strong>5-10 Minuten<\/strong> ein.<\/p>\n\n\n\n<p>\u00b7&nbsp;Legen Sie das Poster in DIN A1 oder DIN A0 an.<\/p>\n\n\n\n<p>\u00b7&nbsp;Die Schriftgr\u00f6\u00dfe sollte gut lesbar sein (z.&nbsp;B. Titel: 90 Pt, \u00dcberschrift: 60 Pt, Unter\u00fcberschrift: 36 Pt, Text: 24 Pt).<\/p>\n\n\n\n<p>\u00b7&nbsp;Folgende formale Bestandteile sollte das Poster beinhalten: Titel, Autor*in(en), Einleitung\/Hintergrund,&nbsp; Problem\/Fragestellung\/ Hypothese, Ziel, Methoden, Ergebnisse, Diskussion und Schlussfolgerungen, Quellenangaben\/Literatur.<\/p>\n\n\n\n<p>\u00b7&nbsp;Weitere Tipps und Details&nbsp; zur Erstellung von Pr\u00e4sentationspostern finden Sie hier: <a href=\"https:\/\/kw.uni-paderborn.de\/fileadmin\/fakultaet\/Institute\/germ-vergl-litwis\/germ-sprach-did\/Rezat\/Formalia\/Hinweise_zur_Gestaltung_von_wissenschaftlichen_Postern.pdf\">https:\/\/kw.uni-paderborn.de\/fileadmin\/fakultaet\/Institute\/germ-vergl-litwis\/germ-sprach-did\/Rezat\/Formalia\/Hinweise_zur_Gestaltung_von_wissenschaftlichen_Postern.pdf<\/a><\/p>\n","protected":false},"excerpt":{"rendered":"<p>Die Organologie oder Musikinstrumentenkunde ist l\u00e4ngst nicht mehr die einzige wissenschaftliche Disziplin, die sich mit Musikinstrumenten auseinandersetzt. Schon seit einiger Zeit haben z. B. auch Medienwissenschaft, Anthropologie, Techniksoziologie oder Popularmusikforschung Klangerzeuger als Forschungsgegenstand f\u00fcr sich entdeckt. Das verwundert nicht, ist <a class=\"more-link\" href=\"https:\/\/blogs.urz.uni-halle.de\/instrument2021\/call-for-posters\/\">weiterlesen  <span class=\"screen-reader-text\">  Call for Posters<\/span><span class=\"meta-nav\">&rarr;<\/span><\/a><\/p>\n","protected":false},"author":5164,"featured_media":0,"parent":0,"menu_order":0,"comment_status":"closed","ping_status":"closed","template":"","meta":[],"_links":{"self":[{"href":"https:\/\/blogs.urz.uni-halle.de\/instrument2021\/wp-json\/wp\/v2\/pages\/10"}],"collection":[{"href":"https:\/\/blogs.urz.uni-halle.de\/instrument2021\/wp-json\/wp\/v2\/pages"}],"about":[{"href":"https:\/\/blogs.urz.uni-halle.de\/instrument2021\/wp-json\/wp\/v2\/types\/page"}],"author":[{"embeddable":true,"href":"https:\/\/blogs.urz.uni-halle.de\/instrument2021\/wp-json\/wp\/v2\/users\/5164"}],"replies":[{"embeddable":true,"href":"https:\/\/blogs.urz.uni-halle.de\/instrument2021\/wp-json\/wp\/v2\/comments?post=10"}],"version-history":[{"count":5,"href":"https:\/\/blogs.urz.uni-halle.de\/instrument2021\/wp-json\/wp\/v2\/pages\/10\/revisions"}],"predecessor-version":[{"id":99,"href":"https:\/\/blogs.urz.uni-halle.de\/instrument2021\/wp-json\/wp\/v2\/pages\/10\/revisions\/99"}],"wp:attachment":[{"href":"https:\/\/blogs.urz.uni-halle.de\/instrument2021\/wp-json\/wp\/v2\/media?parent=10"}],"curies":[{"name":"wp","href":"https:\/\/api.w.org\/{rel}","templated":true}]}}