{"id":40,"date":"2021-09-20T18:28:55","date_gmt":"2021-09-20T16:28:55","guid":{"rendered":"https:\/\/blogs.urz.uni-halle.de\/instrument2021\/?page_id=40"},"modified":"2021-11-12T09:19:09","modified_gmt":"2021-11-12T08:19:09","slug":"oertlichkeiten-und-coronabestimmungen","status":"publish","type":"page","link":"https:\/\/blogs.urz.uni-halle.de\/instrument2021\/oertlichkeiten-und-coronabestimmungen\/","title":{"rendered":"\u00d6rtlichkeiten und Coronabestimmungen"},"content":{"rendered":"\n<p>Die Tagung findet in Pr\u00e4senz statt.<\/p>\n\n\n\n<p>Es wird eine kleine Tagungsgeb\u00fchr von <strong>5 Euro<\/strong> erhoben.<\/p>\n\n\n\n<p>Die Veranstaltung ist auf mehrere \u00d6rtlichkeiten aufgeteilt:<\/p>\n\n\n\n<p><strong>Tagung, Catering und Vortr\u00e4ge<\/strong>: Studiob\u00fchne 06108 Halle (Saale), Dachritzstr. 6<\/p>\n\n\n\n<p><strong>Workshops<\/strong>: Raum 471 und 463 in der Abteilung Musikwissenschaft 06108 Halle (Saale) Kleine Marktstr. 7<\/p>\n\n\n\n<p><strong>Poster-Sessio<\/strong>n: Foyer der Abteilung Musikwissenschaft 2. Stockwerk 06108 Halle (Saale) Kleine Markstr. 7<\/p>\n\n\n\n<p>Die derzeitigen Corona-Bestimmungen der Martin-Luther-Universit\u00e4t Halle (Saale) und des Landes Sachsen-Anhalts erlauben uns die Besetzung des gesamten Saales unter Beachtung der<strong> 2G-Regel<\/strong>. Aus Sicherheitsgr\u00fcnden wird jedoch auf eine volle Auslastung verzichtet, wodurch die Teilnehmer*innenzahl auf <strong>35<\/strong> beschr\u00e4nkt bleibt.<\/p>\n\n\n\n<p>Es werden alle Teilnehmer*inenn gebeten, den <strong>Nachweis einer Impfung oder Genesung<\/strong> vorzuhalten. Andernfalls kann keine Teilnahme an der Tagung stattfinden.<\/p>\n\n\n\n<p><\/p>\n\n\n\n<p><\/p>\n\n\n\n<p><\/p>\n","protected":false},"excerpt":{"rendered":"<p>Die Tagung findet in Pr\u00e4senz statt. Es wird eine kleine Tagungsgeb\u00fchr von 5 Euro erhoben. Die Veranstaltung ist auf mehrere \u00d6rtlichkeiten aufgeteilt: Tagung, Catering und Vortr\u00e4ge: Studiob\u00fchne 06108 Halle (Saale), Dachritzstr. 6 Workshops: Raum 471 und 463 in der Abteilung <a class=\"more-link\" href=\"https:\/\/blogs.urz.uni-halle.de\/instrument2021\/oertlichkeiten-und-coronabestimmungen\/\">weiterlesen  <span class=\"screen-reader-text\">  \u00d6rtlichkeiten und Coronabestimmungen<\/span><span class=\"meta-nav\">&rarr;<\/span><\/a><\/p>\n","protected":false},"author":5164,"featured_media":0,"parent":0,"menu_order":0,"comment_status":"closed","ping_status":"closed","template":"","meta":[],"_links":{"self":[{"href":"https:\/\/blogs.urz.uni-halle.de\/instrument2021\/wp-json\/wp\/v2\/pages\/40"}],"collection":[{"href":"https:\/\/blogs.urz.uni-halle.de\/instrument2021\/wp-json\/wp\/v2\/pages"}],"about":[{"href":"https:\/\/blogs.urz.uni-halle.de\/instrument2021\/wp-json\/wp\/v2\/types\/page"}],"author":[{"embeddable":true,"href":"https:\/\/blogs.urz.uni-halle.de\/instrument2021\/wp-json\/wp\/v2\/users\/5164"}],"replies":[{"embeddable":true,"href":"https:\/\/blogs.urz.uni-halle.de\/instrument2021\/wp-json\/wp\/v2\/comments?post=40"}],"version-history":[{"count":5,"href":"https:\/\/blogs.urz.uni-halle.de\/instrument2021\/wp-json\/wp\/v2\/pages\/40\/revisions"}],"predecessor-version":[{"id":110,"href":"https:\/\/blogs.urz.uni-halle.de\/instrument2021\/wp-json\/wp\/v2\/pages\/40\/revisions\/110"}],"wp:attachment":[{"href":"https:\/\/blogs.urz.uni-halle.de\/instrument2021\/wp-json\/wp\/v2\/media?parent=40"}],"curies":[{"name":"wp","href":"https:\/\/api.w.org\/{rel}","templated":true}]}}