{"id":67,"date":"2021-09-21T10:47:49","date_gmt":"2021-09-21T08:47:49","guid":{"rendered":"https:\/\/blogs.urz.uni-halle.de\/instrument2021\/?page_id=67"},"modified":"2021-09-21T13:55:24","modified_gmt":"2021-09-21T11:55:24","slug":"anmeldung","status":"publish","type":"page","link":"https:\/\/blogs.urz.uni-halle.de\/instrument2021\/anmeldung\/","title":{"rendered":"Anmeldung"},"content":{"rendered":"<div id=\"vfb-form-1\" class=\"visual-form-builder-container\"><form id=\"anmeldung-1\" class=\"visual-form-builder vfb-form-1 \" method=\"post\" enctype=\"multipart\/form-data\">\n\t\t\t<input type=\"hidden\" name=\"form_id\" value=\"1\" \/><fieldset class=\"vfb-fieldset vfb-fieldset-1 anmeldung-zur-tagung \" id=\"item-vfb-1\"><div class=\"vfb-legend\"><h3>Anmeldung zur Tagung<\/h3><\/div><ul class=\"vfb-section vfb-section-1\"><li class=\"vfb-item vfb-item-text  \" id=\"item-vfb-5\"><label for=\"vfb-5\" class=\"vfb-desc\">Vorname  <span class=\"vfb-required-asterisk\">*<\/span><\/label><input type=\"text\" name=\"vfb-5\" id=\"vfb-5\" value=\"\" class=\"vfb-text  vfb-medium  required  \" \/><\/li><li class=\"vfb-item vfb-item-text  \" id=\"item-vfb-8\"><label for=\"vfb-8\" class=\"vfb-desc\">Nachname  <span class=\"vfb-required-asterisk\">*<\/span><\/label><input type=\"text\" name=\"vfb-8\" id=\"vfb-8\" value=\"\" class=\"vfb-text  vfb-medium  required  \" \/><\/li><li class=\"vfb-item vfb-item-text  \" id=\"item-vfb-7\"><label for=\"vfb-7\" class=\"vfb-desc\">Institution <\/label><input type=\"text\" name=\"vfb-7\" id=\"vfb-7\" value=\"\" class=\"vfb-text  vfb-large   \" \/><\/li><li class=\"vfb-item vfb-item-email  \" id=\"item-vfb-6\"><label for=\"vfb-6\" class=\"vfb-desc\">Email  <span class=\"vfb-required-asterisk\">*<\/span><\/label><input type=\"email\" name=\"vfb-6\" id=\"vfb-6\" value=\"\" class=\"vfb-text  vfb-large  required  email \" \/><\/li><div id=\"item-vfb-12\" class=\"vfb-section-div \"><h4><\/h4><li class=\"vfb-item vfb-item-instructions  \" id=\"item-vfb-9\"><label class=\"vfb-desc\">Teilnahme <\/label>W\u00e4hlen Sie bitte aus, ob Sie an allen Tagen vor Ort teilnehmen oder falls nicht, an welchen Einzeltagen<\/li><li class=\"vfb-item vfb-item-checkbox  \" id=\"item-vfb-11\"><label class=\"vfb-desc\">Ich m\u00f6chte teilnehmen:  <span class=\"vfb-required-asterisk\">*<\/span><\/label><div><span class=\"vfb-span\"><input type=\"checkbox\" name=\"vfb-11[]\" id=\"vfb-11-0\" value=\"alle Tage: 12.-14. November\" class=\"vfb-checkbox  required \" \/><label for=\"vfb-11-0\" class=\"vfb-choice\">alle Tage: 12.-14. November<\/label><\/span><span class=\"vfb-span\"><input type=\"checkbox\" name=\"vfb-11[]\" id=\"vfb-11-1\" value=\"Einzeltag: 12. November\" class=\"vfb-checkbox  required \" \/><label for=\"vfb-11-1\" class=\"vfb-choice\">Einzeltag: 12. November<\/label><\/span><span class=\"vfb-span\"><input type=\"checkbox\" name=\"vfb-11[]\" id=\"vfb-11-2\" value=\"Einzeltag: 13. November\" class=\"vfb-checkbox  required \" \/><label for=\"vfb-11-2\" class=\"vfb-choice\">Einzeltag: 13. November<\/label><\/span><span class=\"vfb-span\"><input type=\"checkbox\" name=\"vfb-11[]\" id=\"vfb-11-3\" value=\"Einzeltag: 14. November\" class=\"vfb-checkbox  required \" \/><label for=\"vfb-11-3\" class=\"vfb-choice\">Einzeltag: 14. November<\/label><\/span><div style=\"clear:both\"><\/div><\/div><\/li><\/div><div class=\"vfb-clear\"><\/div><div id=\"item-vfb-15\" class=\"vfb-section-div \"><h4>Workshops<\/h4><li class=\"vfb-item vfb-item-radio  \" id=\"item-vfb-16\"><label class=\"vfb-desc\">Workshop Session I, Samstag <\/label><div><span><label>Welchen der Workshops m\u00f6chten Sie besuchen?\r\nSamstag, 13.11. von 14:15 \u2013 15:45 Uhr<\/label><\/span><span class=\"vfb-span\"><input type=\"radio\" name=\"vfb-16\" id=\"vfb-16-1\" value=\"Sarah Schauberger: Dinge erfahren \u2013 ethnographisches Schreiben als Instrument der materiellen Kulturforschung\" class=\"vfb-radio  \" \/><label for=\"vfb-16-1\" class=\"vfb-choice\">Sarah Schauberger: Dinge erfahren \u2013 ethnographisches Schreiben als Instrument der materiellen Kulturforschung<\/label><\/span><span class=\"vfb-span\"><input type=\"radio\" name=\"vfb-16\" id=\"vfb-16-2\" value=\"Carsten Wernicke: Musikalische Interface-Designs aus artefaktanalytischer Sicht\" class=\"vfb-radio  \" \/><label for=\"vfb-16-2\" class=\"vfb-choice\">Carsten Wernicke: Musikalische Interface-Designs aus artefaktanalytischer Sicht<\/label><\/span><div style=\"clear:both\"><\/div><\/div><\/li><li class=\"vfb-item vfb-item-radio  \" id=\"item-vfb-17\"><label class=\"vfb-desc\">Workshop Session II, Sonntag <\/label><div><span><label>Welchen der Workshops m\u00f6chten Sie besuchen?\r\nSonntag, 14.11. von 10:15 \u2013 11:45 Uhr<\/label><\/span><span class=\"vfb-span\"><input type=\"radio\" name=\"vfb-17\" id=\"vfb-17-1\" value=\"Sarah-Indriyati Hardjowirogo\/Malte Pelleter: 16 Levels of Instrumentality. Die Samplepad-Matrix als Diskussionsraum der Instrumentenforschung\" class=\"vfb-radio  \" \/><label for=\"vfb-17-1\" class=\"vfb-choice\">Sarah-Indriyati Hardjowirogo\/Malte Pelleter: 16 Levels of Instrumentality. Die Samplepad-Matrix als Diskussionsraum der Instrumentenforschung<\/label><\/span><span class=\"vfb-span\"><input type=\"radio\" name=\"vfb-17\" id=\"vfb-17-2\" value=\"Johanna Imm: Das Gender-Skript der Designforschung als Perspektive auf materielle Kultur und Musik. Eine Deutungswerkstatt\" class=\"vfb-radio  \" \/><label for=\"vfb-17-2\" class=\"vfb-choice\">Johanna Imm: Das Gender-Skript der Designforschung als Perspektive auf materielle Kultur und Musik. Eine Deutungswerkstatt<\/label><\/span><div style=\"clear:both\"><\/div><\/div><\/li><\/div><div class=\"vfb-clear\"><\/div><div id=\"item-vfb-20\" class=\"vfb-section-div \"><h4>Begleitprogramm<\/h4><li class=\"vfb-item vfb-item-checkbox  \" id=\"item-vfb-19\"><label class=\"vfb-desc\"> <\/label><div><span><label>An welchen der begleitenden Programmpunkten werden Sie voraussichtlich teilnehmen? (Museum und Dom haben begrenzte Kapazit\u00e4t: hier gilt die Reihenfolge der Anmeldung)<\/label><\/span><span class=\"vfb-span\"><input type=\"checkbox\" name=\"vfb-19[]\" id=\"vfb-19-0\" value=\"Freitag, 16:30 | Museumsbesuch im H\u00e4ndelhaus\" class=\"vfb-checkbox  \" \/><label for=\"vfb-19-0\" class=\"vfb-choice\">Freitag, 16:30 | Museumsbesuch im H\u00e4ndelhaus<\/label><\/span><span class=\"vfb-span\"><input type=\"checkbox\" name=\"vfb-19[]\" id=\"vfb-19-1\" value=\"Freitag, 18 Uhr | gemeinsames Abendessen\" class=\"vfb-checkbox  \" \/><label for=\"vfb-19-1\" class=\"vfb-choice\">Freitag, 18 Uhr | gemeinsames Abendessen<\/label><\/span><span class=\"vfb-span\"><input type=\"checkbox\" name=\"vfb-19[]\" id=\"vfb-19-2\" value=\"Samstag, 18 Uhr | F\u00fchrung Dom und Orgel\" class=\"vfb-checkbox  \" \/><label for=\"vfb-19-2\" class=\"vfb-choice\">Samstag, 18 Uhr | F\u00fchrung Dom und Orgel<\/label><\/span><span class=\"vfb-span\"><input type=\"checkbox\" name=\"vfb-19[]\" id=\"vfb-19-3\" value=\"Samstag, 19 Uhr | gemeinsames Abendessen\" class=\"vfb-checkbox  \" \/><label for=\"vfb-19-3\" class=\"vfb-choice\">Samstag, 19 Uhr | gemeinsames Abendessen<\/label><\/span><div style=\"clear:both\"><\/div><\/div><\/li><\/div><div class=\"vfb-clear\"><\/div><li class=\"vfb-item vfb-item-textarea  \" id=\"item-vfb-18\"><label for=\"vfb-18\" class=\"vfb-desc\">Nachricht <\/label><div><span class=\"vfb-span\"><label>Gibt es noch etwas, das Sie uns mitteilen m\u00f6chten?<\/label><\/span><textarea name=\"vfb-18\" id=\"vfb-18\" class=\"vfb-textarea  vfb-small  \"><\/textarea><\/div><\/li><\/ul>&nbsp;<\/fieldset><fieldset class=\"vfb-fieldset vfb-fieldset-2 13 \" id=\"item-vfb-13\">&nbsp;<ul class=\"vfb-section vfb-section-2\"><li class=\"vfb-item vfb-item-radio  \" id=\"item-vfb-14\"><label class=\"vfb-desc\">Zustimmung zur Datenverwendung  <span class=\"vfb-required-asterisk\">*<\/span><\/label><div><span><label>Mit dem Absenden des Formulars erkl\u00e4ren Sie sich damit einverstanden, dass Ihre o. g. pers\u00f6nlichen Daten gespeichert (intern in Wordpress und auf Servern des IT Servicezentrums der Uni Halle) und verarbeitet (Export in ein anderes Format) werden. Eine E-Mail mit den Anmeldeinformationen geht an die Veranstalter. Die Daten werden f\u00fcr die Vorbereitung und Durchf\u00fchrung der Tagung verwendet und mindestens bis einen Monat nach Abschluss der Veranstaltung gespeichert, aber sp\u00e4testens zum 01.07.2022 gel\u00f6scht. Diese Website verwendet weiterhin Matomo (Piwik) zur Ermittlung von Nutzungsstatistiken. Weitere Informationen und die Opt-out Option finden Sie hier: <a href=\"https:\/\/blogs.urz.uni-halle.de\/dienst\/datenschutz\/\" target=\"_blank\">https:\/\/blogs.urz.uni-halle.de\/dienst\/datenschutz\/<\/a>. Sie haben das Recht, Auskunft \u00fcber die gespeicherten Daten sowie Berichtigung und L\u00f6schung zu verlangen; Beschwerde bei dem Landesdatenschutzbeauftragten des Landes Sachsen-Anhalt einzulegen und Ihre eingegebenen Daten in maschinenlesbarer Form zu erhalten.  Hier finden Sie die <a href=\"http:\/\/wcms.itz.uni-halle.de\/download.php?down=49362&elem=3138142\" target=\"_blank\">Erstinformation nach DSGVO (PDF)<\/a>.\r\nBei dieser Veranstaltung werden ggf. Film- und Fotoaufnahmen get\u00e4tigt. Diese Aufnahmen k\u00f6nnen von unserer Fakult\u00e4t auf jede derzeit verwendete bzw. zuk\u00fcnftig nutzbare Weise ver\u00f6ffentlicht, bearbeitet oder gespeichert werden.<\/label><\/span><span class=\"vfb-span\"><input type=\"radio\" name=\"vfb-14\" id=\"vfb-14-1\" value=\"Ich stimme zu\" class=\"vfb-radio  required \" \/><label for=\"vfb-14-1\" class=\"vfb-choice\">Ich stimme zu<\/label><\/span><div style=\"clear:both\"><\/div><\/div><\/li><\/ul>&nbsp;<\/fieldset><fieldset class=\"vfb-fieldset vfb-fieldset-3 sicherheitsfrage \" id=\"item-vfb-2\" style=\"display:block\"><div class=\"vfb-legend\"><h3>Sicherheitsfrage<\/h3><\/div><ul class=\"vfb-section vfb-section-3\"><li class=\"vfb-item vfb-item-secret\"  style=\"display:block\"><label for=\"vfb-3\" class=\"vfb-desc\">Bitte geben Sie eine beliebige 2-stellige Zahl ein <span class=\"vfb-required-asterisk\">*<\/span><\/label><input type=\"hidden\" name=\"_vfb-secret\" value=\"vfb-3\" \/><span class=\"vfb-span\"><input type=\"text\" name=\"vfb-3\" id=\"vfb-3\" value=\"\" class=\"vfb-text  vfb-medium  required {digits:true,maxlength:2,minlength:2} \" style=\"display:block\" \/><label>Example: 42<\/label><\/span><li style=\"display:none;\"><label>This box is for spam protection - <strong>please leave it blank<\/strong>:<\/label><div><input name=\"vfb-spam\" \/><\/div><\/li>\n\t\t\t<li class=\"vfb-item vfb-item-submit\" id=\"item-vfb-4\">\n\t\t\t\t\t\t<input type=\"submit\" name=\"vfb-submit\" id=\"vfb-4\" value=\"Anmelden\" class=\"vfb-submit \" \/>\n\t\t\t\t\t\t<\/li><\/ul>\n\t\t\t<\/fieldset><input type=\"hidden\" name=\"_wp_http_referer\" value=\"\/instrument2021\/wp-json\/wp\/v2\/pages\/67\" \/><\/form><\/div> <!-- .visual-form-builder-container -->\n","protected":false},"excerpt":{"rendered":"","protected":false},"author":2695,"featured_media":0,"parent":0,"menu_order":0,"comment_status":"closed","ping_status":"closed","template":"","meta":[],"_links":{"self":[{"href":"https:\/\/blogs.urz.uni-halle.de\/instrument2021\/wp-json\/wp\/v2\/pages\/67"}],"collection":[{"href":"https:\/\/blogs.urz.uni-halle.de\/instrument2021\/wp-json\/wp\/v2\/pages"}],"about":[{"href":"https:\/\/blogs.urz.uni-halle.de\/instrument2021\/wp-json\/wp\/v2\/types\/page"}],"author":[{"embeddable":true,"href":"https:\/\/blogs.urz.uni-halle.de\/instrument2021\/wp-json\/wp\/v2\/users\/2695"}],"replies":[{"embeddable":true,"href":"https:\/\/blogs.urz.uni-halle.de\/instrument2021\/wp-json\/wp\/v2\/comments?post=67"}],"version-history":[{"count":3,"href":"https:\/\/blogs.urz.uni-halle.de\/instrument2021\/wp-json\/wp\/v2\/pages\/67\/revisions"}],"predecessor-version":[{"id":74,"href":"https:\/\/blogs.urz.uni-halle.de\/instrument2021\/wp-json\/wp\/v2\/pages\/67\/revisions\/74"}],"wp:attachment":[{"href":"https:\/\/blogs.urz.uni-halle.de\/instrument2021\/wp-json\/wp\/v2\/media?parent=67"}],"curies":[{"name":"wp","href":"https:\/\/api.w.org\/{rel}","templated":true}]}}