{"id":4224,"date":"2021-01-27T16:43:22","date_gmt":"2021-01-27T15:43:22","guid":{"rendered":"https:\/\/blogs.urz.uni-halle.de\/irtgpolymers\/?page_id=4224"},"modified":"2023-02-05T11:21:25","modified_gmt":"2023-02-05T10:21:25","slug":"imprint","status":"publish","type":"page","link":"https:\/\/blogs.urz.uni-halle.de\/irtgpolymers\/imprint\/","title":{"rendered":"Imprint"},"content":{"rendered":"\n<p><strong>Impressum nach \u00a7 5 TMG<\/strong><\/p>\n\n\n\n<p><strong>Institution<\/strong><\/p>\n\n\n\n<p>Die Martin-Luther-Universit\u00e4t Halle-Wittenberg ist eine K\u00f6rperschaft des \u00f6ffentlichen Rechts. Sie wird durch die Rektorin Frau Prof. Dr. Claudia Becker gesetzlich vertreten: &#x69;n&#x66;&#111;&#x40;&#x75;n&#x69;&#45;&#x68;&#x61;l&#x6c;&#101;&#x2e;&#x64;e<\/p>\n\n\n\n<p><strong>Angaben<\/strong><\/p>\n\n\n\n<p>Martin-Luther-Universit\u00e4t Halle-Wittenberg<br>Universit\u00e4tsplatz 10<br>06108 Halle<br>Deutschland<br>Telefon: &nbsp;&nbsp;&nbsp;&nbsp;&nbsp;&nbsp;&nbsp; 0345 \/ 55 20<br>Fax: &nbsp;&nbsp;&nbsp;&nbsp;&nbsp;&nbsp;&nbsp;&nbsp;&nbsp;&nbsp;&nbsp;&nbsp;&nbsp;&nbsp; 0345 \/ 55 27 077<br>E-Mail: &nbsp;&nbsp;&nbsp;&nbsp;&nbsp;&nbsp;&nbsp;&nbsp; &#105;&#x6e;&#102;&#x6f;&#64;&#x75;&#110;&#x69;&#45;&#x68;&#97;&#x6c;&#108;&#x65;&#46;&#x64;&#101;&nbsp;&nbsp;&nbsp;&nbsp; <br>Internet: &nbsp;&nbsp;&nbsp;&nbsp;&nbsp;&nbsp; www.uni-halle.de<br>Umsatzsteuer-Identifikationsnummer: DE 811353703 gem\u00e4\u00df \u00a7 27 a Umsatzsteuergesetz<\/p>\n\n\n\n<p><strong>Institut<\/strong><\/p>\n\n\n\n<p>Martin-Luther-Universit\u00e4t Halle-Wittenberg<br>Naturwissenschaftliche Fakult\u00e4t II<br>Institut f\u00fcr Physik<br>Gesch\u00e4ftsstelle SFB\/TRR 102<br>Von-Danckelmann-Platz 3<br>06120 Halle (Saale)<\/p>\n\n\n\n<p>sfb&#45;&#116;&#114;&#x72;&#x2d;&#x31;&#x30;&#x32;&#x2d;off&#105;&#99;&#101;&#64;&#x70;&#x68;&#x79;&#x73;&#x69;&#x6b;&#46;un&#105;&#45;&#104;&#x61;&#x6c;&#x6c;&#x65;&#x2e;&#x64;e<\/p>\n\n\n\n<p><strong>Aufsichtsbeh\u00f6rde<\/strong><\/p>\n\n\n\n<p>Die zust\u00e4ndige Aufsichtsbeh\u00f6rde ist das<br>Ministerium f\u00fcr Wissenschaft, Energie, Klimaschutz und Umwelt des Landes Sachsen-Anhalt<br>Leipziger Stra\u00dfe 58<br>39112 Magdeburg<br>E-Mail: <a href=\"&#109;&#x61;i&#x6c;t&#111;&#x3a;&#112;&#x6f;s&#116;&#x73;&#116;&#x65;l&#x6c;&#x65;&#64;&#x6d;w&#x75;&#46;&#115;&#x61;&#99;&#x68;s&#101;&#x6e;&#45;&#x61;n&#104;&#x61;&#108;&#x74;&#46;&#x64;&#x65;\">&#x70;&#x6f;&#x73;&#116;&#115;te&#x6c;&#x6c;&#x65;&#64;&#109;wu&#x2e;&#x73;&#x61;&#99;&#104;se&#x6e;&#x2d;&#x61;&#110;&#104;al&#x74;&#x2e;&#x64;&#101;<\/a><br>Web: <a href=\"http:\/\/www.mwu.sachsen-anhalt.de\/\" target=\"_blank\" rel=\"noreferrer noopener\">www.mwu.sachsen-anhalt.de<\/a><strong><\/strong><\/p>\n","protected":false},"excerpt":{"rendered":"<p>Impressum nach \u00a7 5 TMG Institution Die Martin-Luther-Universit\u00e4t Halle-Wittenberg ist eine K\u00f6rperschaft des \u00f6ffentlichen Rechts. Sie wird durch &hellip; <a href=\"https:\/\/blogs.urz.uni-halle.de\/irtgpolymers\/imprint\/\" class=\"more-link\">Continue reading<span class=\"screen-reader-text\"> &#8220;Imprint&#8221;<\/span><\/a><\/p>\n","protected":false},"author":5009,"featured_media":0,"parent":0,"menu_order":0,"comment_status":"closed","ping_status":"closed","template":"","meta":{"ngg_post_thumbnail":0},"_links":{"self":[{"href":"https:\/\/blogs.urz.uni-halle.de\/irtgpolymers\/wp-json\/wp\/v2\/pages\/4224"}],"collection":[{"href":"https:\/\/blogs.urz.uni-halle.de\/irtgpolymers\/wp-json\/wp\/v2\/pages"}],"about":[{"href":"https:\/\/blogs.urz.uni-halle.de\/irtgpolymers\/wp-json\/wp\/v2\/types\/page"}],"author":[{"embeddable":true,"href":"https:\/\/blogs.urz.uni-halle.de\/irtgpolymers\/wp-json\/wp\/v2\/users\/5009"}],"replies":[{"embeddable":true,"href":"https:\/\/blogs.urz.uni-halle.de\/irtgpolymers\/wp-json\/wp\/v2\/comments?post=4224"}],"version-history":[{"count":3,"href":"https:\/\/blogs.urz.uni-halle.de\/irtgpolymers\/wp-json\/wp\/v2\/pages\/4224\/revisions"}],"predecessor-version":[{"id":6001,"href":"https:\/\/blogs.urz.uni-halle.de\/irtgpolymers\/wp-json\/wp\/v2\/pages\/4224\/revisions\/6001"}],"wp:attachment":[{"href":"https:\/\/blogs.urz.uni-halle.de\/irtgpolymers\/wp-json\/wp\/v2\/media?parent=4224"}],"curies":[{"name":"wp","href":"https:\/\/api.w.org\/{rel}","templated":true}]}}