{"id":23,"date":"2019-10-13T23:29:15","date_gmt":"2019-10-13T21:29:15","guid":{"rendered":"https:\/\/blogs.urz.uni-halle.de\/itsgonnabeokay\/?page_id=23"},"modified":"2019-10-29T18:32:20","modified_gmt":"2019-10-29T17:32:20","slug":"protagonisten","status":"publish","type":"page","link":"https:\/\/blogs.urz.uni-halle.de\/itsgonnabeokay\/protagonisten\/","title":{"rendered":"Protagonisten"},"content":{"rendered":"<p><img loading=\"lazy\" class=\"alignleft wp-image-88\" src=\"https:\/\/blogs.urz.uni-halle.de\/itsgonnabeokay\/files\/2019\/10\/Screenshot-7-e1572370176280-172x300.png\" alt=\"\" width=\"191\" height=\"333\" srcset=\"https:\/\/blogs.urz.uni-halle.de\/itsgonnabeokay\/files\/2019\/10\/Screenshot-7-e1572370176280-172x300.png 172w, https:\/\/blogs.urz.uni-halle.de\/itsgonnabeokay\/files\/2019\/10\/Screenshot-7-e1572370176280-588x1024.png 588w, https:\/\/blogs.urz.uni-halle.de\/itsgonnabeokay\/files\/2019\/10\/Screenshot-7-e1572370176280.png 614w\" sizes=\"(max-width: 191px) 100vw, 191px\" \/>Zur Verdeutlichung und Nachvollziehbarkeit der Handlung der Webserie <em>It&#8217;s Gonna Be Okay.<\/em> dienen die folgenden Figurenerkl\u00e4rungen der drei Protagonisten. Lest weiter und erfahrt in welchem Konflikt Jennifer steht, was Silke von der n\u00e4chsten Zigarette abh\u00e4lt und wie Colin zu seiner Sucht kam.<\/p>\n<p>Erfahrt mehr \u00fcber:<br \/>\n<a href=\"https:\/\/blogs.urz.uni-halle.de\/itsgonnabeokay\/die-3-suechtigen\/jennifer-hartmann\/\">Jennifer<\/a><br \/>\n<a href=\"https:\/\/blogs.urz.uni-halle.de\/itsgonnabeokay\/die-3-suechtigen\/colin-brock\/\">Colin<\/a><br \/>\n<a href=\"https:\/\/blogs.urz.uni-halle.de\/itsgonnabeokay\/die-3-suechtigen\/silke-schuetze\/\">Silke<\/a><\/p>\n","protected":false},"excerpt":{"rendered":"<p>Zur Verdeutlichung und Nachvollziehbarkeit der Handlung der Webserie It&#8217;s Gonna Be Okay. dienen die folgenden Figurenerkl\u00e4rungen der drei Protagonisten. Lest weiter und erfahrt in welchem Konflikt Jennifer steht, was Silke von der n\u00e4chsten Zigarette abh\u00e4lt und wie Colin zu seiner Sucht kam. Erfahrt mehr \u00fcber: Jennifer Colin Silke<\/p>\n","protected":false},"author":3308,"featured_media":0,"parent":0,"menu_order":0,"comment_status":"closed","ping_status":"closed","template":"","meta":[],"_links":{"self":[{"href":"https:\/\/blogs.urz.uni-halle.de\/itsgonnabeokay\/wp-json\/wp\/v2\/pages\/23"}],"collection":[{"href":"https:\/\/blogs.urz.uni-halle.de\/itsgonnabeokay\/wp-json\/wp\/v2\/pages"}],"about":[{"href":"https:\/\/blogs.urz.uni-halle.de\/itsgonnabeokay\/wp-json\/wp\/v2\/types\/page"}],"author":[{"embeddable":true,"href":"https:\/\/blogs.urz.uni-halle.de\/itsgonnabeokay\/wp-json\/wp\/v2\/users\/3308"}],"replies":[{"embeddable":true,"href":"https:\/\/blogs.urz.uni-halle.de\/itsgonnabeokay\/wp-json\/wp\/v2\/comments?post=23"}],"version-history":[{"count":10,"href":"https:\/\/blogs.urz.uni-halle.de\/itsgonnabeokay\/wp-json\/wp\/v2\/pages\/23\/revisions"}],"predecessor-version":[{"id":107,"href":"https:\/\/blogs.urz.uni-halle.de\/itsgonnabeokay\/wp-json\/wp\/v2\/pages\/23\/revisions\/107"}],"wp:attachment":[{"href":"https:\/\/blogs.urz.uni-halle.de\/itsgonnabeokay\/wp-json\/wp\/v2\/media?parent=23"}],"curies":[{"name":"wp","href":"https:\/\/api.w.org\/{rel}","templated":true}]}}