{"id":34,"date":"2019-10-16T17:16:21","date_gmt":"2019-10-16T15:16:21","guid":{"rendered":"https:\/\/blogs.urz.uni-halle.de\/itsgonnabeokay\/?page_id=34"},"modified":"2019-10-29T18:41:05","modified_gmt":"2019-10-29T17:41:05","slug":"die-webserie-its-gonna-be-okay","status":"publish","type":"page","link":"https:\/\/blogs.urz.uni-halle.de\/itsgonnabeokay\/","title":{"rendered":"Die Webserie It&#8217;s Gonna Be Okay."},"content":{"rendered":"<p><strong>Achtung:<\/strong> Die Inhalte der Serie k\u00f6nnen f\u00fcr manche Zuschauer bedr\u00fcckend wirken. Falls Sie selbst Probleme mit Drogenkonsum haben, informieren Sie sich unter:\u00a0 <a href=\"http:\/\/drogenhilfe.info\">drogenhilfe.info<\/a>, <a href=\"https:\/\/drobs-halle.de\/\">drobs-halle.de<\/a>, <a href=\"https:\/\/drk.de\/hilfe-in-deutschland\/gesundheit-und-praevention\/suchtberatung\/\">drk.de<\/a>, <a href=\"https:\/\/www.caritas.de\/hilfeundberatung\/onlineberatung\/suchtberatung\/start\">caritas.de<\/a>, <a href=\"https:\/\/www.kmdd.de\/infopool-und-hilfe\/hilfe-und-beratung\">kmdd.de<\/a>, <a href=\"https:\/\/www.awo-halle-merseburg.de\/angebote\/beratung-und-unterstuetzung\/suchtberatung\/sprechzeiten\">awo.halle-merseburg.de<\/a> oder bei der bundesweiten Sucht- und Drogenhotline derDrogenbeauftragten der Bundesregierung: 01805313031.<\/p>\n<p><em>It&#8217;s Gonna Be Okay.<\/em> ist eine Webserie von f\u00fcnf Studenten der MLU Halle-Wittenberg. Im Verlauf der ersten Staffel der fiktiven Serie begleitet der Zuschauer drei drogenabh\u00e4ngige Menschen durch ihren Alltag. Es werden verschiedene Stadien der Abh\u00e4ngigkeit dargestellt und der Heilungsprozess, also das Loskommen von der Sucht, steht nicht im Mittelpunkt der Serie. Eine weitere Besonderheit ist, dass die Protagonisten sich nicht kennen und nicht direkt miteinander agieren. Das verbindene Element ist ein Gruppenchat, indem sich diverse kranke Menschen austauschen und \u00fcber ihre Lage berichten.<\/p>\n<p>Die Zielgruppe sind vor allem junge Erwachsene, die \u00e4hnlich alt sind wie die drei Hauptfiguren. Pro Staffel gibt es f\u00fcnf Folgen, wobei eine Staffel einen Tag im Leben der S\u00fcchtigen darstellt. Das hei\u00dft, dass die Handlungsstr\u00e4nge innerhalb einer Folge synchron verlaufen. K\u00fcnftige Staffeln haben andere Hauptfiguren und Themen, sodass am Ende der Serie diverse Probleme junger Menschen aufgegriffen und kritisch behandelt werden.<\/p>\n<p>Seht hier den Trailer der ersten Staffel von <em>It&#8217;s Gonna Be Okay.<\/em><\/p>\n<p><iframe width=\"625\" height=\"469\" src=\"https:\/\/www.youtube.com\/embed\/I1nEanMcFNI?feature=oembed\" frameborder=\"0\" allow=\"accelerometer; autoplay; encrypted-media; gyroscope; picture-in-picture\" allowfullscreen><\/iframe><\/p>\n<p>F\u00fcr die Anfangsszene des Trailers gibt es insgesamt drei Varianten! Schaut euch gerne alle an.<\/p>\n<p><iframe width=\"625\" height=\"469\" src=\"https:\/\/www.youtube.com\/embed\/3LEI_GwQUnw?feature=oembed\" frameborder=\"0\" allow=\"accelerometer; autoplay; encrypted-media; gyroscope; picture-in-picture\" allowfullscreen><\/iframe><\/p>\n<p><iframe width=\"625\" height=\"469\" src=\"https:\/\/www.youtube.com\/embed\/X9irIPDM5wA?feature=oembed\" frameborder=\"0\" allow=\"accelerometer; autoplay; encrypted-media; gyroscope; picture-in-picture\" allowfullscreen><\/iframe><\/p>\n<p><iframe width=\"625\" height=\"469\" src=\"https:\/\/www.youtube.com\/embed\/mYCWjScae64?feature=oembed\" frameborder=\"0\" allow=\"accelerometer; autoplay; encrypted-media; gyroscope; picture-in-picture\" allowfullscreen><\/iframe><\/p>\n<p>Im Verlauf der Dreharbeiten wurden selbstverst\u00e4ndlich <strong>keine <\/strong>Drogen konsumiert.<\/p>\n","protected":false},"excerpt":{"rendered":"<p>Achtung: Die Inhalte der Serie k\u00f6nnen f\u00fcr manche Zuschauer bedr\u00fcckend wirken. Falls Sie selbst Probleme mit Drogenkonsum haben, informieren Sie sich unter:\u00a0 drogenhilfe.info, drobs-halle.de, drk.de, caritas.de, kmdd.de, awo.halle-merseburg.de oder bei der bundesweiten Sucht- und Drogenhotline derDrogenbeauftragten der Bundesregierung: 01805313031. It&#8217;s Gonna Be Okay. ist eine Webserie von f\u00fcnf Studenten der MLU Halle-Wittenberg. Im Verlauf der [&hellip;]<\/p>\n","protected":false},"author":3308,"featured_media":0,"parent":0,"menu_order":0,"comment_status":"closed","ping_status":"closed","template":"","meta":[],"_links":{"self":[{"href":"https:\/\/blogs.urz.uni-halle.de\/itsgonnabeokay\/wp-json\/wp\/v2\/pages\/34"}],"collection":[{"href":"https:\/\/blogs.urz.uni-halle.de\/itsgonnabeokay\/wp-json\/wp\/v2\/pages"}],"about":[{"href":"https:\/\/blogs.urz.uni-halle.de\/itsgonnabeokay\/wp-json\/wp\/v2\/types\/page"}],"author":[{"embeddable":true,"href":"https:\/\/blogs.urz.uni-halle.de\/itsgonnabeokay\/wp-json\/wp\/v2\/users\/3308"}],"replies":[{"embeddable":true,"href":"https:\/\/blogs.urz.uni-halle.de\/itsgonnabeokay\/wp-json\/wp\/v2\/comments?post=34"}],"version-history":[{"count":10,"href":"https:\/\/blogs.urz.uni-halle.de\/itsgonnabeokay\/wp-json\/wp\/v2\/pages\/34\/revisions"}],"predecessor-version":[{"id":108,"href":"https:\/\/blogs.urz.uni-halle.de\/itsgonnabeokay\/wp-json\/wp\/v2\/pages\/34\/revisions\/108"}],"wp:attachment":[{"href":"https:\/\/blogs.urz.uni-halle.de\/itsgonnabeokay\/wp-json\/wp\/v2\/media?parent=34"}],"curies":[{"name":"wp","href":"https:\/\/api.w.org\/{rel}","templated":true}]}}