{"id":898,"date":"2024-01-07T22:02:57","date_gmt":"2024-01-07T21:02:57","guid":{"rendered":"https:\/\/blogs.urz.uni-halle.de\/jsqissa\/?page_id=898"},"modified":"2025-07-29T23:35:32","modified_gmt":"2025-07-29T21:35:32","slug":"tuerk-masallarinin-hazinesinden","status":"publish","type":"page","link":"https:\/\/blogs.urz.uni-halle.de\/jsqissa\/tuerk-masallarinin-hazinesinden\/","title":{"rendered":"T\u00fcrk masallar\u0131n\u0131n hazinesinden"},"content":{"rendered":"\n<figure class=\"wp-block-image size-large is-style-default\"><img loading=\"lazy\" width=\"1400\" height=\"986\" src=\"https:\/\/blogs.urz.uni-halle.de\/jsqissa\/files\/2025\/07\/Halil-Bey-ve-Candarma-Bekir-icin-mutlu-sonuc.jpg\" alt=\"\" class=\"wp-image-1154\" srcset=\"https:\/\/blogs.urz.uni-halle.de\/jsqissa\/files\/2025\/07\/Halil-Bey-ve-Candarma-Bekir-icin-mutlu-sonuc.jpg 1400w, https:\/\/blogs.urz.uni-halle.de\/jsqissa\/files\/2025\/07\/Halil-Bey-ve-Candarma-Bekir-icin-mutlu-sonuc-800x563.jpg 800w, https:\/\/blogs.urz.uni-halle.de\/jsqissa\/files\/2025\/07\/Halil-Bey-ve-Candarma-Bekir-icin-mutlu-sonuc-768x541.jpg 768w, https:\/\/blogs.urz.uni-halle.de\/jsqissa\/files\/2025\/07\/Halil-Bey-ve-Candarma-Bekir-icin-mutlu-sonuc-1390x979.jpg 1390w\" sizes=\"(max-width: 1400px) 100vw, 1400px\" \/><\/figure>\n\n\n\n<figure class=\"wp-block-embed-wordpress wp-block-embed is-type-wp-embed is-provider-\u0642\u0635\u0629-\u0645\u0646-\u062c\u064a\u0646\"><div class=\"wp-block-embed__wrapper\">\n<blockquote class=\"wp-embedded-content\" data-secret=\"9Qhp5Xpf7U\"><a href=\"https:\/\/blogs.urz.uni-halle.de\/jsqissa\/candarma-bekir-ve-halil-efe\/\">Candarma Bekir ve Halil Efe<\/a><\/blockquote><iframe class=\"wp-embedded-content\" sandbox=\"allow-scripts\" security=\"restricted\" style=\"position: absolute; clip: rect(1px, 1px, 1px, 1px);\" title=\"&#8222;Candarma Bekir ve Halil Efe&#8220; &#8212; \u0642\u0635\u0629 \u0645\u0646 \u062c\u064a\u0646\" src=\"https:\/\/blogs.urz.uni-halle.de\/jsqissa\/candarma-bekir-ve-halil-efe\/embed\/#?secret=9Qhp5Xpf7U\" data-secret=\"9Qhp5Xpf7U\" width=\"600\" height=\"338\" frameborder=\"0\" marginwidth=\"0\" marginheight=\"0\" scrolling=\"no\"><\/iframe>\n<\/div><\/figure>\n\n\n\n<figure class=\"wp-block-embed-wordpress wp-block-embed is-type-wp-embed is-provider-\u0642\u0635\u0629-\u0645\u0646-\u062c\u064a\u0646\"><div class=\"wp-block-embed__wrapper\">\n<blockquote class=\"wp-embedded-content\" data-secret=\"00IqoDbgha\"><a href=\"https:\/\/blogs.urz.uni-halle.de\/jsqissa\/asik-ve-cift-jandarma\/\">A\u015f\u0131k ve \u00c7ift jandarma<\/a><\/blockquote><iframe class=\"wp-embedded-content\" sandbox=\"allow-scripts\" security=\"restricted\" style=\"position: absolute; clip: rect(1px, 1px, 1px, 1px);\" title=\"&#8222;A\u015f\u0131k ve \u00c7ift jandarma&#8220; &#8212; \u0642\u0635\u0629 \u0645\u0646 \u062c\u064a\u0646\" src=\"https:\/\/blogs.urz.uni-halle.de\/jsqissa\/asik-ve-cift-jandarma\/embed\/#?secret=00IqoDbgha\" data-secret=\"00IqoDbgha\" width=\"600\" height=\"338\" frameborder=\"0\" marginwidth=\"0\" marginheight=\"0\" scrolling=\"no\"><\/iframe>\n<\/div><\/figure>\n\n\n\n<figure class=\"wp-block-embed-wordpress wp-block-embed is-type-wp-embed is-provider-\u0642\u0635\u0629-\u0645\u0646-\u062c\u064a\u0646\"><div class=\"wp-block-embed__wrapper\">\n<blockquote class=\"wp-embedded-content\" data-secret=\"t0PxrNohkF\"><a href=\"https:\/\/blogs.urz.uni-halle.de\/jsqissa\/cift-jandarma-geliyor-loy-kaymakam-konagindan\/\">\u00c7ift jandarma geliyor loy kaymakam kona\u011f\u0131ndan<\/a><\/blockquote><iframe class=\"wp-embedded-content\" sandbox=\"allow-scripts\" security=\"restricted\" style=\"position: absolute; clip: rect(1px, 1px, 1px, 1px);\" title=\"&#8222;\u00c7ift jandarma geliyor loy kaymakam kona\u011f\u0131ndan&#8220; &#8212; \u0642\u0635\u0629 \u0645\u0646 \u062c\u064a\u0646\" src=\"https:\/\/blogs.urz.uni-halle.de\/jsqissa\/cift-jandarma-geliyor-loy-kaymakam-konagindan\/embed\/#?secret=t0PxrNohkF\" data-secret=\"t0PxrNohkF\" width=\"600\" height=\"338\" frameborder=\"0\" marginwidth=\"0\" marginheight=\"0\" scrolling=\"no\"><\/iframe>\n<\/div><\/figure>\n\n\n\n<figure class=\"wp-block-embed-wordpress wp-block-embed is-type-wp-embed is-provider-\u0642\u0635\u0629-\u0645\u0646-\u062c\u064a\u0646\"><div class=\"wp-block-embed__wrapper\">\n<blockquote class=\"wp-embedded-content\" data-secret=\"Fmrb204zZk\"><a href=\"https:\/\/blogs.urz.uni-halle.de\/jsqissa\/zaptiyeden-jandarmaya\/\">Zaptiye&#8217;den Jandarma&#8217;ya<\/a><\/blockquote><iframe class=\"wp-embedded-content\" sandbox=\"allow-scripts\" security=\"restricted\" style=\"position: absolute; clip: rect(1px, 1px, 1px, 1px);\" title=\"&#8222;Zaptiye&#8217;den Jandarma&#8217;ya&#8220; &#8212; \u0642\u0635\u0629 \u0645\u0646 \u062c\u064a\u0646\" src=\"https:\/\/blogs.urz.uni-halle.de\/jsqissa\/zaptiyeden-jandarmaya\/embed\/#?secret=Fmrb204zZk\" data-secret=\"Fmrb204zZk\" width=\"600\" height=\"338\" frameborder=\"0\" marginwidth=\"0\" marginheight=\"0\" scrolling=\"no\"><\/iframe>\n<\/div><\/figure>\n\n\n\n<figure class=\"wp-block-embed-wordpress wp-block-embed is-type-wp-embed is-provider-\u0642\u0635\u0629-\u0645\u0646-\u062c\u064a\u0646\"><div class=\"wp-block-embed__wrapper\">\n<blockquote class=\"wp-embedded-content\" data-secret=\"3QOjEeN9eB\"><a href=\"https:\/\/blogs.urz.uni-halle.de\/jsqissa\/jandarma-karakolunda-misafirim\/\">Jandarma karakolunda misafirim<\/a><\/blockquote><iframe class=\"wp-embedded-content\" sandbox=\"allow-scripts\" security=\"restricted\" style=\"position: absolute; clip: rect(1px, 1px, 1px, 1px);\" title=\"&#8222;Jandarma karakolunda misafirim&#8220; &#8212; \u0642\u0635\u0629 \u0645\u0646 \u062c\u064a\u0646\" src=\"https:\/\/blogs.urz.uni-halle.de\/jsqissa\/jandarma-karakolunda-misafirim\/embed\/#?secret=3QOjEeN9eB\" data-secret=\"3QOjEeN9eB\" width=\"600\" height=\"338\" frameborder=\"0\" marginwidth=\"0\" marginheight=\"0\" scrolling=\"no\"><\/iframe>\n<\/div><\/figure>\n\n\n\n<figure class=\"wp-block-embed-wordpress wp-block-embed is-type-wp-embed is-provider-\u0642\u0635\u0629-\u0645\u0646-\u062c\u064a\u0646\"><div class=\"wp-block-embed__wrapper\">\n<blockquote class=\"wp-embedded-content\" data-secret=\"YZXRdM1wZk\"><a href=\"https:\/\/blogs.urz.uni-halle.de\/jsqissa\/sansli-olan-icin-saat-vurmaz\/\">\u015eansl\u0131 olan i\u00e7in saat vurmaz<\/a><\/blockquote><iframe class=\"wp-embedded-content\" sandbox=\"allow-scripts\" security=\"restricted\" style=\"position: absolute; clip: rect(1px, 1px, 1px, 1px);\" title=\"&#8222;\u015eansl\u0131 olan i\u00e7in saat vurmaz&#8220; &#8212; \u0642\u0635\u0629 \u0645\u0646 \u062c\u064a\u0646\" src=\"https:\/\/blogs.urz.uni-halle.de\/jsqissa\/sansli-olan-icin-saat-vurmaz\/embed\/#?secret=YZXRdM1wZk\" data-secret=\"YZXRdM1wZk\" width=\"600\" height=\"338\" frameborder=\"0\" marginwidth=\"0\" marginheight=\"0\" scrolling=\"no\"><\/iframe>\n<\/div><\/figure>\n\n\n\n<figure class=\"wp-block-embed-wordpress wp-block-embed is-type-wp-embed is-provider-\u0642\u0635\u0629-\u0645\u0646-\u062c\u064a\u0646\"><div class=\"wp-block-embed__wrapper\">\n<blockquote class=\"wp-embedded-content\" data-secret=\"Yq3ZDlkwlI\"><a href=\"https:\/\/blogs.urz.uni-halle.de\/jsqissa\/bir-zamanlar-anadoluda-demirelin-daglarinda\/\">Bir zamanlar Anadolu&#8217;da Demirel&#8217;in da\u011flar\u0131nda<\/a><\/blockquote><iframe class=\"wp-embedded-content\" sandbox=\"allow-scripts\" security=\"restricted\" style=\"position: absolute; clip: rect(1px, 1px, 1px, 1px);\" title=\"&#8222;Bir zamanlar Anadolu&#8217;da Demirel&#8217;in da\u011flar\u0131nda&#8220; &#8212; \u0642\u0635\u0629 \u0645\u0646 \u062c\u064a\u0646\" src=\"https:\/\/blogs.urz.uni-halle.de\/jsqissa\/bir-zamanlar-anadoluda-demirelin-daglarinda\/embed\/#?secret=Yq3ZDlkwlI\" data-secret=\"Yq3ZDlkwlI\" width=\"600\" height=\"338\" frameborder=\"0\" marginwidth=\"0\" marginheight=\"0\" scrolling=\"no\"><\/iframe>\n<\/div><\/figure>\n\n\n\n<figure class=\"wp-block-embed-wordpress wp-block-embed is-type-wp-embed is-provider-\u0642\u0635\u0629-\u0645\u0646-\u062c\u064a\u0646\"><div class=\"wp-block-embed__wrapper\">\n<blockquote class=\"wp-embedded-content\" data-secret=\"lP9BayLVAQ\"><a href=\"https:\/\/blogs.urz.uni-halle.de\/jsqissa\/mahpus-yoldas-pencereden-jandarmaya-bakiyor\/\">Mahpus yolda\u015f pencereden jandarmaya bak\u0131yor<\/a><\/blockquote><iframe class=\"wp-embedded-content\" sandbox=\"allow-scripts\" security=\"restricted\" style=\"position: absolute; clip: rect(1px, 1px, 1px, 1px);\" title=\"&#8222;Mahpus yolda\u015f pencereden jandarmaya bak\u0131yor&#8220; &#8212; \u0642\u0635\u0629 \u0645\u0646 \u062c\u064a\u0646\" src=\"https:\/\/blogs.urz.uni-halle.de\/jsqissa\/mahpus-yoldas-pencereden-jandarmaya-bakiyor\/embed\/#?secret=lP9BayLVAQ\" data-secret=\"lP9BayLVAQ\" width=\"600\" height=\"338\" frameborder=\"0\" marginwidth=\"0\" marginheight=\"0\" scrolling=\"no\"><\/iframe>\n<\/div><\/figure>\n","protected":false},"excerpt":{"rendered":"","protected":false},"author":5653,"featured_media":0,"parent":0,"menu_order":1,"comment_status":"closed","ping_status":"closed","template":"","meta":[],"yoast_head":"<!-- This site is optimized with the Yoast SEO plugin v15.6.2 - https:\/\/yoast.com\/wordpress\/plugins\/seo\/ -->\n<title>T\u00fcrk masallar\u0131n\u0131n hazinesinden - Candarmalar \u2013 masal d\u00fcnyas\u0131ndan cazibeli yarat\u0131klar T\u00fcrk masallar\u0131 ve \u00f6yk\u00fcler \u0642\u0635\u0629 \u0645\u0646 \u062c\u064a\u0646<\/title>\n<meta name=\"description\" content=\"T\u00fcrk masallar\u0131 ve \u00f6yk\u00fcler - Candarmalar \u2013 masal d\u00fcnyas\u0131ndan cazibeli yarat\u0131klar\" \/>\n<meta name=\"robots\" content=\"index, follow, max-snippet:-1, max-image-preview:large, max-video-preview:-1\" \/>\n<link rel=\"canonical\" href=\"https:\/\/blogs.urz.uni-halle.de\/jsqissa\/tuerk-masallarinin-hazinesinden\/\" \/>\n<meta property=\"og:locale\" content=\"de_DE\" \/>\n<meta property=\"og:type\" content=\"article\" \/>\n<meta property=\"og:title\" content=\"T\u00fcrk masallar\u0131n\u0131n hazinesinden - Candarmalar \u2013 masal d\u00fcnyas\u0131ndan cazibeli yarat\u0131klar T\u00fcrk masallar\u0131 ve \u00f6yk\u00fcler \u0642\u0635\u0629 \u0645\u0646 \u062c\u064a\u0646\" \/>\n<meta property=\"og:description\" content=\"T\u00fcrk masallar\u0131 ve \u00f6yk\u00fcler - Candarmalar \u2013 masal d\u00fcnyas\u0131ndan cazibeli yarat\u0131klar\" \/>\n<meta property=\"og:url\" content=\"https:\/\/blogs.urz.uni-halle.de\/jsqissa\/tuerk-masallarinin-hazinesinden\/\" \/>\n<meta property=\"og:site_name\" content=\"\u0642\u0635\u0629 \u0645\u0646 \u062c\u064a\u0646\" \/>\n<meta property=\"article:publisher\" content=\"https:\/\/www.facebook.com\/profile.php?id=100094232555199\" \/>\n<meta property=\"article:modified_time\" content=\"2025-07-29T21:35:32+00:00\" \/>\n<meta property=\"og:image\" content=\"https:\/\/blogs.urz.uni-halle.de\/jsqissa\/files\/2025\/07\/Halil-Bey-ve-Candarma-Bekir-icin-mutlu-sonuc.jpg\" \/>\n<meta name=\"twitter:card\" content=\"summary_large_image\" \/>\n<meta name=\"twitter:label1\" content=\"Gesch\u00e4tzte Lesezeit\">\n\t<meta name=\"twitter:data1\" content=\"1\u00a0Minute\">\n<script type=\"application\/ld+json\" class=\"yoast-schema-graph\">{\"@context\":\"https:\/\/schema.org\",\"@graph\":[{\"@type\":[\"Person\",\"Organization\"],\"@id\":\"https:\/\/blogs.urz.uni-halle.de\/jsqissa\/#\/schema\/person\/02246daff9145b8f99d5df440a4b54c5\",\"name\":\"Jane Siebert\",\"image\":{\"@type\":\"ImageObject\",\"@id\":\"https:\/\/blogs.urz.uni-halle.de\/jsqissa\/#personlogo\",\"inLanguage\":\"de\",\"url\":\"https:\/\/secure.gravatar.com\/avatar\/0c90bfb5451423267fc09bee58c5373f?s=96&d=mm&r=g\",\"caption\":\"Jane Siebert\"},\"logo\":{\"@id\":\"https:\/\/blogs.urz.uni-halle.de\/jsqissa\/#personlogo\"},\"description\":\"\\u0623\\u0646\\u0627 \\u0637\\u0627\\u0644\\u0628\\u0629 \\u0641\\u064a \\u062c\\u0627\\u0645\\u0639\\u0629 \\u0645\\u0627\\u0631\\u062a\\u0646 \\u0644\\u0648\\u062b\\u0631 \\u0641\\u064a \\u0647\\u0627\\u0644\\u0647 \\u0623\\u0646\\u0627 \\u0645\\u0647\\u062a\\u0645 \\u0628\\u0627\\u0644\\u0644\\u063a\\u0627\\u062a \\u0648\\u0627\\u0644\\u062b\\u0642\\u0627\\u0641\\u0627\\u062a \\u0647\\u0648\\u0627\\u064a\\u062a\\u064a \\u0647\\u064a \\u0627\\u0644\\u0631\\u0633\\u0645\",\"sameAs\":[\"https:\/\/studip.uni-halle.de\/dispatch.php\/profile\",\"https:\/\/www.facebook.com\/profile.php?id=100094232555199\"]},{\"@type\":\"WebSite\",\"@id\":\"https:\/\/blogs.urz.uni-halle.de\/jsqissa\/#website\",\"url\":\"https:\/\/blogs.urz.uni-halle.de\/jsqissa\/\",\"name\":\"\\u0642\\u0635\\u0629 \\u0645\\u0646 \\u062c\\u064a\\u0646\",\"description\":\"\\u0645\\u062c\\u0631\\u062a\\u0649 \\u0639\\u0646 \\u0645\\u0633\\u0644\\u0633\\u0644 \\u0628\\u0631\\u0648\\u0643\\u0627\\u0631\",\"publisher\":{\"@id\":\"https:\/\/blogs.urz.uni-halle.de\/jsqissa\/#\/schema\/person\/02246daff9145b8f99d5df440a4b54c5\"},\"potentialAction\":[{\"@type\":\"SearchAction\",\"target\":\"https:\/\/blogs.urz.uni-halle.de\/jsqissa\/?s={search_term_string}\",\"query-input\":\"required name=search_term_string\"}],\"inLanguage\":\"de\"},{\"@type\":\"ImageObject\",\"@id\":\"https:\/\/blogs.urz.uni-halle.de\/jsqissa\/tuerk-masallarinin-hazinesinden\/#primaryimage\",\"inLanguage\":\"de\",\"url\":\"https:\/\/blogs.urz.uni-halle.de\/jsqissa\/files\/2025\/07\/Halil-Bey-ve-Candarma-Bekir-icin-mutlu-sonuc.jpg\",\"width\":1400,\"height\":986},{\"@type\":\"WebPage\",\"@id\":\"https:\/\/blogs.urz.uni-halle.de\/jsqissa\/tuerk-masallarinin-hazinesinden\/#webpage\",\"url\":\"https:\/\/blogs.urz.uni-halle.de\/jsqissa\/tuerk-masallarinin-hazinesinden\/\",\"name\":\"T\\u00fcrk masallar\\u0131n\\u0131n hazinesinden - Candarmalar \\u2013 masal d\\u00fcnyas\\u0131ndan cazibeli yarat\\u0131klar T\\u00fcrk masallar\\u0131 ve \\u00f6yk\\u00fcler \\u0642\\u0635\\u0629 \\u0645\\u0646 \\u062c\\u064a\\u0646\",\"isPartOf\":{\"@id\":\"https:\/\/blogs.urz.uni-halle.de\/jsqissa\/#website\"},\"primaryImageOfPage\":{\"@id\":\"https:\/\/blogs.urz.uni-halle.de\/jsqissa\/tuerk-masallarinin-hazinesinden\/#primaryimage\"},\"datePublished\":\"2024-01-07T21:02:57+00:00\",\"dateModified\":\"2025-07-29T21:35:32+00:00\",\"description\":\"T\\u00fcrk masallar\\u0131 ve \\u00f6yk\\u00fcler - Candarmalar \\u2013 masal d\\u00fcnyas\\u0131ndan cazibeli yarat\\u0131klar\",\"inLanguage\":\"de\",\"potentialAction\":[{\"@type\":\"ReadAction\",\"target\":[\"https:\/\/blogs.urz.uni-halle.de\/jsqissa\/tuerk-masallarinin-hazinesinden\/\"]}]}]}<\/script>\n<!-- \/ Yoast SEO plugin. -->","_links":{"self":[{"href":"https:\/\/blogs.urz.uni-halle.de\/jsqissa\/wp-json\/wp\/v2\/pages\/898"}],"collection":[{"href":"https:\/\/blogs.urz.uni-halle.de\/jsqissa\/wp-json\/wp\/v2\/pages"}],"about":[{"href":"https:\/\/blogs.urz.uni-halle.de\/jsqissa\/wp-json\/wp\/v2\/types\/page"}],"author":[{"embeddable":true,"href":"https:\/\/blogs.urz.uni-halle.de\/jsqissa\/wp-json\/wp\/v2\/users\/5653"}],"replies":[{"embeddable":true,"href":"https:\/\/blogs.urz.uni-halle.de\/jsqissa\/wp-json\/wp\/v2\/comments?post=898"}],"version-history":[{"count":10,"href":"https:\/\/blogs.urz.uni-halle.de\/jsqissa\/wp-json\/wp\/v2\/pages\/898\/revisions"}],"predecessor-version":[{"id":1155,"href":"https:\/\/blogs.urz.uni-halle.de\/jsqissa\/wp-json\/wp\/v2\/pages\/898\/revisions\/1155"}],"wp:attachment":[{"href":"https:\/\/blogs.urz.uni-halle.de\/jsqissa\/wp-json\/wp\/v2\/media?parent=898"}],"curies":[{"name":"wp","href":"https:\/\/api.w.org\/{rel}","templated":true}]}}