{"id":27,"date":"2021-03-18T10:55:59","date_gmt":"2021-03-18T09:55:59","guid":{"rendered":"https:\/\/blogs.urz.uni-halle.de\/jugendwiderstand\/?page_id=27"},"modified":"2021-05-11T20:47:32","modified_gmt":"2021-05-11T18:47:32","slug":"bund-fuer-bildung","status":"publish","type":"page","link":"https:\/\/blogs.urz.uni-halle.de\/jugendwiderstand\/bund-fuer-bildung\/","title":{"rendered":"Bund f\u00fcr Bildung e.V."},"content":{"rendered":"\n<p>Bildung erm\u00f6glicht allen Menschen den Zugang zu gesellschaftlicher Teilhabe und tr\u00e4gt damit zur Verwirklichung demokratischer Grundwerte bei. Der Bund f\u00fcr Bildung sieht es dementsprechend als seine Aufgabe an, die \u00d6ffentlichkeit \u00fcber Bedarfe und L\u00f6sungsangebote in der Bildungs-, Kinder- und Jugendarbeit zu informieren, Multiplikator*innen in der Themen-, Werte- und Kompetenz-vermittlung zu unterst\u00fctzen und die Zielgruppen \u00fcber partizipative Projekte zu erreichen.<\/p>\n\n\n\n<div class=\"wp-block-image\"><figure class=\"aligncenter size-large\"><img loading=\"lazy\" width=\"240\" height=\"68\" src=\"https:\/\/blogs.urz.uni-halle.de\/jugendwiderstand\/files\/2021\/04\/cropped-logo-bfb_RZ.blau_.3.png\" alt=\"Logo Bund f\u00fcr Bildung e.V.\" class=\"wp-image-54\" \/><\/figure><\/div>\n\n\n\n<p>Das Projekt \u201eGeschichtsbewusst!\u201c bringt Expert*innen der universit\u00e4ren und unterrichtspraktischen Lehrkr\u00e4fteausbildung, der Schulpraxis, der Archiv- und Gedenkst\u00e4ttenp\u00e4dagogik sowie der politischen Bildung in einem Multi-Stakeholder-Prozess zusammen. Ziel ist es, angehende Lehrer*innen in der Vermittlung der deutschen Teilungs- und Einheitsgeschichte zu st\u00e4rken. Gemeinsam identifizieren sie Herausforderungen, erarbeiten L\u00f6sungsans\u00e4tze und erproben diese in Pilotaktionen. Das Projekt wird vom Bund f\u00fcr Bildung e.V. geleitet und von der Bundesstiftung zur Aufarbeitung der SED-Diktatur gef\u00f6rdert.<\/p>\n\n\n\n<p>Weitere Infos zum Bund f\u00fcr Bildung e.V. sind hier zu finden: <a href=\"http:\/\/bundfuerbildung.de\/\" target=\"_blank\" rel=\"noreferrer noopener\">http:\/\/bundfuerbildung.de\/<\/a><\/p>\n","protected":false},"excerpt":{"rendered":"<p>Bildung erm\u00f6glicht allen Menschen den Zugang zu gesellschaftlicher Teilhabe und tr\u00e4gt damit zur Verwirklichung demokratischer Grundwerte bei. Der Bund f\u00fcr Bildung sieht es dementsprechend als seine Aufgabe an, die \u00d6ffentlichkeit \u00fcber Bedarfe und L\u00f6sungsangebote in der Bildungs-, Kinder- und Jugendarbeit zu informieren, Multiplikator*innen in der Themen-, Werte- und Kompetenz-vermittlung zu unterst\u00fctzen und die Zielgruppen \u00fcber [&hellip;]<\/p>\n","protected":false},"author":4506,"featured_media":0,"parent":0,"menu_order":0,"comment_status":"closed","ping_status":"closed","template":"","meta":{"ngg_post_thumbnail":0},"_links":{"self":[{"href":"https:\/\/blogs.urz.uni-halle.de\/jugendwiderstand\/wp-json\/wp\/v2\/pages\/27"}],"collection":[{"href":"https:\/\/blogs.urz.uni-halle.de\/jugendwiderstand\/wp-json\/wp\/v2\/pages"}],"about":[{"href":"https:\/\/blogs.urz.uni-halle.de\/jugendwiderstand\/wp-json\/wp\/v2\/types\/page"}],"author":[{"embeddable":true,"href":"https:\/\/blogs.urz.uni-halle.de\/jugendwiderstand\/wp-json\/wp\/v2\/users\/4506"}],"replies":[{"embeddable":true,"href":"https:\/\/blogs.urz.uni-halle.de\/jugendwiderstand\/wp-json\/wp\/v2\/comments?post=27"}],"version-history":[{"count":5,"href":"https:\/\/blogs.urz.uni-halle.de\/jugendwiderstand\/wp-json\/wp\/v2\/pages\/27\/revisions"}],"predecessor-version":[{"id":549,"href":"https:\/\/blogs.urz.uni-halle.de\/jugendwiderstand\/wp-json\/wp\/v2\/pages\/27\/revisions\/549"}],"wp:attachment":[{"href":"https:\/\/blogs.urz.uni-halle.de\/jugendwiderstand\/wp-json\/wp\/v2\/media?parent=27"}],"curies":[{"name":"wp","href":"https:\/\/api.w.org\/{rel}","templated":true}]}}