{"id":35,"date":"2020-03-10T11:04:38","date_gmt":"2020-03-10T10:04:38","guid":{"rendered":"https:\/\/blogs.urz.uni-halle.de\/julianitz\/?page_id=35"},"modified":"2025-08-25T15:12:04","modified_gmt":"2025-08-25T13:12:04","slug":"konferenzen","status":"publish","type":"page","link":"https:\/\/blogs.urz.uni-halle.de\/julianitz\/konferenzen\/","title":{"rendered":"Selected Conferences and Event Organization"},"content":{"rendered":"\n<p>Fifth annual Convention of the Intercontinental Crosscurrents Network:<a href=\"https:\/\/crosscurrents.uni-halle.de\/2025-conference\/\"> <\/a>&#8222;Women and Health in the Nineteenth-Century Transatlantic World&#8220; (Dec. 4-6, 2025, Madeira), international conference, in in cooperation with Dr. In\u00eas Tadeu (University of Madeira). Link: <a href=\"https:\/\/crosscurrents.uni-halle.de\/2025-conference\/\">5th Crosscurrents Conference<\/a><\/p>\n\n\n\n<p>Intercontinental Crosscurrents \u201cTransatlantic Women at Work: Service in the Long Nineteenth Century\u201d Virtual Conversations (April 7, 2022).<\/p>\n\n\n\n<p class=\"has-text-align-right\">Conference Organizer: Laura-Isabella Heitz (MLU Halle-Wittenberg), Khristeena Lute (SUNY Adirondack), Julia Nitz (MLU Halle-Wittenberg), Sandra H. Petrulionis (Penn State University, Altoona) <a href=\"https:\/\/crosscurrents.uni-halle.de\/kategorie\/conferences\/\">https:\/\/crosscurrents.uni-halle.de\/kategorie\/conferences\/<\/a><\/p>\n\n\n\n<p>Panel: \u201eIndigenous Scholarship and Activism\/Artivism\u201c (Workshop in cooperation with Universit\u00e4t L\u00fcneburg; DGfA-Tagung, T\u00fcbingen, June 10, 2022).<\/p>\n\n\n\n<p>Study day: Caribean (May 17, 2022, MLU Halle-Wittenberg).<\/p>\n\n\n\n<p>Wittenberg Teacher Academy (annual national professional teacher training with 70-80 participants).<\/p>\n\n\n\n<p>Annual student field trip (Gro\u00dfbritannien; Frankreich).<\/p>\n\n\n\n<p>\u201eWomen and U.S. Politics: In Contemporary and Historical Perspective\u201c (Wittenberg, Sept. 25\u201327, 2017), international symposion, in cooperation with Prof. Dr. Axel Sch\u00e4fer (Obama Institute University Mainz).<\/p>\n\n\n\n<p>\u201eSpiritual Networks. Religion in Literature and the Arts 1700 to the Present\u201c (Halle, May 18\u201320, 2017), international conference, in in cooperation with Prof. Dr. J\u00fcrgen Meyer, Dr. Therese-M. Meyer and Dr. Theresa Sch\u00f6n (MLU Halle-Wittenberg).<\/p>\n\n\n\n<p>Second annual Convention of the Intercontinental Crosscurrents Network: \u201eThe Dynamics of Power: Inclusion and Exclusion in Women&#8217;s Networks during the Long Nineteenth Century\u201c (Institute of Arts and Humanities, University of Minho, Braga, Portugal, 3.\u20135. Nov. 2016). Directorship scientific committee.<\/p>\n\n\n\n<p>\u201eIntercontinental Cross-Currents: Women&#8217;s (Net-)Works across Europe and the Americas 1776\u20131939\u201c (Lutherstadt Wittenberg, Dec. 5\u20137, 2013), international conference, in in cooperation with Prof. Sandra H. Petrulionis (Penn State University Altoona) and Dr. Theresa Sch\u00f6n (MLU Halle).<\/p>\n\n\n\n<p>\u201eWittenberg Fall Seminar: Public-Private Partnerships: Cultural Diplomacy in the 21st Century\u201c (Lutherstadt Wittenberg, Nov. 19\u201321, 2010), Cooperation partner with U.S. Embassy Berlin.<\/p>\n","protected":false},"excerpt":{"rendered":"<p>Fifth annual Convention of the Intercontinental Crosscurrents Network: &#8222;Women and Health in the Nineteenth-Century Transatlantic World&#8220; (Dec. 4-6, 2025, Madeira), international conference, in in cooperation with Dr. In\u00eas Tadeu (University of Madeira). Link: 5th Crosscurrents Conference Intercontinental Crosscurrents \u201cTransatlantic Women at Work: Service in the Long Nineteenth Century\u201d Virtual Conversations (April 7, 2022). Conference Organizer: &#8230; <span class=\"more\"><a class=\"more-link\" href=\"https:\/\/blogs.urz.uni-halle.de\/julianitz\/konferenzen\/\">[Read more&#8230;]<\/a><\/span><\/p>\n","protected":false},"author":4358,"featured_media":0,"parent":0,"menu_order":0,"comment_status":"closed","ping_status":"closed","template":"","meta":{"ngg_post_thumbnail":0},"_links":{"self":[{"href":"https:\/\/blogs.urz.uni-halle.de\/julianitz\/wp-json\/wp\/v2\/pages\/35"}],"collection":[{"href":"https:\/\/blogs.urz.uni-halle.de\/julianitz\/wp-json\/wp\/v2\/pages"}],"about":[{"href":"https:\/\/blogs.urz.uni-halle.de\/julianitz\/wp-json\/wp\/v2\/types\/page"}],"author":[{"embeddable":true,"href":"https:\/\/blogs.urz.uni-halle.de\/julianitz\/wp-json\/wp\/v2\/users\/4358"}],"replies":[{"embeddable":true,"href":"https:\/\/blogs.urz.uni-halle.de\/julianitz\/wp-json\/wp\/v2\/comments?post=35"}],"version-history":[{"count":9,"href":"https:\/\/blogs.urz.uni-halle.de\/julianitz\/wp-json\/wp\/v2\/pages\/35\/revisions"}],"predecessor-version":[{"id":656,"href":"https:\/\/blogs.urz.uni-halle.de\/julianitz\/wp-json\/wp\/v2\/pages\/35\/revisions\/656"}],"wp:attachment":[{"href":"https:\/\/blogs.urz.uni-halle.de\/julianitz\/wp-json\/wp\/v2\/media?parent=35"}],"curies":[{"name":"wp","href":"https:\/\/api.w.org\/{rel}","templated":true}]}}