{"id":93,"date":"2020-05-06T10:15:46","date_gmt":"2020-05-06T08:15:46","guid":{"rendered":"https:\/\/blogs.urz.uni-halle.de\/julianitz\/?page_id=93"},"modified":"2025-08-25T15:01:05","modified_gmt":"2025-08-25T13:01:05","slug":"vortraege","status":"publish","type":"page","link":"https:\/\/blogs.urz.uni-halle.de\/julianitz\/forschung\/vortraege\/","title":{"rendered":"Talks and Lectures"},"content":{"rendered":"\n<h3>2025<\/h3>\n\n\n\n<p>\u201eLiterature Feeds the Archive: Confederate Women&#8217;s Civil War Records and the Making of US History,\u201d <em>Archiving America, American Archives<\/em>, (DGfA-Tagung 2025, 11.-14. June 2025 Universit\u00e4t Siegen).<\/p>\n\n\n\n<h3>2024<\/h3>\n\n\n\n<p>\u201eKulturkampf in den USA: Muster und Dynamiken in historischer Perspektive,\u201c (WTA Workshop, 21.-22. Nov. 2024, MLU Halle-Wittenberg).<\/p>\n\n\n\n<p>\u201eColoring outside the Gilt Frame: Textual Performances, Instabilities, and Movements in <em>The Whole Family<\/em>,\u201d <em>Nineteenth-Century American Women Writers 2024<\/em>, (08.-09. Nov., 2024 Universit\u00e4t Zagreb).<\/p>\n\n\n\n<p>\u201eA Systemic View: How to Tackle Misinformation in A Society?, <em>DCN Global, Unlocking Media Literacy: Shaping Tomorrow&#8217;s Minds<\/em>, 17.-18. Juli 2024 (Helsinki).<\/p>\n\n\n\n<p>\u201eBird Sonics,\u201d Panel mit Johanna Hartmann und Erik Redling, DGfA Tagung zu <em>American Soundscapes<\/em> (Universit\u00e4t Oldenburg, 23.-25. Mai 2024).<\/p>\n\n\n\n<p>\u201eThe deathlike feeling\u2026the disease known by the vulgar name of \u2018bore\u2019\u201d: Health Discourse in White Southern Women\u2019s Civil War Diaries,\u201d <em>Tagung der Historiker der DGfA 2024<\/em> (Augustinerkloster Erfurt, 03.-05. Mai 2024).<\/p>\n\n\n\n<p>\u201eIdentity Politics in Postcolonial Black Women\u2019s Life Writing: Contesting the Colonial Archive and Enlightenment Knowledge Production,\u201c (Ringvorlesung Politik der Aufkl\u00e4rung, Interdisziplin\u00e4res Zentrum zur Erforschung der Aufkl\u00e4rung Halle, 09. Januar 2024).<\/p>\n\n\n\n<h3>2023<\/h3>\n\n\n\n<p>\u201eBlack Voices Matter: Multi-Modal Approaches to Teaching Black Lives and Black Trauma,\u201c (<em>Teach About the USA, Teacher Training Chemnitz<\/em>, 16. M\u00e4rz and <em>Annual Rostock Teacher Seminar<\/em>, 14. April 2023).<\/p>\n\n\n\n<p>\u201eRe-Imagining Black (Personal) Histories: Hazel V. Carby\u2019s and Bernardine Evaristo\u2019s Selfscapes,\u201c (Network Conference, <em>The Failure of Knowledge \u2013 Knowledges of Failure<\/em>, Universit\u00e4t Mannheim, 04.-06. Mai 2023).<\/p>\n\n\n\n<p>\u201eRemembering Enslavement in 21st-century French Seaport Museums,\u201c<em> (International Conference, Competing Memories: The Politics of Remembering Enslavement, Emancipation and Indentureship in the Caribbean, <\/em>Bonn Center for Dependency and Slavery Studies, 14. Februar 2023).<\/p>\n\n\n\n<h3>2022<\/h3>\n\n\n\n<p>\u201eToo Loud, too much\u201d: Multi-modal Selves in Black Southern Women\u2019s Blogs\u201c (Who Tells Your Story?, SANAS Biennial Conference 2022, Fribourg, November 18-19, 2022)<\/p>\n\n\n\n<p>\u201eLife-Writing and (National) Identity Formation in the Post-Colonial Anglophone Caribbean\u201c (Guest Lecture, Universit\u00e9 Bordeaux Montaigne, 27. Oktober 2022).<\/p>\n\n\n\n<p>\u201eNineteenth-Century Photographs of Blacks in 20<sup>th<\/sup>-century Civil War Discourse\u201c (Embodied Acts and American Photographs, Halle-Saale, 30. Juni-02. Juli 2022).<\/p>\n\n\n\n<p>\u201e\u2018Black Southern Belle Bloggers\u2019 in a Pandemic World\u201c (Southern Studies Forum 2022: The Spirit(s) of the South, Krakow, Poland, 26.-28. Mai 2022).<\/p>\n\n\n\n<h3>2021<\/h3>\n\n\n\n<p>\u201e\u2018The Song of the Shirt\u2019: Romantic Poetry and Southern Women\u2019s Intertextual Strategies of Coping with War\u201d (Dept. of English, IIS,&nbsp;Jaipur, Rajasthan, India, 22. Juni, 2021).<\/p>\n\n\n\n<p>\u201eRacist Feminism(s): White Southern Women\u2019s Post-Civil War Commemoration and Emancipation Strategies.\u201d (Fourth Biennial EAAS Women\u2019s Network Symposium. <em>Feminisms in American Studies in\/and Crisis: Where Do We Go from Here?, <\/em>28.\u201329. April 2021).<\/p>\n\n\n\n<p>\u201eU.S. Anti-Intellektualismus im 19. Jahrhundert: Ein Privileg wei\u00dfer M\u00e4nner?\u201c Anti- \/Intellektualismus in der U.S.-amerikanischen Geschichte (Europa-Universit\u00e4t Flensburg, 26.-27. Feb. 2021).<\/p>\n\n\n\n<h3>2019<\/h3>\n\n\n\n<p>\u201eSeparate Spheres Ideology, Education Debate and Conjugal Bliss in Louisa May Alcott\u2019s \u2018Anna\u2019s Whim,\u2019\u201c (Love and Misfits in the Fiction of Louisa May Alcott. 13<sup>th<\/sup> meeting of the European Study Group of 19<sup>th<\/sup>-Century American Literature, Rome, Centro Studi Americani, 10.-11. Okt. 2019).<\/p>\n\n\n\n<p>\u201eRelational Selves and Fictional Worlds: Self-fashioning in White Southern U.S. Women\u2019s Civil War Diaries,\u201c (Lives in Transition: &nbsp;Negotiating the Currents in a Changing World. The 4th Biennial &nbsp;Conference of the IABA Americas Chapter, University of the West Indies&nbsp;at Mona, Kingston, Jamaika, 12.\u201315. Juni 2019).<\/p>\n\n\n\n<p>&#8222;Southern Belles and English Poets: Intertextual Self-Fashioning in Southern Women&#8217;s Civil War Diaries.&#8220; (University Fribourg, 5. M\u00e4rz 2019).<\/p>\n\n\n\n<h3>2018<\/h3>\n\n\n\n<p>&#8222;Das Paradies der Irren: Jamaika und Film der 1990er Jahre.&#8220; (Ringvorlesung: Karibik: Konfliktualit\u00e4t und Relation, Halle, 27. Juni 2018).<\/p>\n\n\n\n<p>&#8222;Transatlantic Anti-Heroines and Woman Warriors.&#8220; (Transatlantic Women 3: Women of the Green Atlantic, &nbsp;Dublin, 24.\u201326. Juni 2018).<\/p>\n\n\n\n<h3>2017<\/h3>\n\n\n\n<p>&#8222;The Literary Politics of Southern Women&#8217;s Civil War Diaries.&#8220; (Women and &nbsp;U. S. Politics. A Symposium in Honor of Hans-J\u00fcrgen Grabbe, Wittenberg, &nbsp;25.\u201327. Sept. 2017).<\/p>\n\n\n\n<p>&#8222;The Relational Selves of Mary Russell Mitford and Rebecca Harding Davis: A Transatlantic Tradition of Women&#8217;s Life Writing.&#8220; (Border Crossings: Translation, Migration, &amp; Gender in the Americas, the Transatlantic, &amp; the Transpacific; Society for the Study of American Women Writers, Universit\u00e9 Bordeaux Montaigne, 5.\u20138. Juli 2017).<\/p>\n\n\n\n<h3>2015<\/h3>\n\n\n\n<p>&#8222;Clairvoyance and Mesmerism in American Detective Fiction by Metta &nbsp;Fuller Victor and Anna Katharine Green.&#8220; (European Study Group of &nbsp;Nineteenth-Century American Literature, Erfurt, 3.\u20134. Sept. 2015).<\/p>\n\n\n\n<p>&#8222;Die&nbsp;Southern Belle im Film&nbsp;<em>Gone with the Wind<\/em>.&#8220; (&#8222;150 Jahre Ende des &nbsp;amerikanischen B\u00fcrgerkriegs,&#8220; Deutsch-Amerikanisches Institut &nbsp;Saarbr\u00fccken, 1. Okt. 2015).<\/p>\n\n\n\n<p>&#8222;From Southern Belle to New Southern Woman: Plantation Fiction and Female Identity.&#8220; (\u201cAmerican Literature to 1865,&#8220; Penn State Altoona, Pennsylvania, USA, 3. Nov. 2015).<\/p>\n\n\n\n<p>&#8222;Transnational &nbsp;Liminal Spaces: The Construction of Womanhood in the Long 19th Century.&#8220; (Sektionsleitung: \u201cSociety for the Study of American Women Writers 2015&nbsp;Conference,&#8220; Philadelphia, USA, 4.\u20138. Nov. 2015).<\/p>\n\n\n\n<p>&#8222;Intertextuality and &nbsp;Identity Formation in Southern Women\u2019s Personal Civil War Narratives.&#8220;&nbsp;(&#8222;Society for the Study of American Women Writers 2015 Conference,&#8220;&nbsp;Philadelphia, USA, 4.\u20138. Nov. 2015).<\/p>\n\n\n\n<p>&#8222;The New Woman in Short Fiction.&#8220;&nbsp;(together with Laura S. Rommelfanger, Workshop, &#8222;Current Issues in the &nbsp;EFL-Classroom,&#8220; Wittenberg, 28. Nov. 2015).<\/p>\n\n\n\n<h3>2014<\/h3>\n\n\n\n<p>&#8222;The Quest for &#8218;Citizenship&#8216;: Southern Women\u2019s (Personal) Narratives of the American Civil War, 1861\u20131939.&#8220; (Guest Lecture, TU Dresden, 24. April 2014.)<\/p>\n\n\n\n<p>&#8222;Southern Women as Plantation Space: Plantation Fiction and the Southern Belle.&#8220; (Guest Lecture, University of Jena, 14. Mai 2014).<\/p>\n\n\n\n<p>&#8222;Erleben \u2013 Erinnern \u2013 Erschreiben: Kognitiv-narratologische Muster der Erinnerung in B\u00fcrgerkriegserz\u00e4hlungen US-amerikanischer S\u00fcdstaatenfrauen.&#8220; (Lecture Series &#8222;Kognitive Ans\u00e4tze in der Literaturwissenschaft,&#8220; RWTH Aachen, 27. Juni 2014).<\/p>\n\n\n\n<p>&#8222;From Southern Belle to New Southern Woman: Plantation Fiction and Female Identity.&#8220; (Guest Lecture, University of Mannheim, 14. November 2014).<\/p>\n\n\n\n<p>&#8222;Religion, Mormons and Popular Culture in the EFL-classroom.&#8220; (Workshop, Teacher Training \u201cCurrent Issues in the EFL-Classroom,\u201d Lutherstadt Wittenberg, 28. November 2014).<\/p>\n\n\n\n<p>&#8222;Byronic Heroines and Darwinian Types: Southern Women&#8217;s (Post-)bellum Identity Construction.&#8220;&nbsp;(Traveling Traditions: Nineteenth-Century Negotiations of Cultural Concepts in Transatlantic Intellectual Networks, Halle (Saale), 17.\u201319. April 2014).<\/p>\n\n\n\n<h3>2013<\/h3>\n\n\n\n<p>&#8222;Transatlantic Negotiations of the Female Bildungsroman: Mary Johnston\u2019s Hagar (1913) and the New &#8218;Global&#8216; Woman.&#8220;&nbsp;(Intercontinental Crosscurrents: Women&#8217;s (Net-)works across Europe and the Americas (1776-1939),&nbsp;Wittenberg, 5.\u20137. Dezember 2013).<\/p>\n\n\n\n<p>&#8222;The Quest for Citizenship: Southern Women&#8217;s Narratives of the American Civil War 1961-1939.&#8220;&nbsp;(3. Landesweiter Tag der Genderforschung in Sachsen-Anhalt,&nbsp;Halle (Saale), 12. Nov. 2013). <\/p>\n\n\n\n<p>&#8222;&#8218;Rebel in Heart and Soul:&#8216; The Adaptation of Past Selves in Southern Women&#8217;s Civil War Narratives.&#8220;&nbsp;(Disturbing Adaptations; The 9th Annual Conference of the Association of Adaptation Studies,&nbsp;V\u00e4xj\u00f6, Schweden, 26.\u201327. Sept. 2013). <\/p>\n\n\n\n<p>&#8222;Remembering the Civil War: Southern American Women Diarists and Their Editors.&#8220;&nbsp;(Inaugural What\u2019s Up Down South Talk featuring Julia Nitz, 19. M\u00e4rz&nbsp;2013, Center for the Study of the American South, Chapel Hill, NC, USA).<\/p>\n\n\n\n<p>&#8222;The Plantation as a Discursive Space of Empowerment and Suppression in the Post-Bellum South.&#8220;&nbsp;(60th Annual Convention of the German Association for American Studies,&nbsp;Erlangen, 30. Mai\u20132. Juni 2013).<\/p>\n\n\n\n<p>&#8222;Cultural Adaptation of Nineteenth-Century Photographs of Blacks in Civil War Discourse.&#8220;&nbsp;(Visual Histories of the United States, Jahrestagung der Historiker in der DgfA, Tutzing, 8.\u201310. Februar&nbsp;2013).<\/p>\n\n\n\n<h3>2012<\/h3>\n\n\n\n<p>&#8222;The Female Gaze: Women Diarists and Chroniclers of the American Civil War.&#8220;&nbsp;(Workshop zur 59. Annual Conference of the German Association for American Studies, Mainz, 31. Mai\u20133. Juni 2012).<\/p>\n\n\n\n<p>&#8222;<em>The White Castle of Louisiana<\/em>: A &#8218;Sentimental&#8216; Memoir.&#8220;&nbsp;(Narrative Matters Conference, Paris, 29. Mai\u20131. Juni 1 2012).<\/p>\n\n\n\n<p>&#8222;Photographic Narratives in Ken Burns\u2019s The Civil War.&#8220;&nbsp;(Adapting Historical Narratives,&nbsp;De Montfort University Leicester, 28. Feb. 2012).<\/p>\n\n\n\n<h3>2011<\/h3>\n\n\n\n<p>&#8222;The Amazon Phenomenon: New Contextual Paratexts of Historiographic Narratives.&#8220;&nbsp;(MLA Annual Convention,&nbsp;Los Angeles, 6.\u20139. Januar 2011).<\/p>\n\n\n\n<h3>2010<\/h3>\n\n\n\n<p>&#8222;Historio(bio)graphy and the narrative concept.&#8220;&nbsp;(The Travelling Concept of Narrative II International and Interdisciplinary Symposium, London, 11.\u201313. November 2010).<\/p>\n\n\n\n<p>&#8222;Reading the mind of Lo: Kubrick&#8217;s and Lyne&#8217;s Lolita.&#8220;&nbsp;(25<sup>th<\/sup>&nbsp;Annual Conference of the International Society of the Study of Narrative,&nbsp;Cleveland, 7.\u201311. April 2010).<\/p>\n\n\n\n<h3>2009<\/h3>\n\n\n\n<p>&#8222;George III at the Queen&#8217;s Gallery.&#8220;&nbsp;(Museum Narratives: Annual Conference on Literature and Culture,&nbsp;Salzburg, 5.\u20138. November 2009).<\/p>\n\n\n\n<p>&#8222;Reading the mind of Lo: Kubrick&#8217;s and Lyne&#8217;s Lolita.&#8220;&nbsp;(4<sup>th<\/sup>&nbsp;Annual Association of Adaptation Studies Conference,&nbsp;London, 24.\u201325. September 2009).<\/p>\n\n\n\n<h3>2008<\/h3>\n\n\n\n<p>&#8222;Internal Worlds in Swift&#8217;s and Schepisi&#8217;s&nbsp;<em>Last Orders<\/em>.&#8220;&nbsp;(Third Annual Association of Literature on Screen Conference,&nbsp;Amsterdam, 24.\u201326. September 2008).<\/p>\n\n\n\n<p>&#8222;From Staged History to Cultural Memory.&#8220;&nbsp;(Cultures of Translation: Adaptation in Film and Performance,&nbsp;Cardiff School of Creative and Cultural Industries,&nbsp;University of Glamorgan, Cardiff, 26.\u201328. Juni 2008).<\/p>\n\n\n\n<h3>2007<\/h3>\n\n\n\n<p>&#8222;A &#8218;Natural&#8216; Reading of Historiographical Texts: George III at Kew.&#8220;&nbsp;(Inaugural Symposium: Narratology in the Age of Interdisciplinary Narrative Research,&nbsp;Wuppertal, 25.\u201326. Juni 2007).<\/p>\n\n\n\n<p>&#8222;&#8218;Imagined King&#8216; &#8211; George III in Today&#8217;s British Media.&#8220; (Poster presentation at the&nbsp;ESF-LiU Conference Literature for Europe: European Identities and European Literature in a Globalizing World,&nbsp;Vadstena, Sweden, 12.\u201316. Mai 2007).<\/p>\n\n\n\n<p><\/p>\n","protected":false},"excerpt":{"rendered":"<p>2025 \u201eLiterature Feeds the Archive: Confederate Women&#8217;s Civil War Records and the Making of US History,\u201d Archiving America, American Archives, (DGfA-Tagung 2025, 11.-14. June 2025 Universit\u00e4t Siegen). 2024 \u201eKulturkampf in den USA: Muster und Dynamiken in historischer Perspektive,\u201c (WTA Workshop, 21.-22. Nov. 2024, MLU Halle-Wittenberg). \u201eColoring outside the Gilt Frame: Textual Performances, Instabilities, and Movements &#8230; <span class=\"more\"><a class=\"more-link\" href=\"https:\/\/blogs.urz.uni-halle.de\/julianitz\/forschung\/vortraege\/\">[Read more&#8230;]<\/a><\/span><\/p>\n","protected":false},"author":4465,"featured_media":0,"parent":12,"menu_order":0,"comment_status":"closed","ping_status":"closed","template":"","meta":{"ngg_post_thumbnail":0},"_links":{"self":[{"href":"https:\/\/blogs.urz.uni-halle.de\/julianitz\/wp-json\/wp\/v2\/pages\/93"}],"collection":[{"href":"https:\/\/blogs.urz.uni-halle.de\/julianitz\/wp-json\/wp\/v2\/pages"}],"about":[{"href":"https:\/\/blogs.urz.uni-halle.de\/julianitz\/wp-json\/wp\/v2\/types\/page"}],"author":[{"embeddable":true,"href":"https:\/\/blogs.urz.uni-halle.de\/julianitz\/wp-json\/wp\/v2\/users\/4465"}],"replies":[{"embeddable":true,"href":"https:\/\/blogs.urz.uni-halle.de\/julianitz\/wp-json\/wp\/v2\/comments?post=93"}],"version-history":[{"count":10,"href":"https:\/\/blogs.urz.uni-halle.de\/julianitz\/wp-json\/wp\/v2\/pages\/93\/revisions"}],"predecessor-version":[{"id":654,"href":"https:\/\/blogs.urz.uni-halle.de\/julianitz\/wp-json\/wp\/v2\/pages\/93\/revisions\/654"}],"up":[{"embeddable":true,"href":"https:\/\/blogs.urz.uni-halle.de\/julianitz\/wp-json\/wp\/v2\/pages\/12"}],"wp:attachment":[{"href":"https:\/\/blogs.urz.uni-halle.de\/julianitz\/wp-json\/wp\/v2\/media?parent=93"}],"curies":[{"name":"wp","href":"https:\/\/api.w.org\/{rel}","templated":true}]}}