{"id":2,"date":"2019-07-11T16:26:57","date_gmt":"2019-07-11T14:26:57","guid":{"rendered":"https:\/\/blogs.urz.uni-halle.de\/justscalligraphy\/?page_id=2"},"modified":"2019-09-20T16:56:35","modified_gmt":"2019-09-20T14:56:35","slug":"beispiel-seite","status":"publish","type":"page","link":"https:\/\/blogs.urz.uni-halle.de\/justscalligraphy\/beispiel-seite\/","title":{"rendered":"Warm Up"},"content":{"rendered":"<h3>Inspration<\/h3>\n<p>Mit Papier und Feder ist es wie beim Sport, zum Anfang w\u00e4rmt man sich auf, in dem man die Feder bem\u00fcht einige Buchstaben und W\u00f6rter zu schreiben. Beim &#8222;Warm-Up&#8220; verzichtet man auf das Vorziehen der Linien. So kann man die Buchstaben freier gestalten und schnell Fehler entdecken und diese beim Schreiben mit Linien vermeiden. Ist man dann &#8222;warm&#8220; geschrieben, sucht man auch manchmal noch Inspiration auf k\u00fcnstlerischen Plattformen.<\/p>\n<p>&nbsp;<\/p>\n<h3>Konzept<\/h3>\n<p>Bevor man nun anf\u00e4ngt das Kalligramm oder ein kalligrafisches Konzept umsetzt, sollte man sich \u00fcber Planung, Umsetzung und Umfang des Projektes klar werden. Dazu geh\u00f6rt es bei einem Kalligramm Skizzen zumachen. In welchen geometrischen Form die Buchstaben, W\u00f6rter und\/oder S\u00e4tzte sp\u00e4ter flie\u00dfen. Das kann ein einfacher Kreis oder eine Raute sein. Ich bevorzuge die Kombinationen mehrerer solcher Formen auf einem fertigen Blatt.<\/p>\n<p>Will man Lyrics von einem Lied von Bob Dylan\u00a0 oder auch ein Filmzitat aus &#8222;Game of Thrones&#8220; umsetzten, geht man hier anders vor. Dazu mehr bei dem Punkt Vorbereitung.<\/p>\n<p>&nbsp;<\/p>\n","protected":false},"excerpt":{"rendered":"<p>Inspration Mit Papier und Feder ist es wie beim Sport, zum Anfang w\u00e4rmt man sich auf, in dem man die Feder bem\u00fcht einige Buchstaben und W\u00f6rter zu schreiben. Beim &#8222;Warm-Up&#8220; verzichtet man auf das Vorziehen der Linien. So kann man die Buchstaben freier gestalten und schnell Fehler entdecken und diese beim Schreiben mit Linien vermeiden. &#8230; <span class=\"more\"><a class=\"more-link\" href=\"https:\/\/blogs.urz.uni-halle.de\/justscalligraphy\/beispiel-seite\/\">[Read more&#8230;]<\/a><\/span><\/p>\n","protected":false},"author":4152,"featured_media":0,"parent":0,"menu_order":1,"comment_status":"closed","ping_status":"open","template":"","meta":[],"_links":{"self":[{"href":"https:\/\/blogs.urz.uni-halle.de\/justscalligraphy\/wp-json\/wp\/v2\/pages\/2"}],"collection":[{"href":"https:\/\/blogs.urz.uni-halle.de\/justscalligraphy\/wp-json\/wp\/v2\/pages"}],"about":[{"href":"https:\/\/blogs.urz.uni-halle.de\/justscalligraphy\/wp-json\/wp\/v2\/types\/page"}],"author":[{"embeddable":true,"href":"https:\/\/blogs.urz.uni-halle.de\/justscalligraphy\/wp-json\/wp\/v2\/users\/4152"}],"replies":[{"embeddable":true,"href":"https:\/\/blogs.urz.uni-halle.de\/justscalligraphy\/wp-json\/wp\/v2\/comments?post=2"}],"version-history":[{"count":10,"href":"https:\/\/blogs.urz.uni-halle.de\/justscalligraphy\/wp-json\/wp\/v2\/pages\/2\/revisions"}],"predecessor-version":[{"id":180,"href":"https:\/\/blogs.urz.uni-halle.de\/justscalligraphy\/wp-json\/wp\/v2\/pages\/2\/revisions\/180"}],"wp:attachment":[{"href":"https:\/\/blogs.urz.uni-halle.de\/justscalligraphy\/wp-json\/wp\/v2\/media?parent=2"}],"curies":[{"name":"wp","href":"https:\/\/api.w.org\/{rel}","templated":true}]}}