{"id":28,"date":"2019-07-13T21:58:42","date_gmt":"2019-07-13T19:58:42","guid":{"rendered":"https:\/\/blogs.urz.uni-halle.de\/justscalligraphy\/?page_id=28"},"modified":"2019-09-19T19:00:38","modified_gmt":"2019-09-19T17:00:38","slug":"ueber-mich","status":"publish","type":"page","link":"https:\/\/blogs.urz.uni-halle.de\/justscalligraphy\/ueber-mich\/","title":{"rendered":"\u00dcber mich"},"content":{"rendered":"<p>Ich bin durch meine Ausbildung zum &#8222;Gestaltungstechnischen Assissten f\u00fcr Grafik und Design&#8220; auf die Kalligrafie gesto\u00dfen. Ich habe mich schon vorher mit Buchstaben besch\u00e4ftigt, allerdings in der freieren Form des Grafitti. Auch mit Typografie kam ich durch die Ausbildung in Kontakt. So er\u00f6ffnete sich vor mir eine neue, gro\u00dfe Welt von Schriftzeichen und deren Abstraktionen.<\/p>\n<p>Mein Instagram-Channel zeigt meine Ans\u00e4tze das lateinische Alphabet zu abstrahieren oder in kursiver Art zu schreiben.<br \/>\n<a href=\"https:\/\/www.instagram.com\/stanislausjust\/\">https:\/\/www.instagram.com\/stanislausjust\/<\/a><br \/>\nF\u00fcr Tipps oder Auftr\u00e4ge k\u00f6nnen Sie mich hier erreichen.<\/p>\n<p>Kontaktieren sie mich per Mail unter:<br \/>\nmail@stanislaus-just.de<\/p>\n","protected":false},"excerpt":{"rendered":"<p>Ich bin durch meine Ausbildung zum &#8222;Gestaltungstechnischen Assissten f\u00fcr Grafik und Design&#8220; auf die Kalligrafie gesto\u00dfen. Ich habe mich schon vorher mit Buchstaben besch\u00e4ftigt, allerdings in der freieren Form des Grafitti. Auch mit Typografie kam ich durch die Ausbildung in Kontakt. So er\u00f6ffnete sich vor mir eine neue, gro\u00dfe Welt von Schriftzeichen und deren Abstraktionen. &#8230; <span class=\"more\"><a class=\"more-link\" href=\"https:\/\/blogs.urz.uni-halle.de\/justscalligraphy\/ueber-mich\/\">[Read more&#8230;]<\/a><\/span><\/p>\n","protected":false},"author":4152,"featured_media":0,"parent":0,"menu_order":4,"comment_status":"closed","ping_status":"closed","template":"","meta":[],"_links":{"self":[{"href":"https:\/\/blogs.urz.uni-halle.de\/justscalligraphy\/wp-json\/wp\/v2\/pages\/28"}],"collection":[{"href":"https:\/\/blogs.urz.uni-halle.de\/justscalligraphy\/wp-json\/wp\/v2\/pages"}],"about":[{"href":"https:\/\/blogs.urz.uni-halle.de\/justscalligraphy\/wp-json\/wp\/v2\/types\/page"}],"author":[{"embeddable":true,"href":"https:\/\/blogs.urz.uni-halle.de\/justscalligraphy\/wp-json\/wp\/v2\/users\/4152"}],"replies":[{"embeddable":true,"href":"https:\/\/blogs.urz.uni-halle.de\/justscalligraphy\/wp-json\/wp\/v2\/comments?post=28"}],"version-history":[{"count":6,"href":"https:\/\/blogs.urz.uni-halle.de\/justscalligraphy\/wp-json\/wp\/v2\/pages\/28\/revisions"}],"predecessor-version":[{"id":34,"href":"https:\/\/blogs.urz.uni-halle.de\/justscalligraphy\/wp-json\/wp\/v2\/pages\/28\/revisions\/34"}],"wp:attachment":[{"href":"https:\/\/blogs.urz.uni-halle.de\/justscalligraphy\/wp-json\/wp\/v2\/media?parent=28"}],"curies":[{"name":"wp","href":"https:\/\/api.w.org\/{rel}","templated":true}]}}