{"id":51,"date":"2019-08-31T16:04:17","date_gmt":"2019-08-31T14:04:17","guid":{"rendered":"https:\/\/blogs.urz.uni-halle.de\/justscalligraphy\/?page_id=51"},"modified":"2019-10-02T17:56:11","modified_gmt":"2019-10-02T15:56:11","slug":"federn-fueller-und-stifte","status":"publish","type":"page","link":"https:\/\/blogs.urz.uni-halle.de\/justscalligraphy\/kalligrafie-heute\/federn-fueller-und-stifte\/","title":{"rendered":"Handwerkzeug"},"content":{"rendered":"<p>Wer den auf dem traditionellen Weg schreiben m\u00f6chte, kann mit einem Federhalter und Federn schreiben. Dazu geh\u00f6rt ein Tintenf\u00e4sschen. Bei dieser Methode wird gelehrt, dass die Feder nie direkt in die Tinte eingetaucht, sondern an ihrer Stelle einen Pinsel &#8222;bef\u00fcllt&#8220; wird. Bei Plakatfedern gilt das nicht mehr. Das Schreiben von Songtexten ist mit Feder sehr m\u00fchsam, denn die Buchstaben werden immer heller, je weniger Tinte auf der Feder ist. Um einen einheitlichen Farbton bei der Schrift zu haben, muss man alle zwei bis drei Buchstaben die Tinte mit dem Pinsel erneuern. Dieser Prozess ist unterbricht stetig den Fluss des eigentlichen Schreibens.<\/p>\n\n\t\t<style type=\"text\/css\">\n\t\t\t#gallery-1 {\n\t\t\t\tmargin: auto;\n\t\t\t}\n\t\t\t#gallery-1 .gallery-item {\n\t\t\t\tfloat: left;\n\t\t\t\tmargin-top: 10px;\n\t\t\t\ttext-align: center;\n\t\t\t\twidth: 50%;\n\t\t\t}\n\t\t\t#gallery-1 img {\n\t\t\t\tborder: 2px solid #cfcfcf;\n\t\t\t}\n\t\t\t#gallery-1 .gallery-caption {\n\t\t\t\tmargin-left: 0;\n\t\t\t}\n\t\t\t\/* see gallery_shortcode() in wp-includes\/media.php *\/\n\t\t<\/style>\n\t\t<div id='gallery-1' class='gallery galleryid-51 gallery-columns-2 gallery-size-thumbnail'><dl class='gallery-item'>\n\t\t\t<dt class='gallery-icon landscape'>\n\t\t\t\t<a href='https:\/\/blogs.urz.uni-halle.de\/justscalligraphy\/kalligrafie-heute\/federn-fueller-und-stifte\/img_6456\/'><img width=\"150\" height=\"150\" src=\"https:\/\/blogs.urz.uni-halle.de\/justscalligraphy\/files\/2019\/09\/IMG_6456-150x150.jpg\" class=\"attachment-thumbnail size-thumbnail\" alt=\"\" loading=\"lazy\" aria-describedby=\"gallery-1-110\" srcset=\"https:\/\/blogs.urz.uni-halle.de\/justscalligraphy\/files\/2019\/09\/IMG_6456-150x150.jpg 150w, https:\/\/blogs.urz.uni-halle.de\/justscalligraphy\/files\/2019\/09\/IMG_6456-300x300.jpg 300w, https:\/\/blogs.urz.uni-halle.de\/justscalligraphy\/files\/2019\/09\/IMG_6456-768x768.jpg 768w, https:\/\/blogs.urz.uni-halle.de\/justscalligraphy\/files\/2019\/09\/IMG_6456-1024x1024.jpg 1024w, https:\/\/blogs.urz.uni-halle.de\/justscalligraphy\/files\/2019\/09\/IMG_6456-1380x1380.jpg 1380w\" sizes=\"(max-width: 150px) 100vw, 150px\" \/><\/a>\n\t\t\t<\/dt>\n\t\t\t\t<dd class='wp-caption-text gallery-caption' id='gallery-1-110'>\n\t\t\t\tFeder Set\n\t\t\t\t<\/dd><\/dl><dl class='gallery-item'>\n\t\t\t<dt class='gallery-icon landscape'>\n\t\t\t\t<a href='https:\/\/blogs.urz.uni-halle.de\/justscalligraphy\/kalligrafie-heute\/federn-fueller-und-stifte\/img_6457\/'><img width=\"150\" height=\"150\" src=\"https:\/\/blogs.urz.uni-halle.de\/justscalligraphy\/files\/2019\/09\/IMG_6457-150x150.jpg\" class=\"attachment-thumbnail size-thumbnail\" alt=\"\" loading=\"lazy\" aria-describedby=\"gallery-1-111\" srcset=\"https:\/\/blogs.urz.uni-halle.de\/justscalligraphy\/files\/2019\/09\/IMG_6457-150x150.jpg 150w, https:\/\/blogs.urz.uni-halle.de\/justscalligraphy\/files\/2019\/09\/IMG_6457-300x300.jpg 300w, https:\/\/blogs.urz.uni-halle.de\/justscalligraphy\/files\/2019\/09\/IMG_6457-768x768.jpg 768w, https:\/\/blogs.urz.uni-halle.de\/justscalligraphy\/files\/2019\/09\/IMG_6457-1024x1024.jpg 1024w, https:\/\/blogs.urz.uni-halle.de\/justscalligraphy\/files\/2019\/09\/IMG_6457-1380x1380.jpg 1380w\" sizes=\"(max-width: 150px) 100vw, 150px\" \/><\/a>\n\t\t\t<\/dt>\n\t\t\t\t<dd class='wp-caption-text gallery-caption' id='gallery-1-111'>\n\t\t\t\tPlakat- und Bandzugfedern\n\t\t\t\t<\/dd><\/dl><br style=\"clear: both\" \/>\n\t\t<\/div>\n\n<p>&nbsp;<\/p>\n<p>Um den Schreibfluss nicht zu unterbrechen, kann man\u00a0 lieber einen &#8222;Kaweco-Sport&#8220; oder die &#8222;Parallel-Pens&#8220; von Pilot nutzen. Es gibt diese in den breiten 1,5mm, 2,4mm, 3,8mm und 5mm. Der &#8222;Kaweco-Sport&#8220; hat verschiedene Federbreiten, die man auswechseln kann, in den Breiten 1,1mm, 1,5mm, 1,9mm und 2,3mm. Als Tinte fungieren hier normale Tintenpatronen zum Beispiel von Pelikan. Nat\u00fcrlich gibt es auch Patronen, direkt von Kaweco in &#8222;besonderen&#8220; Farben, wie Orange oder Grau, diese sind aber auch etwas teurer. Alternativ gibt es einen sogenannten Tinten Konverter. Dieser kann jede beliebige Tinte aufnehemen. Als dritte Option, gibt es Patronen von den Pilot-Parallel-Pens, die wieder mit Hilfe einer Spritze bef\u00fcllt werden k\u00f6nnen.<\/p>\n\n\t\t<style type=\"text\/css\">\n\t\t\t#gallery-2 {\n\t\t\t\tmargin: auto;\n\t\t\t}\n\t\t\t#gallery-2 .gallery-item {\n\t\t\t\tfloat: left;\n\t\t\t\tmargin-top: 10px;\n\t\t\t\ttext-align: center;\n\t\t\t\twidth: 50%;\n\t\t\t}\n\t\t\t#gallery-2 img {\n\t\t\t\tborder: 2px solid #cfcfcf;\n\t\t\t}\n\t\t\t#gallery-2 .gallery-caption {\n\t\t\t\tmargin-left: 0;\n\t\t\t}\n\t\t\t\/* see gallery_shortcode() in wp-includes\/media.php *\/\n\t\t<\/style>\n\t\t<div id='gallery-2' class='gallery galleryid-51 gallery-columns-2 gallery-size-thumbnail'><dl class='gallery-item'>\n\t\t\t<dt class='gallery-icon landscape'>\n\t\t\t\t<a href='https:\/\/blogs.urz.uni-halle.de\/justscalligraphy\/kalligrafie-heute\/federn-fueller-und-stifte\/img_6446\/'><img width=\"150\" height=\"150\" src=\"https:\/\/blogs.urz.uni-halle.de\/justscalligraphy\/files\/2019\/09\/IMG_6446-150x150.jpg\" class=\"attachment-thumbnail size-thumbnail\" alt=\"\" loading=\"lazy\" aria-describedby=\"gallery-2-109\" srcset=\"https:\/\/blogs.urz.uni-halle.de\/justscalligraphy\/files\/2019\/09\/IMG_6446-150x150.jpg 150w, https:\/\/blogs.urz.uni-halle.de\/justscalligraphy\/files\/2019\/09\/IMG_6446-300x300.jpg 300w, https:\/\/blogs.urz.uni-halle.de\/justscalligraphy\/files\/2019\/09\/IMG_6446-768x768.jpg 768w, https:\/\/blogs.urz.uni-halle.de\/justscalligraphy\/files\/2019\/09\/IMG_6446-1024x1024.jpg 1024w, https:\/\/blogs.urz.uni-halle.de\/justscalligraphy\/files\/2019\/09\/IMG_6446-1380x1380.jpg 1380w\" sizes=\"(max-width: 150px) 100vw, 150px\" \/><\/a>\n\t\t\t<\/dt>\n\t\t\t\t<dd class='wp-caption-text gallery-caption' id='gallery-2-109'>\n\t\t\t\tKaweco Sports &#8211; Feder\n\t\t\t\t<\/dd><\/dl><dl class='gallery-item'>\n\t\t\t<dt class='gallery-icon landscape'>\n\t\t\t\t<a href='https:\/\/blogs.urz.uni-halle.de\/justscalligraphy\/kalligrafie-heute\/federn-fueller-und-stifte\/img_6439\/'><img width=\"150\" height=\"150\" src=\"https:\/\/blogs.urz.uni-halle.de\/justscalligraphy\/files\/2019\/09\/IMG_6439-150x150.jpg\" class=\"attachment-thumbnail size-thumbnail\" alt=\"\" loading=\"lazy\" aria-describedby=\"gallery-2-108\" srcset=\"https:\/\/blogs.urz.uni-halle.de\/justscalligraphy\/files\/2019\/09\/IMG_6439-150x150.jpg 150w, https:\/\/blogs.urz.uni-halle.de\/justscalligraphy\/files\/2019\/09\/IMG_6439-300x300.jpg 300w, https:\/\/blogs.urz.uni-halle.de\/justscalligraphy\/files\/2019\/09\/IMG_6439-768x768.jpg 768w, https:\/\/blogs.urz.uni-halle.de\/justscalligraphy\/files\/2019\/09\/IMG_6439-1024x1024.jpg 1024w, https:\/\/blogs.urz.uni-halle.de\/justscalligraphy\/files\/2019\/09\/IMG_6439-1380x1380.jpg 1380w\" sizes=\"(max-width: 150px) 100vw, 150px\" \/><\/a>\n\t\t\t<\/dt>\n\t\t\t\t<dd class='wp-caption-text gallery-caption' id='gallery-2-108'>\n\t\t\t\tKaweco Sports\n\t\t\t\t<\/dd><\/dl><br style=\"clear: both\" \/><dl class='gallery-item'>\n\t\t\t<dt class='gallery-icon landscape'>\n\t\t\t\t<a href='https:\/\/blogs.urz.uni-halle.de\/justscalligraphy\/kalligrafie-heute\/federn-fueller-und-stifte\/img_6436\/'><img width=\"150\" height=\"150\" src=\"https:\/\/blogs.urz.uni-halle.de\/justscalligraphy\/files\/2019\/09\/IMG_6436-150x150.jpg\" class=\"attachment-thumbnail size-thumbnail\" alt=\"\" loading=\"lazy\" aria-describedby=\"gallery-2-107\" srcset=\"https:\/\/blogs.urz.uni-halle.de\/justscalligraphy\/files\/2019\/09\/IMG_6436-150x150.jpg 150w, https:\/\/blogs.urz.uni-halle.de\/justscalligraphy\/files\/2019\/09\/IMG_6436-300x300.jpg 300w, https:\/\/blogs.urz.uni-halle.de\/justscalligraphy\/files\/2019\/09\/IMG_6436-768x768.jpg 768w, https:\/\/blogs.urz.uni-halle.de\/justscalligraphy\/files\/2019\/09\/IMG_6436-1024x1024.jpg 1024w, https:\/\/blogs.urz.uni-halle.de\/justscalligraphy\/files\/2019\/09\/IMG_6436-1380x1380.jpg 1380w\" sizes=\"(max-width: 150px) 100vw, 150px\" \/><\/a>\n\t\t\t<\/dt>\n\t\t\t\t<dd class='wp-caption-text gallery-caption' id='gallery-2-107'>\n\t\t\t\tPilot Parallel Pens Spitze\n\t\t\t\t<\/dd><\/dl><dl class='gallery-item'>\n\t\t\t<dt class='gallery-icon landscape'>\n\t\t\t\t<a href='https:\/\/blogs.urz.uni-halle.de\/justscalligraphy\/kalligrafie-heute\/federn-fueller-und-stifte\/img_6430\/'><img width=\"150\" height=\"150\" src=\"https:\/\/blogs.urz.uni-halle.de\/justscalligraphy\/files\/2019\/09\/IMG_6430-150x150.jpg\" class=\"attachment-thumbnail size-thumbnail\" alt=\"\" loading=\"lazy\" aria-describedby=\"gallery-2-106\" srcset=\"https:\/\/blogs.urz.uni-halle.de\/justscalligraphy\/files\/2019\/09\/IMG_6430-150x150.jpg 150w, https:\/\/blogs.urz.uni-halle.de\/justscalligraphy\/files\/2019\/09\/IMG_6430-300x300.jpg 300w, https:\/\/blogs.urz.uni-halle.de\/justscalligraphy\/files\/2019\/09\/IMG_6430-768x768.jpg 768w, https:\/\/blogs.urz.uni-halle.de\/justscalligraphy\/files\/2019\/09\/IMG_6430-1024x1024.jpg 1024w, https:\/\/blogs.urz.uni-halle.de\/justscalligraphy\/files\/2019\/09\/IMG_6430-1380x1380.jpg 1380w\" sizes=\"(max-width: 150px) 100vw, 150px\" \/><\/a>\n\t\t\t<\/dt>\n\t\t\t\t<dd class='wp-caption-text gallery-caption' id='gallery-2-106'>\n\t\t\t\tPilot Parallel Pens\n\t\t\t\t<\/dd><\/dl><br style=\"clear: both\" \/>\n\t\t<\/div>\n\n<p>&nbsp;<\/p>\n<p>An Stiften braucht man in jedem Fall einen Bleistift. M\u00f6glichst d\u00fcnn und nicht zu weich. Einen Druckbleistift mit HB-Mine ist zu empfehlen. Dieser dient zum Linien ziehen, welche &#8211; dringend &#8211; von N\u00f6ten sind, um einen regelm\u00e4\u00dfigen Textfluss zu gew\u00e4hrleisten. Einen ganzen Songtext ohne Linien zu schreiben, w\u00fcrde ein wackeliges Ergebnis zu Tage f\u00f6rdern.<br \/>\nEin Pinselstift kann einen neuen Stil in das Kalligramm oder die \u00dcberschrift des Songtextes bringen.<br \/>\nWer ein Vektorprogramm, sowie einen Drucker zur Verf\u00fcgung hat, kann auch die Linien digital ziehen und das ausgedruckte Blatt als Vorlage nehemen. F\u00fcr gr\u00f6\u00dfere Formate muss man Lineal und Bleistift bedienen. Dieser Prozess geh\u00f6rt auf jeden Fall zum Usus f\u00fcr die Umsetzung einen Projektes dazu.<\/p>\n<p>&nbsp;<\/p>\n\n\t\t<style type=\"text\/css\">\n\t\t\t#gallery-3 {\n\t\t\t\tmargin: auto;\n\t\t\t}\n\t\t\t#gallery-3 .gallery-item {\n\t\t\t\tfloat: left;\n\t\t\t\tmargin-top: 10px;\n\t\t\t\ttext-align: center;\n\t\t\t\twidth: 50%;\n\t\t\t}\n\t\t\t#gallery-3 img {\n\t\t\t\tborder: 2px solid #cfcfcf;\n\t\t\t}\n\t\t\t#gallery-3 .gallery-caption {\n\t\t\t\tmargin-left: 0;\n\t\t\t}\n\t\t\t\/* see gallery_shortcode() in wp-includes\/media.php *\/\n\t\t<\/style>\n\t\t<div id='gallery-3' class='gallery galleryid-51 gallery-columns-2 gallery-size-thumbnail'><dl class='gallery-item'>\n\t\t\t<dt class='gallery-icon landscape'>\n\t\t\t\t<a href='https:\/\/blogs.urz.uni-halle.de\/justscalligraphy\/kalligrafie-heute\/federn-fueller-und-stifte\/img_6424\/'><img width=\"150\" height=\"150\" src=\"https:\/\/blogs.urz.uni-halle.de\/justscalligraphy\/files\/2019\/09\/IMG_6424-150x150.jpg\" class=\"attachment-thumbnail size-thumbnail\" alt=\"\" loading=\"lazy\" aria-describedby=\"gallery-3-104\" srcset=\"https:\/\/blogs.urz.uni-halle.de\/justscalligraphy\/files\/2019\/09\/IMG_6424-150x150.jpg 150w, https:\/\/blogs.urz.uni-halle.de\/justscalligraphy\/files\/2019\/09\/IMG_6424-300x300.jpg 300w, https:\/\/blogs.urz.uni-halle.de\/justscalligraphy\/files\/2019\/09\/IMG_6424-768x768.jpg 768w, https:\/\/blogs.urz.uni-halle.de\/justscalligraphy\/files\/2019\/09\/IMG_6424-1024x1024.jpg 1024w, https:\/\/blogs.urz.uni-halle.de\/justscalligraphy\/files\/2019\/09\/IMG_6424-1380x1380.jpg 1380w\" sizes=\"(max-width: 150px) 100vw, 150px\" \/><\/a>\n\t\t\t<\/dt>\n\t\t\t\t<dd class='wp-caption-text gallery-caption' id='gallery-3-104'>\n\t\t\t\tBrush Pen\n\t\t\t\t<\/dd><\/dl><dl class='gallery-item'>\n\t\t\t<dt class='gallery-icon landscape'>\n\t\t\t\t<a href='https:\/\/blogs.urz.uni-halle.de\/justscalligraphy\/kalligrafie-heute\/federn-fueller-und-stifte\/img_6428\/'><img width=\"150\" height=\"150\" src=\"https:\/\/blogs.urz.uni-halle.de\/justscalligraphy\/files\/2019\/09\/IMG_6428-150x150.jpg\" class=\"attachment-thumbnail size-thumbnail\" alt=\"\" loading=\"lazy\" aria-describedby=\"gallery-3-105\" srcset=\"https:\/\/blogs.urz.uni-halle.de\/justscalligraphy\/files\/2019\/09\/IMG_6428-150x150.jpg 150w, https:\/\/blogs.urz.uni-halle.de\/justscalligraphy\/files\/2019\/09\/IMG_6428-300x300.jpg 300w, https:\/\/blogs.urz.uni-halle.de\/justscalligraphy\/files\/2019\/09\/IMG_6428-768x768.jpg 768w, https:\/\/blogs.urz.uni-halle.de\/justscalligraphy\/files\/2019\/09\/IMG_6428-1024x1024.jpg 1024w, https:\/\/blogs.urz.uni-halle.de\/justscalligraphy\/files\/2019\/09\/IMG_6428-1380x1380.jpg 1380w\" sizes=\"(max-width: 150px) 100vw, 150px\" \/><\/a>\n\t\t\t<\/dt>\n\t\t\t\t<dd class='wp-caption-text gallery-caption' id='gallery-3-105'>\n\t\t\t\tBrush Pen Spitze\n\t\t\t\t<\/dd><\/dl><br style=\"clear: both\" \/><dl class='gallery-item'>\n\t\t\t<dt class='gallery-icon landscape'>\n\t\t\t\t<a href='https:\/\/blogs.urz.uni-halle.de\/justscalligraphy\/kalligrafie-heute\/federn-fueller-und-stifte\/img_6491\/'><img width=\"150\" height=\"150\" src=\"https:\/\/blogs.urz.uni-halle.de\/justscalligraphy\/files\/2019\/09\/IMG_6491-150x150.jpg\" class=\"attachment-thumbnail size-thumbnail\" alt=\"\" loading=\"lazy\" aria-describedby=\"gallery-3-113\" srcset=\"https:\/\/blogs.urz.uni-halle.de\/justscalligraphy\/files\/2019\/09\/IMG_6491-150x150.jpg 150w, https:\/\/blogs.urz.uni-halle.de\/justscalligraphy\/files\/2019\/09\/IMG_6491-300x300.jpg 300w, https:\/\/blogs.urz.uni-halle.de\/justscalligraphy\/files\/2019\/09\/IMG_6491-768x768.jpg 768w, https:\/\/blogs.urz.uni-halle.de\/justscalligraphy\/files\/2019\/09\/IMG_6491-1024x1024.jpg 1024w, https:\/\/blogs.urz.uni-halle.de\/justscalligraphy\/files\/2019\/09\/IMG_6491-1380x1380.jpg 1380w\" sizes=\"(max-width: 150px) 100vw, 150px\" \/><\/a>\n\t\t\t<\/dt>\n\t\t\t\t<dd class='wp-caption-text gallery-caption' id='gallery-3-113'>\n\t\t\t\tFlachpinsel f\u00fcr Kalligrafie\n\t\t\t\t<\/dd><\/dl><dl class='gallery-item'>\n\t\t\t<dt class='gallery-icon landscape'>\n\t\t\t\t<a href='https:\/\/blogs.urz.uni-halle.de\/justscalligraphy\/kalligrafie-heute\/federn-fueller-und-stifte\/img_6473\/'><img width=\"150\" height=\"150\" src=\"https:\/\/blogs.urz.uni-halle.de\/justscalligraphy\/files\/2019\/09\/IMG_6473-150x150.jpg\" class=\"attachment-thumbnail size-thumbnail\" alt=\"\" loading=\"lazy\" aria-describedby=\"gallery-3-112\" srcset=\"https:\/\/blogs.urz.uni-halle.de\/justscalligraphy\/files\/2019\/09\/IMG_6473-150x150.jpg 150w, https:\/\/blogs.urz.uni-halle.de\/justscalligraphy\/files\/2019\/09\/IMG_6473-300x300.jpg 300w, https:\/\/blogs.urz.uni-halle.de\/justscalligraphy\/files\/2019\/09\/IMG_6473-768x768.jpg 768w, https:\/\/blogs.urz.uni-halle.de\/justscalligraphy\/files\/2019\/09\/IMG_6473-1024x1024.jpg 1024w, https:\/\/blogs.urz.uni-halle.de\/justscalligraphy\/files\/2019\/09\/IMG_6473-1380x1380.jpg 1380w\" sizes=\"(max-width: 150px) 100vw, 150px\" \/><\/a>\n\t\t\t<\/dt>\n\t\t\t\t<dd class='wp-caption-text gallery-caption' id='gallery-3-112'>\n\t\t\t\tLineale &#8211; Zirkel &#8211; Bleistift\n\t\t\t\t<\/dd><\/dl><br style=\"clear: both\" \/>\n\t\t<\/div>\n\n","protected":false},"excerpt":{"rendered":"<p>Wer den auf dem traditionellen Weg schreiben m\u00f6chte, kann mit einem Federhalter und Federn schreiben. Dazu geh\u00f6rt ein Tintenf\u00e4sschen. Bei dieser Methode wird gelehrt, dass die Feder nie direkt in die Tinte eingetaucht, sondern an ihrer Stelle einen Pinsel &#8222;bef\u00fcllt&#8220; wird. Bei Plakatfedern gilt das nicht mehr. Das Schreiben von Songtexten ist mit Feder sehr &#8230; <span class=\"more\"><a class=\"more-link\" href=\"https:\/\/blogs.urz.uni-halle.de\/justscalligraphy\/kalligrafie-heute\/federn-fueller-und-stifte\/\">[Read more&#8230;]<\/a><\/span><\/p>\n","protected":false},"author":4152,"featured_media":0,"parent":16,"menu_order":0,"comment_status":"closed","ping_status":"closed","template":"","meta":[],"_links":{"self":[{"href":"https:\/\/blogs.urz.uni-halle.de\/justscalligraphy\/wp-json\/wp\/v2\/pages\/51"}],"collection":[{"href":"https:\/\/blogs.urz.uni-halle.de\/justscalligraphy\/wp-json\/wp\/v2\/pages"}],"about":[{"href":"https:\/\/blogs.urz.uni-halle.de\/justscalligraphy\/wp-json\/wp\/v2\/types\/page"}],"author":[{"embeddable":true,"href":"https:\/\/blogs.urz.uni-halle.de\/justscalligraphy\/wp-json\/wp\/v2\/users\/4152"}],"replies":[{"embeddable":true,"href":"https:\/\/blogs.urz.uni-halle.de\/justscalligraphy\/wp-json\/wp\/v2\/comments?post=51"}],"version-history":[{"count":10,"href":"https:\/\/blogs.urz.uni-halle.de\/justscalligraphy\/wp-json\/wp\/v2\/pages\/51\/revisions"}],"predecessor-version":[{"id":200,"href":"https:\/\/blogs.urz.uni-halle.de\/justscalligraphy\/wp-json\/wp\/v2\/pages\/51\/revisions\/200"}],"up":[{"embeddable":true,"href":"https:\/\/blogs.urz.uni-halle.de\/justscalligraphy\/wp-json\/wp\/v2\/pages\/16"}],"wp:attachment":[{"href":"https:\/\/blogs.urz.uni-halle.de\/justscalligraphy\/wp-json\/wp\/v2\/media?parent=51"}],"curies":[{"name":"wp","href":"https:\/\/api.w.org\/{rel}","templated":true}]}}