{"id":67,"date":"2019-09-17T21:25:06","date_gmt":"2019-09-17T19:25:06","guid":{"rendered":"https:\/\/blogs.urz.uni-halle.de\/justscalligraphy\/?page_id=67"},"modified":"2019-09-20T16:57:57","modified_gmt":"2019-09-20T14:57:57","slug":"kursive","status":"publish","type":"page","link":"https:\/\/blogs.urz.uni-halle.de\/justscalligraphy\/beispiel-seite\/kursive\/","title":{"rendered":"Kursive"},"content":{"rendered":"<p>Ob Songtext oder kurzes Zitat &#8211; der aus der Kalten entsteht auch bei Meistern keine Bestleistung. Also werden Grundbuchstaben wie das kleine &#8222;n&#8220; oder &#8222;i&#8220; mehrfach geschrieben. Auch ganze W\u00f6rter kann man als Aufw\u00e4rmung in kursiver Manier schreiben. Da kommt es vor allem darauf an das Muskelged\u00e4chtnis zu wecken.<\/p>\n<p>&nbsp;<\/p>\n\n\t\t<style type=\"text\/css\">\n\t\t\t#gallery-1 {\n\t\t\t\tmargin: auto;\n\t\t\t}\n\t\t\t#gallery-1 .gallery-item {\n\t\t\t\tfloat: left;\n\t\t\t\tmargin-top: 10px;\n\t\t\t\ttext-align: center;\n\t\t\t\twidth: 50%;\n\t\t\t}\n\t\t\t#gallery-1 img {\n\t\t\t\tborder: 2px solid #cfcfcf;\n\t\t\t}\n\t\t\t#gallery-1 .gallery-caption {\n\t\t\t\tmargin-left: 0;\n\t\t\t}\n\t\t\t\/* see gallery_shortcode() in wp-includes\/media.php *\/\n\t\t<\/style>\n\t\t<div id='gallery-1' class='gallery galleryid-67 gallery-columns-2 gallery-size-full'><dl class='gallery-item'>\n\t\t\t<dt class='gallery-icon landscape'>\n\t\t\t\t<a href='https:\/\/blogs.urz.uni-halle.de\/justscalligraphy\/beispiel-seite\/kursive\/img_6515\/'><img width=\"2848\" height=\"2848\" src=\"https:\/\/blogs.urz.uni-halle.de\/justscalligraphy\/files\/2019\/09\/IMG_6515.jpg\" class=\"attachment-full size-full\" alt=\"\" loading=\"lazy\" aria-describedby=\"gallery-1-101\" srcset=\"https:\/\/blogs.urz.uni-halle.de\/justscalligraphy\/files\/2019\/09\/IMG_6515.jpg 2848w, https:\/\/blogs.urz.uni-halle.de\/justscalligraphy\/files\/2019\/09\/IMG_6515-150x150.jpg 150w, https:\/\/blogs.urz.uni-halle.de\/justscalligraphy\/files\/2019\/09\/IMG_6515-300x300.jpg 300w, https:\/\/blogs.urz.uni-halle.de\/justscalligraphy\/files\/2019\/09\/IMG_6515-768x768.jpg 768w, https:\/\/blogs.urz.uni-halle.de\/justscalligraphy\/files\/2019\/09\/IMG_6515-1024x1024.jpg 1024w, https:\/\/blogs.urz.uni-halle.de\/justscalligraphy\/files\/2019\/09\/IMG_6515-1380x1380.jpg 1380w\" sizes=\"(max-width: 2848px) 100vw, 2848px\" \/><\/a>\n\t\t\t<\/dt>\n\t\t\t\t<dd class='wp-caption-text gallery-caption' id='gallery-1-101'>\n\t\t\t\tNichts geschrieben, aber Unsinn\n\t\t\t\t<\/dd><\/dl>\n\t\t\t<br style='clear: both' \/>\n\t\t<\/div>\n\n<p>&nbsp;<\/p>\n","protected":false},"excerpt":{"rendered":"<p>Ob Songtext oder kurzes Zitat &#8211; der aus der Kalten entsteht auch bei Meistern keine Bestleistung. Also werden Grundbuchstaben wie das kleine &#8222;n&#8220; oder &#8222;i&#8220; mehrfach geschrieben. Auch ganze W\u00f6rter kann man als Aufw\u00e4rmung in kursiver Manier schreiben. Da kommt es vor allem darauf an das Muskelged\u00e4chtnis zu wecken. &nbsp; &nbsp;<\/p>\n","protected":false},"author":4152,"featured_media":0,"parent":2,"menu_order":0,"comment_status":"closed","ping_status":"closed","template":"","meta":[],"_links":{"self":[{"href":"https:\/\/blogs.urz.uni-halle.de\/justscalligraphy\/wp-json\/wp\/v2\/pages\/67"}],"collection":[{"href":"https:\/\/blogs.urz.uni-halle.de\/justscalligraphy\/wp-json\/wp\/v2\/pages"}],"about":[{"href":"https:\/\/blogs.urz.uni-halle.de\/justscalligraphy\/wp-json\/wp\/v2\/types\/page"}],"author":[{"embeddable":true,"href":"https:\/\/blogs.urz.uni-halle.de\/justscalligraphy\/wp-json\/wp\/v2\/users\/4152"}],"replies":[{"embeddable":true,"href":"https:\/\/blogs.urz.uni-halle.de\/justscalligraphy\/wp-json\/wp\/v2\/comments?post=67"}],"version-history":[{"count":7,"href":"https:\/\/blogs.urz.uni-halle.de\/justscalligraphy\/wp-json\/wp\/v2\/pages\/67\/revisions"}],"predecessor-version":[{"id":158,"href":"https:\/\/blogs.urz.uni-halle.de\/justscalligraphy\/wp-json\/wp\/v2\/pages\/67\/revisions\/158"}],"up":[{"embeddable":true,"href":"https:\/\/blogs.urz.uni-halle.de\/justscalligraphy\/wp-json\/wp\/v2\/pages\/2"}],"wp:attachment":[{"href":"https:\/\/blogs.urz.uni-halle.de\/justscalligraphy\/wp-json\/wp\/v2\/media?parent=67"}],"curies":[{"name":"wp","href":"https:\/\/api.w.org\/{rel}","templated":true}]}}