{"id":71,"date":"2019-09-17T21:35:12","date_gmt":"2019-09-17T19:35:12","guid":{"rendered":"https:\/\/blogs.urz.uni-halle.de\/justscalligraphy\/?page_id=71"},"modified":"2019-09-20T16:57:39","modified_gmt":"2019-09-20T14:57:39","slug":"calligraffiti","status":"publish","type":"page","link":"https:\/\/blogs.urz.uni-halle.de\/justscalligraphy\/beispiel-seite\/calligraffiti\/","title":{"rendered":"Calligraffiti"},"content":{"rendered":"<p>F\u00fcr die Art der freien Kalligrafie beginnt man meist mit der Wiederholung alter Schriftz\u00fcge. Man beruft sich auf ein spezielles &#8222;K\u00fcnstler &#8211; K\u00fcrzels&#8220; wie SiS oder SiaL. Um einen neuen Weg der Gestaltung eines solchen Namens zu beschreiten, f\u00e4ngt man immer mit einem oder sogar nur mit einer Linie an. Voraussetzung f\u00fcr solche Arbeiten ist ein Verst\u00e4ndnis der einzelnen Buchstaben. Viel kann auch spontan entstehen. Der Schriftzug &#8222;Jimi Hendrix&#8220; vom Musiker ist eine spontan Schrift, die ein Unikat ist.<\/p>\n\n\t\t<style type=\"text\/css\">\n\t\t\t#gallery-1 {\n\t\t\t\tmargin: auto;\n\t\t\t}\n\t\t\t#gallery-1 .gallery-item {\n\t\t\t\tfloat: left;\n\t\t\t\tmargin-top: 10px;\n\t\t\t\ttext-align: center;\n\t\t\t\twidth: 50%;\n\t\t\t}\n\t\t\t#gallery-1 img {\n\t\t\t\tborder: 2px solid #cfcfcf;\n\t\t\t}\n\t\t\t#gallery-1 .gallery-caption {\n\t\t\t\tmargin-left: 0;\n\t\t\t}\n\t\t\t\/* see gallery_shortcode() in wp-includes\/media.php *\/\n\t\t<\/style>\n\t\t<div id='gallery-1' class='gallery galleryid-71 gallery-columns-2 gallery-size-full'><dl class='gallery-item'>\n\t\t\t<dt class='gallery-icon landscape'>\n\t\t\t\t<a href='https:\/\/blogs.urz.uni-halle.de\/justscalligraphy\/beispiel-seite\/calligraffiti\/img_6523\/'><img width=\"2848\" height=\"2848\" src=\"https:\/\/blogs.urz.uni-halle.de\/justscalligraphy\/files\/2019\/09\/IMG_6523.jpg\" class=\"attachment-full size-full\" alt=\"\" loading=\"lazy\" aria-describedby=\"gallery-1-91\" srcset=\"https:\/\/blogs.urz.uni-halle.de\/justscalligraphy\/files\/2019\/09\/IMG_6523.jpg 2848w, https:\/\/blogs.urz.uni-halle.de\/justscalligraphy\/files\/2019\/09\/IMG_6523-150x150.jpg 150w, https:\/\/blogs.urz.uni-halle.de\/justscalligraphy\/files\/2019\/09\/IMG_6523-300x300.jpg 300w, https:\/\/blogs.urz.uni-halle.de\/justscalligraphy\/files\/2019\/09\/IMG_6523-768x768.jpg 768w, https:\/\/blogs.urz.uni-halle.de\/justscalligraphy\/files\/2019\/09\/IMG_6523-1024x1024.jpg 1024w, https:\/\/blogs.urz.uni-halle.de\/justscalligraphy\/files\/2019\/09\/IMG_6523-1380x1380.jpg 1380w\" sizes=\"(max-width: 2848px) 100vw, 2848px\" \/><\/a>\n\t\t\t<\/dt>\n\t\t\t\t<dd class='wp-caption-text gallery-caption' id='gallery-1-91'>\n\t\t\t\tSome quick Letters and Names\n\t\t\t\t<\/dd><\/dl>\n\t\t\t<br style='clear: both' \/>\n\t\t<\/div>\n\n","protected":false},"excerpt":{"rendered":"<p>F\u00fcr die Art der freien Kalligrafie beginnt man meist mit der Wiederholung alter Schriftz\u00fcge. Man beruft sich auf ein spezielles &#8222;K\u00fcnstler &#8211; K\u00fcrzels&#8220; wie SiS oder SiaL. Um einen neuen Weg der Gestaltung eines solchen Namens zu beschreiten, f\u00e4ngt man immer mit einem oder sogar nur mit einer Linie an. Voraussetzung f\u00fcr solche Arbeiten ist &#8230; <span class=\"more\"><a class=\"more-link\" href=\"https:\/\/blogs.urz.uni-halle.de\/justscalligraphy\/beispiel-seite\/calligraffiti\/\">[Read more&#8230;]<\/a><\/span><\/p>\n","protected":false},"author":4152,"featured_media":0,"parent":2,"menu_order":0,"comment_status":"closed","ping_status":"closed","template":"","meta":[],"_links":{"self":[{"href":"https:\/\/blogs.urz.uni-halle.de\/justscalligraphy\/wp-json\/wp\/v2\/pages\/71"}],"collection":[{"href":"https:\/\/blogs.urz.uni-halle.de\/justscalligraphy\/wp-json\/wp\/v2\/pages"}],"about":[{"href":"https:\/\/blogs.urz.uni-halle.de\/justscalligraphy\/wp-json\/wp\/v2\/types\/page"}],"author":[{"embeddable":true,"href":"https:\/\/blogs.urz.uni-halle.de\/justscalligraphy\/wp-json\/wp\/v2\/users\/4152"}],"replies":[{"embeddable":true,"href":"https:\/\/blogs.urz.uni-halle.de\/justscalligraphy\/wp-json\/wp\/v2\/comments?post=71"}],"version-history":[{"count":10,"href":"https:\/\/blogs.urz.uni-halle.de\/justscalligraphy\/wp-json\/wp\/v2\/pages\/71\/revisions"}],"predecessor-version":[{"id":181,"href":"https:\/\/blogs.urz.uni-halle.de\/justscalligraphy\/wp-json\/wp\/v2\/pages\/71\/revisions\/181"}],"up":[{"embeddable":true,"href":"https:\/\/blogs.urz.uni-halle.de\/justscalligraphy\/wp-json\/wp\/v2\/pages\/2"}],"wp:attachment":[{"href":"https:\/\/blogs.urz.uni-halle.de\/justscalligraphy\/wp-json\/wp\/v2\/media?parent=71"}],"curies":[{"name":"wp","href":"https:\/\/api.w.org\/{rel}","templated":true}]}}