{"id":2,"date":"2024-04-08T16:28:49","date_gmt":"2024-04-08T14:28:49","guid":{"rendered":"https:\/\/blogs.urz.uni-halle.de\/kiseminar\/?page_id=2"},"modified":"2024-05-28T09:50:17","modified_gmt":"2024-05-28T07:50:17","slug":"start","status":"publish","type":"page","link":"https:\/\/blogs.urz.uni-halle.de\/kiseminar\/","title":{"rendered":"Herzlich Willkommen!"},"content":{"rendered":"\n<figure class=\"wp-block-image size-large\"><img loading=\"lazy\" width=\"1024\" height=\"131\" src=\"https:\/\/blogs.urz.uni-halle.de\/kiseminar\/files\/2024\/05\/Bild2-1024x131.png\" alt=\"\" class=\"wp-image-191\" srcset=\"https:\/\/blogs.urz.uni-halle.de\/kiseminar\/files\/2024\/05\/Bild2-1024x131.png 1024w, https:\/\/blogs.urz.uni-halle.de\/kiseminar\/files\/2024\/05\/Bild2-300x39.png 300w, https:\/\/blogs.urz.uni-halle.de\/kiseminar\/files\/2024\/05\/Bild2-768x99.png 768w, https:\/\/blogs.urz.uni-halle.de\/kiseminar\/files\/2024\/05\/Bild2-1536x197.png 1536w, https:\/\/blogs.urz.uni-halle.de\/kiseminar\/files\/2024\/05\/Bild2-2048x263.png 2048w\" sizes=\"(max-width: 1024px) 100vw, 1024px\" \/><\/figure>\n\n\n\n<p>Hallo und willkommen auf dem Blog zum Seminar \u201eKI and Me \u2013 K\u00fcnstliche Intelligenzen vom Sprachmodell bis ins Klassenzimmer\u201d! Hier erforschen Studierende im Lehramt Deutsch f\u00fcr Sekundarschulen und Gymnasien das breite Thema \u201eK\u00fcnstliche Intelligenz\u201d und m\u00f6gliche Auswirkungen auf Bildung und Gesellschaft. Wir starten mit alten Visionen wie dem Film \u201eK\u00fcnstliche Intelligenz\u201d aus dem Jahr 2001 und schauen uns dann aktuelle Tools und Trends an. Au\u00dferdem werfen wir einen Blick auf m\u00f6gliche Zuk\u00fcnfte. So erkunden wir die Schnittstellen zwischen Mensch und Maschine.<br>Gemeinsam betrachten wir die breite Palette von Anwendungen und Auswirkungen von KI in verschiedenen Bereichen. Diese Bereiche findest du oben unter \u201eBeitr\u00e4ge nach Kategorie\u201d. Wir schauen uns an, was man sich von KI erhofft, welche Chancen und Risiken sie birgt und wie sie sich auf Bildung und Gesellschaft auswirkt. Au\u00dferdem gehen wir der Frage nach, wie Sprachanwendungen funktionieren und wie man Texte am besten analysiert. Dazu testen wir u.a. die Textanalyse-Tools Capito und T-MitoCar auf ihre Funktionalit\u00e4t und Leistungsf\u00e4higkeit.<br>Den Schwerpunkt bildet aber die Entwicklung und Umsetzung eigener Projektideen zu &#8218;KI &amp; Me&#8216;, die schlie\u00dflich im Rahmen der \u201eLangen Nacht der Wissenschaft\u201d am 05.07.2024 \u00f6ffentlich vorgestellt werden: https:\/\/lndwhalle.de\/programm\/355<\/p>\n\n\n\n<p>Allgemeine Beitr\u00e4ge zu den Sitzungen des Seminars:<\/p>\n\n\n<ul class=\"wp-block-latest-posts wp-block-latest-posts__list is-grid columns-3 has-dates has-author\"><li><a href=\"https:\/\/blogs.urz.uni-halle.de\/kiseminar\/2024\/09\/plakat-zur-lndw\/\">Plakat zur LNDW<\/a><div class=\"wp-block-latest-posts__post-author\">von Christian Schmidt<\/div><time datetime=\"2024-09-30T15:48:46+02:00\" class=\"wp-block-latest-posts__post-date\">30. September 2024<\/time><div class=\"wp-block-latest-posts__post-excerpt\"><\/div><\/li>\n<li><div class=\"wp-block-latest-posts__featured-image aligncenter\"><img width=\"300\" height=\"225\" src=\"https:\/\/blogs.urz.uni-halle.de\/kiseminar\/files\/2024\/07\/lNdW-Aufbau-300x225.jpg\" class=\"attachment-medium size-medium wp-post-image\" alt=\"\" loading=\"lazy\" style=\"\" srcset=\"https:\/\/blogs.urz.uni-halle.de\/kiseminar\/files\/2024\/07\/lNdW-Aufbau-300x225.jpg 300w, https:\/\/blogs.urz.uni-halle.de\/kiseminar\/files\/2024\/07\/lNdW-Aufbau-1024x768.jpg 1024w, https:\/\/blogs.urz.uni-halle.de\/kiseminar\/files\/2024\/07\/lNdW-Aufbau-768x576.jpg 768w, https:\/\/blogs.urz.uni-halle.de\/kiseminar\/files\/2024\/07\/lNdW-Aufbau-1536x1152.jpg 1536w, https:\/\/blogs.urz.uni-halle.de\/kiseminar\/files\/2024\/07\/lNdW-Aufbau.jpg 1600w\" sizes=\"(max-width: 300px) 100vw, 300px\" \/><\/div><a href=\"https:\/\/blogs.urz.uni-halle.de\/kiseminar\/2024\/07\/kischool-auf-der-langen-nacht-der-wissenschaften\/\">KI@School &#8211; auf der Langen Nacht der Wissenschaften<\/a><div class=\"wp-block-latest-posts__post-author\">von Lilly Sidonia B\u00f6ttger<\/div><time datetime=\"2024-07-25T11:53:37+02:00\" class=\"wp-block-latest-posts__post-date\">25. Juli 2024<\/time><div class=\"wp-block-latest-posts__post-excerpt\">Das wohl wichtigste Event dieses Seminars fand am 05.06.2024 statt &#8211; die Lange Nacht der Wissenschaften. Dort wurden die Projekte der Seminarteilnehmenden pr\u00e4sentiert und ausprobiert. &hellip; <a href=\"https:\/\/blogs.urz.uni-halle.de\/kiseminar\/2024\/07\/kischool-auf-der-langen-nacht-der-wissenschaften\/\" class=\"more-link\"><span class=\"screen-reader-text\">KI@School &#8211; auf der Langen Nacht der Wissenschaften<\/span> weiterlesen <span class=\"meta-nav\">&rarr;<\/span><\/a><\/div><\/li>\n<li><a href=\"https:\/\/blogs.urz.uni-halle.de\/kiseminar\/2024\/07\/ein-blick-in-unsere-zukunft\/\">Ein Blick in unsere Zukunft<\/a><div class=\"wp-block-latest-posts__post-author\">von Constanze M\u00fcller<\/div><time datetime=\"2024-07-09T09:23:49+02:00\" class=\"wp-block-latest-posts__post-date\">9. Juli 2024<\/time><div class=\"wp-block-latest-posts__post-excerpt\">Am 19.06.24 fand in der Luisenstra\u00dfe ein Vortrag von Kay Adenstedt, dem Leiter der Fachgruppe \u201eDigitale Transformation und schulische Medienbildung\u201c im Landesinstitut f\u00fcr Schulqualit\u00e4t und &hellip; <a href=\"https:\/\/blogs.urz.uni-halle.de\/kiseminar\/2024\/07\/ein-blick-in-unsere-zukunft\/\" class=\"more-link\"><span class=\"screen-reader-text\">Ein Blick in unsere Zukunft<\/span> weiterlesen <span class=\"meta-nav\">&rarr;<\/span><\/a><\/div><\/li>\n<li><a href=\"https:\/\/blogs.urz.uni-halle.de\/kiseminar\/2024\/07\/entdecke-den-leitfaden-fuer-eltern-ki-und-die-familie-der-ultimative-guide-fuer-alle-die-den-durchblick-behalten-wollen\/\">Entdecke den &#8222;Leitfaden f\u00fcr Eltern: KI und die Familie\u201c: Der ultimative Guide f\u00fcr alle, die den Durchblick behalten wollen!<\/a><div class=\"wp-block-latest-posts__post-author\">von Jessica Rentsch<\/div><time datetime=\"2024-07-05T16:01:46+02:00\" class=\"wp-block-latest-posts__post-date\">5. Juli 2024<\/time><div class=\"wp-block-latest-posts__post-excerpt\">Hast du dich jemals gefragt, wie Eltern das Ph\u00e4nomen der K\u00fcnstlichen Intelligenz (KI) besser verstehen k\u00f6nnen, um ihre Kinder in der Schule optimal zu unterst\u00fctzen? &hellip; <a href=\"https:\/\/blogs.urz.uni-halle.de\/kiseminar\/2024\/07\/entdecke-den-leitfaden-fuer-eltern-ki-und-die-familie-der-ultimative-guide-fuer-alle-die-den-durchblick-behalten-wollen\/\" class=\"more-link\"><span class=\"screen-reader-text\">Entdecke den &#8222;Leitfaden f\u00fcr Eltern: KI und die Familie\u201c: Der ultimative Guide f\u00fcr alle, die den Durchblick behalten wollen!<\/span> weiterlesen <span class=\"meta-nav\">&rarr;<\/span><\/a><\/div><\/li>\n<li><a href=\"https:\/\/blogs.urz.uni-halle.de\/kiseminar\/2024\/07\/lange-nacht-der-wissenschaften-am-5-juli-2024-2\/\">Lange Nacht der Wissenschaften am 5. Juli 2024<\/a><div class=\"wp-block-latest-posts__post-author\">von Petya Vasileva<\/div><time datetime=\"2024-07-05T13:40:41+02:00\" class=\"wp-block-latest-posts__post-date\">5. Juli 2024<\/time><div class=\"wp-block-latest-posts__post-excerpt\">Thema: Pr\u00e4sentation unseres Projekts &#8222;KI und Schule&#8220; Ort: Sprachenzentrum der MLU Halle-Wittenberg Zeit: 17:00 \u2013 21:00 Uhr Beschreibung:Wir freuen uns, euch die Ergebnisse unseres Projekts &hellip; <a href=\"https:\/\/blogs.urz.uni-halle.de\/kiseminar\/2024\/07\/lange-nacht-der-wissenschaften-am-5-juli-2024-2\/\" class=\"more-link\"><span class=\"screen-reader-text\">Lange Nacht der Wissenschaften am 5. Juli 2024<\/span> weiterlesen <span class=\"meta-nav\">&rarr;<\/span><\/a><\/div><\/li>\n<li><a href=\"https:\/\/blogs.urz.uni-halle.de\/kiseminar\/2024\/07\/chancen-und-risiken-der-ki-nutzung-durch-schuelerinnen-und-schuelern\/\">Chancen und Risiken der KI-Nutzung durch Sch\u00fclerinnen und Sch\u00fclern<\/a><div class=\"wp-block-latest-posts__post-author\">von Laura Sophie Arnold<\/div><time datetime=\"2024-07-04T09:47:10+02:00\" class=\"wp-block-latest-posts__post-date\">4. Juli 2024<\/time><div class=\"wp-block-latest-posts__post-excerpt\">Im Folgenden soll es darum gehen, inwiefern Sch\u00fclerinnen und Sch\u00fcler ab Klassenstufe 5 k\u00fcnstliche Intelligenzen f\u00fcr schulische Zwecke nutzen k\u00f6nnen. Dabei werden zum einen Nutzungsm\u00f6glichkeiten &hellip; <a href=\"https:\/\/blogs.urz.uni-halle.de\/kiseminar\/2024\/07\/chancen-und-risiken-der-ki-nutzung-durch-schuelerinnen-und-schuelern\/\" class=\"more-link\"><span class=\"screen-reader-text\">Chancen und Risiken der KI-Nutzung durch Sch\u00fclerinnen und Sch\u00fclern<\/span> weiterlesen <span class=\"meta-nav\">&rarr;<\/span><\/a><\/div><\/li>\n<li><a href=\"https:\/\/blogs.urz.uni-halle.de\/kiseminar\/2024\/07\/lange-nacht-der-wissenschaften-am-5-juli-2024\/\">Lange Nacht der Wissenschaften am 5. Juli 2024<\/a><div class=\"wp-block-latest-posts__post-author\">von Constanze M\u00fcller<\/div><time datetime=\"2024-07-03T08:42:49+02:00\" class=\"wp-block-latest-posts__post-date\">3. Juli 2024<\/time><div class=\"wp-block-latest-posts__post-excerpt\">Thema: Vorstellung der Ergebnisse einer Umfrage mit Lehrkr\u00e4ften zum Einsatz von KI-Tools in der Schule Ort: Sprachenzentrum der MLU Halle-Wittenberg Zeit: 17:00 &#8211; 21:00 Uhr &hellip; <a href=\"https:\/\/blogs.urz.uni-halle.de\/kiseminar\/2024\/07\/lange-nacht-der-wissenschaften-am-5-juli-2024\/\" class=\"more-link\"><span class=\"screen-reader-text\">Lange Nacht der Wissenschaften am 5. Juli 2024<\/span> weiterlesen <span class=\"meta-nav\">&rarr;<\/span><\/a><\/div><\/li>\n<li><a href=\"https:\/\/blogs.urz.uni-halle.de\/kiseminar\/2024\/07\/kreidezeit-4-0\/\">Kreidezeit 4.0<\/a><div class=\"wp-block-latest-posts__post-author\">von Johanna Elsner<\/div><time datetime=\"2024-07-02T11:21:57+02:00\" class=\"wp-block-latest-posts__post-date\">2. Juli 2024<\/time><div class=\"wp-block-latest-posts__post-excerpt\">Im Rahmen des Seminars dachten wir uns, dass es an der Zeit ist, f\u00fcr ein digitales Thema auch ein digitales Projekt durchzuf\u00fchren. Wir, das sind &hellip; <a href=\"https:\/\/blogs.urz.uni-halle.de\/kiseminar\/2024\/07\/kreidezeit-4-0\/\" class=\"more-link\"><span class=\"screen-reader-text\">Kreidezeit 4.0<\/span> weiterlesen <span class=\"meta-nav\">&rarr;<\/span><\/a><\/div><\/li>\n<li><a href=\"https:\/\/blogs.urz.uni-halle.de\/kiseminar\/2024\/07\/bericht-zu-einem-vortrag-zu-to-teach-ai\/\">Bericht zu einem Vortrag zu To Teach AI<\/a><div class=\"wp-block-latest-posts__post-author\">von Laura Sophie Arnold<\/div><time datetime=\"2024-07-01T09:09:17+02:00\" class=\"wp-block-latest-posts__post-date\">1. Juli 2024<\/time><div class=\"wp-block-latest-posts__post-excerpt\">Vor Kurzem hatte ich die Gelegenheit, einen spannenden Vortrag \u00fcber das KI-Tool ToTeachAI im Rahmen eines Kolloquiums zu h\u00f6ren. Dieser beleuchtete sowohl die technischen Grundlagen &hellip; <a href=\"https:\/\/blogs.urz.uni-halle.de\/kiseminar\/2024\/07\/bericht-zu-einem-vortrag-zu-to-teach-ai\/\" class=\"more-link\"><span class=\"screen-reader-text\">Bericht zu einem Vortrag zu To Teach AI<\/span> weiterlesen <span class=\"meta-nav\">&rarr;<\/span><\/a><\/div><\/li>\n<li><a href=\"https:\/\/blogs.urz.uni-halle.de\/kiseminar\/2024\/06\/in-zehn-jahren-wird-die-schule-ganz-anders-aussehen-anette-kuhn\/\">\u201eIn zehn Jahren wird die Schule ganz anders aussehen\u201c (Anette Kuhn)<\/a><div class=\"wp-block-latest-posts__post-author\">von Gina-Marie R\u00f6sener<\/div><time datetime=\"2024-06-25T10:37:09+02:00\" class=\"wp-block-latest-posts__post-date\">25. Juni 2024<\/time><div class=\"wp-block-latest-posts__post-excerpt\">Ulrike Cress spricht \u00fcber ihre Visionen und die Integration digitaler Medien im Schulalltag. Sie betont, dass digitale Medien, wie Schulb\u00fccher und Arbeitsbl\u00e4tter, selbstverst\u00e4ndlich genutzt werden &hellip; <a href=\"https:\/\/blogs.urz.uni-halle.de\/kiseminar\/2024\/06\/in-zehn-jahren-wird-die-schule-ganz-anders-aussehen-anette-kuhn\/\" class=\"more-link\"><span class=\"screen-reader-text\">\u201eIn zehn Jahren wird die Schule ganz anders aussehen\u201c (Anette Kuhn)<\/span> weiterlesen <span class=\"meta-nav\">&rarr;<\/span><\/a><\/div><\/li>\n<li><a href=\"https:\/\/blogs.urz.uni-halle.de\/kiseminar\/2024\/06\/toteach-ai-revolution-zur-unterrichtsvorbereitung-fuer-lehrkraefte-aber-wie-hilfreich-ist-die-ki-fuer-studis\/\">Toteach.ai \u2013 Revolution zur Unterrichtsvorbereitung f\u00fcr Lehrkr\u00e4fte, aber wie hilfreich ist die KI f\u00fcr Studis?<\/a><div class=\"wp-block-latest-posts__post-author\">von Maike Lucius<\/div><time datetime=\"2024-06-24T14:43:59+02:00\" class=\"wp-block-latest-posts__post-date\">24. Juni 2024<\/time><div class=\"wp-block-latest-posts__post-excerpt\">Ein Kommentar. Die Plattform wirbt damit, dass Unterrichtsplanung in Sekunden funktioniert. H\u00f6rt sich f\u00fcr Lehrkr\u00e4fte, aber auch f\u00fcr Studies erstmal super an. Nie wieder ewig &hellip; <a href=\"https:\/\/blogs.urz.uni-halle.de\/kiseminar\/2024\/06\/toteach-ai-revolution-zur-unterrichtsvorbereitung-fuer-lehrkraefte-aber-wie-hilfreich-ist-die-ki-fuer-studis\/\" class=\"more-link\"><span class=\"screen-reader-text\">Toteach.ai \u2013 Revolution zur Unterrichtsvorbereitung f\u00fcr Lehrkr\u00e4fte, aber wie hilfreich ist die KI f\u00fcr Studis?<\/span> weiterlesen <span class=\"meta-nav\">&rarr;<\/span><\/a><\/div><\/li>\n<li><a href=\"https:\/\/blogs.urz.uni-halle.de\/kiseminar\/2024\/06\/ein-blick-in-die-wirtschaft\/\">Ein Blick in die Wirtschaft<\/a><div class=\"wp-block-latest-posts__post-author\">von Jessica Rentsch<\/div><time datetime=\"2024-06-22T09:18:59+02:00\" class=\"wp-block-latest-posts__post-date\">22. Juni 2024<\/time><div class=\"wp-block-latest-posts__post-excerpt\">Warum Europa beim Thema KI mit China und den USA nicht mithalten kann In der rasanten Welt der K\u00fcnstlichen Intelligenz (KI) haben sich die USA &hellip; <a href=\"https:\/\/blogs.urz.uni-halle.de\/kiseminar\/2024\/06\/ein-blick-in-die-wirtschaft\/\" class=\"more-link\"><span class=\"screen-reader-text\">Ein Blick in die Wirtschaft<\/span> weiterlesen <span class=\"meta-nav\">&rarr;<\/span><\/a><\/div><\/li>\n<li><a href=\"https:\/\/blogs.urz.uni-halle.de\/kiseminar\/2024\/06\/rezension-sprachreflexion-und-sprachbewusstsein-foerdern-durch-und-mit-kuenstlicher-intelligenz-matthias-ballod-2024\/\">Rezension: \u201eSprachreflexion und Sprachbewusstsein f\u00f6rdern \u2013 durch und mit K\u00fcnstlicher Intelligenz\u201c (Matthias Ballod 2024)<\/a><div class=\"wp-block-latest-posts__post-author\">von Johanna Elsner<\/div><time datetime=\"2024-06-12T17:25:28+02:00\" class=\"wp-block-latest-posts__post-date\">12. Juni 2024<\/time><div class=\"wp-block-latest-posts__post-excerpt\">Im Folgenden werde ich den Beitrag \u201eSprachreflexion und Sprachbewusstsein f\u00f6rdern &#8211; durch und mit K\u00fcnstlicher Intelligenz\u201c von Matthias Ballod (2024) rezensieren.&nbsp; Inhaltszusammenfassung&nbsp; Der Beitrag beschreibt &hellip; <a href=\"https:\/\/blogs.urz.uni-halle.de\/kiseminar\/2024\/06\/rezension-sprachreflexion-und-sprachbewusstsein-foerdern-durch-und-mit-kuenstlicher-intelligenz-matthias-ballod-2024\/\" class=\"more-link\"><span class=\"screen-reader-text\">Rezension: \u201eSprachreflexion und Sprachbewusstsein f\u00f6rdern \u2013 durch und mit K\u00fcnstlicher Intelligenz\u201c (Matthias Ballod 2024)<\/span> weiterlesen <span class=\"meta-nav\">&rarr;<\/span><\/a><\/div><\/li>\n<li><a href=\"https:\/\/blogs.urz.uni-halle.de\/kiseminar\/2024\/06\/ki-im-deutschunterricht-benutzen-was-muss-ich-als-lehrkraft-beachten\/\">KI im Deutschunterricht benutzen &#8211; Was muss ich als Lehrkraft beachten?<\/a><div class=\"wp-block-latest-posts__post-author\">von Victoria Jeanette Stein<\/div><time datetime=\"2024-06-09T10:11:41+02:00\" class=\"wp-block-latest-posts__post-date\">9. Juni 2024<\/time><div class=\"wp-block-latest-posts__post-excerpt\">Ein Verbot, KI im Unterricht zu thematisieren und auch didaktisch zu nutzen, kann vor dem Hintergrund einer sich \u00e4u\u00dferst dynamisch weiterentwickelnden Welt, in der die &hellip; <a href=\"https:\/\/blogs.urz.uni-halle.de\/kiseminar\/2024\/06\/ki-im-deutschunterricht-benutzen-was-muss-ich-als-lehrkraft-beachten\/\" class=\"more-link\"><span class=\"screen-reader-text\">KI im Deutschunterricht benutzen &#8211; Was muss ich als Lehrkraft beachten?<\/span> weiterlesen <span class=\"meta-nav\">&rarr;<\/span><\/a><\/div><\/li>\n<li><a href=\"https:\/\/blogs.urz.uni-halle.de\/kiseminar\/2024\/05\/mit-lichtgeschwindigkeit-durch-die-digitale-welt\/\">Mit Lichtgeschwindigkeit durch die digitale Welt?<\/a><div class=\"wp-block-latest-posts__post-author\">von Laura Sophie Arnold<\/div><time datetime=\"2024-05-27T17:47:45+02:00\" class=\"wp-block-latest-posts__post-date\">27. Mai 2024<\/time><div class=\"wp-block-latest-posts__post-excerpt\">Wie schnell ist KI? M\u00f6glicherweis ist eine Antwort auf diese Frage, dass sie innerhalb weniger Sekunden umfangreiche Antworten liefern kann. Also subjektiv gemessen, sehr schnell. &hellip; <a href=\"https:\/\/blogs.urz.uni-halle.de\/kiseminar\/2024\/05\/mit-lichtgeschwindigkeit-durch-die-digitale-welt\/\" class=\"more-link\"><span class=\"screen-reader-text\">Mit Lichtgeschwindigkeit durch die digitale Welt?<\/span> weiterlesen <span class=\"meta-nav\">&rarr;<\/span><\/a><\/div><\/li>\n<\/ul>\n\n\n<p><\/p>\n","protected":false},"excerpt":{"rendered":"<p>Hallo und willkommen auf dem Blog zum Seminar \u201eKI and Me \u2013 K\u00fcnstliche Intelligenzen vom Sprachmodell bis ins Klassenzimmer\u201d! Hier erforschen Studierende im Lehramt Deutsch f\u00fcr Sekundarschulen und Gymnasien das breite Thema \u201eK\u00fcnstliche Intelligenz\u201d und m\u00f6gliche Auswirkungen auf Bildung und Gesellschaft. Wir starten mit alten Visionen wie dem Film \u201eK\u00fcnstliche Intelligenz\u201d aus dem Jahr 2001 &hellip; <a href=\"https:\/\/blogs.urz.uni-halle.de\/kiseminar\/\" class=\"more-link\"><span class=\"screen-reader-text\">Herzlich Willkommen!<\/span> weiterlesen <span class=\"meta-nav\">&rarr;<\/span><\/a><\/p>\n","protected":false},"author":3517,"featured_media":0,"parent":0,"menu_order":0,"comment_status":"closed","ping_status":"closed","template":"","meta":[],"_links":{"self":[{"href":"https:\/\/blogs.urz.uni-halle.de\/kiseminar\/wp-json\/wp\/v2\/pages\/2"}],"collection":[{"href":"https:\/\/blogs.urz.uni-halle.de\/kiseminar\/wp-json\/wp\/v2\/pages"}],"about":[{"href":"https:\/\/blogs.urz.uni-halle.de\/kiseminar\/wp-json\/wp\/v2\/types\/page"}],"author":[{"embeddable":true,"href":"https:\/\/blogs.urz.uni-halle.de\/kiseminar\/wp-json\/wp\/v2\/users\/3517"}],"replies":[{"embeddable":true,"href":"https:\/\/blogs.urz.uni-halle.de\/kiseminar\/wp-json\/wp\/v2\/comments?post=2"}],"version-history":[{"count":10,"href":"https:\/\/blogs.urz.uni-halle.de\/kiseminar\/wp-json\/wp\/v2\/pages\/2\/revisions"}],"predecessor-version":[{"id":209,"href":"https:\/\/blogs.urz.uni-halle.de\/kiseminar\/wp-json\/wp\/v2\/pages\/2\/revisions\/209"}],"wp:attachment":[{"href":"https:\/\/blogs.urz.uni-halle.de\/kiseminar\/wp-json\/wp\/v2\/media?parent=2"}],"curies":[{"name":"wp","href":"https:\/\/api.w.org\/{rel}","templated":true}]}}