{"id":28,"date":"2024-04-17T15:11:21","date_gmt":"2024-04-17T13:11:21","guid":{"rendered":"https:\/\/blogs.urz.uni-halle.de\/kiseminar\/?page_id=28"},"modified":"2024-05-06T12:34:36","modified_gmt":"2024-05-06T10:34:36","slug":"normen-und-werte","status":"publish","type":"page","link":"https:\/\/blogs.urz.uni-halle.de\/kiseminar\/normen-und-werte\/","title":{"rendered":"Normen und Werte"},"content":{"rendered":"\n<p>Die Beitr\u00e4ge hier sind unterteilt nach den Kategorien &#8222;Datenschutz&#8220;, &#8222;Ethische Werte&#8220; und &#8222;Leitf\u00e4den&#8220;<\/p>\n\n\n\n<p>Datenschutz:<\/p>\n\n\n<ul class=\"wp-block-latest-posts wp-block-latest-posts__list is-grid columns-3 has-dates\"><li><a href=\"https:\/\/blogs.urz.uni-halle.de\/kiseminar\/2024\/06\/ki-im-deutschunterricht-benutzen-was-muss-ich-als-lehrkraft-beachten\/\">KI im Deutschunterricht benutzen &#8211; Was muss ich als Lehrkraft beachten?<\/a><time datetime=\"2024-06-09T10:11:41+02:00\" class=\"wp-block-latest-posts__post-date\">9. Juni 2024<\/time><div class=\"wp-block-latest-posts__post-excerpt\">Ein Verbot, KI im Unterricht zu thematisieren und auch didaktisch zu nutzen, kann vor dem Hintergrund einer sich \u00e4u\u00dferst dynamisch weiterentwickelnden Welt, in der die Sch\u00fclerinnen und Sch\u00fcler leben, keine tragf\u00e4hige Reaktion sein Ministerium f\u00fcr Schule und Bildung Dieses Zitat als Einstieg kennzeichnet deutlich die Wichtigkeit der Thematik &#8218;KI im Unterricht&#8216;. Bezieht man diese Thematik &hellip; <a href=\"https:\/\/blogs.urz.uni-halle.de\/kiseminar\/2024\/06\/ki-im-deutschunterricht-benutzen-was-muss-ich-als-lehrkraft-beachten\/\" class=\"more-link\"><span class=\"screen-reader-text\">KI im Deutschunterricht benutzen &#8211; Was muss ich als Lehrkraft beachten?<\/span> weiterlesen <span class=\"meta-nav\">&rarr;<\/span><\/a><\/div><\/li>\n<li><a href=\"https:\/\/blogs.urz.uni-halle.de\/kiseminar\/2024\/05\/mittaeter-ki-eine-neue-betrugsmasche\/\">Mitt\u00e4ter KI- eine neue Betrugsmasche<\/a><time datetime=\"2024-05-23T15:08:13+02:00\" class=\"wp-block-latest-posts__post-date\">23. Mai 2024<\/time><div class=\"wp-block-latest-posts__post-excerpt\">Influencer kennt man heutzutage, sie werben f\u00fcr bestimmte Produkte. Sie verkaufen die Produkte durch \u00e4sthetische Mittel, durch ihre Anzahl der Follower usw. Auch Prominente werben immer mal wieder f\u00fcr bestimmte Produkte, die sie benutzen und gut finden.&nbsp; Wie sollen wir erkennen, was wirkliche\/reale Werbeanzeigen sind und was nicht? Wir kennen die Gesichter, die Namen der &hellip; <a href=\"https:\/\/blogs.urz.uni-halle.de\/kiseminar\/2024\/05\/mittaeter-ki-eine-neue-betrugsmasche\/\" class=\"more-link\"><span class=\"screen-reader-text\">Mitt\u00e4ter KI- eine neue Betrugsmasche<\/span> weiterlesen <span class=\"meta-nav\">&rarr;<\/span><\/a><\/div><\/li>\n<\/ul>\n\n\n<p>Ethische Werte:<\/p>\n\n\n<ul class=\"wp-block-latest-posts wp-block-latest-posts__list\"><li><a href=\"https:\/\/blogs.urz.uni-halle.de\/kiseminar\/2024\/07\/ein-blick-in-unsere-zukunft\/\">Ein Blick in unsere Zukunft<\/a><\/li>\n<li><a href=\"https:\/\/blogs.urz.uni-halle.de\/kiseminar\/2024\/05\/mittaeter-ki-eine-neue-betrugsmasche\/\">Mitt\u00e4ter KI- eine neue Betrugsmasche<\/a><\/li>\n<\/ul>\n\n\n<p>Leitf\u00e4den:<\/p>\n\n\n<ul class=\"wp-block-latest-posts wp-block-latest-posts__list\"><\/ul>","protected":false},"excerpt":{"rendered":"<p>Die Beitr\u00e4ge hier sind unterteilt nach den Kategorien &#8222;Datenschutz&#8220;, &#8222;Ethische Werte&#8220; und &#8222;Leitf\u00e4den&#8220; Datenschutz: Ethische Werte: Leitf\u00e4den:<\/p>\n","protected":false},"author":3517,"featured_media":0,"parent":0,"menu_order":0,"comment_status":"closed","ping_status":"closed","template":"","meta":[],"_links":{"self":[{"href":"https:\/\/blogs.urz.uni-halle.de\/kiseminar\/wp-json\/wp\/v2\/pages\/28"}],"collection":[{"href":"https:\/\/blogs.urz.uni-halle.de\/kiseminar\/wp-json\/wp\/v2\/pages"}],"about":[{"href":"https:\/\/blogs.urz.uni-halle.de\/kiseminar\/wp-json\/wp\/v2\/types\/page"}],"author":[{"embeddable":true,"href":"https:\/\/blogs.urz.uni-halle.de\/kiseminar\/wp-json\/wp\/v2\/users\/3517"}],"replies":[{"embeddable":true,"href":"https:\/\/blogs.urz.uni-halle.de\/kiseminar\/wp-json\/wp\/v2\/comments?post=28"}],"version-history":[{"count":4,"href":"https:\/\/blogs.urz.uni-halle.de\/kiseminar\/wp-json\/wp\/v2\/pages\/28\/revisions"}],"predecessor-version":[{"id":103,"href":"https:\/\/blogs.urz.uni-halle.de\/kiseminar\/wp-json\/wp\/v2\/pages\/28\/revisions\/103"}],"wp:attachment":[{"href":"https:\/\/blogs.urz.uni-halle.de\/kiseminar\/wp-json\/wp\/v2\/media?parent=28"}],"curies":[{"name":"wp","href":"https:\/\/api.w.org\/{rel}","templated":true}]}}