{"id":28,"date":"2014-11-13T18:07:12","date_gmt":"2014-11-13T17:07:12","guid":{"rendered":"https:\/\/blogs.urz.uni-halle.de\/klangidentitaet\/?page_id=28"},"modified":"2015-11-05T11:07:45","modified_gmt":"2015-11-05T10:07:45","slug":"impressum","status":"publish","type":"page","link":"https:\/\/blogs.urz.uni-halle.de\/klangidentitaet\/impressum\/","title":{"rendered":"Impressum"},"content":{"rendered":"<p>F\u00fcr den Inhalt dieser Seit\u00aden ver\u00adant\u00adwortlich ist:<br>\nGrit&nbsp;B\u00f6hme<br>\nSem\u00adi\u00adnar f\u00fcr Sprech\u00adwis\u00adsenschaft und Phonetik<br>\nMartin-Luther-Universit\u00e4t<br>\nHalle-Wittenberg<br>\nEmil-Abder\u00adhalden-Str. 26\u201327<br>\n06108 Halle (Saale)<br>\n<a href=\"mailto:grit.boehme@sprechwiss.uni-halle.de\">grit.boehme[\u00e4tt]sprechwiss.uni-halle.de<\/a><\/p>\n<p>Redak\u00adtion:<br>\nGrit B\u00f6hme | Clara Luise Finke | Maria Luise Gebauer | Anna Schwenke<\/p>\n<h1>Kontakt<\/h1>\n<p><\/p><div role=\"form\" class=\"wpcf7\" id=\"wpcf7-f31-o1\" lang=\"de-DE\" dir=\"ltr\">\n<div class=\"screen-reader-response\"><p role=\"status\" aria-live=\"polite\" aria-atomic=\"true\"><\/p> <ul><\/ul><\/div>\n<form action=\"\/klangidentitaet\/wp-json\/wp\/v2\/pages\/28#wpcf7-f31-o1\" method=\"post\" class=\"wpcf7-form init\" novalidate=\"novalidate\" data-status=\"init\">\n<div style=\"display: none;\">\n<input type=\"hidden\" name=\"_wpcf7\" value=\"31\">\n<input type=\"hidden\" name=\"_wpcf7_version\" value=\"5.3.2\">\n<input type=\"hidden\" name=\"_wpcf7_locale\" value=\"de_DE\">\n<input type=\"hidden\" name=\"_wpcf7_unit_tag\" value=\"wpcf7-f31-o1\">\n<input type=\"hidden\" name=\"_wpcf7_container_post\" value=\"0\">\n<input type=\"hidden\" name=\"_wpcf7_posted_data_hash\" value>\n<\/div>\n<p>Ihr Name (Pflicht\u00adfeld)<br>\n    <span class=\"wpcf7-form-control-wrap your-name\"><input type=\"text\" name=\"your-name\" value size=\"40\" class=\"wpcf7-form-control wpcf7-text wpcf7-validates-as-required\" aria-required=\"true\" aria-invalid=\"false\"><\/span> <\/p>\n<p>Ihre E\u2011Mail-Adresse (Pflicht\u00adfeld)<br>\n    <span class=\"wpcf7-form-control-wrap your-email\"><input type=\"email\" name=\"your-email\" value size=\"40\" class=\"wpcf7-form-control wpcf7-text wpcf7-email wpcf7-validates-as-required wpcf7-validates-as-email\" aria-required=\"true\" aria-invalid=\"false\"><\/span> <\/p>\n<p>Betr\u00ade\u00adff<br>\n    <span class=\"wpcf7-form-control-wrap your-subject\"><input type=\"text\" name=\"your-subject\" value size=\"40\" class=\"wpcf7-form-control wpcf7-text\" aria-invalid=\"false\"><\/span> <\/p>\n<p>Ihre Nachricht<br>\n    <span class=\"wpcf7-form-control-wrap your-message\"><textarea name=\"your-message\" cols=\"40\" rows=\"10\" class=\"wpcf7-form-control wpcf7-textarea\" aria-invalid=\"false\"><\/textarea><\/span> <\/p>\n<p><input type=\"submit\" value=\"Senden\" class=\"wpcf7-form-control wpcf7-submit\"><\/p>\n<div class=\"wpcf7-response-output\" aria-hidden=\"true\"><\/div><\/form><\/div><br>\n<br>\n<strong>Haf\u00adtung f\u00fcr Inhalte<\/strong>\n<p>Als Dien\u00adstean\u00adbi\u00adeter sind wir gem\u00e4\u00df \u00a7 7 Abs.1 <span class=\"caps\">TMG<\/span>&nbsp;f\u00fcr<br>\neigene Inhalte auf diesen Seit\u00aden nach den all\u00adge\u00admeinen Geset\u00adzen verantwortlich.<br>\nNach \u00a7\u00a7 8 bis 10 <span class=\"caps\">TMG<\/span> sind wir als Dien\u00adstean\u00adbi\u00adeter jedoch nicht<br>\nverpflichtet, \u00fcber\u00admit\u00adtelte oder gespe\u00adicherte fremde Infor\u00adma\u00adtio\u00adnen&nbsp;zu<br>\n\u00fcberwachen oder nach Umst\u00e4n\u00adden zu forschen, die auf eine rechtswidrige<br>\nT\u00e4tigkeit hin\u00adweisen. Verpflich\u00adtun\u00adgen zur Ent\u00adfer\u00adnung oder Sper\u00adrung&nbsp;der<br>\nNutzung von Infor\u00adma\u00adtio\u00adnen nach den all\u00adge\u00admeinen Geset\u00adzen bleiben hiervon<br>\nunber\u00fchrt. Eine dies\u00adbez\u00fcgliche Haf\u00adtung ist jedoch erst ab&nbsp;dem<br>\nZeit\u00adpunkt der Ken\u00adnt\u00adnis ein\u00ader konkreten Rechtsver\u00adlet\u00adzung m\u00f6glich. Bei<br>\nBekan\u00adntwer\u00adden von entsprechen\u00adden Rechtsver\u00adlet\u00adzun\u00adgen wer\u00adden wir diese Inhalte<br>\numge\u00adhend entfernen.<\/p>\n<p><strong>Haf\u00adtung f\u00fcr&nbsp;Links<\/strong><\/p>\n<p>Unser Ange\u00adbot enth\u00e4lt Links zu exter\u00adnen Web\u00adseit\u00aden Drit\u00adter, auf&nbsp;deren<br>\nInhalte wir keinen Ein\u00adfluss haben. Deshalb k\u00f6n\u00adnen wir f\u00fcr&nbsp;diese<br>\nfrem\u00adden Inhalte auch keine Gew\u00e4hr \u00fcbernehmen. F\u00fcr die Inhalte<br>\nder ver\u00adlink\u00adten Seit\u00aden ist stets der jew\u00adeilige Anbi\u00adeter oder Betreiber der<br>\nSeit\u00aden ver\u00adant\u00adwortlich. Die ver\u00adlink\u00adten Seit\u00aden wur\u00adden zum Zeit\u00adpunkt der Verlinkung<br>\nauf m\u00f6gliche Rechtsver\u00adst\u00f6\u00dfe \u00fcber\u00adpr\u00fcft. Rechtswidrige<br>\nInhalte waren zum Zeit\u00adpunkt der Ver\u00adlinkung nicht erkennbar. Eine permanente<br>\ninhaltliche Kon\u00adtrolle der ver\u00adlink\u00adten Seit\u00aden ist jedoch ohne konkrete Anhaltspunkte<br>\nein\u00ader Rechtsver\u00adlet\u00adzung nicht zumut\u00adbar. Bei Bekan\u00adntwer\u00adden von Rechtsverletzungen<br>\nwer\u00adden wir der\u00adar\u00adtige Links umge\u00adhend entfernen.<\/p>\n<p><strong>Urhe\u00adber\u00adrecht<\/strong><\/p>\n<p>Die durch die Seit\u00aden\u00adbe\u00adtreiber erstell\u00adten Inhalte und Werke auf diesen Seiten<br>\nunter\u00adliegen dem deutschen Urhe\u00adber\u00adrecht. Die Vervielf\u00e4l\u00adti\u00adgung, Bear\u00adbeitung, Ver\u00adbre\u00aditung&nbsp;und<br>\njede Art der Ver\u00adw\u00ader\u00adtung au\u00dfer\u00adhalb der Gren\u00adzen des Urhe\u00adber\u00adrecht\u00ades bed\u00fcrfen<br>\nder schriftlichen Zus\u00adtim\u00admung des jew\u00adeili\u00adgen Autors bzw. Erstellers. Downloads<br>\nund Kopi\u00aden dieser Seite sind nur f\u00fcr den pri\u00advat\u00aden, nicht kommerziellen<br>\nGebrauch ges\u00adtat\u00adtet. Soweit die Inhalte auf dieser Seite nicht vom Betreiber erstellt wurden,<br>\nwer\u00adden die Urhe\u00adber\u00adrechte Drit\u00adter beachtet. Ins\u00adbeson\u00addere wer\u00adden Inhalte Drit\u00adter als solche<br>\ngekennze\u00adich\u00adnet. Soll\u00adten Sie trotz\u00addem auf eine Urhe\u00adber\u00adrechtsver\u00adlet\u00adzung aufmerk\u00adsam wer\u00adden, bit\u00adten wir um einen entsprechen\u00adden Hinweis.<br>\nBei Bekan\u00adntwer\u00adden von Rechtsver\u00adlet\u00adzun\u00adgen wer\u00adden wir der\u00adar\u00adtige Inhalte umge\u00adhend entfernen.<\/p>\n","protected":false},"excerpt":{"rendered":"<p>F\u00fcr den Inhalt dieser Seit\u00aden ver\u00adant\u00adwortlich ist: Grit&nbsp;B\u00f6hme Sem\u00adi\u00adnar f\u00fcr Sprech\u00adwis\u00adsenschaft und Phonetik Mar\u00adtin-Luther-Uni\u00adver\u00adsit\u00e4t Halle-Wit\u00adten\u00adberg Emil-Abder\u00adhalden-Str. 26\u201327 06108 Halle (Saale) grit.boehme[\u00e4tt]sprechwiss.uni-halle.de Redak\u00adtion: Grit B\u00f6hme | Clara Luise Finke | Maria Luise Gebauer | Anna Schwenke Kon\u00adtakt Haf\u00adtung f\u00fcr Inhalte Als \u2026 <a href=\"https:\/\/blogs.urz.uni-halle.de\/klangidentitaet\/impressum\/\">Weit\u00ader\u00adlesen <span class=\"meta-nav\">\u2192<\/span><\/a><\/p>\n","protected":false},"author":2100,"featured_media":0,"parent":0,"menu_order":0,"comment_status":"closed","ping_status":"closed","template":"","meta":{"wp_typography_post_enhancements_disabled":false},"_links":{"self":[{"href":"https:\/\/blogs.urz.uni-halle.de\/klangidentitaet\/wp-json\/wp\/v2\/pages\/28"}],"collection":[{"href":"https:\/\/blogs.urz.uni-halle.de\/klangidentitaet\/wp-json\/wp\/v2\/pages"}],"about":[{"href":"https:\/\/blogs.urz.uni-halle.de\/klangidentitaet\/wp-json\/wp\/v2\/types\/page"}],"author":[{"embeddable":true,"href":"https:\/\/blogs.urz.uni-halle.de\/klangidentitaet\/wp-json\/wp\/v2\/users\/2100"}],"replies":[{"embeddable":true,"href":"https:\/\/blogs.urz.uni-halle.de\/klangidentitaet\/wp-json\/wp\/v2\/comments?post=28"}],"version-history":[{"count":9,"href":"https:\/\/blogs.urz.uni-halle.de\/klangidentitaet\/wp-json\/wp\/v2\/pages\/28\/revisions"}],"predecessor-version":[{"id":842,"href":"https:\/\/blogs.urz.uni-halle.de\/klangidentitaet\/wp-json\/wp\/v2\/pages\/28\/revisions\/842"}],"wp:attachment":[{"href":"https:\/\/blogs.urz.uni-halle.de\/klangidentitaet\/wp-json\/wp\/v2\/media?parent=28"}],"curies":[{"name":"wp","href":"https:\/\/api.w.org\/{rel}","templated":true}]}}