{"id":54,"date":"2026-01-05T16:28:16","date_gmt":"2026-01-05T15:28:16","guid":{"rendered":"https:\/\/blogs.urz.uni-halle.de\/komparatistikkongress2026\/?page_id=54"},"modified":"2026-03-10T19:06:08","modified_gmt":"2026-03-10T18:06:08","slug":"uber-uns","status":"publish","type":"page","link":"https:\/\/blogs.urz.uni-halle.de\/komparatistikkongress2026\/uber-uns\/","title":{"rendered":"\u00dcber uns"},"content":{"rendered":"\n<p class=\"has-black-color has-pale-pink-background-color has-text-color has-background\"><strong><span class=\"has-inline-color has-black-color\">Studierendenkongress &#8211; Was ist das? <\/span><\/strong><br>Der Studierendenkongress der Komparatistik (SKK) findet kommendes Jahr zum 16. Mal statt. Der erste SKK wurde 2010 von Studierenden des Wiener Instituts f\u00fcr Europ\u00e4ische und Vergleichende Sprach- und Literaturwissenschaft errichtet. Dieses Format wandert Jahr f\u00fcr Jahr von Universit\u00e4t zu Universit\u00e4t. Der Kongress wird von Studierenden ausgetragen und richtet sich an Studierende, die ihre Forschungsergebnisse im Rahmen eines Vortrags oder einer Poster-Pr\u00e4sentation vorstellen m\u00f6chten. <br><br>Der SKK soll einen Rahmen f\u00fcr deutsch- und englischsprachige Bachelor- und Master-Studierende sowie Promovierende bieten, die in der Allgemeinen und Vergleichenden Literaturwissenschaft ihren Studiums-, Forschungs- oder Interessensschwerpunkt haben. Der Kongress soll neben der Gelegenheit zur Vernetzung und zum Austausch eine niedrigschwellige M\u00f6glichkeit darstellen, Forschung oder aktuelle wissenschaftliche Projekte zu teilen und Feedback zu bekommen. Aus den thematisch verschiedenen Kongressen haben sich Studierende, neben der Organisation und Durchf\u00fchrung des Kongresses, auch f\u00fcr eine Publikation der Vortr\u00e4ge und Ergebnisse stark gemacht, welche seitdem fast j\u00e4hrlich im Anschluss entsteht.<\/p>\n\n\n\n<p class=\"has-black-color has-luminous-vivid-amber-background-color has-text-color has-background\"><strong>Das Team<\/strong><br>Unser Organisationsteam f\u00fcr den Studierendenkongress der Komparatistik besteht aus sechs Masterstudierenden der Martin-Luther-Universit\u00e4t Halle-Wittenberg. Marla (sie\/ihr), Max (er\/ihm), Lukas (er\/ihm) und Leonie (sie\/ihr) studieren Literaturwissenschaft mit Fokus auf Komparatistik und Germanistik und Verena (sie\/ihr) und Christopher (er\/ihm) Deutsche Sprache und Literatur.<br><br>Wir freuen uns sehr, dass der 16. Studierendenkongress an der Martin-Luther-Universit\u00e4t Halle-Wittenberg stattfindet und wir hei\u00dfen alle Teilnehmer:innen herzlich willkommen!<\/p>\n\n\n\n<div class=\"wp-block-image is-style-default\"><figure class=\"alignleft size-large is-resized\"><img loading=\"lazy\" src=\"https:\/\/blogs.urz.uni-halle.de\/komparatistikkongress2026\/files\/2026\/01\/Screenshot-2026-01-04-20.13.36-1.png\" alt=\"\" class=\"wp-image-84\" width=\"133\" height=\"44\" srcset=\"https:\/\/blogs.urz.uni-halle.de\/komparatistikkongress2026\/files\/2026\/01\/Screenshot-2026-01-04-20.13.36-1.png 465w, https:\/\/blogs.urz.uni-halle.de\/komparatistikkongress2026\/files\/2026\/01\/Screenshot-2026-01-04-20.13.36-1-300x101.png 300w\" sizes=\"(max-width: 133px) 100vw, 133px\" \/><figcaption>Institut f\u00fcr Komparatistik (MLU)<\/figcaption><\/figure><\/div>\n\n\n\n<div class=\"wp-block-image is-style-default\"><figure class=\"alignleft size-large is-resized\"><img loading=\"lazy\" src=\"https:\/\/blogs.urz.uni-halle.de\/komparatistikkongress2026\/files\/2026\/01\/Screenshot-2026-01-04-20.14.28-1.png\" alt=\"\" class=\"wp-image-83\" width=\"115\" height=\"41\" srcset=\"https:\/\/blogs.urz.uni-halle.de\/komparatistikkongress2026\/files\/2026\/01\/Screenshot-2026-01-04-20.14.28-1.png 408w, https:\/\/blogs.urz.uni-halle.de\/komparatistikkongress2026\/files\/2026\/01\/Screenshot-2026-01-04-20.14.28-1-300x107.png 300w\" sizes=\"(max-width: 115px) 100vw, 115px\" \/><figcaption>Fachschaftsrat Neuphilologien (MLU)<\/figcaption><\/figure><\/div>\n\n\n\n<div class=\"wp-block-image is-style-default\"><figure class=\"alignleft is-resized\"><img loading=\"lazy\" src=\"https:\/\/blogs.urz.uni-halle.de\/komparatistikkongress2026\/files\/2026\/01\/Screenshot-2026-01-04-20.15.09-1.png\" alt=\"\" class=\"wp-image-82\" width=\"133\" height=\"43\" srcset=\"https:\/\/blogs.urz.uni-halle.de\/komparatistikkongress2026\/files\/2026\/01\/Screenshot-2026-01-04-20.15.09-1.png 417w, https:\/\/blogs.urz.uni-halle.de\/komparatistikkongress2026\/files\/2026\/01\/Screenshot-2026-01-04-20.15.09-1-300x96.png 300w\" sizes=\"(max-width: 133px) 100vw, 133px\" \/><figcaption>Studierendenrat (MLU)<\/figcaption><\/figure><\/div>\n\n\n\n<p><\/p>\n","protected":false},"excerpt":{"rendered":"<p>Studierendenkongress &#8211; Was ist das? Der Studierendenkongress der Komparatistik (SKK) findet kommendes Jahr zum 16. Mal statt. Der erste SKK wurde 2010 von Studierenden des Wiener Instituts f\u00fcr Europ\u00e4ische und Vergleichende Sprach- und Literaturwissenschaft errichtet. Dieses Format wandert Jahr f\u00fcr Jahr von Universit\u00e4t zu Universit\u00e4t. Der Kongress wird von Studierenden ausgetragen und richtet sich an [&hellip;]<\/p>\n","protected":false},"author":6452,"featured_media":0,"parent":0,"menu_order":0,"comment_status":"closed","ping_status":"closed","template":"","meta":[],"_links":{"self":[{"href":"https:\/\/blogs.urz.uni-halle.de\/komparatistikkongress2026\/wp-json\/wp\/v2\/pages\/54"}],"collection":[{"href":"https:\/\/blogs.urz.uni-halle.de\/komparatistikkongress2026\/wp-json\/wp\/v2\/pages"}],"about":[{"href":"https:\/\/blogs.urz.uni-halle.de\/komparatistikkongress2026\/wp-json\/wp\/v2\/types\/page"}],"author":[{"embeddable":true,"href":"https:\/\/blogs.urz.uni-halle.de\/komparatistikkongress2026\/wp-json\/wp\/v2\/users\/6452"}],"replies":[{"embeddable":true,"href":"https:\/\/blogs.urz.uni-halle.de\/komparatistikkongress2026\/wp-json\/wp\/v2\/comments?post=54"}],"version-history":[{"count":7,"href":"https:\/\/blogs.urz.uni-halle.de\/komparatistikkongress2026\/wp-json\/wp\/v2\/pages\/54\/revisions"}],"predecessor-version":[{"id":126,"href":"https:\/\/blogs.urz.uni-halle.de\/komparatistikkongress2026\/wp-json\/wp\/v2\/pages\/54\/revisions\/126"}],"wp:attachment":[{"href":"https:\/\/blogs.urz.uni-halle.de\/komparatistikkongress2026\/wp-json\/wp\/v2\/media?parent=54"}],"curies":[{"name":"wp","href":"https:\/\/api.w.org\/{rel}","templated":true}]}}