{"id":70,"date":"2026-01-05T17:17:46","date_gmt":"2026-01-05T16:17:46","guid":{"rendered":"https:\/\/blogs.urz.uni-halle.de\/komparatistikkongress2026\/?page_id=70"},"modified":"2026-01-05T19:00:28","modified_gmt":"2026-01-05T18:00:28","slug":"call-for-papers","status":"publish","type":"page","link":"https:\/\/blogs.urz.uni-halle.de\/komparatistikkongress2026\/call-for-papers\/","title":{"rendered":"Call for Papers"},"content":{"rendered":"\n<p class=\"has-text-align-left has-black-color has-pale-pink-background-color has-text-color has-background\">Schon l\u00e4ngst hat die Digitalit\u00e4t Produktion, Rezeption sowie die Form literarischer Texte ver\u00e4ndert. Diese digitale Durchdringung des Literarischen beeinflusst dabei nicht nur individuelle Lekt\u00fcrepraktiken, sondern auch unser wissenschaftliches Forschungsinteresse: Wie beeinflusst KI die Debatte um Autor*innenschaft? Welche Rolle spielen digitale Buchplattformen bei Kanonisierungsprozessen? Wie ver\u00e4ndert&nbsp;<em>distant reading<\/em>&nbsp;unser Verst\u00e4ndnis von Literatur(wissenschaft)? Wie beeinflussen digitale Strukturen das Bias in Bezug auf&nbsp;<em>race<\/em>,&nbsp;<em>class<\/em>&nbsp;und<em>&nbsp;gender<\/em>? Wie wird Digitalit\u00e4t als Motiv in der Literatur verhandelt?<br><br><em>\u2013 Literarische Ph\u00e4nomene im digitalen Raum&nbsp;<\/em><br><em>digitale Ph\u00e4nomene im literarischen Raum \u2013<\/em><br><br>Als<em>&nbsp;allgemeine&nbsp;<\/em>und&nbsp;<em>vergleichende&nbsp;<\/em>Literaturwissenschaft besch\u00e4ftigt sich die Komparatistik mit Grundfragen der Literatur aus&nbsp;<em>interdisziplin\u00e4rer<\/em>&nbsp;Perspektive und ist daher in besonderem Ma\u00dfe dazu geeignet, das Verh\u00e4ltnis differenziert zu untersuchen.<br><br>Gleichzeitig ist&nbsp;<em>Digitalit\u00e4t&nbsp;<\/em>ein Ph\u00e4nomen, das nicht nur die Komparatistik betrifft, sondern auch zahlreichen anderen Disziplinen inh\u00e4rent ist, diese herausfordert und bereichert. W\u00e4hrend die Disziplinen der Film- und Medienwissenschaft, der Digital Humanities oder der Game-Studies bereits ihrem Ursprung nach in digitalen Kontexten verankert sind, stehen Disziplinen wie die Komparatistik, die Philologien oder die Medi\u00e4vistik vor der Aufgabe, ihre Gegenst\u00e4nde und Zug\u00e4nge im Kontext der Entwicklungen zu reflektieren.<br><br>Der 16. Studierendenkongress soll daher \u2013 dem hybriden Gegenstand entsprechend \u2013 als interdisziplin\u00e4re Plattform gestaltet werden, die es Studierenden aus unterschiedlichen Fachrichtungen erm\u00f6glicht, gemeinsam miteinander ins Gespr\u00e4ch zu kommen.<\/p>\n\n\n\n<p class=\"has-black-color has-pale-pink-background-color has-text-color has-background\">Wir freuen uns \u00fcber Beitr\u00e4ge, die \u00fcber die Herausforderungen und Chancen des (produktiven) Verh\u00e4ltnisses von Literatur und Digitalit\u00e4t nachdenken. Willkommen sind Perspektiven, die dieses Verh\u00e4ltnis&nbsp;<strong>methodisch&nbsp;<\/strong>(etwa im Einsatz digitaler Forschungsans\u00e4tze in den Computational Literary Studies),&nbsp;<strong>inhaltlich&nbsp;<\/strong>(in der Auseinandersetzung mit digitalen Themen und Motiven) oder&nbsp;<strong>medial<\/strong>&nbsp;(in neuen Formen und Praktiken literarischer Produktion und Rezeption) reflektiert beleuchten. Auch Beitr\u00e4ge, die sich mit institutionellen Ver\u00e4nderungen des Literaturbetriebs oder des Textbegriffes im digitalen Zeitalter besch\u00e4ftigen, sind ausdr\u00fccklich erw\u00fcnscht.<br><br>In diesem Sinne freuen wir uns neben klassischen literaturwissenschaftlichen und -theoretischen Vortr\u00e4gen auch \u00fcber Poster-Pr\u00e4sentationen oder freiere Formate, wie digitale Projektvorstellungen \u2013 gerne auch in einem fr\u00fchen Stadium, in dem Fragen noch offen und R\u00fcckmeldungen willkommen sind. Der Studierendenkongress darf auch daf\u00fcr genutzt werden, sich auszuprobieren und soll M\u00f6glichkeiten des Austausches schaffen.<br><br>Wie es f\u00fcr den Studierendenkongress \u00fcblich ist, steht eine nachgehende Publikation in Planung. Diese w\u00fcrden wir gerne sowohl als digitale Open-Access-Publikation als auch in Form eines gedruckten Buches anbieten. Die Publikation soll eine m\u00f6glichst diverse Perspektive auf das Thema \u201cLiteratur und Digitalit\u00e4t\u201d abbilden und besteht aus einer Auswahl der eingereichten Vortr\u00e4ge. Die Entscheidung findet nach dem Studierendenkongress statt.&nbsp;<\/p>\n\n\n\n<p class=\"has-black-color has-luminous-vivid-amber-background-color has-text-color has-background\"><strong>Organisatorisches &amp; Bewerbungsverfahren<\/strong><br><br>F\u00fcr den Studierendenkongress fallen <strong>keine Geb\u00fchren<\/strong> an. <strong>Kosten f\u00fcr Anreise und Unterkunft<\/strong> m\u00fcssen jedoch selbst getragen werden. Wenn du die Kosten f\u00fcr Reise und Unterkunft nicht selbst tragen kannst, schreibe uns eine kurze E-Mail (skk2026@germanistik.uni-halle.de) und wir besprechen, wie wir zu einer gemeinsamen L\u00f6sung kommen k\u00f6nnen. Wir empfehlen euch, bei euren Instituten nachzufragen, ob diese euch finanziell dabei unterst\u00fctzen k\u00f6nnen. <br>Studierende, die f\u00fcr den Zeitraum des Kongresses eine <strong>Kinderbetreuung<\/strong> ben\u00f6tigen, setzen sich bitte auch mit uns in Verbindung.<br>Im Rahmen unserer M\u00f6glichkeiten m\u00f6chten wir uns daf\u00fcr einsetzen, einen <strong>barrierearmen Zugang<\/strong> zu den Vortr\u00e4gen zu gew\u00e4hrleisten. Teilt uns bei eurer Bewerbung gerne mit, falls wir euch unterst\u00fctzen k\u00f6nnen.<\/p>\n\n\n\n<p class=\"has-black-color has-luminous-vivid-amber-background-color has-text-color has-background\">Ihr k\u00f6nnt euch f\u00fcr eine der beiden Varianten bewerben:\u00a0<br>&#8211; 20 min\u00fctiger Vortrag\u00a0 <br>&#8211; Poster-Pr\u00e4sentation (inkl. dreimin\u00fctigem Input)<br><br>Wenn du dich bewerben m\u00f6chtest, schicke uns deine Bewerbung bis zum\u00a0<strong>18.01.2026<\/strong>\u00a0an\u00a0<strong>skk2026@germanistik.uni-halle.de<\/strong>. Lass uns wissen, mit welchem Format du dich bei uns bewerben m\u00f6chtest. <br><br><strong>Die Bewerbung sollte Folgendes umfassen:<\/strong>\u00a0<br>&#8211; Ein kurzes <strong>Abstract mit Literatur\u00fcbersicht<\/strong> zu deinem Vortrag\/deinem Poster (Abstract: 300 W\u00f6rter)<br>&#8211; Eine <strong>Kurzvorstellung zu dir<\/strong> (150 W\u00f6rter) \u2013 Studienstandort &amp; -fach, fachliche Interessen, thematische Schwerpunkte, Abschlussarbeiten etc.<br><br>Gerne k\u00f6nnt ihr euch auch zusammen bewerben, falls ihr ein gemeinsames Projekt vorstellen wollt. Wir werden euch voraussichtlich bis Mitte Februar bez\u00fcglich der Bewerbung informieren.<\/p>\n\n\n\n<p class=\"has-black-color has-light-green-cyan-background-color has-text-color has-background\"><strong>Du m\u00f6chtest dich direkt bewerben?<\/strong><br><strong>Du hast noch eine Frage und\/oder ein Anliegen?<\/strong><\/p>\n\n\n\n<div class=\"wp-block-contact-form-7-contact-form-selector\"><div role=\"form\" class=\"wpcf7\" id=\"wpcf7-f63-o1\" lang=\"de-DE\" dir=\"ltr\">\n<div class=\"screen-reader-response\"><p role=\"status\" aria-live=\"polite\" aria-atomic=\"true\"><\/p> <ul><\/ul><\/div>\n<form action=\"\/komparatistikkongress2026\/wp-json\/wp\/v2\/pages\/70#wpcf7-f63-o1\" method=\"post\" class=\"wpcf7-form init\" novalidate=\"novalidate\" data-status=\"init\">\n<div style=\"display: none;\">\n<input type=\"hidden\" name=\"_wpcf7\" value=\"63\" \/>\n<input type=\"hidden\" name=\"_wpcf7_version\" value=\"5.3.2\" \/>\n<input type=\"hidden\" name=\"_wpcf7_locale\" value=\"de_DE\" \/>\n<input type=\"hidden\" name=\"_wpcf7_unit_tag\" value=\"wpcf7-f63-o1\" \/>\n<input type=\"hidden\" name=\"_wpcf7_container_post\" value=\"0\" \/>\n<input type=\"hidden\" name=\"_wpcf7_posted_data_hash\" value=\"\" \/>\n<\/div>\n<p><label> Dein Name und deine Pronomen<br \/>\n    <span class=\"wpcf7-form-control-wrap your-name\"><input type=\"text\" name=\"your-name\" value=\"\" size=\"40\" class=\"wpcf7-form-control wpcf7-text wpcf7-validates-as-required\" aria-required=\"true\" aria-invalid=\"false\" \/><\/span> <\/label><\/p>\n<p><label> Deine E-Mail-Adresse<br \/>\n    <span class=\"wpcf7-form-control-wrap your-email\"><input type=\"email\" name=\"your-email\" value=\"\" size=\"40\" class=\"wpcf7-form-control wpcf7-text wpcf7-email wpcf7-validates-as-required wpcf7-validates-as-email\" aria-required=\"true\" aria-invalid=\"false\" \/><\/span> <\/label><\/p>\n<p><label> Deine Nachricht<br \/>\n    <span class=\"wpcf7-form-control-wrap your-message\"><textarea name=\"your-message\" cols=\"40\" rows=\"10\" class=\"wpcf7-form-control wpcf7-textarea\" aria-invalid=\"false\"><\/textarea><\/span> <\/p>\n<p><input type=\"submit\" value=\"Senden\" class=\"wpcf7-form-control wpcf7-submit\" \/><\/p>\n<div class=\"wpcf7-response-output\" aria-hidden=\"true\"><\/div><\/form><\/div><\/div>\n","protected":false},"excerpt":{"rendered":"<p>Schon l\u00e4ngst hat die Digitalit\u00e4t Produktion, Rezeption sowie die Form literarischer Texte ver\u00e4ndert. Diese digitale Durchdringung des Literarischen beeinflusst dabei nicht nur individuelle Lekt\u00fcrepraktiken, sondern auch unser wissenschaftliches Forschungsinteresse: Wie beeinflusst KI die Debatte um Autor*innenschaft? Welche Rolle spielen digitale Buchplattformen bei Kanonisierungsprozessen? Wie ver\u00e4ndert&nbsp;distant reading&nbsp;unser Verst\u00e4ndnis von Literatur(wissenschaft)? Wie beeinflussen digitale Strukturen das Bias [&hellip;]<\/p>\n","protected":false},"author":6452,"featured_media":0,"parent":0,"menu_order":0,"comment_status":"closed","ping_status":"closed","template":"","meta":[],"_links":{"self":[{"href":"https:\/\/blogs.urz.uni-halle.de\/komparatistikkongress2026\/wp-json\/wp\/v2\/pages\/70"}],"collection":[{"href":"https:\/\/blogs.urz.uni-halle.de\/komparatistikkongress2026\/wp-json\/wp\/v2\/pages"}],"about":[{"href":"https:\/\/blogs.urz.uni-halle.de\/komparatistikkongress2026\/wp-json\/wp\/v2\/types\/page"}],"author":[{"embeddable":true,"href":"https:\/\/blogs.urz.uni-halle.de\/komparatistikkongress2026\/wp-json\/wp\/v2\/users\/6452"}],"replies":[{"embeddable":true,"href":"https:\/\/blogs.urz.uni-halle.de\/komparatistikkongress2026\/wp-json\/wp\/v2\/comments?post=70"}],"version-history":[{"count":8,"href":"https:\/\/blogs.urz.uni-halle.de\/komparatistikkongress2026\/wp-json\/wp\/v2\/pages\/70\/revisions"}],"predecessor-version":[{"id":98,"href":"https:\/\/blogs.urz.uni-halle.de\/komparatistikkongress2026\/wp-json\/wp\/v2\/pages\/70\/revisions\/98"}],"wp:attachment":[{"href":"https:\/\/blogs.urz.uni-halle.de\/komparatistikkongress2026\/wp-json\/wp\/v2\/media?parent=70"}],"curies":[{"name":"wp","href":"https:\/\/api.w.org\/{rel}","templated":true}]}}