{"id":231,"date":"2021-12-16T18:30:45","date_gmt":"2021-12-16T17:30:45","guid":{"rendered":"https:\/\/blogs.urz.uni-halle.de\/krisenszenarien\/?page_id=231"},"modified":"2021-12-23T12:37:21","modified_gmt":"2021-12-23T11:37:21","slug":"uebersetzungen","status":"publish","type":"page","link":"https:\/\/blogs.urz.uni-halle.de\/krisenszenarien\/uebersetzungen\/","title":{"rendered":"\u00dcbersetzungen"},"content":{"rendered":"\n<p>Die Projektteilnehmer*innen aus Halle und Novi Sad haben Texte aktueller postjugoslawischer Autor*innen, in denen eine intensive Auseinandersetzung mit derzeitigen Krisen sichtbar ist, aus dem Bosnisch\/Kroatisch\/Montenegrinisch\/Serbischen ins Deutsche \u00fcbersetzt. Einen Text gibt es auch auf Englisch!<\/p>\n\n\n\n<p>Die Diskussion der Arbeitsfassungen fand im Laufe des Projekts in verschiedenen \u00dcbersetzungswerkst\u00e4tten statt. Den H\u00f6hepunkt stellten die \u00dcbersetzungswerkst\u00e4tten w\u00e4hrend der hybriden Sommerschule dar (von den Standorten Halle, Novi Sad, Podgorica aus in gemischten Kleingruppen per Videokonferenz). Die Werkst\u00e4tten wurden von der \u00dcbersetzerin Marie Alpermann geleitet.<\/p>\n\n\n\n<p>Hier ein Eindruck aus unserer Arbeit:<\/p>\n\n\n\n<div class=\"wp-block-media-text alignwide is-stacked-on-mobile\"><figure class=\"wp-block-media-text__media\"><\/figure><div class=\"wp-block-media-text__content\">\n<p class=\"has-text-align-left has-large-font-size\"><\/p>\n<\/div><\/div>\n\n\n\n<figure class=\"wp-block-gallery columns-3 is-cropped\"><ul class=\"blocks-gallery-grid\"><li class=\"blocks-gallery-item\"><figure><img loading=\"lazy\" width=\"1024\" height=\"768\" src=\"https:\/\/blogs.urz.uni-halle.de\/krisenszenarien\/files\/2021\/12\/bosiljak-1024x768.jpg\" alt=\"\" data-id=\"187\" data-full-url=\"https:\/\/blogs.urz.uni-halle.de\/krisenszenarien\/files\/2021\/12\/bosiljak.jpg\" data-link=\"https:\/\/blogs.urz.uni-halle.de\/krisenszenarien\/lesungen-und-mehr\/bosiljak\/\" class=\"wp-image-187\" srcset=\"https:\/\/blogs.urz.uni-halle.de\/krisenszenarien\/files\/2021\/12\/bosiljak-1024x768.jpg 1024w, https:\/\/blogs.urz.uni-halle.de\/krisenszenarien\/files\/2021\/12\/bosiljak-300x225.jpg 300w, https:\/\/blogs.urz.uni-halle.de\/krisenszenarien\/files\/2021\/12\/bosiljak-768x576.jpg 768w, https:\/\/blogs.urz.uni-halle.de\/krisenszenarien\/files\/2021\/12\/bosiljak-1536x1152.jpg 1536w, https:\/\/blogs.urz.uni-halle.de\/krisenszenarien\/files\/2021\/12\/bosiljak.jpg 1600w\" sizes=\"(max-width: 1024px) 100vw, 1024px\" \/><\/figure><\/li><li class=\"blocks-gallery-item\"><figure><img loading=\"lazy\" width=\"1024\" height=\"768\" src=\"https:\/\/blogs.urz.uni-halle.de\/krisenszenarien\/files\/2021\/12\/bosiljak-i-komp-1024x768.jpeg\" alt=\"\" data-id=\"186\" data-full-url=\"https:\/\/blogs.urz.uni-halle.de\/krisenszenarien\/files\/2021\/12\/bosiljak-i-komp-scaled.jpeg\" data-link=\"https:\/\/blogs.urz.uni-halle.de\/krisenszenarien\/lesungen-und-mehr\/bosiljak-i-komp\/\" class=\"wp-image-186\" srcset=\"https:\/\/blogs.urz.uni-halle.de\/krisenszenarien\/files\/2021\/12\/bosiljak-i-komp-1024x768.jpeg 1024w, https:\/\/blogs.urz.uni-halle.de\/krisenszenarien\/files\/2021\/12\/bosiljak-i-komp-300x225.jpeg 300w, https:\/\/blogs.urz.uni-halle.de\/krisenszenarien\/files\/2021\/12\/bosiljak-i-komp-768x576.jpeg 768w, https:\/\/blogs.urz.uni-halle.de\/krisenszenarien\/files\/2021\/12\/bosiljak-i-komp-1536x1152.jpeg 1536w, https:\/\/blogs.urz.uni-halle.de\/krisenszenarien\/files\/2021\/12\/bosiljak-i-komp-2048x1536.jpeg 2048w\" sizes=\"(max-width: 1024px) 100vw, 1024px\" \/><\/figure><\/li><li class=\"blocks-gallery-item\"><figure><img loading=\"lazy\" width=\"1024\" height=\"683\" src=\"https:\/\/blogs.urz.uni-halle.de\/krisenszenarien\/files\/2021\/12\/komp-sa-kavom-2-1024x683.jpg\" alt=\"\" data-id=\"190\" data-full-url=\"https:\/\/blogs.urz.uni-halle.de\/krisenszenarien\/files\/2021\/12\/komp-sa-kavom-2-scaled.jpg\" data-link=\"https:\/\/blogs.urz.uni-halle.de\/krisenszenarien\/lesungen-und-mehr\/komp-sa-kavom-2\/\" class=\"wp-image-190\" srcset=\"https:\/\/blogs.urz.uni-halle.de\/krisenszenarien\/files\/2021\/12\/komp-sa-kavom-2-1024x683.jpg 1024w, https:\/\/blogs.urz.uni-halle.de\/krisenszenarien\/files\/2021\/12\/komp-sa-kavom-2-300x200.jpg 300w, https:\/\/blogs.urz.uni-halle.de\/krisenszenarien\/files\/2021\/12\/komp-sa-kavom-2-768x512.jpg 768w, https:\/\/blogs.urz.uni-halle.de\/krisenszenarien\/files\/2021\/12\/komp-sa-kavom-2-1536x1024.jpg 1536w, https:\/\/blogs.urz.uni-halle.de\/krisenszenarien\/files\/2021\/12\/komp-sa-kavom-2-2048x1365.jpg 2048w\" sizes=\"(max-width: 1024px) 100vw, 1024px\" \/><\/figure><\/li><li class=\"blocks-gallery-item\"><figure><img loading=\"lazy\" width=\"1024\" height=\"683\" src=\"https:\/\/blogs.urz.uni-halle.de\/krisenszenarien\/files\/2021\/12\/komp-sa-tekstom-1024x683.jpg\" alt=\"\" data-id=\"191\" data-full-url=\"https:\/\/blogs.urz.uni-halle.de\/krisenszenarien\/files\/2021\/12\/komp-sa-tekstom-scaled.jpg\" data-link=\"https:\/\/blogs.urz.uni-halle.de\/krisenszenarien\/lesungen-und-mehr\/komp-sa-tekstom\/\" class=\"wp-image-191\" srcset=\"https:\/\/blogs.urz.uni-halle.de\/krisenszenarien\/files\/2021\/12\/komp-sa-tekstom-1024x683.jpg 1024w, https:\/\/blogs.urz.uni-halle.de\/krisenszenarien\/files\/2021\/12\/komp-sa-tekstom-300x200.jpg 300w, https:\/\/blogs.urz.uni-halle.de\/krisenszenarien\/files\/2021\/12\/komp-sa-tekstom-768x512.jpg 768w, https:\/\/blogs.urz.uni-halle.de\/krisenszenarien\/files\/2021\/12\/komp-sa-tekstom-1536x1024.jpg 1536w, https:\/\/blogs.urz.uni-halle.de\/krisenszenarien\/files\/2021\/12\/komp-sa-tekstom-2048x1365.jpg 2048w\" sizes=\"(max-width: 1024px) 100vw, 1024px\" \/><\/figure><\/li><\/ul><\/figure>\n\n\n\n<figure class=\"wp-block-gallery columns-2 is-cropped\"><ul class=\"blocks-gallery-grid\"><li class=\"blocks-gallery-item\"><figure><img loading=\"lazy\" width=\"1024\" height=\"640\" src=\"https:\/\/blogs.urz.uni-halle.de\/krisenszenarien\/files\/2021\/12\/radna-zoom-1024x640.png\" alt=\"\" data-id=\"196\" data-full-url=\"https:\/\/blogs.urz.uni-halle.de\/krisenszenarien\/files\/2021\/12\/radna-zoom.png\" data-link=\"https:\/\/blogs.urz.uni-halle.de\/krisenszenarien\/lesungen-und-mehr\/radna-zoom\/\" class=\"wp-image-196\" srcset=\"https:\/\/blogs.urz.uni-halle.de\/krisenszenarien\/files\/2021\/12\/radna-zoom-1024x640.png 1024w, https:\/\/blogs.urz.uni-halle.de\/krisenszenarien\/files\/2021\/12\/radna-zoom-300x188.png 300w, https:\/\/blogs.urz.uni-halle.de\/krisenszenarien\/files\/2021\/12\/radna-zoom-768x480.png 768w, https:\/\/blogs.urz.uni-halle.de\/krisenszenarien\/files\/2021\/12\/radna-zoom.png 1440w\" sizes=\"(max-width: 1024px) 100vw, 1024px\" \/><\/figure><\/li><li class=\"blocks-gallery-item\"><figure><img loading=\"lazy\" width=\"1024\" height=\"768\" src=\"https:\/\/blogs.urz.uni-halle.de\/krisenszenarien\/files\/2021\/12\/halle-radno-1024x768.jpeg\" alt=\"\" data-id=\"189\" data-full-url=\"https:\/\/blogs.urz.uni-halle.de\/krisenszenarien\/files\/2021\/12\/halle-radno-scaled.jpeg\" data-link=\"https:\/\/blogs.urz.uni-halle.de\/krisenszenarien\/lesungen-und-mehr\/halle-radno\/\" class=\"wp-image-189\" srcset=\"https:\/\/blogs.urz.uni-halle.de\/krisenszenarien\/files\/2021\/12\/halle-radno-1024x768.jpeg 1024w, https:\/\/blogs.urz.uni-halle.de\/krisenszenarien\/files\/2021\/12\/halle-radno-300x225.jpeg 300w, https:\/\/blogs.urz.uni-halle.de\/krisenszenarien\/files\/2021\/12\/halle-radno-768x576.jpeg 768w, https:\/\/blogs.urz.uni-halle.de\/krisenszenarien\/files\/2021\/12\/halle-radno-1536x1152.jpeg 1536w, https:\/\/blogs.urz.uni-halle.de\/krisenszenarien\/files\/2021\/12\/halle-radno-2048x1536.jpeg 2048w\" sizes=\"(max-width: 1024px) 100vw, 1024px\" \/><\/figure><\/li><\/ul><\/figure>\n\n\n\n<p><\/p>\n","protected":false},"excerpt":{"rendered":"<p>Die Projektteilnehmer*innen aus Halle und Novi Sad haben Texte aktueller postjugoslawischer Autor*innen, in denen eine intensive Auseinandersetzung mit derzeitigen Krisen sichtbar ist, aus dem Bosnisch\/Kroatisch\/Montenegrinisch\/Serbischen ins Deutsche \u00fcbersetzt. Einen Text gibt es auch auf Englisch! Die Diskussion der Arbeitsfassungen fand &hellip; <a href=\"https:\/\/blogs.urz.uni-halle.de\/krisenszenarien\/uebersetzungen\/\">Weiterlesen <span class=\"meta-nav\">&rarr;<\/span><\/a><\/p>\n","protected":false},"author":4985,"featured_media":0,"parent":0,"menu_order":0,"comment_status":"closed","ping_status":"closed","template":"","meta":[],"_links":{"self":[{"href":"https:\/\/blogs.urz.uni-halle.de\/krisenszenarien\/wp-json\/wp\/v2\/pages\/231"}],"collection":[{"href":"https:\/\/blogs.urz.uni-halle.de\/krisenszenarien\/wp-json\/wp\/v2\/pages"}],"about":[{"href":"https:\/\/blogs.urz.uni-halle.de\/krisenszenarien\/wp-json\/wp\/v2\/types\/page"}],"author":[{"embeddable":true,"href":"https:\/\/blogs.urz.uni-halle.de\/krisenszenarien\/wp-json\/wp\/v2\/users\/4985"}],"replies":[{"embeddable":true,"href":"https:\/\/blogs.urz.uni-halle.de\/krisenszenarien\/wp-json\/wp\/v2\/comments?post=231"}],"version-history":[{"count":9,"href":"https:\/\/blogs.urz.uni-halle.de\/krisenszenarien\/wp-json\/wp\/v2\/pages\/231\/revisions"}],"predecessor-version":[{"id":750,"href":"https:\/\/blogs.urz.uni-halle.de\/krisenszenarien\/wp-json\/wp\/v2\/pages\/231\/revisions\/750"}],"wp:attachment":[{"href":"https:\/\/blogs.urz.uni-halle.de\/krisenszenarien\/wp-json\/wp\/v2\/media?parent=231"}],"curies":[{"name":"wp","href":"https:\/\/api.w.org\/{rel}","templated":true}]}}