{"id":235,"date":"2021-12-16T18:33:36","date_gmt":"2021-12-16T17:33:36","guid":{"rendered":"https:\/\/blogs.urz.uni-halle.de\/krisenszenarien\/?page_id=235"},"modified":"2022-01-10T21:46:47","modified_gmt":"2022-01-10T20:46:47","slug":"prijevodi","status":"publish","type":"page","link":"https:\/\/blogs.urz.uni-halle.de\/krisenszenarien\/prijevodi\/","title":{"rendered":"Pr(ij)evodi"},"content":{"rendered":"\n<p>Die Projektteilnehmer*innen aus Novi Sad, Nik\u0161i\u0107 und auch Halle haben haben Texte deutschsprachiger Autorinnen, die mit dem Projekt \u201ePS: Anmerkungen zum Literaturbetrieb \/ Politisch Schreiben\u201c kooperieren, ins Bosnisch\/Kroatisch\/Montenegrinisch\/Serbische \u00fcbersetzt. Einen Text gibt es auch auf Russisch!<\/p>\n\n\n\n<p>Die Diskussion der Arbeitsfassungen fand im Laufe des Projekts in verschiedenen \u00dcbersetzungswerkst\u00e4tten statt. Den H\u00f6hepunkt stellten die \u00dcbersetzungswerkst\u00e4tten w\u00e4hrend der hybriden Sommerschule dar (von den Standorten Halle, Novi Sad, Podgorica aus in gemischten Kleingruppen per Videokonferenz). Die Werkst\u00e4tten wurden von der \u00dcbersetzerin Marie Alpermann geleitet.<\/p>\n\n\n\n<p>Hier ein Eindruck aus unserer Arbeit:<\/p>\n\n\n\n<figure class=\"wp-block-gallery columns-2 is-cropped\"><ul class=\"blocks-gallery-grid\"><li class=\"blocks-gallery-item\"><figure><img loading=\"lazy\" width=\"683\" height=\"1024\" src=\"https:\/\/blogs.urz.uni-halle.de\/krisenszenarien\/files\/2021\/12\/radna-sa-kompom-683x1024.jpg\" alt=\"\" data-id=\"195\" data-full-url=\"https:\/\/blogs.urz.uni-halle.de\/krisenszenarien\/files\/2021\/12\/radna-sa-kompom-scaled.jpg\" data-link=\"https:\/\/blogs.urz.uni-halle.de\/krisenszenarien\/lesungen-und-mehr\/radna-sa-kompom\/\" class=\"wp-image-195\" srcset=\"https:\/\/blogs.urz.uni-halle.de\/krisenszenarien\/files\/2021\/12\/radna-sa-kompom-683x1024.jpg 683w, https:\/\/blogs.urz.uni-halle.de\/krisenszenarien\/files\/2021\/12\/radna-sa-kompom-200x300.jpg 200w, https:\/\/blogs.urz.uni-halle.de\/krisenszenarien\/files\/2021\/12\/radna-sa-kompom-768x1152.jpg 768w, https:\/\/blogs.urz.uni-halle.de\/krisenszenarien\/files\/2021\/12\/radna-sa-kompom-1024x1536.jpg 1024w, https:\/\/blogs.urz.uni-halle.de\/krisenszenarien\/files\/2021\/12\/radna-sa-kompom-1365x2048.jpg 1365w, https:\/\/blogs.urz.uni-halle.de\/krisenszenarien\/files\/2021\/12\/radna-sa-kompom-scaled.jpg 1707w\" sizes=\"(max-width: 683px) 100vw, 683px\" \/><\/figure><\/li><li class=\"blocks-gallery-item\"><figure><img loading=\"lazy\" width=\"1024\" height=\"683\" src=\"https:\/\/blogs.urz.uni-halle.de\/krisenszenarien\/files\/2021\/12\/podgorica-radna-4-1024x683.jpg\" alt=\"\" data-id=\"192\" data-full-url=\"https:\/\/blogs.urz.uni-halle.de\/krisenszenarien\/files\/2021\/12\/podgorica-radna-4-scaled.jpg\" data-link=\"https:\/\/blogs.urz.uni-halle.de\/krisenszenarien\/lesungen-und-mehr\/podgorica-radna-4\/\" class=\"wp-image-192\" srcset=\"https:\/\/blogs.urz.uni-halle.de\/krisenszenarien\/files\/2021\/12\/podgorica-radna-4-1024x683.jpg 1024w, https:\/\/blogs.urz.uni-halle.de\/krisenszenarien\/files\/2021\/12\/podgorica-radna-4-300x200.jpg 300w, https:\/\/blogs.urz.uni-halle.de\/krisenszenarien\/files\/2021\/12\/podgorica-radna-4-768x512.jpg 768w, https:\/\/blogs.urz.uni-halle.de\/krisenszenarien\/files\/2021\/12\/podgorica-radna-4-1536x1024.jpg 1536w, https:\/\/blogs.urz.uni-halle.de\/krisenszenarien\/files\/2021\/12\/podgorica-radna-4-2048x1365.jpg 2048w\" sizes=\"(max-width: 1024px) 100vw, 1024px\" \/><\/figure><\/li><\/ul><\/figure>\n\n\n\n<figure class=\"wp-block-gallery columns-2 is-cropped\"><ul class=\"blocks-gallery-grid\"><li class=\"blocks-gallery-item\"><figure><img loading=\"lazy\" width=\"1024\" height=\"768\" src=\"https:\/\/blogs.urz.uni-halle.de\/krisenszenarien\/files\/2021\/12\/podgorica-radna-3-1024x768.jpg\" alt=\"\" data-id=\"752\" data-full-url=\"https:\/\/blogs.urz.uni-halle.de\/krisenszenarien\/files\/2021\/12\/podgorica-radna-3.jpg\" data-link=\"https:\/\/blogs.urz.uni-halle.de\/krisenszenarien\/prijevodi\/podgorica-radna-3\/\" class=\"wp-image-752\" srcset=\"https:\/\/blogs.urz.uni-halle.de\/krisenszenarien\/files\/2021\/12\/podgorica-radna-3-1024x768.jpg 1024w, https:\/\/blogs.urz.uni-halle.de\/krisenszenarien\/files\/2021\/12\/podgorica-radna-3-300x225.jpg 300w, https:\/\/blogs.urz.uni-halle.de\/krisenszenarien\/files\/2021\/12\/podgorica-radna-3-768x576.jpg 768w, https:\/\/blogs.urz.uni-halle.de\/krisenszenarien\/files\/2021\/12\/podgorica-radna-3-1536x1152.jpg 1536w, https:\/\/blogs.urz.uni-halle.de\/krisenszenarien\/files\/2021\/12\/podgorica-radna-3.jpg 1600w\" sizes=\"(max-width: 1024px) 100vw, 1024px\" \/><\/figure><\/li><li class=\"blocks-gallery-item\"><figure><img loading=\"lazy\" width=\"1024\" height=\"683\" src=\"https:\/\/blogs.urz.uni-halle.de\/krisenszenarien\/files\/2021\/12\/podgroica-radna-cas-sa-maskama-1-1024x683.jpg\" alt=\"\" data-id=\"753\" data-full-url=\"https:\/\/blogs.urz.uni-halle.de\/krisenszenarien\/files\/2021\/12\/podgroica-radna-cas-sa-maskama-1-scaled.jpg\" data-link=\"https:\/\/blogs.urz.uni-halle.de\/krisenszenarien\/prijevodi\/podgroica-radna-cas-sa-maskama-1\/\" class=\"wp-image-753\" srcset=\"https:\/\/blogs.urz.uni-halle.de\/krisenszenarien\/files\/2021\/12\/podgroica-radna-cas-sa-maskama-1-1024x683.jpg 1024w, https:\/\/blogs.urz.uni-halle.de\/krisenszenarien\/files\/2021\/12\/podgroica-radna-cas-sa-maskama-1-300x200.jpg 300w, https:\/\/blogs.urz.uni-halle.de\/krisenszenarien\/files\/2021\/12\/podgroica-radna-cas-sa-maskama-1-768x512.jpg 768w, https:\/\/blogs.urz.uni-halle.de\/krisenszenarien\/files\/2021\/12\/podgroica-radna-cas-sa-maskama-1-1536x1024.jpg 1536w, https:\/\/blogs.urz.uni-halle.de\/krisenszenarien\/files\/2021\/12\/podgroica-radna-cas-sa-maskama-1-2048x1365.jpg 2048w\" sizes=\"(max-width: 1024px) 100vw, 1024px\" \/><\/figure><\/li><\/ul><\/figure>\n\n\n\n<figure class=\"wp-block-image size-large\"><img loading=\"lazy\" width=\"1024\" height=\"640\" src=\"https:\/\/blogs.urz.uni-halle.de\/krisenszenarien\/files\/2021\/12\/zoom-1024x640.png\" alt=\"\" class=\"wp-image-197\" srcset=\"https:\/\/blogs.urz.uni-halle.de\/krisenszenarien\/files\/2021\/12\/zoom-1024x640.png 1024w, https:\/\/blogs.urz.uni-halle.de\/krisenszenarien\/files\/2021\/12\/zoom-300x188.png 300w, https:\/\/blogs.urz.uni-halle.de\/krisenszenarien\/files\/2021\/12\/zoom-768x480.png 768w, https:\/\/blogs.urz.uni-halle.de\/krisenszenarien\/files\/2021\/12\/zoom.png 1440w\" sizes=\"(max-width: 1024px) 100vw, 1024px\" \/><\/figure>\n","protected":false},"excerpt":{"rendered":"<p>Die Projektteilnehmer*innen aus Novi Sad, Nik\u0161i\u0107 und auch Halle haben haben Texte deutschsprachiger Autorinnen, die mit dem Projekt \u201ePS: Anmerkungen zum Literaturbetrieb \/ Politisch Schreiben\u201c kooperieren, ins Bosnisch\/Kroatisch\/Montenegrinisch\/Serbische \u00fcbersetzt. Einen Text gibt es auch auf Russisch! Die Diskussion der Arbeitsfassungen &hellip; <a href=\"https:\/\/blogs.urz.uni-halle.de\/krisenszenarien\/prijevodi\/\">Weiterlesen <span class=\"meta-nav\">&rarr;<\/span><\/a><\/p>\n","protected":false},"author":4985,"featured_media":0,"parent":0,"menu_order":0,"comment_status":"closed","ping_status":"closed","template":"","meta":[],"_links":{"self":[{"href":"https:\/\/blogs.urz.uni-halle.de\/krisenszenarien\/wp-json\/wp\/v2\/pages\/235"}],"collection":[{"href":"https:\/\/blogs.urz.uni-halle.de\/krisenszenarien\/wp-json\/wp\/v2\/pages"}],"about":[{"href":"https:\/\/blogs.urz.uni-halle.de\/krisenszenarien\/wp-json\/wp\/v2\/types\/page"}],"author":[{"embeddable":true,"href":"https:\/\/blogs.urz.uni-halle.de\/krisenszenarien\/wp-json\/wp\/v2\/users\/4985"}],"replies":[{"embeddable":true,"href":"https:\/\/blogs.urz.uni-halle.de\/krisenszenarien\/wp-json\/wp\/v2\/comments?post=235"}],"version-history":[{"count":4,"href":"https:\/\/blogs.urz.uni-halle.de\/krisenszenarien\/wp-json\/wp\/v2\/pages\/235\/revisions"}],"predecessor-version":[{"id":991,"href":"https:\/\/blogs.urz.uni-halle.de\/krisenszenarien\/wp-json\/wp\/v2\/pages\/235\/revisions\/991"}],"wp:attachment":[{"href":"https:\/\/blogs.urz.uni-halle.de\/krisenszenarien\/wp-json\/wp\/v2\/media?parent=235"}],"curies":[{"name":"wp","href":"https:\/\/api.w.org\/{rel}","templated":true}]}}