{"id":538,"date":"2021-12-20T18:43:56","date_gmt":"2021-12-20T17:43:56","guid":{"rendered":"https:\/\/blogs.urz.uni-halle.de\/krisenszenarien\/?page_id=538"},"modified":"2022-01-10T11:18:13","modified_gmt":"2022-01-10T10:18:13","slug":"corinna-widhalm","status":"publish","type":"page","link":"https:\/\/blogs.urz.uni-halle.de\/krisenszenarien\/prijevodi\/corinna-widhalm\/","title":{"rendered":"Korina Vidhalm"},"content":{"rendered":"\n<p><strong>CMOKI\u0106<\/strong><\/p>\n\n\n\n<p><\/p>\n\n\n\n<p>Koncert se zavr\u0161io, vriska na kraju bila je ogromna. U zanosu se grle\u0107i, ljudi su ose\u0107ali da razumeju jedni druge. J i ja stojimo u redu za garderobu i \u010dekamo svoje jakne. I mi smo eufori\u010dne, u na\u0161im glavama tutnji muzika, noge se jo\u0161 uvek nji\u0161u. Ona mi mazi ruku, ovla\u0161 se poljubimo. Pogled mi pada na mu\u0161karca iza nas. Buljave o\u010di na zajapurenom svinjskom licu, znojava kosa zalepljena mu je za glavu, jasno je da dolazi iz pakla: \u201eOhhh, to je bilo lepo. Ho\u0107ete li se jo\u0161 jednom cmoknuti? Ma, hajde, cmoknite se jo\u0161 jednom!\u201c Udarila bih ga, ali znam da ne smem. \u2013 Koncerta se vi\u0161e ne se\u0107am, ali \u010doveka iz reda za garderobu jo\u0161 uvek jasno vidim pred sobom.<\/p>\n\n\n\n<p><\/p>\n\n\n\n<p><\/p>\n\n\n\n<p class=\"has-text-align-right\">Prevele Milana Mili\u0107, Biljana Kova\u010d, Iva Simurdi\u0107<\/p>\n\n\n\n<p>Original: Corinna Widhalm: &#8222;Ein Bussi&#8220;<\/p>\n\n\n\n<p>auf: <em>PS: Anmerkungen zum Literaturbetrieb \/ Politisch Schreiben<\/em>: <a rel=\"noreferrer noopener\" href=\"https:\/\/www.politischschreiben.net\/funf-geschichten-uber-homophobie-und-heterosexismus\/\" target=\"_blank\">https:\/\/www.politischschreiben.net\/funf-geschichten-uber-homophobie-und-heterosexismus\/<\/a><\/p>\n","protected":false},"excerpt":{"rendered":"<p>CMOKI\u0106 Koncert se zavr\u0161io, vriska na kraju bila je ogromna. U zanosu se grle\u0107i, ljudi su ose\u0107ali da razumeju jedni druge. J i ja stojimo u redu za garderobu i \u010dekamo svoje jakne. I mi smo eufori\u010dne, u na\u0161im glavama &hellip; <a href=\"https:\/\/blogs.urz.uni-halle.de\/krisenszenarien\/prijevodi\/corinna-widhalm\/\">Weiterlesen <span class=\"meta-nav\">&rarr;<\/span><\/a><\/p>\n","protected":false},"author":4985,"featured_media":0,"parent":235,"menu_order":0,"comment_status":"closed","ping_status":"closed","template":"full-width-page.php","meta":[],"_links":{"self":[{"href":"https:\/\/blogs.urz.uni-halle.de\/krisenszenarien\/wp-json\/wp\/v2\/pages\/538"}],"collection":[{"href":"https:\/\/blogs.urz.uni-halle.de\/krisenszenarien\/wp-json\/wp\/v2\/pages"}],"about":[{"href":"https:\/\/blogs.urz.uni-halle.de\/krisenszenarien\/wp-json\/wp\/v2\/types\/page"}],"author":[{"embeddable":true,"href":"https:\/\/blogs.urz.uni-halle.de\/krisenszenarien\/wp-json\/wp\/v2\/users\/4985"}],"replies":[{"embeddable":true,"href":"https:\/\/blogs.urz.uni-halle.de\/krisenszenarien\/wp-json\/wp\/v2\/comments?post=538"}],"version-history":[{"count":4,"href":"https:\/\/blogs.urz.uni-halle.de\/krisenszenarien\/wp-json\/wp\/v2\/pages\/538\/revisions"}],"predecessor-version":[{"id":982,"href":"https:\/\/blogs.urz.uni-halle.de\/krisenszenarien\/wp-json\/wp\/v2\/pages\/538\/revisions\/982"}],"up":[{"embeddable":true,"href":"https:\/\/blogs.urz.uni-halle.de\/krisenszenarien\/wp-json\/wp\/v2\/pages\/235"}],"wp:attachment":[{"href":"https:\/\/blogs.urz.uni-halle.de\/krisenszenarien\/wp-json\/wp\/v2\/media?parent=538"}],"curies":[{"name":"wp","href":"https:\/\/api.w.org\/{rel}","templated":true}]}}