{"id":668,"date":"2021-12-22T21:48:35","date_gmt":"2021-12-22T20:48:35","guid":{"rendered":"https:\/\/blogs.urz.uni-halle.de\/krisenszenarien\/?page_id=668"},"modified":"2021-12-23T12:20:16","modified_gmt":"2021-12-23T11:20:16","slug":"novi-sad","status":"publish","type":"page","link":"https:\/\/blogs.urz.uni-halle.de\/krisenszenarien\/novi-sad\/","title":{"rendered":"Novi Sad"},"content":{"rendered":"\n<p><strong>IVA SIMURDI\u0106<\/strong><\/p>\n\n\n\n<div class=\"wp-block-image\"><figure class=\"alignleft size-large is-resized\"><img loading=\"lazy\" src=\"https:\/\/blogs.urz.uni-halle.de\/krisenszenarien\/files\/2021\/12\/image-5-709x1024.png\" alt=\"\" class=\"wp-image-674\" width=\"178\" height=\"257\" srcset=\"https:\/\/blogs.urz.uni-halle.de\/krisenszenarien\/files\/2021\/12\/image-5-709x1024.png 709w, https:\/\/blogs.urz.uni-halle.de\/krisenszenarien\/files\/2021\/12\/image-5-208x300.png 208w, https:\/\/blogs.urz.uni-halle.de\/krisenszenarien\/files\/2021\/12\/image-5-768x1109.png 768w, https:\/\/blogs.urz.uni-halle.de\/krisenszenarien\/files\/2021\/12\/image-5.png 981w\" sizes=\"(max-width: 178px) 100vw, 178px\" \/><\/figure><\/div>\n\n\n\n<p class=\"has-text-align-left\">Geboren 1990 in Budapest. Arbeitet seit 2017 am Lehrstuhl f\u00fcr Germanistik an der Universit\u00e4t Novi Sad. T\u00e4tig als Assistentin im Rahmen mehrerer Kurse \u00fcber deutsche bzw. deutschsprachige Literatur vom Mittelalter bis zum 20. Jahrhundert. Ihr Forschungsschwerpunkt ist die deutschsprachige Kinderliteratur. Seit 2016 Journalistin und seit 2018 auch Redakteurin der ersten \u00f6ffentlich-rechtlichen deutschsprachigen Radio- und Fernsehsendung in Serbien, \u201eDeutsche Minuten\u201c.<\/p>\n\n\n\n<p>Ro\u0111ena 1990. godine u Budimpe\u0161ti. Od 2017. radi na Odseku za germanistiku na Filozofskom fakultetu u Novom Sadu. Anga\u017eovana je kao asistentkinja na kursevima nema\u010dke knji\u017eevnosti, odnosno knji\u017eevnosti nema\u010dkog govornog podru\u010dja od srednjeg do 20. veka. Ivina glavna oblast istra\u017eivanja je de\u010dija knji\u017eevnost nema\u010dkog govrnog podru\u010dja. Od 2016. je novinarka a od 2018. urednica prve emisije na nema\u010dkom \u201eDeutsche Minuten\u201c na javnom servisu.<\/p>\n\n\n\n<p><\/p>\n\n\n\n<p><\/p>\n\n\n\n<p><\/p>\n\n\n\n<p class=\"has-text-align-left\"><strong>D<\/strong><strong>\u00c9NES KOBETITS<\/strong><strong><\/strong><\/p>\n\n\n\n<div class=\"wp-block-image\"><figure class=\"alignleft size-large is-resized\"><img loading=\"lazy\" src=\"https:\/\/blogs.urz.uni-halle.de\/krisenszenarien\/files\/2021\/12\/image-1-768x1024.png\" alt=\"\" class=\"wp-image-670\" width=\"184\" height=\"245\" srcset=\"https:\/\/blogs.urz.uni-halle.de\/krisenszenarien\/files\/2021\/12\/image-1-768x1024.png 768w, https:\/\/blogs.urz.uni-halle.de\/krisenszenarien\/files\/2021\/12\/image-1-225x300.png 225w, https:\/\/blogs.urz.uni-halle.de\/krisenszenarien\/files\/2021\/12\/image-1-1152x1536.png 1152w, https:\/\/blogs.urz.uni-halle.de\/krisenszenarien\/files\/2021\/12\/image-1-1536x2048.png 1536w, https:\/\/blogs.urz.uni-halle.de\/krisenszenarien\/files\/2021\/12\/image-1.png 1920w\" sizes=\"(max-width: 184px) 100vw, 184px\" \/><\/figure><\/div>\n\n\n\n<p>Geboren 1996 in Subotica, Serbien. Abgeschlossener Bachelor an der Abteilung f\u00fcr Germanistik an der Philosophischen Fakult\u00e4t der Universit\u00e4t Novi Sad, momentan Masterstudent des selben Studienganges. Seit 2019 als Journalist und Moderator in der Redaktion der ersten \u00f6ffentlich-rechtlichen deutschsprachigen Minderheitensendung in Serbien \u201eDeutsche Minuten\u201c (TV und Radio) bei RTV in Novi Sad t\u00e4tig. Arbeitet seit 2021 als Deutschlehrer in der Schule f\u00fcr deutsche Sprache \u201eGermania Zentrum\u201c, Novi Sad. Lebt in Novi Sad.<\/p>\n\n\n\n<p class=\"has-text-align-left\">Ro\u0111en 1996. godine u Subotici. Osnovne akademske studije je zavr\u0161io na Odseku za germanistiku Filozofskog fakulteta Univerziteta u Novom Sadu, trenutno je student master akademskih studija germanistike. Od 2019. godine novinar i voditelj u redakciji prve javne manjinske TV i radio emisije na nema\u010dkom jeziku u Srbiji pod nazivom \u201eDeutsche Minuten\u201c na Radio-televiziji Vojvodine. Od 2021. godine radi i kao nastavnik nema\u010dkog jeziku u centru za nema\u010dki jezik \u201eGermania Zentrum\u201c u Novom Sadu.&nbsp; \u017divi u Novom Sadu.<\/p>\n\n\n\n<p><\/p>\n\n\n\n<p><strong>BILJANA KOVA\u010c<\/strong><\/p>\n\n\n\n<div class=\"wp-block-image\"><figure class=\"alignleft size-large is-resized\"><img loading=\"lazy\" src=\"https:\/\/blogs.urz.uni-halle.de\/krisenszenarien\/files\/2021\/12\/image-3-819x1024.png\" alt=\"\" class=\"wp-image-672\" width=\"169\" height=\"211\" srcset=\"https:\/\/blogs.urz.uni-halle.de\/krisenszenarien\/files\/2021\/12\/image-3-819x1024.png 819w, https:\/\/blogs.urz.uni-halle.de\/krisenszenarien\/files\/2021\/12\/image-3-240x300.png 240w, https:\/\/blogs.urz.uni-halle.de\/krisenszenarien\/files\/2021\/12\/image-3-768x960.png 768w, https:\/\/blogs.urz.uni-halle.de\/krisenszenarien\/files\/2021\/12\/image-3-1229x1536.png 1229w, https:\/\/blogs.urz.uni-halle.de\/krisenszenarien\/files\/2021\/12\/image-3-1638x2048.png 1638w, https:\/\/blogs.urz.uni-halle.de\/krisenszenarien\/files\/2021\/12\/image-3.png 2048w\" sizes=\"(max-width: 169px) 100vw, 169px\" \/><\/figure><\/div>\n\n\n\n<p>Geboren 1992 in Subotica. Assistentin an der Philosophischen Fakult\u00e4t der Universit\u00e4t Novi Sad, Abteilung f\u00fcr Deutsche Sprache und Literatur. Doktoratsstudium im Bereich Sprache und Literatur (Modul Sprache) an der Philosophischen Fakult\u00e4t in Novi Sad. Beitr\u00e4ge im Bereich der Translatologie und Theaterp\u00e4dagogik. Lebt in Novi Sad.<\/p>\n\n\n\n<p>Ro\u0111ena 1992. godine u Subotici. Radi kao asistentkinja na Odseku za germanistiku na Filozofskom fakultetu u Novom Sadu. Student je doktorskih akademskih studija smera Jezik i knji\u017eevnost (modul: jezik), tako\u0111e na Filozofskom fakultetu u Novom Sadu. Bavi se translatologijom i pozori\u0161nom pedagogijom i \u017eivi u Novom Sadu.<\/p>\n\n\n\n<p><\/p>\n\n\n\n<p><\/p>\n\n\n\n<p><\/p>\n\n\n\n<p><\/p>\n\n\n\n<p class=\"has-text-align-left\"><strong>MILANA MILI\u0106<\/strong><\/p>\n\n\n\n<div class=\"wp-block-image\"><figure class=\"alignleft size-large is-resized\"><img loading=\"lazy\" src=\"https:\/\/blogs.urz.uni-halle.de\/krisenszenarien\/files\/2021\/12\/image-7-970x1024.png\" alt=\"\" class=\"wp-image-676\" width=\"193\" height=\"203\" srcset=\"https:\/\/blogs.urz.uni-halle.de\/krisenszenarien\/files\/2021\/12\/image-7-970x1024.png 970w, https:\/\/blogs.urz.uni-halle.de\/krisenszenarien\/files\/2021\/12\/image-7-284x300.png 284w, https:\/\/blogs.urz.uni-halle.de\/krisenszenarien\/files\/2021\/12\/image-7-768x810.png 768w, https:\/\/blogs.urz.uni-halle.de\/krisenszenarien\/files\/2021\/12\/image-7.png 1124w\" sizes=\"(max-width: 193px) 100vw, 193px\" \/><\/figure><\/div>\n\n\n\n<p>Geboren 1982 in Pula, Kroatien. Studierte Deutsche Sprache und Literatur an der Universit\u00e4t Novi Sad, momentan Studentin des Masterstudiengangs der Germanistik. Teil des Herausgeberteams der studentischen Zeitschrift f\u00fcr deutsche Sprache, Kultur und Literatur \u201e207.de\u201c. Interessengebiete: deutsch-serbische kulturelle Beziehungen, Imagologie, deutsche Literatur des 18. Jahrhunderts, bes. Zeit der Aufkl\u00e4rung und Klassik. Lebt in Novi Sad.<\/p>\n\n\n\n<p>Ro\u0111ena 1982. godine u Puli, Hrvatska. Zavr\u0161ila osnovne studije nema\u010dkog jezika i knji\u017eevnosti na Univerzitetu u Novom Sadu, trenutno studentkinja na master studijama. Deo redakcijskog tima studentskog \u010dasopisa za nema\u010dki jezik, kulturu i knji\u017eevnosti \u201e207.de\u201c. Sfere interesovanja: nema\u010dko-srpski kulturni odnosi, imagologija, nema\u010dka knji\u017eevnost 18. veka, posebno epohe prosvetiteljstva i klasike. \u017divi u Novom Sadu.<\/p>\n\n\n\n<p><\/p>\n\n\n\n<p><strong>IVANA PAJI\u0106<\/strong><\/p>\n\n\n\n<div class=\"wp-block-image\"><figure class=\"alignleft size-large is-resized\"><img loading=\"lazy\" src=\"https:\/\/blogs.urz.uni-halle.de\/krisenszenarien\/files\/2021\/12\/image-9-768x1024.png\" alt=\"\" class=\"wp-image-678\" width=\"210\" height=\"280\" srcset=\"https:\/\/blogs.urz.uni-halle.de\/krisenszenarien\/files\/2021\/12\/image-9-768x1024.png 768w, https:\/\/blogs.urz.uni-halle.de\/krisenszenarien\/files\/2021\/12\/image-9-225x300.png 225w, https:\/\/blogs.urz.uni-halle.de\/krisenszenarien\/files\/2021\/12\/image-9-1152x1536.png 1152w, https:\/\/blogs.urz.uni-halle.de\/krisenszenarien\/files\/2021\/12\/image-9-1536x2048.png 1536w, https:\/\/blogs.urz.uni-halle.de\/krisenszenarien\/files\/2021\/12\/image-9.png 1920w\" sizes=\"(max-width: 210px) 100vw, 210px\" \/><\/figure><\/div>\n\n\n\n<p>Ro\u0111ena je 1984. godine u Tesli\u0107u (Bosna i Hercegovina). Na Odseku za germanistiku Filozofskog fakulteta Univerziteta u Novom Sadu radi od 2009. godine. Oblasti njenog interesovanja su: nema\u010dki i austrijski film, interkulturalna nema\u010dka knji\u017eevnost, nema\u010dka knji\u017eevnost moderne, knji\u017eevno prevo\u0111enje i nema\u010dka istorija i kultura u interkulturalnom kontekstu. Autorka je vi\u0161e nau\u010dnih radova, koautorka je \u201ePriru\u010dnika za pripremnu nastavu\u201c i umetni\u010dkog kataloga i izlo\u017ebe \u201eParalelne biografije Srbija\/Nema\u010dka: identitet i rad\u201c koja je prikazana u Novom Sadu, Berlinu i Budimpe\u0161ti. \u017divi u Novom Sadu.<\/p>\n\n\n\n<p>Geboren 1984 in Tesli\u0107 (Bosnien und Herzegowina). Arbeitet seit 2009 an der Abteilung f\u00fcr Germanistik der Philosophischen Fakult\u00e4t der Universit\u00e4t Novi Sad. Ihre Interessensgebiete sind: deutscher und \u00f6sterreichischer Film, deutschsprachige interkulturelle Literatur, deutsche Literatur der Moderne, literarisches \u00dcbersetzen und deutsche Geschichte und Kultur im interkulturellen Kontext. Sie ist Autorin mehrerer wissenschaftlicher Arbeiten, Koautorin des Nachschlagewerks \u201ePriru\u010dnik za pripremnu nastavu\u201c, Autorin des Kunstkatalogs \u201eParallelbiografien Serbien\/Deutschland: Identit\u00e4t und Arbeit\u201c und Koautorin der in Novi Sad, Berlin und Budapest gezeigten gleichnamigen Kunstaustellung. Lebt in Novi Sad.<\/p>\n","protected":false},"excerpt":{"rendered":"<p>IVA SIMURDI\u0106 Geboren 1990 in Budapest. Arbeitet seit 2017 am Lehrstuhl f\u00fcr Germanistik an der Universit\u00e4t Novi Sad. T\u00e4tig als Assistentin im Rahmen mehrerer Kurse \u00fcber deutsche bzw. deutschsprachige Literatur vom Mittelalter bis zum 20. Jahrhundert. Ihr Forschungsschwerpunkt ist die &hellip; <a href=\"https:\/\/blogs.urz.uni-halle.de\/krisenszenarien\/novi-sad\/\">Weiterlesen <span class=\"meta-nav\">&rarr;<\/span><\/a><\/p>\n","protected":false},"author":4985,"featured_media":0,"parent":0,"menu_order":0,"comment_status":"closed","ping_status":"closed","template":"full-width-page.php","meta":[],"_links":{"self":[{"href":"https:\/\/blogs.urz.uni-halle.de\/krisenszenarien\/wp-json\/wp\/v2\/pages\/668"}],"collection":[{"href":"https:\/\/blogs.urz.uni-halle.de\/krisenszenarien\/wp-json\/wp\/v2\/pages"}],"about":[{"href":"https:\/\/blogs.urz.uni-halle.de\/krisenszenarien\/wp-json\/wp\/v2\/types\/page"}],"author":[{"embeddable":true,"href":"https:\/\/blogs.urz.uni-halle.de\/krisenszenarien\/wp-json\/wp\/v2\/users\/4985"}],"replies":[{"embeddable":true,"href":"https:\/\/blogs.urz.uni-halle.de\/krisenszenarien\/wp-json\/wp\/v2\/comments?post=668"}],"version-history":[{"count":9,"href":"https:\/\/blogs.urz.uni-halle.de\/krisenszenarien\/wp-json\/wp\/v2\/pages\/668\/revisions"}],"predecessor-version":[{"id":738,"href":"https:\/\/blogs.urz.uni-halle.de\/krisenszenarien\/wp-json\/wp\/v2\/pages\/668\/revisions\/738"}],"wp:attachment":[{"href":"https:\/\/blogs.urz.uni-halle.de\/krisenszenarien\/wp-json\/wp\/v2\/media?parent=668"}],"curies":[{"name":"wp","href":"https:\/\/api.w.org\/{rel}","templated":true}]}}