{"id":2,"date":"2022-07-10T15:04:38","date_gmt":"2022-07-10T13:04:38","guid":{"rendered":"https:\/\/blogs.urz.uni-halle.de\/kunstdeslebens\/?page_id=2"},"modified":"2022-07-10T17:28:33","modified_gmt":"2022-07-10T15:28:33","slug":"kunstdeslebens","status":"publish","type":"page","link":"https:\/\/blogs.urz.uni-halle.de\/kunstdeslebens\/","title":{"rendered":"Hallo Mensch!"},"content":{"rendered":"\n<p style=\"line-height:1.1\">Hallo Mensch! Sch\u00f6n, dass du auf meiner Seite gelandet bist :)<\/p>\n\n\n\n<p style=\"line-height:1.1\">Dieser Blog dient als Dokumentation f\u00fcr alles, was ich als Kunst bezeichnen w\u00fcrde. Dazu geh\u00f6ren unter anderem Fotos, Videos,  Audios, Gem\u00e4lde und Textst\u00fccke. Hier findest du auch Geschichten \u00fcber Situationen, die zeigen, wie krass das Universum manchmal ist!<\/p>\n\n\n\n<p style=\"line-height:1.1\">Also klick rum! Finde, was dich hier interessiert und wenn du etwas hast, was du auch als Kunst bezeichnen w\u00fcrdest, dann her damit! Schick es mir und ich poste es. Denn die Kunst des Lebens und die \u00c4sthetik der Welt sind f\u00fcr Alle! :) &lt;3<\/p>\n\n\n<ul class=\"wp-block-latest-posts wp-block-latest-posts__list\"><li><a href=\"https:\/\/blogs.urz.uni-halle.de\/kunstdeslebens\/2022\/07\/antiarbeit\/\">Antiarbeit<\/a><\/li>\n<\/ul>","protected":false},"excerpt":{"rendered":"<p>Hallo Mensch! Sch\u00f6n, dass du auf meiner Seite gelandet bist :) Dieser Blog dient als Dokumentation f\u00fcr alles, was ich als Kunst bezeichnen w\u00fcrde. Dazu geh\u00f6ren unter anderem Fotos, Videos, Audios, Gem\u00e4lde und Textst\u00fccke. Hier findest du auch Geschichten \u00fcber Situationen, die zeigen, wie krass das Universum manchmal ist! Also klick rum! Finde, was dich &hellip; <\/p>\n<p class=\"link-more\"><a href=\"https:\/\/blogs.urz.uni-halle.de\/kunstdeslebens\/\" class=\"more-link\"><span class=\"screen-reader-text\">\u201eHallo Mensch!\u201c<\/span> weiterlesen<\/a><\/p>\n","protected":false},"author":5541,"featured_media":0,"parent":0,"menu_order":0,"comment_status":"closed","ping_status":"open","template":"","meta":{"ngg_post_thumbnail":0},"_links":{"self":[{"href":"https:\/\/blogs.urz.uni-halle.de\/kunstdeslebens\/wp-json\/wp\/v2\/pages\/2"}],"collection":[{"href":"https:\/\/blogs.urz.uni-halle.de\/kunstdeslebens\/wp-json\/wp\/v2\/pages"}],"about":[{"href":"https:\/\/blogs.urz.uni-halle.de\/kunstdeslebens\/wp-json\/wp\/v2\/types\/page"}],"author":[{"embeddable":true,"href":"https:\/\/blogs.urz.uni-halle.de\/kunstdeslebens\/wp-json\/wp\/v2\/users\/5541"}],"replies":[{"embeddable":true,"href":"https:\/\/blogs.urz.uni-halle.de\/kunstdeslebens\/wp-json\/wp\/v2\/comments?post=2"}],"version-history":[{"count":8,"href":"https:\/\/blogs.urz.uni-halle.de\/kunstdeslebens\/wp-json\/wp\/v2\/pages\/2\/revisions"}],"predecessor-version":[{"id":67,"href":"https:\/\/blogs.urz.uni-halle.de\/kunstdeslebens\/wp-json\/wp\/v2\/pages\/2\/revisions\/67"}],"wp:attachment":[{"href":"https:\/\/blogs.urz.uni-halle.de\/kunstdeslebens\/wp-json\/wp\/v2\/media?parent=2"}],"curies":[{"name":"wp","href":"https:\/\/api.w.org\/{rel}","templated":true}]}}