{"id":109,"date":"2017-09-26T10:09:41","date_gmt":"2017-09-26T08:09:41","guid":{"rendered":"https:\/\/blogs.urz.uni-halle.de\/latein\/?page_id=109"},"modified":"2018-07-19T11:10:43","modified_gmt":"2018-07-19T09:10:43","slug":"theaterauffuehrungen","status":"publish","type":"page","link":"https:\/\/blogs.urz.uni-halle.de\/latein\/archiv\/theaterauffuehrungen\/","title":{"rendered":"Theaterauff\u00fchrungen"},"content":{"rendered":"\t\t<div data-elementor-type=\"wp-post\" data-elementor-id=\"109\" class=\"elementor elementor-109 elementor-bc-flex-widget\" data-elementor-settings=\"[]\">\n\t\t\t\t\t\t\t<div class=\"elementor-section-wrap\">\n\t\t\t\t\t\t\t<section class=\"elementor-section elementor-top-section elementor-element elementor-element-v1tvr1b elementor-section-boxed elementor-section-height-default elementor-section-height-default\" data-id=\"v1tvr1b\" data-element_type=\"section\">\n\t\t\t\t\t\t<div class=\"elementor-container elementor-column-gap-default\">\n\t\t\t\t\t<div class=\"elementor-column elementor-col-100 elementor-top-column elementor-element elementor-element-id5meq6\" data-id=\"id5meq6\" data-element_type=\"column\">\n\t\t\t<div class=\"elementor-widget-wrap elementor-element-populated\">\n\t\t\t\t\t\t\t\t<div class=\"elementor-element elementor-element-av6j9q5 elementor-widget elementor-widget-text-editor\" data-id=\"av6j9q5\" data-element_type=\"widget\" data-widget_type=\"text-editor.default\">\n\t\t\t\t<div class=\"elementor-widget-container\">\n\t\t\t\t\t<div class=\"elementor-text-editor elementor-clearfix\"><p style=\"text-align: justify;\">Alle Jahre wieder &#8230; findet sich ein Kreis enthusiastischer Theaterliebhaber unter Studierenden und Dozenten und wagt sich an die Inszenierung eines neuen Theaterst\u00fccks:<\/p><p style=\"text-align: justify;\">\u00a0<\/p><\/div>\n\t\t\t\t<\/div>\n\t\t\t\t<\/div>\n\t\t\t\t\t<\/div>\n\t\t<\/div>\n\t\t\t\t\t\t\t<\/div>\n\t\t<\/section>\n\t\t\t\t<section class=\"elementor-section elementor-top-section elementor-element elementor-element-ey5gzsk elementor-section-boxed elementor-section-height-default elementor-section-height-default\" data-id=\"ey5gzsk\" data-element_type=\"section\">\n\t\t\t\t\t\t<div class=\"elementor-container elementor-column-gap-default\">\n\t\t\t\t\t<div class=\"elementor-column elementor-col-100 elementor-top-column elementor-element elementor-element-4k7ldie\" data-id=\"4k7ldie\" data-element_type=\"column\">\n\t\t\t<div class=\"elementor-widget-wrap elementor-element-populated\">\n\t\t\t\t\t\t\t\t<div class=\"elementor-element elementor-element-nxapzpi elementor-widget elementor-widget-heading\" data-id=\"nxapzpi\" data-element_type=\"widget\" data-widget_type=\"heading.default\">\n\t\t\t\t<div class=\"elementor-widget-container\">\n\t\t\t<h2 class=\"elementor-heading-title elementor-size-default\">2014 - Theaterauff\u00fchrung \u201aOdyssee der Liebe\u2018<\/h2>\t\t<\/div>\n\t\t\t\t<\/div>\n\t\t\t\t<div class=\"elementor-element elementor-element-n7lks1e elementor-widget elementor-widget-text-editor\" data-id=\"n7lks1e\" data-element_type=\"widget\" data-widget_type=\"text-editor.default\">\n\t\t\t\t<div class=\"elementor-widget-container\">\n\t\t\t\t\t<div class=\"elementor-text-editor elementor-clearfix\"><p style=\"text-align: justify;\">Eine Melange aus antiker Kom\u00f6die mit philosophischen Intermezzi, selbst geschrieben von den Studierenden<\/p><\/div>\n\t\t\t\t<\/div>\n\t\t\t\t<\/div>\n\t\t\t\t\t<\/div>\n\t\t<\/div>\n\t\t\t\t\t\t\t<\/div>\n\t\t<\/section>\n\t\t\t\t<section class=\"elementor-section elementor-top-section elementor-element elementor-element-9ohe0kg elementor-section-boxed elementor-section-height-default elementor-section-height-default\" data-id=\"9ohe0kg\" data-element_type=\"section\">\n\t\t\t\t\t\t<div class=\"elementor-container elementor-column-gap-default\">\n\t\t\t\t\t<div class=\"elementor-column elementor-col-100 elementor-top-column elementor-element elementor-element-eocfhdj\" data-id=\"eocfhdj\" data-element_type=\"column\">\n\t\t\t<div class=\"elementor-widget-wrap elementor-element-populated\">\n\t\t\t\t\t\t\t\t<div class=\"elementor-element elementor-element-n4bsa5d elementor-widget-divider--view-line elementor-widget elementor-widget-divider\" data-id=\"n4bsa5d\" data-element_type=\"widget\" data-widget_type=\"divider.default\">\n\t\t\t\t<div class=\"elementor-widget-container\">\n\t\t\t\t\t<div class=\"elementor-divider\">\n\t\t\t<span class=\"elementor-divider-separator\">\n\t\t\t\t\t\t<\/span>\n\t\t<\/div>\n\t\t\t\t<\/div>\n\t\t\t\t<\/div>\n\t\t\t\t<div class=\"elementor-element elementor-element-dqfloxy elementor-widget elementor-widget-heading\" data-id=\"dqfloxy\" data-element_type=\"widget\" data-widget_type=\"heading.default\">\n\t\t\t\t<div class=\"elementor-widget-container\">\n\t\t\t<h2 class=\"elementor-heading-title elementor-size-default\">2011 - Inszenierung der \u201aSp\u00fcrhunde\u2018 von Sophokles<\/h2>\t\t<\/div>\n\t\t\t\t<\/div>\n\t\t\t\t<div class=\"elementor-element elementor-element-p8rm3xl elementor-widget elementor-widget-text-editor\" data-id=\"p8rm3xl\" data-element_type=\"widget\" data-widget_type=\"text-editor.default\">\n\t\t\t\t<div class=\"elementor-widget-container\">\n\t\t\t\t\t<div class=\"elementor-text-editor elementor-clearfix\"><p style=\"text-align: justify;\">Ein Satyrst\u00fcck, das der Hallesche Altertumswissenschaftler und Namensgeber unseres Instituts Carl Robert erstmalig im Jahr 1913 mit Studenten der Uni Halle im Goethetheater Bad Lauchst\u00e4dt aufgef\u00fchrt hatte (das verlorene Ende des St\u00fccks hatte er selbst erg\u00e4nzt)<\/p><\/div>\n\t\t\t\t<\/div>\n\t\t\t\t<\/div>\n\t\t\t\t\t<\/div>\n\t\t<\/div>\n\t\t\t\t\t\t\t<\/div>\n\t\t<\/section>\n\t\t\t\t<section class=\"elementor-section elementor-top-section elementor-element elementor-element-3ng9j3o elementor-section-boxed elementor-section-height-default elementor-section-height-default\" data-id=\"3ng9j3o\" data-element_type=\"section\">\n\t\t\t\t\t\t<div class=\"elementor-container elementor-column-gap-default\">\n\t\t\t\t\t<div class=\"elementor-column elementor-col-100 elementor-top-column elementor-element elementor-element-aevfzhv\" data-id=\"aevfzhv\" data-element_type=\"column\">\n\t\t\t<div class=\"elementor-widget-wrap elementor-element-populated\">\n\t\t\t\t\t\t\t\t<div class=\"elementor-element elementor-element-mgzs8se elementor-widget-divider--view-line elementor-widget elementor-widget-divider\" data-id=\"mgzs8se\" data-element_type=\"widget\" data-widget_type=\"divider.default\">\n\t\t\t\t<div class=\"elementor-widget-container\">\n\t\t\t\t\t<div class=\"elementor-divider\">\n\t\t\t<span class=\"elementor-divider-separator\">\n\t\t\t\t\t\t<\/span>\n\t\t<\/div>\n\t\t\t\t<\/div>\n\t\t\t\t<\/div>\n\t\t\t\t<div class=\"elementor-element elementor-element-trbygf0 elementor-widget elementor-widget-heading\" data-id=\"trbygf0\" data-element_type=\"widget\" data-widget_type=\"heading.default\">\n\t\t\t\t<div class=\"elementor-widget-container\">\n\t\t\t<h2 class=\"elementor-heading-title elementor-size-default\">2006\/07 - Auff\u00fchrung von Plautus \u201aMostellaria\u2018<\/h2>\t\t<\/div>\n\t\t\t\t<\/div>\n\t\t\t\t<div class=\"elementor-element elementor-element-jvsp7fk elementor-widget elementor-widget-text-editor\" data-id=\"jvsp7fk\" data-element_type=\"widget\" data-widget_type=\"text-editor.default\">\n\t\t\t\t<div class=\"elementor-widget-container\">\n\t\t\t\t\t<div class=\"elementor-text-editor elementor-clearfix\"><p class=\"MsoNormal\" style=\"text-align: justify;\">Im Anschlu\u00df an eine Lekt\u00fcre\u00fcbung zur Mostellaria des Plautus konstituierte sich im Fr\u00fchjahr 2005 am Institut eine studentische Theatergruppe mit dem Ziel, die plautinische Gespensterkom\u00f6die zur Auff\u00fchrung in lateinischer Sprache zu bringen. Das Ein\u00fcben der Metrik und die szenische Umsetzung des lateinischen Textes verlangten der kleinen Gruppe viel Zeit und Kraft ab, aber zu den Aquilonia 2006, dem Jahrestreffen der klassischen Philologien in Nordostdeutschland, kam es zu einer ersten st\u00fcrmisch gefeierten Auff\u00fchrung der Kom\u00f6die. Gutbesuchte Wiederauff\u00fchrungen in Halle und an der Universit\u00e4t Bonn belohnten die Anstrengungen aller Beteiligten.<\/p><\/div>\n\t\t\t\t<\/div>\n\t\t\t\t<\/div>\n\t\t\t\t\t<\/div>\n\t\t<\/div>\n\t\t\t\t\t\t\t<\/div>\n\t\t<\/section>\n\t\t\t\t\t\t<\/div>\n\t\t\t\t\t<\/div>\n\t\t","protected":false},"excerpt":{"rendered":"<div class=\"entry-summary\">\nAlle Jahre wieder &#8230; findet sich ein Kreis enthusiastischer Theaterliebhaber unter Studierenden und Dozenten und wagt sich an die Inszenierung&hellip;\n<\/div>\n<div class=\"link-more\"><a href=\"https:\/\/blogs.urz.uni-halle.de\/latein\/archiv\/theaterauffuehrungen\/\" class=\"more-link\">Continue reading<span class=\"screen-reader-text\"> &ldquo;Theaterauff\u00fchrungen&rdquo;<\/span>&hellip;<\/a><\/div>\n","protected":false},"author":2998,"featured_media":0,"parent":90,"menu_order":0,"comment_status":"closed","ping_status":"closed","template":"","meta":[],"_links":{"self":[{"href":"https:\/\/blogs.urz.uni-halle.de\/latein\/wp-json\/wp\/v2\/pages\/109"}],"collection":[{"href":"https:\/\/blogs.urz.uni-halle.de\/latein\/wp-json\/wp\/v2\/pages"}],"about":[{"href":"https:\/\/blogs.urz.uni-halle.de\/latein\/wp-json\/wp\/v2\/types\/page"}],"author":[{"embeddable":true,"href":"https:\/\/blogs.urz.uni-halle.de\/latein\/wp-json\/wp\/v2\/users\/2998"}],"replies":[{"embeddable":true,"href":"https:\/\/blogs.urz.uni-halle.de\/latein\/wp-json\/wp\/v2\/comments?post=109"}],"version-history":[{"count":10,"href":"https:\/\/blogs.urz.uni-halle.de\/latein\/wp-json\/wp\/v2\/pages\/109\/revisions"}],"predecessor-version":[{"id":698,"href":"https:\/\/blogs.urz.uni-halle.de\/latein\/wp-json\/wp\/v2\/pages\/109\/revisions\/698"}],"up":[{"embeddable":true,"href":"https:\/\/blogs.urz.uni-halle.de\/latein\/wp-json\/wp\/v2\/pages\/90"}],"wp:attachment":[{"href":"https:\/\/blogs.urz.uni-halle.de\/latein\/wp-json\/wp\/v2\/media?parent=109"}],"curies":[{"name":"wp","href":"https:\/\/api.w.org\/{rel}","templated":true}]}}