{"id":111,"date":"2017-09-26T10:10:12","date_gmt":"2017-09-26T08:10:12","guid":{"rendered":"https:\/\/blogs.urz.uni-halle.de\/latein\/?page_id=111"},"modified":"2025-07-14T12:28:47","modified_gmt":"2025-07-14T10:28:47","slug":"schnupperstudium-altertumswissenschaften","status":"publish","type":"page","link":"https:\/\/blogs.urz.uni-halle.de\/latein\/archiv\/schnupperstudium-altertumswissenschaften\/","title":{"rendered":"Schnupperstudium Altertumswissenschaften"},"content":{"rendered":"\t\t<div data-elementor-type=\"wp-post\" data-elementor-id=\"111\" class=\"elementor elementor-111\" data-elementor-settings=\"[]\">\n\t\t\t\t\t\t\t<div class=\"elementor-section-wrap\">\n\t\t\t\t\t\t\t<section class=\"elementor-section elementor-top-section elementor-element elementor-element-t86l35z elementor-section-boxed elementor-section-height-default elementor-section-height-default\" data-id=\"t86l35z\" data-element_type=\"section\">\n\t\t\t\t\t\t<div class=\"elementor-container elementor-column-gap-default\">\n\t\t\t\t\t<div class=\"elementor-column elementor-col-100 elementor-top-column elementor-element elementor-element-evtrhgq\" data-id=\"evtrhgq\" data-element_type=\"column\">\n\t\t\t<div class=\"elementor-widget-wrap elementor-element-populated\">\n\t\t\t\t\t\t\t\t<div class=\"elementor-element elementor-element-aq8htdp elementor-widget elementor-widget-text-editor\" data-id=\"aq8htdp\" data-element_type=\"widget\" data-widget_type=\"text-editor.default\">\n\t\t\t\t<div class=\"elementor-widget-container\">\n\t\t\t\t\t<div class=\"elementor-text-editor elementor-clearfix\"><p>F\u00fcr Sch\u00fclerinnen und Sch\u00fcler gibt es j\u00e4hrlich im Januar die M\u00f6glichkeit, allein oder im Kursverband zu einem Schnuppertag Altertumswissenschaften in unser Institut zu kommen. Dozenten aller Lehrst\u00fchle bieten zu wechselnden Themen und Forschungsfeldern Vortr\u00e4ge oder Workshops an.<\/p><p>Die Programme der letzten Jahre finden Sie hier:<\/p><p><a href=\"https:\/\/blogs.urz.uni-halle.de\/latein\/files\/2025\/07\/Schnupperstudium-Altertumswiss.-2025.pdf\">Schnupperstudium 2025<\/a><\/p><p><a href=\"https:\/\/blogs.urz.uni-halle.de\/latein\/files\/2025\/07\/Schnupperstudium-Altertumswiss.-2024.pdf\">Schnupperstudium 2024<\/a><\/p><p><a href=\"https:\/\/blogs.urz.uni-halle.de\/latein\/files\/2023\/06\/Schnupperstudium-Altertumswiss.-2023.pdf\">Schnupperstudium 2023<\/a><\/p><p><a href=\"https:\/\/blogs.urz.uni-halle.de\/latein\/files\/2023\/06\/Schnupperstudium-Altertumswiss.-2022.pdf\">Schnupperstudium 2022<\/a><\/p><p>Das Schnupperstudium 2021 wird, da es nicht in Pr\u00e4senz stattfinden konnte, als <a href=\"https:\/\/blogs.urz.uni-halle.de\/latein\/archiv\/schnupperstudium-altertumswissenschaften\/schnupperstudium-altertumswissenschaften-2021\/\"><strong>Vortragsangebot<\/strong> <\/a>digital zur Verf\u00fcgung gestellt.<\/p><p><a href=\"https:\/\/blogs.urz.uni-halle.de\/latein\/files\/2020\/02\/Schnupperstudium-Altertumswiss.-2020.pdf\">Schnupperstudium 2020<\/a><\/p><p><a href=\"https:\/\/blogs.urz.uni-halle.de\/latein\/files\/2019\/01\/Schnupperstudium-Altertumswiss.-2019.pdf\">Schnupperstudium 2019<\/a><\/p><p><a href=\"https:\/\/blogs.urz.uni-halle.de\/latein\/files\/2018\/07\/Schnupperstudium-Altertumswiss.-2018.pdf\" target=\"_blank\" rel=\"noopener\">Schnupperstudium 2018<\/a><\/p><p><a href=\"https:\/\/blogs.urz.uni-halle.de\/latein\/files\/2018\/07\/Schnupperstudium-Altertumswiss.-2017.pdf\" target=\"_blank\" rel=\"noopener\">Schnupperstudium 2017<\/a><\/p><p><a href=\"https:\/\/blogs.urz.uni-halle.de\/latein\/files\/2018\/07\/Schnupperstudium-Altertumswiss.-2016.pdf\" target=\"_blank\" rel=\"noopener\">Schnupperstudium 2016<\/a><\/p><\/div>\n\t\t\t\t<\/div>\n\t\t\t\t<\/div>\n\t\t\t\t\t<\/div>\n\t\t<\/div>\n\t\t\t\t\t\t\t<\/div>\n\t\t<\/section>\n\t\t\t\t<section class=\"elementor-section elementor-top-section elementor-element elementor-element-6eb5b76 elementor-section-boxed elementor-section-height-default elementor-section-height-default\" data-id=\"6eb5b76\" data-element_type=\"section\">\n\t\t\t\t\t\t<div class=\"elementor-container elementor-column-gap-default\">\n\t\t\t\t\t<div class=\"elementor-column elementor-col-100 elementor-top-column elementor-element elementor-element-33e9156\" data-id=\"33e9156\" data-element_type=\"column\">\n\t\t\t<div class=\"elementor-widget-wrap elementor-element-populated\">\n\t\t\t\t\t\t\t\t<div class=\"elementor-element elementor-element-7d1b19d elementor-widget elementor-widget-text-editor\" data-id=\"7d1b19d\" data-element_type=\"widget\" data-widget_type=\"text-editor.default\">\n\t\t\t\t<div class=\"elementor-widget-container\">\n\t\t\t\t\t<div class=\"elementor-text-editor elementor-clearfix\"><p><span style=\"font-size: 10pt\">Bilder: \u00a9 A. Friedrich<\/span><\/p><\/div>\n\t\t\t\t<\/div>\n\t\t\t\t<\/div>\n\t\t\t\t\t<\/div>\n\t\t<\/div>\n\t\t\t\t\t\t\t<\/div>\n\t\t<\/section>\n\t\t\t\t\t\t<\/div>\n\t\t\t\t\t<\/div>\n\t\t","protected":false},"excerpt":{"rendered":"<div class=\"entry-summary\">\nF\u00fcr Sch\u00fclerinnen und Sch\u00fcler gibt es j\u00e4hrlich im Januar die M\u00f6glichkeit, allein oder im Kursverband zu einem Schnuppertag Altertumswissenschaften in&hellip;\n<\/div>\n<div class=\"link-more\"><a href=\"https:\/\/blogs.urz.uni-halle.de\/latein\/archiv\/schnupperstudium-altertumswissenschaften\/\" class=\"more-link\">Continue reading<span class=\"screen-reader-text\"> &ldquo;Schnupperstudium Altertumswissenschaften&rdquo;<\/span>&hellip;<\/a><\/div>\n","protected":false},"author":2998,"featured_media":0,"parent":90,"menu_order":0,"comment_status":"closed","ping_status":"closed","template":"","meta":[],"_links":{"self":[{"href":"https:\/\/blogs.urz.uni-halle.de\/latein\/wp-json\/wp\/v2\/pages\/111"}],"collection":[{"href":"https:\/\/blogs.urz.uni-halle.de\/latein\/wp-json\/wp\/v2\/pages"}],"about":[{"href":"https:\/\/blogs.urz.uni-halle.de\/latein\/wp-json\/wp\/v2\/types\/page"}],"author":[{"embeddable":true,"href":"https:\/\/blogs.urz.uni-halle.de\/latein\/wp-json\/wp\/v2\/users\/2998"}],"replies":[{"embeddable":true,"href":"https:\/\/blogs.urz.uni-halle.de\/latein\/wp-json\/wp\/v2\/comments?post=111"}],"version-history":[{"count":10,"href":"https:\/\/blogs.urz.uni-halle.de\/latein\/wp-json\/wp\/v2\/pages\/111\/revisions"}],"predecessor-version":[{"id":2292,"href":"https:\/\/blogs.urz.uni-halle.de\/latein\/wp-json\/wp\/v2\/pages\/111\/revisions\/2292"}],"up":[{"embeddable":true,"href":"https:\/\/blogs.urz.uni-halle.de\/latein\/wp-json\/wp\/v2\/pages\/90"}],"wp:attachment":[{"href":"https:\/\/blogs.urz.uni-halle.de\/latein\/wp-json\/wp\/v2\/media?parent=111"}],"curies":[{"name":"wp","href":"https:\/\/api.w.org\/{rel}","templated":true}]}}