{"id":1254,"date":"2020-05-29T13:03:12","date_gmt":"2020-05-29T11:03:12","guid":{"rendered":"https:\/\/blogs.urz.uni-halle.de\/latein\/?page_id=1254"},"modified":"2020-05-29T13:13:24","modified_gmt":"2020-05-29T11:13:24","slug":"wozu-latein","status":"publish","type":"page","link":"https:\/\/blogs.urz.uni-halle.de\/latein\/wozu-latein\/","title":{"rendered":"Wozu braucht man Latein?"},"content":{"rendered":"\t\t<div data-elementor-type=\"wp-page\" data-elementor-id=\"1254\" class=\"elementor elementor-1254\" data-elementor-settings=\"[]\">\n\t\t\t\t\t\t\t<div class=\"elementor-section-wrap\">\n\t\t\t\t\t\t\t<section class=\"elementor-section elementor-top-section elementor-element elementor-element-f0e2601 elementor-section-boxed elementor-section-height-default elementor-section-height-default\" data-id=\"f0e2601\" data-element_type=\"section\">\n\t\t\t\t\t\t<div class=\"elementor-container elementor-column-gap-default\">\n\t\t\t\t\t<div class=\"elementor-column elementor-col-66 elementor-top-column elementor-element elementor-element-a5bb415\" data-id=\"a5bb415\" data-element_type=\"column\">\n\t\t\t<div class=\"elementor-widget-wrap elementor-element-populated\">\n\t\t\t\t\t\t\t\t<div class=\"elementor-element elementor-element-2e12d16 elementor-widget elementor-widget-text-editor\" data-id=\"2e12d16\" data-element_type=\"widget\" data-widget_type=\"text-editor.default\">\n\t\t\t\t<div class=\"elementor-widget-container\">\n\t\t\t\t\t<div class=\"elementor-text-editor elementor-clearfix\"><p>Wer sich die Frage stellt, wozu er eigentlich Latein oder Klassische Philologie studieren sollte, hat sich wohl bereits wenigstens eine Antwort darauf selbst gegeben: aus Interesse. Neben den \u00fcblichen und wichtigen Gr\u00fcnden, die h\u00e4ufig daf\u00fcr ins Felde gef\u00fchrt werden, Latein zu lernen und zu studieren (Latein als Mutter vieler Sprachen, gute Berufsaussichten als Lehrer), sollte doch stets das Interesse als Grund f\u00fcr ein Studium eine wichtige Rolle spielen. Denn sowohl zum Lernen als auch zum Lehren ist Spa\u00df am Thema unabdingbar.<\/p><\/div>\n\t\t\t\t<\/div>\n\t\t\t\t<\/div>\n\t\t\t\t\t<\/div>\n\t\t<\/div>\n\t\t\t\t<div class=\"elementor-column elementor-col-33 elementor-top-column elementor-element elementor-element-7ad7494\" data-id=\"7ad7494\" data-element_type=\"column\">\n\t\t\t<div class=\"elementor-widget-wrap elementor-element-populated\">\n\t\t\t\t\t\t\t\t<div class=\"elementor-element elementor-element-82c96bf elementor-widget elementor-widget-image\" data-id=\"82c96bf\" data-element_type=\"widget\" data-widget_type=\"image.default\">\n\t\t\t\t<div class=\"elementor-widget-container\">\n\t\t\t\t\t<div class=\"elementor-image\">\n\t\t\t\t\t\t\t\t\t\t<img width=\"400\" height=\"600\" src=\"https:\/\/blogs.urz.uni-halle.de\/latein\/files\/2017\/09\/Fragezeichen.png\" class=\"attachment-large size-large\" alt=\"\" loading=\"lazy\" \/>\t\t\t\t\t\t\t\t\t\t\t<\/div>\n\t\t\t\t<\/div>\n\t\t\t\t<\/div>\n\t\t\t\t\t<\/div>\n\t\t<\/div>\n\t\t\t\t\t\t\t<\/div>\n\t\t<\/section>\n\t\t\t\t<section class=\"elementor-section elementor-top-section elementor-element elementor-element-b40f3a4 elementor-section-boxed elementor-section-height-default elementor-section-height-default\" data-id=\"b40f3a4\" data-element_type=\"section\">\n\t\t\t\t\t\t<div class=\"elementor-container elementor-column-gap-default\">\n\t\t\t\t\t<div class=\"elementor-column elementor-col-100 elementor-top-column elementor-element elementor-element-94a9e7f\" data-id=\"94a9e7f\" data-element_type=\"column\">\n\t\t\t<div class=\"elementor-widget-wrap elementor-element-populated\">\n\t\t\t\t\t\t\t\t<div class=\"elementor-element elementor-element-d9ba5d5 elementor-widget elementor-widget-text-editor\" data-id=\"d9ba5d5\" data-element_type=\"widget\" data-widget_type=\"text-editor.default\">\n\t\t\t\t<div class=\"elementor-widget-container\">\n\t\t\t\t\t<div class=\"elementor-text-editor elementor-clearfix\"><p style=\"text-align: justify\">Auch wenn vielen Studienanf\u00e4ngern die lateinische Sprache selbst schon einen Anreiz bietet, so darf man doch nicht vergessen, dass im Lateinstudium stets die gelesenen Texte und deren Inhalte im Vordergrund stehen. Die Gattungen und Themen dieser Texte wiederum sind nahezu unersch\u00f6pflich, sodass hier eine Vielzahl von Interessenschwerpunkten abgedeckt wird. Die lateinische Literatur bietet uns epische, lyrische oder elegische Dichtung, Kom\u00f6dien, Trag\u00f6dien, Satiren, politische und juristische Reden, historische Werke oder sogar Fachliteratur.<\/p><p style=\"text-align: justify\">Dabei sind den meisten nat\u00fcrlich Caesar und Cicero bekannt, die (milit\u00e4r)geschichtliche, juristische, rhetorische und philosophische Themen behandeln, sicherlich auch Augustin mit seinen theologischen Schriften, wenige dagegen wissen, dass die lateinische Literatur auch Bereiche Astronomie (Manilius), Medizin (Celsus), Architektur (Vitruv), Landwirtschaft (Cato) uvm. abdeckt.<\/p><p style=\"text-align: justify\">So vielf\u00e4ltig die Themengebiete, so vielf\u00e4ltig sind auch die Kommilitonen und Dozenten in ihrer Motivation, sich mit Latein zu besch\u00e4ftigen: Die einen sind eher an der Sprache und ihrer Geschichte, die anderen eher an Literatur- und Theaterwissenschaft, an Geschichte, an Kultur, an der Text- oder Wissenschaftsgeschichte interessiert. Wer sich nun auch noch das Fortwirken all dieser Gattungen, Themen und Forschungsschwerpunkte bis ins Jetzt vorstellt, bekommt einen Eindruck davon, wie abwechslungsreich die Besch\u00e4ftigung mit dem Lateinischen und seiner Literatur sein kann.<\/p><p style=\"text-align: justify\">Daraus ergeben sich nat\u00fcrlich auch eine Vielzahl an Kombinationsm\u00f6glichkeiten mit anderen F\u00e4chern im Lehramtsstudium oder im Zweifachbachelor, so dass etwa der Lateinstudent im Theologiestudium seinen Kommilitonen darin voraus ist, dass er die alten Texte wie Augustin leichter im Original studieren kann. Denn wer glaubt, dass \u00dcbersetzungen gen\u00fcgen, der wei\u00df nicht, wie viele Schritte der Analyse und Interpretation man damit in fremde H\u00e4nde legt: Diese m\u00fcssen einer \u00dcbersetzung n\u00e4mlich stets vorangehen \u2013 in Prosa wie in Dichtung.<\/p><p style=\"text-align: justify\">Wie wir sehen, sind die Gr\u00fcnde f\u00fcr ein Lateinstudium individuell: Manch einem gen\u00fcgt der Selbstzweck, andere m\u00f6chten sich dadurch neue M\u00f6glichkeiten er\u00f6ffnen. Wichtig bleibt in jedem Fall eine Bereitschaft zum Lernen und Lehren.<\/p><\/div>\n\t\t\t\t<\/div>\n\t\t\t\t<\/div>\n\t\t\t\t\t<\/div>\n\t\t<\/div>\n\t\t\t\t\t\t\t<\/div>\n\t\t<\/section>\n\t\t\t\t\t\t<\/div>\n\t\t\t\t\t<\/div>\n\t\t","protected":false},"excerpt":{"rendered":"<div class=\"entry-summary\">\nWer sich die Frage stellt, wozu er eigentlich Latein oder Klassische Philologie studieren sollte, hat sich wohl bereits wenigstens eine&hellip;\n<\/div>\n<div class=\"link-more\"><a href=\"https:\/\/blogs.urz.uni-halle.de\/latein\/wozu-latein\/\" class=\"more-link\">Continue reading<span class=\"screen-reader-text\"> &ldquo;Wozu braucht man Latein?&rdquo;<\/span>&hellip;<\/a><\/div>\n","protected":false},"author":3450,"featured_media":0,"parent":0,"menu_order":0,"comment_status":"closed","ping_status":"closed","template":"","meta":[],"_links":{"self":[{"href":"https:\/\/blogs.urz.uni-halle.de\/latein\/wp-json\/wp\/v2\/pages\/1254"}],"collection":[{"href":"https:\/\/blogs.urz.uni-halle.de\/latein\/wp-json\/wp\/v2\/pages"}],"about":[{"href":"https:\/\/blogs.urz.uni-halle.de\/latein\/wp-json\/wp\/v2\/types\/page"}],"author":[{"embeddable":true,"href":"https:\/\/blogs.urz.uni-halle.de\/latein\/wp-json\/wp\/v2\/users\/3450"}],"replies":[{"embeddable":true,"href":"https:\/\/blogs.urz.uni-halle.de\/latein\/wp-json\/wp\/v2\/comments?post=1254"}],"version-history":[{"count":5,"href":"https:\/\/blogs.urz.uni-halle.de\/latein\/wp-json\/wp\/v2\/pages\/1254\/revisions"}],"predecessor-version":[{"id":1260,"href":"https:\/\/blogs.urz.uni-halle.de\/latein\/wp-json\/wp\/v2\/pages\/1254\/revisions\/1260"}],"wp:attachment":[{"href":"https:\/\/blogs.urz.uni-halle.de\/latein\/wp-json\/wp\/v2\/media?parent=1254"}],"curies":[{"name":"wp","href":"https:\/\/api.w.org\/{rel}","templated":true}]}}