{"id":133,"date":"2017-09-26T10:57:31","date_gmt":"2017-09-26T08:57:31","guid":{"rendered":"https:\/\/blogs.urz.uni-halle.de\/latein\/?page_id=133"},"modified":"2024-01-12T17:44:26","modified_gmt":"2024-01-12T16:44:26","slug":"lange-nacht-der-wissenschaften-und-projekt-vom-antiken-zum-digitalen-text","status":"publish","type":"page","link":"https:\/\/blogs.urz.uni-halle.de\/latein\/projekte\/lange-nacht-der-wissenschaften-und-projekt-vom-antiken-zum-digitalen-text\/","title":{"rendered":"Projekt \u201aVom antiken zum digitalen Text \u2018"},"content":{"rendered":"<p><strong>Projekt \u201aVom antiken zum digitalen Text\u2018<\/strong><\/p>\n<p style=\"text-align: justify\">Welche Rolle spielte das Medium &#8218;Schrift&#8216; im Alltag der R\u00f6mer und Griechen? Wie f\u00fchlte sich ein mittelalterlicher Schreiber, der mit Feder und Pergament die &#8218;Aeneis&#8216; zu bew\u00e4ltigen hatte? Und welchen Beitrag leisten Philologen heute bei der Konservierung und Aufarbeitung der mittelalterlichen \u00dcberlieferung antiker Autoren? Mit diesen Fragen setzten sich, als Projekt gef\u00f6rdert durch den Hochschulpakt (2018-2020), jeweils im Februar viele Schulklassen aus Sachsen-Anhalt am Institut f\u00fcr Klassische Altertumswissenschaft\u00a0einen Tag experimentell auseinander.<\/p>\n<p style=\"text-align: justify\">Zur Langen Nacht der Wissenschaften am 23. Juni 2017 machte der Lehrstuhl f\u00fcr Lateinische Philologie im Verbund mit den anderen Lehrst\u00fchlen unseres Instituts f\u00fcr Altertumswissenschaften das Projekt und die Ergebnisse frei zug\u00e4nglich.<\/p>\n<p style=\"text-align: justify\">Im Zentrum des Projekts die in der Antike verwendeten Beschreibstoffe Papyrus und Pergament sowie andere Schrifttr\u00e4ger wie z.B. M\u00fcnzen. Haltbarkeit und Einsatzbereiche wurden hinterfragt und unter ressourcentechnischen und soziologischen Aspekten in Postern aufgearbeitet. Besucher der \u201aSchreibstube\u2018 hatten die M\u00f6glichkeit zu eigenen Schreibversuchen auf Papyrus und Pergament. Im Kontrast dazu wurden die Software- und Rechercheprogramme der modernen Editionsphilologie pr\u00e4sentiert.<\/p>\n<p style=\"text-align: justify\">\n<figure class=\"gallery-item\"><a href=\"https:\/\/blogs.urz.uni-halle.de\/latein\/files\/2018\/07\/LNDW2601_1024.jpg\" data-elementor-open-lightbox=\"yes\" data-elementor-lightbox-slideshow=\"va42j0y\" data-elementor-lightbox-title=\"LNDW2601_1024\"><img loading=\"lazy\" src=\"https:\/\/blogs.urz.uni-halle.de\/latein\/files\/2018\/07\/LNDW2601_1024-400x400.jpg\" alt=\"\" width=\"400\" height=\"400\" \/><\/a><\/figure>\n<figure class=\"gallery-item\"><a href=\"https:\/\/blogs.urz.uni-halle.de\/latein\/files\/2018\/07\/LNDW2593_1024.jpg\" data-elementor-open-lightbox=\"yes\" data-elementor-lightbox-slideshow=\"va42j0y\" data-elementor-lightbox-title=\"LNDW2593_1024\"><img loading=\"lazy\" src=\"https:\/\/blogs.urz.uni-halle.de\/latein\/files\/2018\/07\/LNDW2593_1024-400x400.jpg\" alt=\"\" width=\"400\" height=\"400\" \/><\/a><\/figure>\n<figure class=\"gallery-item\"><a href=\"https:\/\/blogs.urz.uni-halle.de\/latein\/files\/2018\/07\/LNDW2592_1024.jpg\" data-elementor-open-lightbox=\"yes\" data-elementor-lightbox-slideshow=\"va42j0y\" data-elementor-lightbox-title=\"LNDW2592_1024\"><img loading=\"lazy\" src=\"https:\/\/blogs.urz.uni-halle.de\/latein\/files\/2018\/07\/LNDW2592_1024-400x400.jpg\" alt=\"\" width=\"400\" height=\"400\" \/><\/a><\/figure>\n<figure class=\"gallery-item\"><a href=\"https:\/\/blogs.urz.uni-halle.de\/latein\/files\/2018\/07\/LNDW2591_1024.jpg\" data-elementor-open-lightbox=\"yes\" data-elementor-lightbox-slideshow=\"va42j0y\" data-elementor-lightbox-title=\"LNDW2591_1024\"><img loading=\"lazy\" src=\"https:\/\/blogs.urz.uni-halle.de\/latein\/files\/2018\/07\/LNDW2591_1024-400x400.jpg\" alt=\"\" width=\"400\" height=\"400\" \/><\/a><\/figure>\n<figure class=\"gallery-item\"><a href=\"https:\/\/blogs.urz.uni-halle.de\/latein\/files\/2018\/07\/LNDW2624_1024.jpg\" data-elementor-open-lightbox=\"yes\" data-elementor-lightbox-slideshow=\"va42j0y\" data-elementor-lightbox-title=\"LNDW2624_1024\"><img loading=\"lazy\" src=\"https:\/\/blogs.urz.uni-halle.de\/latein\/files\/2018\/07\/LNDW2624_1024-400x400.jpg\" alt=\"\" width=\"400\" height=\"400\" \/><\/a><\/figure>\n<figure class=\"gallery-item\"><a href=\"https:\/\/blogs.urz.uni-halle.de\/latein\/files\/2018\/07\/LNDW2617_1024.jpg\" data-elementor-open-lightbox=\"yes\" data-elementor-lightbox-slideshow=\"va42j0y\" data-elementor-lightbox-title=\"LNDW2617_1024\"><img loading=\"lazy\" src=\"https:\/\/blogs.urz.uni-halle.de\/latein\/files\/2018\/07\/LNDW2617_1024-400x400.jpg\" alt=\"\" width=\"400\" height=\"400\" \/><\/a><\/figure>\n<figure class=\"gallery-item\"><a href=\"https:\/\/blogs.urz.uni-halle.de\/latein\/files\/2018\/07\/LNDW2609_1024.jpg\" data-elementor-open-lightbox=\"yes\" data-elementor-lightbox-slideshow=\"va42j0y\" data-elementor-lightbox-title=\"LNDW2609_1024\"><img loading=\"lazy\" src=\"https:\/\/blogs.urz.uni-halle.de\/latein\/files\/2018\/07\/LNDW2609_1024-400x400.jpg\" alt=\"\" width=\"400\" height=\"400\" \/><\/a><\/figure>\n<figure class=\"gallery-item\"><a href=\"https:\/\/blogs.urz.uni-halle.de\/latein\/files\/2018\/07\/LNDW2608_1024.jpg\" data-elementor-open-lightbox=\"yes\" data-elementor-lightbox-slideshow=\"va42j0y\" data-elementor-lightbox-title=\"LNDW2608_1024\"><img loading=\"lazy\" src=\"https:\/\/blogs.urz.uni-halle.de\/latein\/files\/2018\/07\/LNDW2608_1024-400x400.jpg\" alt=\"\" width=\"400\" height=\"400\" \/><\/a><\/figure>\n<figure class=\"gallery-item\"><a href=\"https:\/\/blogs.urz.uni-halle.de\/latein\/files\/2018\/07\/Schreibprojekt_Federkiel-744x558.jpg\" data-elementor-open-lightbox=\"yes\" data-elementor-lightbox-slideshow=\"va42j0y\" data-elementor-lightbox-title=\"Schreibprojekt_Federkiel-744x558\"><img loading=\"lazy\" src=\"https:\/\/blogs.urz.uni-halle.de\/latein\/files\/2018\/07\/Schreibprojekt_Federkiel-744x558-400x400.jpg\" alt=\"\" width=\"400\" height=\"400\" \/><\/a><\/figure>\n<figure class=\"gallery-item\"><a href=\"https:\/\/blogs.urz.uni-halle.de\/latein\/files\/2018\/07\/LNDW2602_1024.jpg\" data-elementor-open-lightbox=\"yes\" data-elementor-lightbox-slideshow=\"va42j0y\" data-elementor-lightbox-title=\"LNDW2602_1024\"><img loading=\"lazy\" src=\"https:\/\/blogs.urz.uni-halle.de\/latein\/files\/2018\/07\/LNDW2602_1024-400x400.jpg\" alt=\"\" width=\"400\" height=\"400\" \/><\/a><\/figure>\n<figure class=\"gallery-item\"><a href=\"https:\/\/blogs.urz.uni-halle.de\/latein\/files\/2018\/07\/LNDW2605_1024.jpg\" data-elementor-open-lightbox=\"yes\" data-elementor-lightbox-slideshow=\"va42j0y\" data-elementor-lightbox-title=\"LNDW2605_1024\"><img loading=\"lazy\" src=\"https:\/\/blogs.urz.uni-halle.de\/latein\/files\/2018\/07\/LNDW2605_1024-400x400.jpg\" alt=\"\" width=\"400\" height=\"400\" \/><\/a><\/figure>\n<figure class=\"gallery-item\"><a href=\"https:\/\/blogs.urz.uni-halle.de\/latein\/files\/2018\/07\/LNDW2608_1024-1.jpg\" data-elementor-open-lightbox=\"yes\" data-elementor-lightbox-slideshow=\"va42j0y\" data-elementor-lightbox-title=\"LNDW2608_1024 (1)\"><img loading=\"lazy\" src=\"https:\/\/blogs.urz.uni-halle.de\/latein\/files\/2018\/07\/LNDW2608_1024-1-400x400.jpg\" alt=\"\" width=\"400\" height=\"400\" \/><\/a><\/figure>\n<p>\u00a9 A. Friedrich<\/p>\n<p style=\"text-align: justify\">2018-2020 wurde dieses aus Hochschulpaktmitteln gef\u00f6rderte Projekt als wissenschaftsprop\u00e4deutisches Modul \u201aVom antiken zum digitalen Text\u2018 f\u00fcr schulische Lateinkurse weitergef\u00fchrt (detaillierte Konzeptbeschreibung und Kontakt: Dr. A. Friedrich (<a href=\"mailto:anne.friedrich@altertum.uni-halle.de\">anne.friedrich@altertum.uni-halle.de<\/a>).<\/p>\n<p><a href=\"https:\/\/blogs.urz.uni-halle.de\/latein\/files\/2018\/06\/Projekt-Vom-antiken-zum-digitalen-Text.pdf\">Hier die Projektskizze zum Projekt<\/a><\/p>\n","protected":false},"excerpt":{"rendered":"<div class=\"entry-summary\">\nProjekt \u201aVom antiken zum digitalen Text\u2018 Welche Rolle spielte das Medium &#8218;Schrift&#8216; im Alltag der R\u00f6mer und Griechen? Wie f\u00fchlte&hellip;\n<\/div>\n<div class=\"link-more\"><a href=\"https:\/\/blogs.urz.uni-halle.de\/latein\/projekte\/lange-nacht-der-wissenschaften-und-projekt-vom-antiken-zum-digitalen-text\/\" class=\"more-link\">Continue reading<span class=\"screen-reader-text\"> &ldquo;Projekt \u201aVom antiken zum digitalen Text \u2018&rdquo;<\/span>&hellip;<\/a><\/div>\n","protected":false},"author":2998,"featured_media":0,"parent":100,"menu_order":0,"comment_status":"closed","ping_status":"closed","template":"","meta":[],"_links":{"self":[{"href":"https:\/\/blogs.urz.uni-halle.de\/latein\/wp-json\/wp\/v2\/pages\/133"}],"collection":[{"href":"https:\/\/blogs.urz.uni-halle.de\/latein\/wp-json\/wp\/v2\/pages"}],"about":[{"href":"https:\/\/blogs.urz.uni-halle.de\/latein\/wp-json\/wp\/v2\/types\/page"}],"author":[{"embeddable":true,"href":"https:\/\/blogs.urz.uni-halle.de\/latein\/wp-json\/wp\/v2\/users\/2998"}],"replies":[{"embeddable":true,"href":"https:\/\/blogs.urz.uni-halle.de\/latein\/wp-json\/wp\/v2\/comments?post=133"}],"version-history":[{"count":9,"href":"https:\/\/blogs.urz.uni-halle.de\/latein\/wp-json\/wp\/v2\/pages\/133\/revisions"}],"predecessor-version":[{"id":2124,"href":"https:\/\/blogs.urz.uni-halle.de\/latein\/wp-json\/wp\/v2\/pages\/133\/revisions\/2124"}],"up":[{"embeddable":true,"href":"https:\/\/blogs.urz.uni-halle.de\/latein\/wp-json\/wp\/v2\/pages\/100"}],"wp:attachment":[{"href":"https:\/\/blogs.urz.uni-halle.de\/latein\/wp-json\/wp\/v2\/media?parent=133"}],"curies":[{"name":"wp","href":"https:\/\/api.w.org\/{rel}","templated":true}]}}