{"id":135,"date":"2017-09-26T10:58:39","date_gmt":"2017-09-26T08:58:39","guid":{"rendered":"https:\/\/blogs.urz.uni-halle.de\/latein\/?page_id=135"},"modified":"2025-07-14T12:14:17","modified_gmt":"2025-07-14T10:14:17","slug":"wissenschaftliche-exkursionen","status":"publish","type":"page","link":"https:\/\/blogs.urz.uni-halle.de\/latein\/projekte\/wissenschaftliche-exkursionen\/","title":{"rendered":"Wissenschaftliche Exkursionen"},"content":{"rendered":"\t\t<div data-elementor-type=\"wp-post\" data-elementor-id=\"135\" class=\"elementor elementor-135\" data-elementor-settings=\"[]\">\n\t\t\t\t\t\t\t<div class=\"elementor-section-wrap\">\n\t\t\t\t\t\t\t<section class=\"elementor-section elementor-top-section elementor-element elementor-element-156d673b elementor-section-boxed elementor-section-height-default elementor-section-height-default\" data-id=\"156d673b\" data-element_type=\"section\">\n\t\t\t\t\t\t<div class=\"elementor-container elementor-column-gap-default\">\n\t\t\t\t\t<div class=\"elementor-column elementor-col-100 elementor-top-column elementor-element elementor-element-2dcd1e68\" data-id=\"2dcd1e68\" data-element_type=\"column\">\n\t\t\t<div class=\"elementor-widget-wrap elementor-element-populated\">\n\t\t\t\t\t\t\t\t<div class=\"elementor-element elementor-element-66d92a77 elementor-widget elementor-widget-text-editor\" data-id=\"66d92a77\" data-element_type=\"widget\" data-widget_type=\"text-editor.default\">\n\t\t\t\t<div class=\"elementor-widget-container\">\n\t\t\t\t\t<div class=\"elementor-text-editor elementor-clearfix\"><p>Aller zwei Jahre findet eine vom Lehrstuhl f\u00fcr Lateinische Philologie organisierte und meist in Zusammenarbeit mit dem Lehrstuhl f\u00fcr Alte Geschichte durchgef\u00fchrte wissenschaftliche Exkursion in den Mittelmeerraum statt. Als \u00abExkurs<a name=\"_Toc91469938\"><\/a><a name=\"_Toc107397177\"><\/a>ionsmodul: Kultur, Religion und Geschichte des griechisch-r\u00f6mischen Altertums\u00bb ist diese circa 12t\u00e4gige Fahrt fest im Studienplan f\u00fcr das Lehramt Latein verankert und wird durch ein Seminar zu philologischen,\u00a0 arch\u00e4ologischen und althistorischen Schwerpunktthemen vorbereitet. Die letzte Exkursion f\u00fchrte im September 2024 an die kleinasiatische K\u00fcste: Ephesos, Didyma, Pergamon u.v.m. waren zu besichtigen. (verantwortlich: Dr. Aylin Tanri\u00f6ver\/ Dr. Anne Friedrich).<\/p><p>Die n\u00e4chste Exkursion wird uns 2026 nach Griechenland f\u00fchren (verantwortlich: Dr. Marcus Beck).<\/p><\/div>\n\t\t\t\t<\/div>\n\t\t\t\t<\/div>\n\t\t\t\t\t<\/div>\n\t\t<\/div>\n\t\t\t\t\t\t\t<\/div>\n\t\t<\/section>\n\t\t\t\t\t\t<\/div>\n\t\t\t\t\t<\/div>\n\t\t","protected":false},"excerpt":{"rendered":"<div class=\"entry-summary\">\nAller zwei Jahre findet eine vom Lehrstuhl f\u00fcr Lateinische Philologie organisierte und meist in Zusammenarbeit mit dem Lehrstuhl f\u00fcr Alte&hellip;\n<\/div>\n<div class=\"link-more\"><a href=\"https:\/\/blogs.urz.uni-halle.de\/latein\/projekte\/wissenschaftliche-exkursionen\/\" class=\"more-link\">Continue reading<span class=\"screen-reader-text\"> &ldquo;Wissenschaftliche Exkursionen&rdquo;<\/span>&hellip;<\/a><\/div>\n","protected":false},"author":2998,"featured_media":0,"parent":100,"menu_order":0,"comment_status":"closed","ping_status":"closed","template":"","meta":[],"_links":{"self":[{"href":"https:\/\/blogs.urz.uni-halle.de\/latein\/wp-json\/wp\/v2\/pages\/135"}],"collection":[{"href":"https:\/\/blogs.urz.uni-halle.de\/latein\/wp-json\/wp\/v2\/pages"}],"about":[{"href":"https:\/\/blogs.urz.uni-halle.de\/latein\/wp-json\/wp\/v2\/types\/page"}],"author":[{"embeddable":true,"href":"https:\/\/blogs.urz.uni-halle.de\/latein\/wp-json\/wp\/v2\/users\/2998"}],"replies":[{"embeddable":true,"href":"https:\/\/blogs.urz.uni-halle.de\/latein\/wp-json\/wp\/v2\/comments?post=135"}],"version-history":[{"count":10,"href":"https:\/\/blogs.urz.uni-halle.de\/latein\/wp-json\/wp\/v2\/pages\/135\/revisions"}],"predecessor-version":[{"id":2275,"href":"https:\/\/blogs.urz.uni-halle.de\/latein\/wp-json\/wp\/v2\/pages\/135\/revisions\/2275"}],"up":[{"embeddable":true,"href":"https:\/\/blogs.urz.uni-halle.de\/latein\/wp-json\/wp\/v2\/pages\/100"}],"wp:attachment":[{"href":"https:\/\/blogs.urz.uni-halle.de\/latein\/wp-json\/wp\/v2\/media?parent=135"}],"curies":[{"name":"wp","href":"https:\/\/api.w.org\/{rel}","templated":true}]}}