{"id":137,"date":"2017-09-26T10:59:14","date_gmt":"2017-09-26T08:59:14","guid":{"rendered":"https:\/\/blogs.urz.uni-halle.de\/latein\/?page_id=137"},"modified":"2026-01-19T12:14:33","modified_gmt":"2026-01-19T11:14:33","slug":"schnupperstudium-altertumswissenschaften","status":"publish","type":"page","link":"https:\/\/blogs.urz.uni-halle.de\/latein\/projekte\/schnupperstudium-altertumswissenschaften\/","title":{"rendered":"Schnupperstudium Altertumswissenschaften"},"content":{"rendered":"\t\t<div data-elementor-type=\"wp-post\" data-elementor-id=\"137\" class=\"elementor elementor-137\" data-elementor-settings=\"[]\">\n\t\t\t\t\t\t\t<div class=\"elementor-section-wrap\">\n\t\t\t\t\t\t\t<section class=\"elementor-section elementor-top-section elementor-element elementor-element-6cc500c9 elementor-section-boxed elementor-section-height-default elementor-section-height-default\" data-id=\"6cc500c9\" data-element_type=\"section\">\n\t\t\t\t\t\t<div class=\"elementor-container elementor-column-gap-default\">\n\t\t\t\t\t<div class=\"elementor-column elementor-col-100 elementor-top-column elementor-element elementor-element-1f62848c\" data-id=\"1f62848c\" data-element_type=\"column\">\n\t\t\t<div class=\"elementor-widget-wrap elementor-element-populated\">\n\t\t\t\t\t\t\t\t<div class=\"elementor-element elementor-element-cac64ed elementor-widget elementor-widget-text-editor\" data-id=\"cac64ed\" data-element_type=\"widget\" data-widget_type=\"text-editor.default\">\n\t\t\t\t<div class=\"elementor-widget-container\">\n\t\t\t\t\t<div class=\"elementor-text-editor elementor-clearfix\"><p>F\u00fcr Sch\u00fclerinnen und Sch\u00fcler gibt es j\u00e4hrlich im Januar die M\u00f6glichkeit, allein oder im Kursverband zu einem Schnuppertag Altertumswissenschaften in unser Institut am Universit\u00e4tsplatz zu kommen. Dozenten aller Lehrst\u00fchle bieten zu wechselnden Themen und Forschungsfeldern Vortr\u00e4ge oder Workshops an.<\/p><\/div>\n\t\t\t\t<\/div>\n\t\t\t\t<\/div>\n\t\t\t\t\t<\/div>\n\t\t<\/div>\n\t\t\t\t\t\t\t<\/div>\n\t\t<\/section>\n\t\t\t\t<section class=\"elementor-section elementor-top-section elementor-element elementor-element-54d4c3c elementor-section-boxed elementor-section-height-default elementor-section-height-default\" data-id=\"54d4c3c\" data-element_type=\"section\">\n\t\t\t\t\t\t<div class=\"elementor-container elementor-column-gap-default\">\n\t\t\t\t\t<div class=\"elementor-column elementor-col-100 elementor-top-column elementor-element elementor-element-a4944f2\" data-id=\"a4944f2\" data-element_type=\"column\">\n\t\t\t<div class=\"elementor-widget-wrap elementor-element-populated\">\n\t\t\t\t\t\t\t\t<div class=\"elementor-element elementor-element-664f76b elementor-widget elementor-widget-text-editor\" data-id=\"664f76b\" data-element_type=\"widget\" data-widget_type=\"text-editor.default\">\n\t\t\t\t<div class=\"elementor-widget-container\">\n\t\t\t\t\t<div class=\"elementor-text-editor elementor-clearfix\"><p>Das n\u00e4chste Schnupperstudium f\u00fcr Altertumswissenschaften findet am <strong>29. Januar 2026<\/strong> statt. Weitere allgemeine Informationen unter https:\/\/print.marketing.uni-halle.de\/schulangebote\/#50. Das konkrete Programm finden Sie ab Mitte Dezember 2025 <strong><a href=\"https:\/\/blogs.urz.uni-halle.de\/latein\/files\/2026\/01\/Schnupperstudium-2026.pdf\">hier<\/a><\/strong>. (Kontakt: <a href=\"mailto:anne.friedrich@altertum.uni-halle.de\">anne.friedrich@altertum.uni-halle.de<\/a> bzw. f\u00fcr 2026 marcus.beck@altertum.uni-halle.de)<\/p><\/div>\n\t\t\t\t<\/div>\n\t\t\t\t<\/div>\n\t\t\t\t<div class=\"elementor-element elementor-element-e845632 elementor-widget elementor-widget-text-editor\" data-id=\"e845632\" data-element_type=\"widget\" data-widget_type=\"text-editor.default\">\n\t\t\t\t<div class=\"elementor-widget-container\">\n\t\t\t\t\t<div class=\"elementor-text-editor elementor-clearfix\"><\/div>\n\t\t\t\t<\/div>\n\t\t\t\t<\/div>\n\t\t\t\t\t<\/div>\n\t\t<\/div>\n\t\t\t\t\t\t\t<\/div>\n\t\t<\/section>\n\t\t\t\t<section class=\"elementor-section elementor-top-section elementor-element elementor-element-5fb76ef elementor-section-boxed elementor-section-height-default elementor-section-height-default\" data-id=\"5fb76ef\" data-element_type=\"section\">\n\t\t\t\t\t\t<div class=\"elementor-container elementor-column-gap-default\">\n\t\t\t\t\t<div class=\"elementor-column elementor-col-100 elementor-top-column elementor-element elementor-element-b346b4b\" data-id=\"b346b4b\" data-element_type=\"column\">\n\t\t\t<div class=\"elementor-widget-wrap elementor-element-populated\">\n\t\t\t\t\t\t\t\t<div class=\"elementor-element elementor-element-6260114 elementor-widget-divider--view-line elementor-widget elementor-widget-divider\" data-id=\"6260114\" data-element_type=\"widget\" data-widget_type=\"divider.default\">\n\t\t\t\t<div class=\"elementor-widget-container\">\n\t\t\t\t\t<div class=\"elementor-divider\">\n\t\t\t<span class=\"elementor-divider-separator\">\n\t\t\t\t\t\t<\/span>\n\t\t<\/div>\n\t\t\t\t<\/div>\n\t\t\t\t<\/div>\n\t\t\t\t\t<\/div>\n\t\t<\/div>\n\t\t\t\t\t\t\t<\/div>\n\t\t<\/section>\n\t\t\t\t<section class=\"elementor-section elementor-top-section elementor-element elementor-element-e14b49c elementor-section-boxed elementor-section-height-default elementor-section-height-default\" data-id=\"e14b49c\" data-element_type=\"section\">\n\t\t\t\t\t\t<div class=\"elementor-container elementor-column-gap-default\">\n\t\t\t\t\t<div class=\"elementor-column elementor-col-100 elementor-top-column elementor-element elementor-element-cb01295\" data-id=\"cb01295\" data-element_type=\"column\">\n\t\t\t<div class=\"elementor-widget-wrap elementor-element-populated\">\n\t\t\t\t\t\t\t\t<div class=\"elementor-element elementor-element-941bf88 elementor-widget elementor-widget-text-editor\" data-id=\"941bf88\" data-element_type=\"widget\" data-widget_type=\"text-editor.default\">\n\t\t\t\t<div class=\"elementor-widget-container\">\n\t\t\t\t\t<div class=\"elementor-text-editor elementor-clearfix\"><p style=\"text-align: left\">Das Schnupperstudium 2021 wird, da es nicht in Pr\u00e4senz stattfinden konnte, hier als Vortragsangebot digital zur Verf\u00fcgung gestellt.<\/p><p style=\"text-align: center\">Dr. Stephan Faust (Arch\u00e4ologie)<br \/><strong>\u00abVon Caesars Glatze zu Neros Dauerwelle: R\u00f6mische Portr\u00e4ts und <br \/>ihre Botschaften\u00bb<br \/><\/strong><a href=\"https:\/\/youtu.be\/TBx_QcQW_Xw\">Video;<\/a> <a href=\"https:\/\/blogs.urz.uni-halle.de\/latein\/files\/2021\/01\/Schnupperstudium-2021_Roemische-Portraits_Stephan-Faust.pdf\">Handout<\/a><\/p><p style=\"text-align: center\">Karolin Wentrock (Gr\u00e4zistik) <br \/><strong>\u00abZwischen Skandal und Moral: Die satirische Darstellung von Philosophen bei Alkiphron\u00bb<br \/><\/strong><a href=\"https:\/\/youtu.be\/xHt_695HbeU\">Video;<\/a> <a href=\"https:\/\/blogs.urz.uni-halle.de\/latein\/files\/2021\/01\/Schnupperstudium-2021_Griechische-Satire_Karolin-Wentrock.pdf\">Handout<\/a><\/p><p style=\"text-align: center\">Dr. Anne Friedrich (Latinistik)<br \/><strong>\u00abPersephone wandert: Zum Literaturnobelpreis<br \/>f\u00fcr Louise Gl\u00fcck\u00bb<br \/><\/strong><a href=\"https:\/\/youtu.be\/9Lqy3ZObczg\">Video<\/a>; <a href=\"https:\/\/blogs.urz.uni-halle.de\/latein\/files\/2021\/03\/Schnupperstudium-2021_Persephone-wandert_Anne-Friedrich.pdf\">Handout<\/a>\u00a0<\/p><p style=\"font-weight: 400;text-align: center\">Prof. Dr. Angela Pabst (Alte Geschichte)<br \/><strong>\u00abKaiser Augustus\u2019 Ehegesetzgebung \u2013 fortschrittlich <br \/>oder reaktion\u00e4r?\u00bb<br \/><\/strong><a href=\"https:\/\/blogs.urz.uni-halle.de\/latein\/files\/2021\/02\/Schnupperstudium-2021_Augustus-Ehegesetze_Angela-Pabst.pdf\">Handout<\/a><\/p><\/div>\n\t\t\t\t<\/div>\n\t\t\t\t<\/div>\n\t\t\t\t\t<\/div>\n\t\t<\/div>\n\t\t\t\t\t\t\t<\/div>\n\t\t<\/section>\n\t\t\t\t\t\t<\/div>\n\t\t\t\t\t<\/div>\n\t\t","protected":false},"excerpt":{"rendered":"<div class=\"entry-summary\">\nF\u00fcr Sch\u00fclerinnen und Sch\u00fcler gibt es j\u00e4hrlich im Januar die M\u00f6glichkeit, allein oder im Kursverband zu einem Schnuppertag Altertumswissenschaften in&hellip;\n<\/div>\n<div class=\"link-more\"><a href=\"https:\/\/blogs.urz.uni-halle.de\/latein\/projekte\/schnupperstudium-altertumswissenschaften\/\" class=\"more-link\">Continue reading<span class=\"screen-reader-text\"> &ldquo;Schnupperstudium Altertumswissenschaften&rdquo;<\/span>&hellip;<\/a><\/div>\n","protected":false},"author":2998,"featured_media":0,"parent":100,"menu_order":0,"comment_status":"closed","ping_status":"closed","template":"","meta":[],"_links":{"self":[{"href":"https:\/\/blogs.urz.uni-halle.de\/latein\/wp-json\/wp\/v2\/pages\/137"}],"collection":[{"href":"https:\/\/blogs.urz.uni-halle.de\/latein\/wp-json\/wp\/v2\/pages"}],"about":[{"href":"https:\/\/blogs.urz.uni-halle.de\/latein\/wp-json\/wp\/v2\/types\/page"}],"author":[{"embeddable":true,"href":"https:\/\/blogs.urz.uni-halle.de\/latein\/wp-json\/wp\/v2\/users\/2998"}],"replies":[{"embeddable":true,"href":"https:\/\/blogs.urz.uni-halle.de\/latein\/wp-json\/wp\/v2\/comments?post=137"}],"version-history":[{"count":10,"href":"https:\/\/blogs.urz.uni-halle.de\/latein\/wp-json\/wp\/v2\/pages\/137\/revisions"}],"predecessor-version":[{"id":2340,"href":"https:\/\/blogs.urz.uni-halle.de\/latein\/wp-json\/wp\/v2\/pages\/137\/revisions\/2340"}],"up":[{"embeddable":true,"href":"https:\/\/blogs.urz.uni-halle.de\/latein\/wp-json\/wp\/v2\/pages\/100"}],"wp:attachment":[{"href":"https:\/\/blogs.urz.uni-halle.de\/latein\/wp-json\/wp\/v2\/media?parent=137"}],"curies":[{"name":"wp","href":"https:\/\/api.w.org\/{rel}","templated":true}]}}