{"id":149,"date":"2017-09-26T17:50:28","date_gmt":"2017-09-26T15:50:28","guid":{"rendered":"https:\/\/blogs.urz.uni-halle.de\/latein\/?page_id=149"},"modified":"2021-08-16T11:37:02","modified_gmt":"2021-08-16T09:37:02","slug":"marcus-beck","status":"publish","type":"page","link":"https:\/\/blogs.urz.uni-halle.de\/latein\/mitarbeiter\/marcus-beck\/","title":{"rendered":"Dr. Marcus Beck"},"content":{"rendered":"\t\t<div data-elementor-type=\"wp-post\" data-elementor-id=\"149\" class=\"elementor elementor-149\" data-elementor-settings=\"[]\">\n\t\t\t\t\t\t\t<div class=\"elementor-section-wrap\">\n\t\t\t\t\t\t\t<section class=\"elementor-section elementor-top-section elementor-element elementor-element-ecc5319 elementor-section-boxed elementor-section-height-default elementor-section-height-default\" data-id=\"ecc5319\" data-element_type=\"section\">\n\t\t\t\t\t\t<div class=\"elementor-container elementor-column-gap-default\">\n\t\t\t\t\t<div class=\"elementor-column elementor-col-100 elementor-top-column elementor-element elementor-element-c65ceba\" data-id=\"c65ceba\" data-element_type=\"column\">\n\t\t\t<div class=\"elementor-widget-wrap elementor-element-populated\">\n\t\t\t\t\t\t\t\t<div class=\"elementor-element elementor-element-4134181 elementor-widget elementor-widget-text-editor\" data-id=\"4134181\" data-element_type=\"widget\" data-widget_type=\"text-editor.default\">\n\t\t\t\t<div class=\"elementor-widget-container\">\n\t\t\t\t\t<div class=\"elementor-text-editor elementor-clearfix\"><p>Raum: 017<br \/>Tel.: 0345 \/ 5524012<br \/>Mail:\u00a0<a href=\"mailto:marcus.beck@altertum.uni-halle.de\">marcus.beck@altertum.uni-halle.de<\/a><br \/>Sprechstunde: montags 15.00-17.00 Uhr<\/p><\/div>\n\t\t\t\t<\/div>\n\t\t\t\t<\/div>\n\t\t\t\t\t<\/div>\n\t\t<\/div>\n\t\t\t\t\t\t\t<\/div>\n\t\t<\/section>\n\t\t\t\t<section class=\"elementor-section elementor-top-section elementor-element elementor-element-2bc6815 elementor-section-boxed elementor-section-height-default elementor-section-height-default\" data-id=\"2bc6815\" data-element_type=\"section\">\n\t\t\t\t\t\t<div class=\"elementor-container elementor-column-gap-default\">\n\t\t\t\t\t<div class=\"elementor-column elementor-col-100 elementor-top-column elementor-element elementor-element-164c8b7\" data-id=\"164c8b7\" data-element_type=\"column\">\n\t\t\t<div class=\"elementor-widget-wrap elementor-element-populated\">\n\t\t\t\t\t\t\t\t<div class=\"elementor-element elementor-element-b7575a3 elementor-widget-divider--view-line elementor-widget elementor-widget-divider\" data-id=\"b7575a3\" data-element_type=\"widget\" data-widget_type=\"divider.default\">\n\t\t\t\t<div class=\"elementor-widget-container\">\n\t\t\t\t\t<div class=\"elementor-divider\">\n\t\t\t<span class=\"elementor-divider-separator\">\n\t\t\t\t\t\t<\/span>\n\t\t<\/div>\n\t\t\t\t<\/div>\n\t\t\t\t<\/div>\n\t\t\t\t\t<\/div>\n\t\t<\/div>\n\t\t\t\t\t\t\t<\/div>\n\t\t<\/section>\n\t\t\t\t<section class=\"elementor-section elementor-top-section elementor-element elementor-element-f7ca256 elementor-section-boxed elementor-section-height-default elementor-section-height-default\" data-id=\"f7ca256\" data-element_type=\"section\">\n\t\t\t\t\t\t<div class=\"elementor-container elementor-column-gap-default\">\n\t\t\t\t\t<div class=\"elementor-column elementor-col-100 elementor-top-column elementor-element elementor-element-170e375\" data-id=\"170e375\" data-element_type=\"column\">\n\t\t\t<div class=\"elementor-widget-wrap elementor-element-populated\">\n\t\t\t\t\t\t\t\t<div class=\"elementor-element elementor-element-a502607 elementor-widget elementor-widget-heading\" data-id=\"a502607\" data-element_type=\"widget\" data-widget_type=\"heading.default\">\n\t\t\t\t<div class=\"elementor-widget-container\">\n\t\t\t<h2 class=\"elementor-heading-title elementor-size-default\">Publikationen<\/h2>\t\t<\/div>\n\t\t\t\t<\/div>\n\t\t\t\t\t<\/div>\n\t\t<\/div>\n\t\t\t\t\t\t\t<\/div>\n\t\t<\/section>\n\t\t\t\t<section class=\"elementor-section elementor-top-section elementor-element elementor-element-68079bd elementor-section-boxed elementor-section-height-default elementor-section-height-default\" data-id=\"68079bd\" data-element_type=\"section\">\n\t\t\t\t\t\t<div class=\"elementor-container elementor-column-gap-default\">\n\t\t\t\t\t<div class=\"elementor-column elementor-col-100 elementor-top-column elementor-element elementor-element-15cb1eb\" data-id=\"15cb1eb\" data-element_type=\"column\">\n\t\t\t<div class=\"elementor-widget-wrap elementor-element-populated\">\n\t\t\t\t\t\t\t\t<div class=\"elementor-element elementor-element-6870eed elementor-widget elementor-widget-text-editor\" data-id=\"6870eed\" data-element_type=\"widget\" data-widget_type=\"text-editor.default\">\n\t\t\t\t<div class=\"elementor-widget-container\">\n\t\t\t\t\t<div class=\"elementor-text-editor elementor-clearfix\"><p><span style=\"text-decoration: underline\"><strong>Monographien<\/strong><\/span><\/p><ol><li>Die Epistulae Heroidum XVIII und XIX des Corpus Ovidianum. Echtheitskritische Untersuchungen, Studien zur Geschichte und Kultur des Altertums, Neue Folge. 1. Reihe: Monographien, im Auftrag der G\u00f6rresgesellschaft hrsg. v. H. Chantraine, T. Hackens, H.J. Tschiedel und O. Zwierlein, 11. Band, Paderborn\/M\u00fcnchen\/Wien\/ Z\u00fcrich 1996 (= Echheitskritische Untersuchungen zu den epistulae Heroidum XVIII und XIX des Corpus Ovidianum, Diss. Bonn 1995)<\/li><\/ol><\/div>\n\t\t\t\t<\/div>\n\t\t\t\t<\/div>\n\t\t\t\t\t<\/div>\n\t\t<\/div>\n\t\t\t\t\t\t\t<\/div>\n\t\t<\/section>\n\t\t\t\t<section class=\"elementor-section elementor-top-section elementor-element elementor-element-bff73e5 elementor-section-boxed elementor-section-height-default elementor-section-height-default\" data-id=\"bff73e5\" data-element_type=\"section\">\n\t\t\t\t\t\t<div class=\"elementor-container elementor-column-gap-default\">\n\t\t\t\t\t<div class=\"elementor-column elementor-col-100 elementor-top-column elementor-element elementor-element-8faf791\" data-id=\"8faf791\" data-element_type=\"column\">\n\t\t\t<div class=\"elementor-widget-wrap elementor-element-populated\">\n\t\t\t\t\t\t\t\t<div class=\"elementor-element elementor-element-eb9df58 elementor-widget-divider--view-line elementor-widget elementor-widget-divider\" data-id=\"eb9df58\" data-element_type=\"widget\" data-widget_type=\"divider.default\">\n\t\t\t\t<div class=\"elementor-widget-container\">\n\t\t\t\t\t<div class=\"elementor-divider\">\n\t\t\t<span class=\"elementor-divider-separator\">\n\t\t\t\t\t\t<\/span>\n\t\t<\/div>\n\t\t\t\t<\/div>\n\t\t\t\t<\/div>\n\t\t\t\t\t<\/div>\n\t\t<\/div>\n\t\t\t\t\t\t\t<\/div>\n\t\t<\/section>\n\t\t\t\t<section class=\"elementor-section elementor-top-section elementor-element elementor-element-7b802a9 elementor-section-boxed elementor-section-height-default elementor-section-height-default\" data-id=\"7b802a9\" data-element_type=\"section\">\n\t\t\t\t\t\t<div class=\"elementor-container elementor-column-gap-default\">\n\t\t\t\t\t<div class=\"elementor-column elementor-col-100 elementor-top-column elementor-element elementor-element-38962c2\" data-id=\"38962c2\" data-element_type=\"column\">\n\t\t\t<div class=\"elementor-widget-wrap elementor-element-populated\">\n\t\t\t\t\t\t\t\t<div class=\"elementor-element elementor-element-e73fa8a elementor-widget elementor-widget-text-editor\" data-id=\"e73fa8a\" data-element_type=\"widget\" data-widget_type=\"text-editor.default\">\n\t\t\t\t<div class=\"elementor-widget-container\">\n\t\t\t\t\t<div class=\"elementor-text-editor elementor-clearfix\"><p><strong><span style=\"text-decoration: underline\">Aufs\u00e4tze<\/span><\/strong><\/p><ol><li>Properzens Elegie 2,7 und die augusteische Ehegesetzgebung, Philologus 144 (2000), 303-324<\/li><li>Inepta loci (Sen. contr. I,2,22) \u2212 ein Ovidianum?, Hermes 129 (2001), 95-105<\/li><li>Das dramatische Datum des Dialogus de oratoribus &#8211; \u00dcberlegungen zu einer in Vergessenheit geratenen Streitfrage Rheinisches Museum f\u00fcr Philologie 144 (2001), 159-171<\/li><li>Antibarbari Halenses, in: Von Eleganz und Barbarei. Lateinische Grammatik und Stilistik in Renaissance und Barock, hrsg. W. Ax, Wolfenb\u00fcttler Forschungen Bd. 95, 2001, 255-277<\/li><li>Torquatus und Otacilius (Zu Mart. 10,79); W\u00fcrzburger Jahrb\u00fccher f\u00fcr die Altertumswissenschaft. Neue Folge Bd. 25 (2001), 209-212<\/li><li>Ein argumentum a finitione in Cydippes Mund, Hermes 130 (2002), 237-241<\/li><li>Die Lehre von den \u03c3\u03c4\u03ac\u03c3\u03b5\u03b9\u03c2 in der antiken Exegese der Reden Ciceros, in: Studien zur antiken Rhetorik und Varia (hrsg. W. Appel u. R. Jakobi), Collectanea Classica Thorunensia XIV. Studia Graeco-Latina Universitatis Nicolai Copernici, Toru 2003, 33-47<\/li><li>Horaz zum Charakter des Achill, in: Studien zur antiken Rhetorik und Varia (hrsg. W. Appel u. R. Jakobi), Collectanea Classica Thorunensia XIV. Studia Graeco-Latina Universitatis Nicolai Copernici, Toru 2003, 111-114<\/li><li>Nobilium scriptorum auditor et ultor (Hor. epist. 1,19,39) \u2212 \u00dcberlegungen zu einer alten &#8222;crux interpretum&#8220;, in: Studien zur antiken Rhetorik und Varia (hrsg. W. Appel u. R. Jakobi), Collectanea Classica Thorunensia XIV. Studia Graeco-Latina Universitatis Nicolai Copernici, Toru 2003, 115-123<\/li><li>Tatort Tomi, in: Pontos Euxeinos. Beitr\u00e4ge zur Arch\u00e4ologie und Geschichte des antiken Schwarzmeer- und Balkanraumes, hrsg. von S. Conrad, R. Einicke, A.E. Furtw\u00e4ngler, H. L\u00f6hr und A. Slawisch (= ZAKS Schriften 10), Langenwei\u00dfbach 2006, 391-396<\/li><li>Smyrnas Ehe mit Crassicius, Hermes 134 (2006), 502-505<\/li><li>Cato \u2013 sch\u00f6n, reich, k\u00f6niglich, in: Studia Hellenistica et historiographica, Festschrift f\u00fcr Andreas Mehl, hrsg. v. Th. Br\u00fcggemann, B. Mei\u00dfner, Ch. Mileta, A. Pabst, O. Schmitt, Gutenberg 2010, 331-339<\/li><li>Im Zweifel f\u00fcr den Papyrus. Bemerkungen zu einigen Lesarten des Papyrus Barcinonensis und ihrer Bedeutung f\u00fcr den Text von Ciceros erster und zweiter Catilinaria, in: M. Hillgruber, R. Lenk, St. Weise (Hgg.), HYPOTHESEIS, Festschrift f\u00fcr Wolfgang Luppe zum 80. Geburtstag, Archiv f. Papyrusforschung und verwandte Gebiete 57, 2 (1911), 175-186<\/li><\/ol><\/div>\n\t\t\t\t<\/div>\n\t\t\t\t<\/div>\n\t\t\t\t\t<\/div>\n\t\t<\/div>\n\t\t\t\t\t\t\t<\/div>\n\t\t<\/section>\n\t\t\t\t<section class=\"elementor-section elementor-top-section elementor-element elementor-element-8d383d3 elementor-section-boxed elementor-section-height-default elementor-section-height-default\" data-id=\"8d383d3\" data-element_type=\"section\">\n\t\t\t\t\t\t<div class=\"elementor-container elementor-column-gap-default\">\n\t\t\t\t\t<div class=\"elementor-column elementor-col-100 elementor-top-column elementor-element elementor-element-03f8e3b\" data-id=\"03f8e3b\" data-element_type=\"column\">\n\t\t\t<div class=\"elementor-widget-wrap elementor-element-populated\">\n\t\t\t\t\t\t\t\t<div class=\"elementor-element elementor-element-69b5c5b elementor-widget-divider--view-line elementor-widget elementor-widget-divider\" data-id=\"69b5c5b\" data-element_type=\"widget\" data-widget_type=\"divider.default\">\n\t\t\t\t<div class=\"elementor-widget-container\">\n\t\t\t\t\t<div class=\"elementor-divider\">\n\t\t\t<span class=\"elementor-divider-separator\">\n\t\t\t\t\t\t<\/span>\n\t\t<\/div>\n\t\t\t\t<\/div>\n\t\t\t\t<\/div>\n\t\t\t\t\t<\/div>\n\t\t<\/div>\n\t\t\t\t\t\t\t<\/div>\n\t\t<\/section>\n\t\t\t\t<section class=\"elementor-section elementor-top-section elementor-element elementor-element-966c938 elementor-section-boxed elementor-section-height-default elementor-section-height-default\" data-id=\"966c938\" data-element_type=\"section\">\n\t\t\t\t\t\t<div class=\"elementor-container elementor-column-gap-default\">\n\t\t\t\t\t<div class=\"elementor-column elementor-col-100 elementor-top-column elementor-element elementor-element-6726b35\" data-id=\"6726b35\" data-element_type=\"column\">\n\t\t\t<div class=\"elementor-widget-wrap elementor-element-populated\">\n\t\t\t\t\t\t\t\t<div class=\"elementor-element elementor-element-8b55c8b elementor-widget elementor-widget-text-editor\" data-id=\"8b55c8b\" data-element_type=\"widget\" data-widget_type=\"text-editor.default\">\n\t\t\t\t<div class=\"elementor-widget-container\">\n\t\t\t\t\t<div class=\"elementor-text-editor elementor-clearfix\"><p><span style=\"text-decoration: underline\"><strong>Lexikonartikel<\/strong><\/span><\/p><ol><li>Artikel Cento, in: Lexikon der antiken christlichen Literatur, hrsg. von S. D\u00f6pp und W. Geerlings, Freiburg im Breisgau 1998, 121-123<\/li><li>Artikel Quadratus, in: Lexikon der antiken christlichen Literatur, hrsg. von S. D\u00f6pp und W. Geerlings, Freiburg im Breisgau 1998, 529<\/li><li>Artikel Cellarius, Christophorus, in: P. Kuhlmann \/ H. Schneider (Hrsgg.), Geschichte der Altertumswissenschaften (DNP Supplemente Bd. 6), Darmstadt 2012, 210-212<\/li><li>Artikel Forcellini, Egidio, in: P. Kuhlmann \/ H. Schneider (Hrsgg.), Geschichte der Altertumswissenschaften (DNP Supplemente Bd. 6), Darmstadt 2012, 408-410<\/li><li>Artikel: Edition \/ Kommentar antiker Texte, in: J. Jacob \/ J. S\u00fc\u00dfmann (Hrsgg.), Das 18. Jahrhundert. Lexikon zur Antikerezeption in Aufkl\u00e4rung und Klassizismus (DNP Supplemente Bd. 13), Darmstadt 2018, 162-170<\/li><\/ol><\/div>\n\t\t\t\t<\/div>\n\t\t\t\t<\/div>\n\t\t\t\t\t<\/div>\n\t\t<\/div>\n\t\t\t\t\t\t\t<\/div>\n\t\t<\/section>\n\t\t\t\t<section class=\"elementor-section elementor-top-section elementor-element elementor-element-2dd05d0 elementor-section-boxed elementor-section-height-default elementor-section-height-default\" data-id=\"2dd05d0\" data-element_type=\"section\">\n\t\t\t\t\t\t<div class=\"elementor-container elementor-column-gap-default\">\n\t\t\t\t\t<div class=\"elementor-column elementor-col-100 elementor-top-column elementor-element elementor-element-3a7e2cb\" data-id=\"3a7e2cb\" data-element_type=\"column\">\n\t\t\t<div class=\"elementor-widget-wrap elementor-element-populated\">\n\t\t\t\t\t\t\t\t<div class=\"elementor-element elementor-element-70089af elementor-widget-divider--view-line elementor-widget elementor-widget-divider\" data-id=\"70089af\" data-element_type=\"widget\" data-widget_type=\"divider.default\">\n\t\t\t\t<div class=\"elementor-widget-container\">\n\t\t\t\t\t<div class=\"elementor-divider\">\n\t\t\t<span class=\"elementor-divider-separator\">\n\t\t\t\t\t\t<\/span>\n\t\t<\/div>\n\t\t\t\t<\/div>\n\t\t\t\t<\/div>\n\t\t\t\t\t<\/div>\n\t\t<\/div>\n\t\t\t\t\t\t\t<\/div>\n\t\t<\/section>\n\t\t\t\t<section class=\"elementor-section elementor-top-section elementor-element elementor-element-e6a8722 elementor-section-boxed elementor-section-height-default elementor-section-height-default\" data-id=\"e6a8722\" data-element_type=\"section\">\n\t\t\t\t\t\t<div class=\"elementor-container elementor-column-gap-default\">\n\t\t\t\t\t<div class=\"elementor-column elementor-col-100 elementor-top-column elementor-element elementor-element-b01119a\" data-id=\"b01119a\" data-element_type=\"column\">\n\t\t\t<div class=\"elementor-widget-wrap elementor-element-populated\">\n\t\t\t\t\t\t\t\t<div class=\"elementor-element elementor-element-ed8ea86 elementor-widget elementor-widget-text-editor\" data-id=\"ed8ea86\" data-element_type=\"widget\" data-widget_type=\"text-editor.default\">\n\t\t\t\t<div class=\"elementor-widget-container\">\n\t\t\t\t\t<div class=\"elementor-text-editor elementor-clearfix\"><p><span style=\"text-decoration: underline\"><strong>Rezensionen<\/strong><\/span><\/p><ol><li>Ch. Schmitz (Hrsg.), Mythos im Alltag \u2013 Alltag im Mythos. Die Banalit\u00e4t des Alltags in unterschiedlichen literarischen Verwendungskontexten, M\u00fcnchen 2010, in: MitLatJb 49 (2014), 323-328<\/li><li>Rez. T.-Ch. Spie\u00df: Die Sabinus-Briefe: Humanistische F\u00e4lschung oder antike Literatur? Einleitung \u2013 Edition \u2013 \u00dcbersetzung \u2013 Kommentar (Bochumer Altertumswissenschaftliches Colloquium, Bd. 86), Trier 2012 (= Diss. Bochum 2011), in: Editionen in der Kritik (Berliner Beitr\u00e4ge zur Editionswissenschaft) VII (2014), 205-216<\/li><\/ol><\/div>\n\t\t\t\t<\/div>\n\t\t\t\t<\/div>\n\t\t\t\t\t<\/div>\n\t\t<\/div>\n\t\t\t\t\t\t\t<\/div>\n\t\t<\/section>\n\t\t\t\t<section class=\"elementor-section elementor-top-section elementor-element elementor-element-2536232 elementor-section-boxed elementor-section-height-default elementor-section-height-default\" data-id=\"2536232\" data-element_type=\"section\">\n\t\t\t\t\t\t<div class=\"elementor-container elementor-column-gap-default\">\n\t\t\t\t\t<div class=\"elementor-column elementor-col-100 elementor-top-column elementor-element elementor-element-a2b2a4c\" data-id=\"a2b2a4c\" data-element_type=\"column\">\n\t\t\t<div class=\"elementor-widget-wrap elementor-element-populated\">\n\t\t\t\t\t\t\t\t<div class=\"elementor-element elementor-element-8897081 elementor-widget-divider--view-line elementor-widget elementor-widget-divider\" data-id=\"8897081\" data-element_type=\"widget\" data-widget_type=\"divider.default\">\n\t\t\t\t<div class=\"elementor-widget-container\">\n\t\t\t\t\t<div class=\"elementor-divider\">\n\t\t\t<span class=\"elementor-divider-separator\">\n\t\t\t\t\t\t<\/span>\n\t\t<\/div>\n\t\t\t\t<\/div>\n\t\t\t\t<\/div>\n\t\t\t\t\t<\/div>\n\t\t<\/div>\n\t\t\t\t\t\t\t<\/div>\n\t\t<\/section>\n\t\t\t\t<section class=\"elementor-section elementor-top-section elementor-element elementor-element-0db139a elementor-section-boxed elementor-section-height-default elementor-section-height-default\" data-id=\"0db139a\" data-element_type=\"section\">\n\t\t\t\t\t\t<div class=\"elementor-container elementor-column-gap-default\">\n\t\t\t\t\t<div class=\"elementor-column elementor-col-100 elementor-top-column elementor-element elementor-element-37abe89\" data-id=\"37abe89\" data-element_type=\"column\">\n\t\t\t<div class=\"elementor-widget-wrap elementor-element-populated\">\n\t\t\t\t\t\t\t\t<div class=\"elementor-element elementor-element-f22131c elementor-widget elementor-widget-text-editor\" data-id=\"f22131c\" data-element_type=\"widget\" data-widget_type=\"text-editor.default\">\n\t\t\t\t<div class=\"elementor-widget-container\">\n\t\t\t\t\t<div class=\"elementor-text-editor elementor-clearfix\"><p><span style=\"text-decoration: underline\"><strong>in Vorbereitung befindliche Titel:<\/strong><\/span><\/p><ol><li>Mit oder ohne Manuskript in den Senat? \u2013 zur\u00fcck zum Archetypus! Zu Cic. Planc. 74<\/li><li>Soloecismum facere bei Martial und Juvenal<\/li><li>Ein \u00dcbersetzungsfehler Goethes ? \u2212 Goethes dritte r\u00f6mische Elegie und der Hero und Leander-Stoff<\/li><li>Der Tod in Rom \u2212 Zur Antikenrezeption Wolfgang Koeppens<\/li><\/ol><\/div>\n\t\t\t\t<\/div>\n\t\t\t\t<\/div>\n\t\t\t\t\t<\/div>\n\t\t<\/div>\n\t\t\t\t\t\t\t<\/div>\n\t\t<\/section>\n\t\t\t\t\t\t<\/div>\n\t\t\t\t\t<\/div>\n\t\t","protected":false},"excerpt":{"rendered":"<div class=\"entry-summary\">\nRaum: 017Tel.: 0345 \/ 5524012Mail:\u00a0marcus.beck@altertum.uni-halle.deSprechstunde: montags 15.00-17.00 Uhr Publikationen Monographien Die Epistulae Heroidum XVIII und XIX des Corpus Ovidianum. Echtheitskritische&hellip;\n<\/div>\n<div class=\"link-more\"><a href=\"https:\/\/blogs.urz.uni-halle.de\/latein\/mitarbeiter\/marcus-beck\/\" class=\"more-link\">Continue reading<span class=\"screen-reader-text\"> &ldquo;Dr. Marcus Beck&rdquo;<\/span>&hellip;<\/a><\/div>\n","protected":false},"author":2998,"featured_media":0,"parent":88,"menu_order":0,"comment_status":"closed","ping_status":"closed","template":"","meta":[],"_links":{"self":[{"href":"https:\/\/blogs.urz.uni-halle.de\/latein\/wp-json\/wp\/v2\/pages\/149"}],"collection":[{"href":"https:\/\/blogs.urz.uni-halle.de\/latein\/wp-json\/wp\/v2\/pages"}],"about":[{"href":"https:\/\/blogs.urz.uni-halle.de\/latein\/wp-json\/wp\/v2\/types\/page"}],"author":[{"embeddable":true,"href":"https:\/\/blogs.urz.uni-halle.de\/latein\/wp-json\/wp\/v2\/users\/2998"}],"replies":[{"embeddable":true,"href":"https:\/\/blogs.urz.uni-halle.de\/latein\/wp-json\/wp\/v2\/comments?post=149"}],"version-history":[{"count":10,"href":"https:\/\/blogs.urz.uni-halle.de\/latein\/wp-json\/wp\/v2\/pages\/149\/revisions"}],"predecessor-version":[{"id":1722,"href":"https:\/\/blogs.urz.uni-halle.de\/latein\/wp-json\/wp\/v2\/pages\/149\/revisions\/1722"}],"up":[{"embeddable":true,"href":"https:\/\/blogs.urz.uni-halle.de\/latein\/wp-json\/wp\/v2\/pages\/88"}],"wp:attachment":[{"href":"https:\/\/blogs.urz.uni-halle.de\/latein\/wp-json\/wp\/v2\/media?parent=149"}],"curies":[{"name":"wp","href":"https:\/\/api.w.org\/{rel}","templated":true}]}}