{"id":161,"date":"2017-09-26T17:57:05","date_gmt":"2017-09-26T15:57:05","guid":{"rendered":"https:\/\/blogs.urz.uni-halle.de\/latein\/?page_id=161"},"modified":"2026-02-19T10:35:21","modified_gmt":"2026-02-19T09:35:21","slug":"erik-pulz","status":"publish","type":"page","link":"https:\/\/blogs.urz.uni-halle.de\/latein\/mitarbeiter\/erik-pulz\/","title":{"rendered":"Dr. Erik Pulz"},"content":{"rendered":"\t\t<div data-elementor-type=\"wp-post\" data-elementor-id=\"161\" class=\"elementor elementor-161\" data-elementor-settings=\"[]\">\n\t\t\t\t\t\t\t<div class=\"elementor-section-wrap\">\n\t\t\t\t\t\t\t<section class=\"elementor-section elementor-top-section elementor-element elementor-element-6f8ad9e elementor-section-boxed elementor-section-height-default elementor-section-height-default\" data-id=\"6f8ad9e\" data-element_type=\"section\">\n\t\t\t\t\t\t<div class=\"elementor-container elementor-column-gap-default\">\n\t\t\t\t\t<div class=\"elementor-column elementor-col-50 elementor-top-column elementor-element elementor-element-6282c87\" data-id=\"6282c87\" data-element_type=\"column\">\n\t\t\t<div class=\"elementor-widget-wrap elementor-element-populated\">\n\t\t\t\t\t\t\t\t<div class=\"elementor-element elementor-element-c69425a elementor-widget elementor-widget-text-editor\" data-id=\"c69425a\" data-element_type=\"widget\" data-widget_type=\"text-editor.default\">\n\t\t\t\t<div class=\"elementor-widget-container\">\n\t\t\t\t\t<div class=\"elementor-text-editor elementor-clearfix\"><p>Raum: 017<br \/>Tel.: 0345 \/ 5524012<br \/>Mail:\u00a0<a href=\"mailto:erik.pulz@altertum.uni-halle.de\">erik.pulz@altertum.uni-halle.de<\/a><br \/>Sprechstunde: n.V.<\/p><\/div>\n\t\t\t\t<\/div>\n\t\t\t\t<\/div>\n\t\t\t\t\t<\/div>\n\t\t<\/div>\n\t\t\t\t<div class=\"elementor-column elementor-col-50 elementor-top-column elementor-element elementor-element-3103ddf\" data-id=\"3103ddf\" data-element_type=\"column\">\n\t\t\t<div class=\"elementor-widget-wrap elementor-element-populated\">\n\t\t\t\t\t\t\t\t<div class=\"elementor-element elementor-element-99092be elementor-widget elementor-widget-image\" data-id=\"99092be\" data-element_type=\"widget\" data-widget_type=\"image.default\">\n\t\t\t\t<div class=\"elementor-widget-container\">\n\t\t\t\t\t<div class=\"elementor-image\">\n\t\t\t\t\t\t\t\t\t\t<img width=\"194\" height=\"250\" src=\"https:\/\/blogs.urz.uni-halle.de\/latein\/files\/2023\/10\/Pulz.jpg\" class=\"attachment-full size-full\" alt=\"\" loading=\"lazy\" \/>\t\t\t\t\t\t\t\t\t\t\t<\/div>\n\t\t\t\t<\/div>\n\t\t\t\t<\/div>\n\t\t\t\t\t<\/div>\n\t\t<\/div>\n\t\t\t\t\t\t\t<\/div>\n\t\t<\/section>\n\t\t\t\t<section class=\"elementor-section elementor-top-section elementor-element elementor-element-c43d591 elementor-section-boxed elementor-section-height-default elementor-section-height-default\" data-id=\"c43d591\" data-element_type=\"section\">\n\t\t\t\t\t\t<div class=\"elementor-container elementor-column-gap-default\">\n\t\t\t\t\t<div class=\"elementor-column elementor-col-100 elementor-top-column elementor-element elementor-element-6f79ab1\" data-id=\"6f79ab1\" data-element_type=\"column\">\n\t\t\t<div class=\"elementor-widget-wrap elementor-element-populated\">\n\t\t\t\t\t\t\t\t<div class=\"elementor-element elementor-element-759047b elementor-widget-divider--view-line elementor-widget elementor-widget-divider\" data-id=\"759047b\" data-element_type=\"widget\" data-widget_type=\"divider.default\">\n\t\t\t\t<div class=\"elementor-widget-container\">\n\t\t\t\t\t<div class=\"elementor-divider\">\n\t\t\t<span class=\"elementor-divider-separator\">\n\t\t\t\t\t\t<\/span>\n\t\t<\/div>\n\t\t\t\t<\/div>\n\t\t\t\t<\/div>\n\t\t\t\t\t<\/div>\n\t\t<\/div>\n\t\t\t\t\t\t\t<\/div>\n\t\t<\/section>\n\t\t\t\t<section class=\"elementor-section elementor-top-section elementor-element elementor-element-aa9e875 elementor-section-boxed elementor-section-height-default elementor-section-height-default\" data-id=\"aa9e875\" data-element_type=\"section\">\n\t\t\t\t\t\t<div class=\"elementor-container elementor-column-gap-default\">\n\t\t\t\t\t<div class=\"elementor-column elementor-col-100 elementor-top-column elementor-element elementor-element-43cc024\" data-id=\"43cc024\" data-element_type=\"column\">\n\t\t\t<div class=\"elementor-widget-wrap elementor-element-populated\">\n\t\t\t\t\t\t\t\t<div class=\"elementor-element elementor-element-cea29e9 elementor-widget elementor-widget-heading\" data-id=\"cea29e9\" data-element_type=\"widget\" data-widget_type=\"heading.default\">\n\t\t\t\t<div class=\"elementor-widget-container\">\n\t\t\t<h2 class=\"elementor-heading-title elementor-size-medium\">Curriculum Vitae<\/h2>\t\t<\/div>\n\t\t\t\t<\/div>\n\t\t\t\t\t<\/div>\n\t\t<\/div>\n\t\t\t\t\t\t\t<\/div>\n\t\t<\/section>\n\t\t\t\t<section class=\"elementor-section elementor-top-section elementor-element elementor-element-41a366c elementor-section-boxed elementor-section-height-default elementor-section-height-default\" data-id=\"41a366c\" data-element_type=\"section\">\n\t\t\t\t\t\t<div class=\"elementor-container elementor-column-gap-default\">\n\t\t\t\t\t<div class=\"elementor-column elementor-col-100 elementor-top-column elementor-element elementor-element-752f70c\" data-id=\"752f70c\" data-element_type=\"column\">\n\t\t\t<div class=\"elementor-widget-wrap elementor-element-populated\">\n\t\t\t\t\t\t\t\t<div class=\"elementor-element elementor-element-962f350 elementor-widget elementor-widget-text-editor\" data-id=\"962f350\" data-element_type=\"widget\" data-widget_type=\"text-editor.default\">\n\t\t\t\t<div class=\"elementor-widget-container\">\n\t\t\t\t\t<div class=\"elementor-text-editor elementor-clearfix\"><p><em>2011-16<\/em><br \/>Studium der Klassischen Philologie und Byzantinistik an der Universit\u00e4t Leipzig<\/p><p><em>2014<\/em><br \/>Bachelor of Arts<\/p><p><em>2016<\/em><br \/>Master of Education<\/p><p><em>seit April 2017<\/em><br \/>Wissenschaftlicher Mitarbeiter am Lehrstuhl f\u00fcr Lateinische Philologie an der Martin-Luther-Universit\u00e4t Halle-Wittenberg (Prof. Dr. Rainer Jakobi)<\/p><p><em>Februar 2021<\/em><br \/>Promotion zum Dr. phil. an der MLU Halle-Wittenberg<br \/><br \/><\/p><\/div>\n\t\t\t\t<\/div>\n\t\t\t\t<\/div>\n\t\t\t\t\t<\/div>\n\t\t<\/div>\n\t\t\t\t\t\t\t<\/div>\n\t\t<\/section>\n\t\t\t\t<section class=\"elementor-section elementor-top-section elementor-element elementor-element-63b741e elementor-section-boxed elementor-section-height-default elementor-section-height-default\" data-id=\"63b741e\" data-element_type=\"section\">\n\t\t\t\t\t\t<div class=\"elementor-container elementor-column-gap-default\">\n\t\t\t\t\t<div class=\"elementor-column elementor-col-100 elementor-top-column elementor-element elementor-element-a3504b0\" data-id=\"a3504b0\" data-element_type=\"column\">\n\t\t\t<div class=\"elementor-widget-wrap elementor-element-populated\">\n\t\t\t\t\t\t\t\t<div class=\"elementor-element elementor-element-07c84e5 elementor-widget elementor-widget-heading\" data-id=\"07c84e5\" data-element_type=\"widget\" data-widget_type=\"heading.default\">\n\t\t\t\t<div class=\"elementor-widget-container\">\n\t\t\t<h2 class=\"elementor-heading-title elementor-size-medium\"><b>Sonstiges<\/b><\/h2>\t\t<\/div>\n\t\t\t\t<\/div>\n\t\t\t\t\t<\/div>\n\t\t<\/div>\n\t\t\t\t\t\t\t<\/div>\n\t\t<\/section>\n\t\t\t\t<section class=\"elementor-section elementor-top-section elementor-element elementor-element-2fa558f elementor-section-boxed elementor-section-height-default elementor-section-height-default\" data-id=\"2fa558f\" data-element_type=\"section\">\n\t\t\t\t\t\t<div class=\"elementor-container elementor-column-gap-default\">\n\t\t\t\t\t<div class=\"elementor-column elementor-col-100 elementor-top-column elementor-element elementor-element-4356fa7\" data-id=\"4356fa7\" data-element_type=\"column\">\n\t\t\t<div class=\"elementor-widget-wrap elementor-element-populated\">\n\t\t\t\t\t\t\t\t<div class=\"elementor-element elementor-element-8a1f4ee elementor-widget elementor-widget-text-editor\" data-id=\"8a1f4ee\" data-element_type=\"widget\" data-widget_type=\"text-editor.default\">\n\t\t\t\t<div class=\"elementor-widget-container\">\n\t\t\t\t\t<div class=\"elementor-text-editor elementor-clearfix\"><p><em>April 2017<\/em><br \/>Promotionsstipendium der Studienstiftung des Deutschen Volkes (nicht angetreten)<\/p><p><em>September 2019<\/em><br \/>Scholarship for young researchers in Vand\u0153uvres\/Genf bei der Fondation Hardt\u00a0<\/p><p><em>2021-2022<\/em><br \/>Redaktionsmitglied der Zeitschrift Forum Classicum (Zeitschriftenschau Fachwissenschaft)<\/p><p><em>01.10.2022-31.03.2023<\/em><br \/>Visiting Postdoctoral Scholar an der Stanford University (DAAD, Post-Doc Kurzstipendium)<\/p><\/div>\n\t\t\t\t<\/div>\n\t\t\t\t<\/div>\n\t\t\t\t\t<\/div>\n\t\t<\/div>\n\t\t\t\t\t\t\t<\/div>\n\t\t<\/section>\n\t\t\t\t<section class=\"elementor-section elementor-top-section elementor-element elementor-element-f403827 elementor-section-boxed elementor-section-height-default elementor-section-height-default\" data-id=\"f403827\" data-element_type=\"section\">\n\t\t\t\t\t\t<div class=\"elementor-container elementor-column-gap-default\">\n\t\t\t\t\t<div class=\"elementor-column elementor-col-100 elementor-top-column elementor-element elementor-element-5a72660\" data-id=\"5a72660\" data-element_type=\"column\">\n\t\t\t<div class=\"elementor-widget-wrap elementor-element-populated\">\n\t\t\t\t\t\t\t\t<div class=\"elementor-element elementor-element-739425b elementor-widget elementor-widget-heading\" data-id=\"739425b\" data-element_type=\"widget\" data-widget_type=\"heading.default\">\n\t\t\t\t<div class=\"elementor-widget-container\">\n\t\t\t<h2 class=\"elementor-heading-title elementor-size-medium\"><b>Publikationen<\/b><\/h2>\t\t<\/div>\n\t\t\t\t<\/div>\n\t\t\t\t\t<\/div>\n\t\t<\/div>\n\t\t\t\t\t\t\t<\/div>\n\t\t<\/section>\n\t\t\t\t<section class=\"elementor-section elementor-top-section elementor-element elementor-element-0d8d324 elementor-section-boxed elementor-section-height-default elementor-section-height-default\" data-id=\"0d8d324\" data-element_type=\"section\">\n\t\t\t\t\t\t<div class=\"elementor-container elementor-column-gap-default\">\n\t\t\t\t\t<div class=\"elementor-column elementor-col-100 elementor-top-column elementor-element elementor-element-431e027\" data-id=\"431e027\" data-element_type=\"column\">\n\t\t\t<div class=\"elementor-widget-wrap elementor-element-populated\">\n\t\t\t\t\t\t\t\t<div class=\"elementor-element elementor-element-64efc25 elementor-widget elementor-widget-text-editor\" data-id=\"64efc25\" data-element_type=\"widget\" data-widget_type=\"text-editor.default\">\n\t\t\t\t<div class=\"elementor-widget-container\">\n\t\t\t\t\t<div class=\"elementor-text-editor elementor-clearfix\"><p><em>Monographien:<\/em><\/p><ul style=\"list-style-type: disc\"><li>Laevius &#8211; ein altlateinischer Liebesdichter. Studien, Text und Interpretationskommentar, Berlin\/Boston 2023 (= Der Dichter Laevius, Diss. Halle 2021).<\/li><\/ul><p><em>Beitr\u00e4ge in Zeitschriften\/Sammelb\u00e4nden:<\/em><\/p><ul style=\"list-style-type: disc\"><li>Sallust and Narratology. Ordering a Tortured Mind, in: Chr. Krebs (ed.), The Cambridge Companion to Sallust (im Erscheinen).<\/li><li>Noble defeats and autocausative uinci in Sall. Iug. 42.3 (erscheint in Philologus)<\/li><li>Ringen ums Sein. Zur Forschungsgeschichte und Existenz des Dichters Aprissius, Rheinisches Museum 168 (2025) 303-316.<\/li><li>How to live up to Sallust. Metaleptic Rhetoric in the Bellum Catilinae, American Journal of Philology 146 (2025) 73-104.<\/li><li>Originalit\u00e4t und Archait\u00e4t in der fr\u00fchen erotischen Epigrammatik der R\u00f6mer, Materiali e Discussioni 88 (2022) 9-66.<\/li><li>Zum Ausgang der \u201eAlkestis\u201c des Phrynichos. Eine Anspielung in Eur. Alc. 850\u20134?, Hermes 148 (2020) 278-85.<\/li><li>Mit E. W\u00f6ckener-Gade et al.: Variantensensible und formgenaue Stoppwortliste f\u00fcr das Altgriechische, in: C. Schubert et al. (Hgg.): Platon Digital. Tradition und Rezeption (= Digital Classics Books 3), Heidelberg 2019, 325-334.<\/li><li>Mit E. W\u00f6ckener-Gade et al.: Ein Parallelkorpus von Paraphrasen auf Platon. Der Goldstandard des Projekts &#8218;Platon Digital&#8216;, in: C. Schubert et al. (Hgg.): Platon Digital. Tradition und Rezeption (= Digital Classics Books 3), Heidelberg 2019, 275-324.<\/li><li>Enjambementanf\u00e4nge am Versende bei Lukrez, Glotta 93 (2017) 159-181.<\/li><\/ul><p><em>Rezensionen<\/em><\/p><ul style=\"list-style-type: disc\"><li>S. Ulrich, Die &#8218;Kriegshistoriographie&#8216; des Orosius. &#8218;Krieg&#8216; als Argumentationsmotiv in einem sp\u00e4tantiken christlichen Geschichtswerk, Zeitschrift f\u00fcr Kirchengeschichte 136 (2025) 107-109.<\/li><li>Th. Tsch\u00f6gele, Die Erz\u00e4hlungen des Valerius Maximus, Latomus 84 (2025) 200-202.<\/li><li>Viertelj\u00e4hrliche Zeitschriftenrezension im Forum Classicum:<br \/><ul style=\"list-style-type: disc\"><li>2\/2022, 162-7 (CPh 116.4, \u00a0CQ 72.2, Hermes 150.1)<\/li><li>1\/2022, 53-7 (CPh 117.1, Gymnasium 128.4)<\/li><li>4\/2021, 285-90 (Athenaeum 109.1, CQ 71.1)<\/li><li>3\/2021, 194-99 (Historia 70.1, CPh 116.1 und 116.2)<\/li><li>2\/2021, 118-24 (Gymnasium 127.3, CQ 70.2, Hermes 146.4)<\/li><li>1\/2021, 45-51 (MH 77.2, Philologus 164.2 Gymnasium 127.2)<\/li><\/ul><\/li><\/ul><\/div>\n\t\t\t\t<\/div>\n\t\t\t\t<\/div>\n\t\t\t\t\t<\/div>\n\t\t<\/div>\n\t\t\t\t\t\t\t<\/div>\n\t\t<\/section>\n\t\t\t\t<section class=\"elementor-section elementor-top-section elementor-element elementor-element-6dfdd95 elementor-section-boxed elementor-section-height-default elementor-section-height-default\" data-id=\"6dfdd95\" data-element_type=\"section\">\n\t\t\t\t\t\t<div class=\"elementor-container elementor-column-gap-default\">\n\t\t\t\t\t<div class=\"elementor-column elementor-col-100 elementor-top-column elementor-element elementor-element-eae6df7\" data-id=\"eae6df7\" data-element_type=\"column\">\n\t\t\t<div class=\"elementor-widget-wrap elementor-element-populated\">\n\t\t\t\t\t\t\t\t<div class=\"elementor-element elementor-element-1089677 elementor-widget elementor-widget-spacer\" data-id=\"1089677\" data-element_type=\"widget\" data-widget_type=\"spacer.default\">\n\t\t\t\t<div class=\"elementor-widget-container\">\n\t\t\t\t\t<div class=\"elementor-spacer\">\n\t\t\t<div class=\"elementor-spacer-inner\"><\/div>\n\t\t<\/div>\n\t\t\t\t<\/div>\n\t\t\t\t<\/div>\n\t\t\t\t\t<\/div>\n\t\t<\/div>\n\t\t\t\t\t\t\t<\/div>\n\t\t<\/section>\n\t\t\t\t\t\t<\/div>\n\t\t\t\t\t<\/div>\n\t\t","protected":false},"excerpt":{"rendered":"<div class=\"entry-summary\">\nRaum: 017Tel.: 0345 \/ 5524012Mail:\u00a0erik.pulz@altertum.uni-halle.deSprechstunde: n.V. Curriculum Vitae 2011-16Studium der Klassischen Philologie und Byzantinistik an der Universit\u00e4t Leipzig 2014Bachelor of&hellip;\n<\/div>\n<div class=\"link-more\"><a href=\"https:\/\/blogs.urz.uni-halle.de\/latein\/mitarbeiter\/erik-pulz\/\" class=\"more-link\">Continue reading<span class=\"screen-reader-text\"> &ldquo;Dr. Erik Pulz&rdquo;<\/span>&hellip;<\/a><\/div>\n","protected":false},"author":2998,"featured_media":0,"parent":88,"menu_order":0,"comment_status":"closed","ping_status":"closed","template":"","meta":[],"_links":{"self":[{"href":"https:\/\/blogs.urz.uni-halle.de\/latein\/wp-json\/wp\/v2\/pages\/161"}],"collection":[{"href":"https:\/\/blogs.urz.uni-halle.de\/latein\/wp-json\/wp\/v2\/pages"}],"about":[{"href":"https:\/\/blogs.urz.uni-halle.de\/latein\/wp-json\/wp\/v2\/types\/page"}],"author":[{"embeddable":true,"href":"https:\/\/blogs.urz.uni-halle.de\/latein\/wp-json\/wp\/v2\/users\/2998"}],"replies":[{"embeddable":true,"href":"https:\/\/blogs.urz.uni-halle.de\/latein\/wp-json\/wp\/v2\/comments?post=161"}],"version-history":[{"count":10,"href":"https:\/\/blogs.urz.uni-halle.de\/latein\/wp-json\/wp\/v2\/pages\/161\/revisions"}],"predecessor-version":[{"id":2346,"href":"https:\/\/blogs.urz.uni-halle.de\/latein\/wp-json\/wp\/v2\/pages\/161\/revisions\/2346"}],"up":[{"embeddable":true,"href":"https:\/\/blogs.urz.uni-halle.de\/latein\/wp-json\/wp\/v2\/pages\/88"}],"wp:attachment":[{"href":"https:\/\/blogs.urz.uni-halle.de\/latein\/wp-json\/wp\/v2\/media?parent=161"}],"curies":[{"name":"wp","href":"https:\/\/api.w.org\/{rel}","templated":true}]}}