{"id":2243,"date":"2025-05-22T12:29:54","date_gmt":"2025-05-22T10:29:54","guid":{"rendered":"https:\/\/blogs.urz.uni-halle.de\/latein\/?page_id=2243"},"modified":"2025-05-26T10:55:27","modified_gmt":"2025-05-26T08:55:27","slug":"pruefungsausschiss","status":"publish","type":"page","link":"https:\/\/blogs.urz.uni-halle.de\/latein\/pruefungsausschiss\/","title":{"rendered":"Pr\u00fcfungsaussch\u00fcsse"},"content":{"rendered":"\t\t<div data-elementor-type=\"wp-page\" data-elementor-id=\"2243\" class=\"elementor elementor-2243\" data-elementor-settings=\"[]\">\n\t\t\t\t\t\t\t<div class=\"elementor-section-wrap\">\n\t\t\t\t\t\t\t<section class=\"elementor-section elementor-top-section elementor-element elementor-element-4ffb4aa elementor-section-boxed elementor-section-height-default elementor-section-height-default\" data-id=\"4ffb4aa\" data-element_type=\"section\">\n\t\t\t\t\t\t<div class=\"elementor-container elementor-column-gap-default\">\n\t\t\t\t\t<div class=\"elementor-column elementor-col-100 elementor-top-column elementor-element elementor-element-d53d6fa\" data-id=\"d53d6fa\" data-element_type=\"column\">\n\t\t\t<div class=\"elementor-widget-wrap elementor-element-populated\">\n\t\t\t\t\t\t\t\t<div class=\"elementor-element elementor-element-5f26a84 elementor-widget elementor-widget-text-editor\" data-id=\"5f26a84\" data-element_type=\"widget\" data-widget_type=\"text-editor.default\">\n\t\t\t\t<div class=\"elementor-widget-container\">\n\t\t\t\t\t<div class=\"elementor-text-editor elementor-clearfix\"><p><span style=\"color: #808080\"><strong>Studien- und Pr\u00fcfungsausschusses f\u00fcr das Studienfach Latein und das Studienfach Griechisch im Studiengang Lehramt an Gymnasien sowie das Studienprogramm Latein Europas (90 LP):<\/strong><\/span><\/p><p><span style=\"text-decoration: underline\">Professor*innen\u00a0<\/span><br \/>Prof. Dr. Michael Hillgruber (Vorsitzender) <br \/>Prof. Dr. Stefan Pfeiffer <br \/>Prof. Dr. Helga Bumke<\/p><p><span style=\"text-decoration: underline\">Wissenschaftliche*r Mitarbeiter*in <\/span><br \/>Dr. Marcus Beck<\/p><p><span style=\"text-decoration: underline\">Studentisches Mitglied<\/span> <br \/>Elisabeth Bothner<\/p><p><strong>Studien- und Pr\u00fcfungsausschusses f\u00fcr den Bachelor-Studiengang Klassisches Altertum (180 LP), die Bachelor-Teilstudieng\u00e4nge Klassisches Altertum (90 und 120 LP) und den Master-Teilstudiengang Klassisches Altertum (45\/75 LP)<\/strong><\/p><p><span style=\"text-decoration: underline\">Professor*innen<\/span><br \/>Prof. Dr. Helga Bumke <br \/>Prof. Dr. Michael Hillgruber (Vorsitz) <br \/>Prof. Dr. Stefan Pfeiffer<\/p><p><span style=\"text-decoration: underline\">Wissenschaftliche*r Mitarbeiter*in<\/span> <br \/>Dr. Aylin Tanrioever <br \/>Dr. Dagmar Hofmann (Stellvertreterin)<\/p><p><span style=\"text-decoration: underline\">Studentisches Mitglied<\/span> <br \/>Anna Ki\u00dfmann<\/p><\/div>\n\t\t\t\t<\/div>\n\t\t\t\t<\/div>\n\t\t\t\t\t<\/div>\n\t\t<\/div>\n\t\t\t\t\t\t\t<\/div>\n\t\t<\/section>\n\t\t\t\t\t\t<\/div>\n\t\t\t\t\t<\/div>\n\t\t","protected":false},"excerpt":{"rendered":"<div class=\"entry-summary\">\nStudien- und Pr\u00fcfungsausschusses f\u00fcr das Studienfach Latein und das Studienfach Griechisch im Studiengang Lehramt an Gymnasien sowie das Studienprogramm Latein&hellip;\n<\/div>\n<div class=\"link-more\"><a href=\"https:\/\/blogs.urz.uni-halle.de\/latein\/pruefungsausschiss\/\" class=\"more-link\">Continue reading<span class=\"screen-reader-text\"> &ldquo;Pr\u00fcfungsaussch\u00fcsse&rdquo;<\/span>&hellip;<\/a><\/div>\n","protected":false},"author":3347,"featured_media":0,"parent":0,"menu_order":0,"comment_status":"closed","ping_status":"closed","template":"","meta":[],"_links":{"self":[{"href":"https:\/\/blogs.urz.uni-halle.de\/latein\/wp-json\/wp\/v2\/pages\/2243"}],"collection":[{"href":"https:\/\/blogs.urz.uni-halle.de\/latein\/wp-json\/wp\/v2\/pages"}],"about":[{"href":"https:\/\/blogs.urz.uni-halle.de\/latein\/wp-json\/wp\/v2\/types\/page"}],"author":[{"embeddable":true,"href":"https:\/\/blogs.urz.uni-halle.de\/latein\/wp-json\/wp\/v2\/users\/3347"}],"replies":[{"embeddable":true,"href":"https:\/\/blogs.urz.uni-halle.de\/latein\/wp-json\/wp\/v2\/comments?post=2243"}],"version-history":[{"count":9,"href":"https:\/\/blogs.urz.uni-halle.de\/latein\/wp-json\/wp\/v2\/pages\/2243\/revisions"}],"predecessor-version":[{"id":2256,"href":"https:\/\/blogs.urz.uni-halle.de\/latein\/wp-json\/wp\/v2\/pages\/2243\/revisions\/2256"}],"wp:attachment":[{"href":"https:\/\/blogs.urz.uni-halle.de\/latein\/wp-json\/wp\/v2\/media?parent=2243"}],"curies":[{"name":"wp","href":"https:\/\/api.w.org\/{rel}","templated":true}]}}